{"id":9473,"date":"2020-05-21T14:29:04","date_gmt":"2020-05-21T12:29:04","guid":{"rendered":"https:\/\/www.astor.com.pl\/poradnikautomatyka\/?page_id=9473"},"modified":"2024-07-16T09:43:30","modified_gmt":"2024-07-16T07:43:30","slug":"kurs-podstawowej-konfiguracji-switchy-zarzadzalnych","status":"publish","type":"page","link":"https:\/\/www.astor.com.pl\/poradnikautomatyka\/kurs-podstawowej-konfiguracji-switchy-zarzadzalnych\/","title":{"rendered":"Kurs podstawowej konfiguracji switchy zarz\u0105dzalnych"},"content":{"rendered":"<div class=\"wp-block-image\">\n<figure class=\"aligncenter\"><img loading=\"lazy\" decoding=\"async\" width=\"840\" height=\"420\" src=\"https:\/\/www.astor.com.pl\/poradnikautomatyka\/wp-content\/uploads\/2020\/05\/kurs-switchy-start-1-840x420.png\" alt=\"\" class=\"wp-image-9492\" srcset=\"https:\/\/www.astor.com.pl\/poradnikautomatyka\/wp-content\/uploads\/2020\/05\/kurs-switchy-start-1-840x420.png 840w, https:\/\/www.astor.com.pl\/poradnikautomatyka\/wp-content\/uploads\/2020\/05\/kurs-switchy-start-1-768x384.png 768w, https:\/\/www.astor.com.pl\/poradnikautomatyka\/wp-content\/uploads\/2020\/05\/kurs-switchy-start-1.png 1200w\" sizes=\"auto, (max-width: 840px) 100vw, 840px\" \/><\/figure>\n<\/div>\n\n\n<div style=\"height:40px\" aria-hidden=\"true\" class=\"wp-block-spacer\"><\/div>\n\n\n\n<h2 class=\"wp-block-heading\"><strong>Czego nauczysz si\u0119 w tym kursie?<\/strong><\/h2>\n\n\n\n<p>Dzi\u0119ki temu kursowi dowiesz si\u0119, jakie mo\u017cliwo\u015bci kryj\u0105 w sobie switche zarz\u0105dzalne oraz nauczysz si\u0119 podstaw konfiguracji najwa\u017cniejszych funkcjonalno\u015bci za po\u015brednictwem interfejsu webowego.<\/p>\n\n\n\n<p>W serii 6 artyku\u0142\u00f3w poznasz mo\u017cliwo\u015bci switchy zarz\u0105dzalnych z rodziny produkt\u00f3w Astraada na przyk\u0142adzie switcha <a href=\"https:\/\/www.astor.com.pl\/sklep\/switche-przemyslowe\/jet-net-4000-5000-6000\/jet-net-5210g-2c-3.html\" target=\"_blank\" rel=\"noreferrer noopener\">Astraada JET-NET-5210G-2C<\/a> i zobaczysz, jak intuicyjne i proste mo\u017ce by\u0107 konfigurowanie nawet zaawansowanych funkcjonalno\u015bci dzi\u0119ki przejrzystemu interfejsowi web.<\/p>\n\n\n\n<p>Wsp\u00f3\u0142czesny przemys\u0142 zdecydowanie charakteryzuje rozbudowana sie\u0107 komunikacyjna. Ci\u0105g\u0142y monitoring sieci i p\u0142ynna wymiana informacji jest warunkiem istnienia i dzia\u0142ania efektywnych proces\u00f3w przemys\u0142owych. Przy rozwini\u0119tych sieciach komunikacyjnych mocno uwydatnia si\u0119 zagadnienie ich administracji i zarz\u0105dzania.<\/p>\n\n\n\n<p>Tradycyjnie switche przemys\u0142owe (inaczej: prze\u0142\u0105czniki przemys\u0142owe), b\u0119d\u0105ce trzonem sieci komunikacyjnych, zapewniaj\u0105 jedynie odpowiednie po\u0142\u0105czenie pomi\u0119dzy <em>klientami<\/em> i <em>hostami<\/em>. Co jednak w przypadku, gdy sie\u0107 wymaga zastosowania zabezpiecze\u0144 lub te\u017c niestandardowych konfiguracji port\u00f3w albo po prostu zaawansowanego monitoringu? W tym przypadku z pomoc\u0105 przychodz\u0105 <a href=\"https:\/\/www.astor.com.pl\/produkty\/komunikacja\/switche-przemyslowe\/jet-net-4000-5000-6000.html\" target=\"_blank\" rel=\"noopener noreferrer\">switche zarz\u0105dzalne.<\/a><\/p>\n\n\n\n<div style=\"height:29px\" aria-hidden=\"true\" class=\"wp-block-spacer\"><\/div>\n\n\n<div class=\"wp-block-image external-link\">\n<figure class=\"aligncenter\"><a href=\"https:\/\/www.astor.com.pl\/produkty\/komunikacja\/switche-przemyslowe.html\" target=\"_blank\" rel=\"noreferrer noopener\"><img decoding=\"async\" src=\"https:\/\/www.astor.com.pl\/poradnikautomatyka\/wp-content\/uploads\/2020\/12\/Astraada_net_Korenix_switche_przemyslowe.png\" alt=\"\" class=\"wp-image-9398\"\/><\/a><\/figure>\n<\/div>\n\n\n<div style=\"height:29px\" aria-hidden=\"true\" class=\"wp-block-spacer\"><\/div>\n\n\n\n<div class=\"dowiesz-sie\" style=\"margin-top:40px; margin-bottom:40px\">\n<a href=\"https:\/\/www.astor.com.pl\/poradnikautomatyka\/kurs-podstawowej-konfiguracji-switchy-zarzadzalnych\/\"><h3>Kurs podstawowej konfiguracji switchy zarz\u0105dzalnych <\/h3><\/a>\n<a href=\"https:\/\/www.astor.com.pl\/poradnikautomatyka\/co-to-jest-switch-zarzadzalny-mozliwosci-konfiguracyjne-i-funkcjonalnosci-kurs-podstawowej-konfiguracji-switchy-zarzadzalnych-odc-1\/\">1. Co to jest switch zarz\u0105dzalny? Mo\u017cliwo\u015bci konfiguracyjne i funkcjonalno\u015bci.<\/a><br\/><br\/>\n<!--<a href=\"https:\/\/www.astor.com.pl\/poradnikautomatyka\/jak-bezpiecznie-przesylac-dane-dzieki-redundancji-sieci-konfiguracja-polaczenia-typu-ring-kurs-podstawowej-konfiguracji-switchy-zarzadzalnych-odc-2\/\">2. Jak bezpiecznie przesy\u0142a\u0107 dane dzi\u0119ki redundancji sieci? Konfiguracja po\u0142\u0105czenia typu RING.<\/a><br\/><br\/>-->\n<a href=\"https:\/\/www.astor.com.pl\/poradnikautomatyka\/jak-zapewnic-bezpieczenstwo-komunikacji-przemyslowej-alarmy-o-nieautoryzowanym-polaczeniu-lub-uszkodzeniu-sieci-kurs-podstawowej-konfiguracji-switchy-zarzadzalnych-odc-3\/\">3. Jak zapewni\u0107 bezpiecze\u0144stwo komunikacji przemys\u0142owej? Alarmy o nieautoryzowanym po\u0142\u0105czeniu lub uszkodzeniu sieci.<\/a><br\/><br\/>\n<a href=\"https:\/\/www.astor.com.pl\/poradnikautomatyka\/zarzadzanie-dystrybucja-danych-w-sieci-konfiguracja-wirtualnych-sieci-lokalnych-i-nadawanie-priorytetu-pakietom-danych-kurs-podstawowej-konfiguracji-switchy-zarzadzalnych-odc-4\/\">4. Zarz\u0105dzanie dystrybucj\u0105 danych w sieci. Konfiguracja wirtualnych sieci lokalnych i nadawanie priorytetu pakietom danych.<\/a><br\/><br\/>\n<a href=\"https:\/\/www.astor.com.pl\/poradnikautomatyka\/wkladki-sfp-typy-okablowania-komunikacji-omowienie-sieci-swiatlowodowych-kurs-podstawowej-konfiguracji-switchy-zarzadzalnych-odc-5\/\">5. Wk\u0142adki SFP, typy okablowania, komunikacji \u2013 om\u00f3wienie sieci \u015bwiat\u0142owodowych.<\/a><br\/><br\/>\n<a href=\"https:\/\/www.astor.com.pl\/poradnikautomatyka\/diagnostyka-sieci-komunikacyjnej-kurs-podstawowej-konfiguracji-switchy-zarzadzalnych-odc-6\/\">6. Diagnostyka sieci komunikacyjnej.<\/a><br\/>\n<\/div>\n\n\n\n<div style=\"height:20px\" aria-hidden=\"true\" class=\"wp-block-spacer\"><\/div>\n\n\n\n<h2 class=\"wp-block-heading\"><strong>Astraada Net<\/strong><\/h2>\n\n\n\n<p>Astraada Net to zaawansowane switche przemys\u0142owe, kt\u00f3re zapewni\u0105 p\u0142ynno\u015b\u0107 komunikacji nawet w wymagaj\u0105cych warunkach produkcyjnych. W zale\u017cno\u015bci od potrzeb, mo\u017cesz wybra\u0107 z gamy urz\u0105dze\u0144 rodziny produkt\u00f3w Astraada Net switche <a href=\"https:\/\/www.astor.com.pl\/sklep\/komunikacja\/switche-przemyslowe\/jet-net-4000-5000-6000.html\">zarz\u0105dzalne <\/a>i <a href=\"https:\/\/www.astor.com.pl\/sklep\/komunikacja\/switche-przemyslowe\/jet-net-2000-3000.html\" target=\"_blank\" rel=\"noreferrer noopener\">niezarz\u0105dzalne<\/a>.<\/p>\n\n\n\n<p>Switche w zale\u017cno\u015bci od konfiguracji mog\u0105 obs\u0142ugiwa\u0107 zar\u00f3wno po\u0142\u0105czenia ethernetowe, jak i \u015bwiat\u0142owodowe, w wersji standardowej i gigabitowej. Switche zarz\u0105dzalne serii Astraada Net cechuj\u0105 rozbudowane mo\u017cliwo\u015bci konfiguracyjne umo\u017cliwiaj\u0105ce obs\u0142ug\u0119 nawet znacznie rozga\u0142\u0119zionych sieci redundantnych.<\/p>\n\n\n\n<div style=\"height:30px\" aria-hidden=\"true\" class=\"wp-block-spacer\"><\/div>\n\n\n<div class=\"wp-block-image\">\n<figure class=\"aligncenter\"><img loading=\"lazy\" decoding=\"async\" width=\"650\" height=\"533\" src=\"https:\/\/www.astor.com.pl\/poradnikautomatyka\/wp-content\/uploads\/2020\/05\/switche_przemyslowe_Astraada_Jet-Net_Korenix_54_miesiecy_gwarancji.png\" alt=\"\" class=\"wp-image-9398\"\/><\/figure>\n<\/div>\n\n\n<div style=\"height:10px\" aria-hidden=\"true\" class=\"wp-block-spacer\"><\/div>\n\n\n\n<div style=\"height:30px\" aria-hidden=\"true\" class=\"wp-block-spacer\"><\/div>\n\n\n\n<h2 class=\"wp-block-heading\"><strong>Interfejs webowy<\/strong><\/h2>\n\n\n\n<p>Switche zarz\u0105dzalne marki Astraada Net mo\u017cna w pe\u0142ni programowa\u0107 za po\u015brednictwem czytelnego i intuicyjnego interfejsu webowego. W zwi\u0105zku z tym nie musisz instalowa\u0107 dodatkowego oprogramowania \u2013 wystarczy jedynie znajomo\u015b\u0107 adresu IP switcha oraz loginu i has\u0142a dost\u0119pu.<\/p>\n\n\n\n<div style=\"height:30px\" aria-hidden=\"true\" class=\"wp-block-spacer\"><\/div>\n\n\n<div class=\"wp-block-image\">\n<figure class=\"aligncenter\"><img loading=\"lazy\" decoding=\"async\" width=\"1067\" height=\"560\" src=\"https:\/\/www.astor.com.pl\/poradnikautomatyka\/wp-content\/uploads\/2020\/05\/switch-zarzadzalny-astraada-jet-net-interfejs-webowy.png\" alt=\"\" class=\"wp-image-9399\" srcset=\"https:\/\/www.astor.com.pl\/poradnikautomatyka\/wp-content\/uploads\/2020\/05\/switch-zarzadzalny-astraada-jet-net-interfejs-webowy.png 1067w, https:\/\/www.astor.com.pl\/poradnikautomatyka\/wp-content\/uploads\/2020\/05\/switch-zarzadzalny-astraada-jet-net-interfejs-webowy-840x441.png 840w, https:\/\/www.astor.com.pl\/poradnikautomatyka\/wp-content\/uploads\/2020\/05\/switch-zarzadzalny-astraada-jet-net-interfejs-webowy-768x403.png 768w\" sizes=\"auto, (max-width: 1067px) 100vw, 1067px\" \/><\/figure>\n<\/div>\n\n\n<div style=\"height:30px\" aria-hidden=\"true\" class=\"wp-block-spacer\"><\/div>\n\n\n\n<div style=\"height:10px\" aria-hidden=\"true\" class=\"wp-block-spacer\"><\/div>\n\n\n","protected":false},"excerpt":{"rendered":"<p>Czego nauczysz si\u0119 w tym kursie? Dzi\u0119ki temu kursowi dowiesz si\u0119, jakie mo\u017cliwo\u015bci kryj\u0105 w sobie switche zarz\u0105dzalne oraz nauczysz si\u0119 podstaw konfiguracji najwa\u017cniejszych funkcjonalno\u015bci za po\u015brednictwem interfejsu webowego. W serii 6 artyku\u0142\u00f3w poznasz mo\u017cliwo\u015bci switchy zarz\u0105dzalnych z rodziny produkt\u00f3w Astraada na przyk\u0142adzie switcha Astraada JET-NET-5210G-2C i zobaczysz, jak intuicyjne i proste mo\u017ce by\u0107 konfigurowanie [&hellip;]<\/p>\n","protected":false},"author":43,"featured_media":17066,"parent":0,"menu_order":0,"comment_status":"closed","ping_status":"closed","template":"","meta":{"_acf_changed":false,"footnotes":""},"class_list":["post-9473","page","type-page","status-publish","has-post-thumbnail","hentry"],"acf":[],"yoast_head":"<!-- This site is optimized with the Yoast SEO plugin v27.3 - https:\/\/yoast.com\/product\/yoast-seo-wordpress\/ -->\r\n<title>Kurs podstawowej konfiguracji switchy zarz\u0105dzalnych | Poradnik Automatyka<\/title>\r\n<meta name=\"robots\" content=\"index, follow, max-snippet:-1, max-image-preview:large, max-video-preview:-1\" \/>\r\n<link rel=\"canonical\" href=\"https:\/\/www.astor.com.pl\/poradnikautomatyka\/kurs-podstawowej-konfiguracji-switchy-zarzadzalnych\/\" \/>\r\n<meta property=\"og:locale\" content=\"pl_PL\" \/>\r\n<meta property=\"og:type\" content=\"article\" \/>\r\n<meta property=\"og:title\" content=\"Kurs podstawowej konfiguracji switchy zarz\u0105dzalnych | Poradnik Automatyka\" \/>\r\n<meta property=\"og:description\" content=\"Czego nauczysz si\u0119 w tym kursie? Dzi\u0119ki temu kursowi dowiesz si\u0119, jakie mo\u017cliwo\u015bci kryj\u0105 w sobie switche zarz\u0105dzalne oraz nauczysz si\u0119 podstaw konfiguracji najwa\u017cniejszych funkcjonalno\u015bci za po\u015brednictwem interfejsu webowego. W serii 6 artyku\u0142\u00f3w poznasz mo\u017cliwo\u015bci switchy zarz\u0105dzalnych z rodziny produkt\u00f3w Astraada na przyk\u0142adzie switcha Astraada JET-NET-5210G-2C i zobaczysz, jak intuicyjne i proste mo\u017ce by\u0107 konfigurowanie [&hellip;]\" \/>\r\n<meta property=\"og:url\" content=\"https:\/\/www.astor.com.pl\/poradnikautomatyka\/kurs-podstawowej-konfiguracji-switchy-zarzadzalnych\/\" \/>\r\n<meta property=\"og:site_name\" content=\"Poradnik Automatyka\" \/>\r\n<meta property=\"article:modified_time\" content=\"2024-07-16T07:43:30+00:00\" \/>\r\n<meta property=\"og:image\" content=\"https:\/\/www.astor.com.pl\/poradnikautomatyka\/wp-content\/uploads\/2023\/04\/kurs-switchy-start-1-840x420-1.png\" \/>\r\n\t<meta property=\"og:image:width\" content=\"840\" \/>\r\n\t<meta property=\"og:image:height\" content=\"420\" \/>\r\n\t<meta property=\"og:image:type\" content=\"image\/png\" \/>\r\n<meta name=\"twitter:card\" content=\"summary_large_image\" \/>\r\n<meta name=\"twitter:label1\" content=\"Szacowany czas czytania\" \/>\n\t<meta name=\"twitter:data1\" content=\"6 minut\" \/>\r\n<script type=\"application\/ld+json\" class=\"yoast-schema-graph\">{\"@context\":\"https:\\\/\\\/schema.org\",\"@graph\":[{\"@type\":\"WebPage\",\"@id\":\"https:\\\/\\\/www.astor.com.pl\\\/poradnikautomatyka\\\/kurs-podstawowej-konfiguracji-switchy-zarzadzalnych\\\/\",\"url\":\"https:\\\/\\\/www.astor.com.pl\\\/poradnikautomatyka\\\/kurs-podstawowej-konfiguracji-switchy-zarzadzalnych\\\/\",\"name\":\"Kurs podstawowej konfiguracji switchy zarz\u0105dzalnych | Poradnik Automatyka\",\"isPartOf\":{\"@id\":\"https:\\\/\\\/www.astor.com.pl\\\/poradnikautomatyka\\\/#website\"},\"primaryImageOfPage\":{\"@id\":\"https:\\\/\\\/www.astor.com.pl\\\/poradnikautomatyka\\\/kurs-podstawowej-konfiguracji-switchy-zarzadzalnych\\\/#primaryimage\"},\"image\":{\"@id\":\"https:\\\/\\\/www.astor.com.pl\\\/poradnikautomatyka\\\/kurs-podstawowej-konfiguracji-switchy-zarzadzalnych\\\/#primaryimage\"},\"thumbnailUrl\":\"https:\\\/\\\/www.astor.com.pl\\\/poradnikautomatyka\\\/wp-content\\\/uploads\\\/2023\\\/04\\\/kurs-switchy-start-1-840x420-1.png\",\"datePublished\":\"2020-05-21T12:29:04+00:00\",\"dateModified\":\"2024-07-16T07:43:30+00:00\",\"inLanguage\":\"pl-PL\",\"potentialAction\":[{\"@type\":\"ReadAction\",\"target\":[\"https:\\\/\\\/www.astor.com.pl\\\/poradnikautomatyka\\\/kurs-podstawowej-konfiguracji-switchy-zarzadzalnych\\\/\"]}]},{\"@type\":\"ImageObject\",\"inLanguage\":\"pl-PL\",\"@id\":\"https:\\\/\\\/www.astor.com.pl\\\/poradnikautomatyka\\\/kurs-podstawowej-konfiguracji-switchy-zarzadzalnych\\\/#primaryimage\",\"url\":\"https:\\\/\\\/www.astor.com.pl\\\/poradnikautomatyka\\\/wp-content\\\/uploads\\\/2023\\\/04\\\/kurs-switchy-start-1-840x420-1.png\",\"contentUrl\":\"https:\\\/\\\/www.astor.com.pl\\\/poradnikautomatyka\\\/wp-content\\\/uploads\\\/2023\\\/04\\\/kurs-switchy-start-1-840x420-1.png\",\"width\":840,\"height\":420},{\"@type\":\"WebSite\",\"@id\":\"https:\\\/\\\/www.astor.com.pl\\\/poradnikautomatyka\\\/#website\",\"url\":\"https:\\\/\\\/www.astor.com.pl\\\/poradnikautomatyka\\\/\",\"name\":\"Poradnik Automatyka\",\"description\":\"Poradnik Automatyka to przydatne kursy, u\u017cyteczne artyku\u0142y i merytoryczne webinary dla ka\u017cdego automatyka i elektryka.\",\"publisher\":{\"@id\":\"https:\\\/\\\/www.astor.com.pl\\\/poradnikautomatyka\\\/#organization\"},\"potentialAction\":[{\"@type\":\"SearchAction\",\"target\":{\"@type\":\"EntryPoint\",\"urlTemplate\":\"https:\\\/\\\/www.astor.com.pl\\\/poradnikautomatyka\\\/?s={search_term_string}\"},\"query-input\":{\"@type\":\"PropertyValueSpecification\",\"valueRequired\":true,\"valueName\":\"search_term_string\"}}],\"inLanguage\":\"pl-PL\"},{\"@type\":\"Organization\",\"@id\":\"https:\\\/\\\/www.astor.com.pl\\\/poradnikautomatyka\\\/#organization\",\"name\":\"ASTOR\",\"url\":\"https:\\\/\\\/www.astor.com.pl\\\/poradnikautomatyka\\\/\",\"logo\":{\"@type\":\"ImageObject\",\"inLanguage\":\"pl-PL\",\"@id\":\"https:\\\/\\\/www.astor.com.pl\\\/poradnikautomatyka\\\/#\\\/schema\\\/logo\\\/image\\\/\",\"url\":\"https:\\\/\\\/www.astor.com.pl\\\/poradnikautomatyka\\\/wp-content\\\/uploads\\\/2018\\\/08\\\/ASTOR_zwykly_sam_logotyp.png\",\"contentUrl\":\"https:\\\/\\\/www.astor.com.pl\\\/poradnikautomatyka\\\/wp-content\\\/uploads\\\/2018\\\/08\\\/ASTOR_zwykly_sam_logotyp.png\",\"width\":3322,\"height\":1078,\"caption\":\"ASTOR\"},\"image\":{\"@id\":\"https:\\\/\\\/www.astor.com.pl\\\/poradnikautomatyka\\\/#\\\/schema\\\/logo\\\/image\\\/\"}}]}<\/script>\r\n<!-- \/ Yoast SEO plugin. -->","yoast_head_json":{"title":"Kurs podstawowej konfiguracji switchy zarz\u0105dzalnych | Poradnik Automatyka","robots":{"index":"index","follow":"follow","max-snippet":"max-snippet:-1","max-image-preview":"max-image-preview:large","max-video-preview":"max-video-preview:-1"},"canonical":"https:\/\/www.astor.com.pl\/poradnikautomatyka\/kurs-podstawowej-konfiguracji-switchy-zarzadzalnych\/","og_locale":"pl_PL","og_type":"article","og_title":"Kurs podstawowej konfiguracji switchy zarz\u0105dzalnych | Poradnik Automatyka","og_description":"Czego nauczysz si\u0119 w tym kursie? Dzi\u0119ki temu kursowi dowiesz si\u0119, jakie mo\u017cliwo\u015bci kryj\u0105 w sobie switche zarz\u0105dzalne oraz nauczysz si\u0119 podstaw konfiguracji najwa\u017cniejszych funkcjonalno\u015bci za po\u015brednictwem interfejsu webowego. W serii 6 artyku\u0142\u00f3w poznasz mo\u017cliwo\u015bci switchy zarz\u0105dzalnych z rodziny produkt\u00f3w Astraada na przyk\u0142adzie switcha Astraada JET-NET-5210G-2C i zobaczysz, jak intuicyjne i proste mo\u017ce by\u0107 konfigurowanie [&hellip;]","og_url":"https:\/\/www.astor.com.pl\/poradnikautomatyka\/kurs-podstawowej-konfiguracji-switchy-zarzadzalnych\/","og_site_name":"Poradnik Automatyka","article_modified_time":"2024-07-16T07:43:30+00:00","og_image":[{"width":840,"height":420,"url":"https:\/\/www.astor.com.pl\/poradnikautomatyka\/wp-content\/uploads\/2023\/04\/kurs-switchy-start-1-840x420-1.png","type":"image\/png"}],"twitter_card":"summary_large_image","twitter_misc":{"Szacowany czas czytania":"6 minut"},"schema":{"@context":"https:\/\/schema.org","@graph":[{"@type":"WebPage","@id":"https:\/\/www.astor.com.pl\/poradnikautomatyka\/kurs-podstawowej-konfiguracji-switchy-zarzadzalnych\/","url":"https:\/\/www.astor.com.pl\/poradnikautomatyka\/kurs-podstawowej-konfiguracji-switchy-zarzadzalnych\/","name":"Kurs podstawowej konfiguracji switchy zarz\u0105dzalnych | Poradnik Automatyka","isPartOf":{"@id":"https:\/\/www.astor.com.pl\/poradnikautomatyka\/#website"},"primaryImageOfPage":{"@id":"https:\/\/www.astor.com.pl\/poradnikautomatyka\/kurs-podstawowej-konfiguracji-switchy-zarzadzalnych\/#primaryimage"},"image":{"@id":"https:\/\/www.astor.com.pl\/poradnikautomatyka\/kurs-podstawowej-konfiguracji-switchy-zarzadzalnych\/#primaryimage"},"thumbnailUrl":"https:\/\/www.astor.com.pl\/poradnikautomatyka\/wp-content\/uploads\/2023\/04\/kurs-switchy-start-1-840x420-1.png","datePublished":"2020-05-21T12:29:04+00:00","dateModified":"2024-07-16T07:43:30+00:00","inLanguage":"pl-PL","potentialAction":[{"@type":"ReadAction","target":["https:\/\/www.astor.com.pl\/poradnikautomatyka\/kurs-podstawowej-konfiguracji-switchy-zarzadzalnych\/"]}]},{"@type":"ImageObject","inLanguage":"pl-PL","@id":"https:\/\/www.astor.com.pl\/poradnikautomatyka\/kurs-podstawowej-konfiguracji-switchy-zarzadzalnych\/#primaryimage","url":"https:\/\/www.astor.com.pl\/poradnikautomatyka\/wp-content\/uploads\/2023\/04\/kurs-switchy-start-1-840x420-1.png","contentUrl":"https:\/\/www.astor.com.pl\/poradnikautomatyka\/wp-content\/uploads\/2023\/04\/kurs-switchy-start-1-840x420-1.png","width":840,"height":420},{"@type":"WebSite","@id":"https:\/\/www.astor.com.pl\/poradnikautomatyka\/#website","url":"https:\/\/www.astor.com.pl\/poradnikautomatyka\/","name":"Poradnik Automatyka","description":"Poradnik Automatyka to przydatne kursy, u\u017cyteczne artyku\u0142y i merytoryczne webinary dla ka\u017cdego automatyka i elektryka.","publisher":{"@id":"https:\/\/www.astor.com.pl\/poradnikautomatyka\/#organization"},"potentialAction":[{"@type":"SearchAction","target":{"@type":"EntryPoint","urlTemplate":"https:\/\/www.astor.com.pl\/poradnikautomatyka\/?s={search_term_string}"},"query-input":{"@type":"PropertyValueSpecification","valueRequired":true,"valueName":"search_term_string"}}],"inLanguage":"pl-PL"},{"@type":"Organization","@id":"https:\/\/www.astor.com.pl\/poradnikautomatyka\/#organization","name":"ASTOR","url":"https:\/\/www.astor.com.pl\/poradnikautomatyka\/","logo":{"@type":"ImageObject","inLanguage":"pl-PL","@id":"https:\/\/www.astor.com.pl\/poradnikautomatyka\/#\/schema\/logo\/image\/","url":"https:\/\/www.astor.com.pl\/poradnikautomatyka\/wp-content\/uploads\/2018\/08\/ASTOR_zwykly_sam_logotyp.png","contentUrl":"https:\/\/www.astor.com.pl\/poradnikautomatyka\/wp-content\/uploads\/2018\/08\/ASTOR_zwykly_sam_logotyp.png","width":3322,"height":1078,"caption":"ASTOR"},"image":{"@id":"https:\/\/www.astor.com.pl\/poradnikautomatyka\/#\/schema\/logo\/image\/"}}]}},"_links":{"self":[{"href":"https:\/\/www.astor.com.pl\/poradnikautomatyka\/wp-json\/wp\/v2\/pages\/9473","targetHints":{"allow":["GET"]}}],"collection":[{"href":"https:\/\/www.astor.com.pl\/poradnikautomatyka\/wp-json\/wp\/v2\/pages"}],"about":[{"href":"https:\/\/www.astor.com.pl\/poradnikautomatyka\/wp-json\/wp\/v2\/types\/page"}],"author":[{"embeddable":true,"href":"https:\/\/www.astor.com.pl\/poradnikautomatyka\/wp-json\/wp\/v2\/users\/43"}],"replies":[{"embeddable":true,"href":"https:\/\/www.astor.com.pl\/poradnikautomatyka\/wp-json\/wp\/v2\/comments?post=9473"}],"version-history":[{"count":3,"href":"https:\/\/www.astor.com.pl\/poradnikautomatyka\/wp-json\/wp\/v2\/pages\/9473\/revisions"}],"predecessor-version":[{"id":20947,"href":"https:\/\/www.astor.com.pl\/poradnikautomatyka\/wp-json\/wp\/v2\/pages\/9473\/revisions\/20947"}],"wp:featuredmedia":[{"embeddable":true,"href":"https:\/\/www.astor.com.pl\/poradnikautomatyka\/wp-json\/wp\/v2\/media\/17066"}],"wp:attachment":[{"href":"https:\/\/www.astor.com.pl\/poradnikautomatyka\/wp-json\/wp\/v2\/media?parent=9473"}],"curies":[{"name":"wp","href":"https:\/\/api.w.org\/{rel}","templated":true}]}}