{"id":25066,"date":"2025-09-24T10:08:41","date_gmt":"2025-09-24T08:08:41","guid":{"rendered":"https:\/\/www.astor.com.pl\/poradnikautomatyka\/?page_id=25066"},"modified":"2025-09-24T10:08:42","modified_gmt":"2025-09-24T08:08:42","slug":"kurs-programowania-sterownikow-horner-apg-w-srodowisku-cscape-10","status":"publish","type":"page","link":"https:\/\/www.astor.com.pl\/poradnikautomatyka\/kurs-programowania-sterownikow-horner-apg-w-srodowisku-cscape-10\/","title":{"rendered":"Kurs programowania sterownik\u00f3w Horner APG\u00a0 w \u015brodowisku Cscape 10"},"content":{"rendered":"\n<div style=\"height:30px\" aria-hidden=\"true\" class=\"wp-block-spacer\"><\/div>\n\n\n\n<figure class=\"wp-block-image size-large\"><img loading=\"lazy\" decoding=\"async\" width=\"840\" height=\"350\" src=\"https:\/\/www.astor.com.pl\/poradnikautomatyka\/wp-content\/uploads\/2025\/09\/horner-canvas-cscape-kurs-head-840x350.jpg\" alt=\"\" class=\"wp-image-24803\" srcset=\"https:\/\/www.astor.com.pl\/poradnikautomatyka\/wp-content\/uploads\/2025\/09\/horner-canvas-cscape-kurs-head-840x350.jpg 840w, https:\/\/www.astor.com.pl\/poradnikautomatyka\/wp-content\/uploads\/2025\/09\/horner-canvas-cscape-kurs-head-768x320.jpg 768w, https:\/\/www.astor.com.pl\/poradnikautomatyka\/wp-content\/uploads\/2025\/09\/horner-canvas-cscape-kurs-head.jpg 960w\" sizes=\"auto, (max-width: 840px) 100vw, 840px\" \/><\/figure>\n\n\n\n<div style=\"height:40px\" aria-hidden=\"true\" class=\"wp-block-spacer\"><\/div>\n\n\n\n<p>Zapraszamy do nowej wersji kursu programowania sterownik\u00f3w PLC Horner APG, z wykorzystaniem najnowszego \u015brodowiska Cscape 10.<\/p>\n\n\n\n<p>Jest to uaktualniona wersja <a href=\"https:\/\/www.astor.com.pl\/poradnikautomatyka\/kurs-programowania-plc-od-podstaw-dla-elektrykow-i-automatykow\/\" target=\"_blank\" rel=\"noreferrer noopener\">&#8222;Kursu programowania PLC od podstaw dla automatyk\u00f3w i elektryk\u00f3w&#8221;<\/a>. <\/p>\n\n\n\n<p>Podczas kursu poznasz zagadnienia zwi\u0105zane z podstawami programowania sterownika PLC Horner w j\u0119zyku drabinkowym, a tak\u017ce z budowaniem ekran\u00f3w operatorskich na panelu HMI zintegrowanym ze sterownikiem.<\/p>\n\n\n\n<p>W ramach kursu krok po kroku rozbudujesz program steruj\u0105cy o kolejne funkcjonalno\u015bci. Na ko\u0144cu uzyskasz kompletn\u0105 aplikacj\u0119, sk\u0142adaj\u0105c\u0105 si\u0119 z programu steruj\u0105cego oraz ekran\u00f3w operatorskich, z wi\u0119kszo\u015bci\u0105 funkcjonalno\u015bci, z kt\u00f3rych najcz\u0119\u015bciej korzysta si\u0119 w ma\u0142ych i \u015brednich instalacjach przemys\u0142owych.<\/p>\n\n\n\n<div style=\"height:40px\" aria-hidden=\"true\" class=\"wp-block-spacer\"><\/div>\n\n\n\n<h2 class=\"wp-block-heading\">Spis odcink\u00f3w<\/h2>\n\n\n\n<div class=\"dowiesz-sie\" style=\"margin-top: 40px; margin-bottom: 40px;\">\n<h3><strong>Kurs programowania sterownik\u00f3w Horner APG  w \u015brodowisku Cscape 10<\/strong><\/h3>\n<h4>Wprowadzenie i podstawy<\/h4>\n<a href=\"https:\/\/www.astor.com.pl\/poradnikautomatyka\/jak-skonfigurowac-podlaczyc-oraz-uruchomic-sterownik-plc-kurs-programowania-sterownikow-horner-apg-w-srodowisku-cscape-10-odc-1\/\">1. Jak skonfigurowa\u0107, pod\u0142\u0105czy\u0107 oraz uruchomi\u0107 sterownik PLC?<\/a><br\/>\n<a href=\"https:\/\/www.astor.com.pl\/poradnikautomatyka\/jak-tworzyc-i-edytowac-projekty-w-oprogramowaniu-cscape-10-kurs-programowania-sterownikow-horner-apg-w-srodowisku-cscape-10-odc-2\/\">2. Jak tworzy\u0107 i edytowa\u0107 projekty w oprogramowaniu Cscape 10?<\/a><br\/>\n<br\/><h4>Programowanie w j\u0119zyku drabinkowym<\/h4>\n<a href=\"https:\/\/www.astor.com.pl\/poradnikautomatyka\/jak-tworzyc-oraz-konfigurowac-baze-zmiennych-w-srodowisku-cscape-kurs-programowania-sterownikow-horner-apg-w-srodowisku-cscape-10-odc-3\/\">3. Jak tworzy\u0107 oraz konfigurowa\u0107 baz\u0119 zmiennych w \u015brodowisku Cscape?<\/a><br\/>\n<a href=\"https:\/\/www.astor.com.pl\/poradnikautomatyka\/jak-korzystac-ze-stykow-cewek-i-blokow-operacji-arytmetycznych-w-programie-sterujacym-kurs-programowania-sterownikow-horner-apg-w-srodowisku-cscape-10-odc-4\/\">4. Jak korzysta\u0107 ze styk\u00f3w, cewek i blok\u00f3w operacji arytmetycznych w programie steruj\u0105cym?<\/a><br\/>\n<a href=\"https:\/\/www.astor.com.pl\/poradnikautomatyka\/jak-odmierzac-czas-w-programie-sterujacym-i-jak-konfigurowac-timery-kurs-programowania-sterownikow-horner-apg-w-srodowisku-cscape-10-odc-5\/\">5. Jak odmierza\u0107 czas w programie steruj\u0105cym i jak konfigurowa\u0107 timery?<\/a><br\/>\n<a href=\"https:\/\/www.astor.com.pl\/poradnikautomatyka\/jak-porownywac-wartosci-i-wykorzystac-wyniki-operacji-logicznych-kurs-programowania-sterownikow-horner-apg-w-srodowisku-cscape-10-odc-6\/\">6. Jak por\u00f3wnywa\u0107 warto\u015bci i wykorzysta\u0107 wyniki operacji logicznych?<\/a><br\/>\n<a href=\"https:\/\/www.astor.com.pl\/poradnikautomatyka\/jak-zliczac-impulsy-i-konfigurowac-liczniki-kurs-programowania-sterownikow-horner-apg-w-srodowisku-cscape-10-odc-7\/\">7. Jak zlicza\u0107 impulsy i konfigurowa\u0107 liczniki?<\/a><br\/>\n<a href=\"https:\/\/www.astor.com.pl\/poradnikautomatyka\/jak-konwertowac-typy-zmiennych-i-przemieszczac-zmienne-w-programie-kurs-programowania-sterownikow-horner-apg-w-srodowisku-cscape-10-odc-8\/\">8. Jak konwertowa\u0107 typy zmiennych i przemieszcza\u0107 zmienne w programie?<\/a><br\/>\n<a href=\"https:\/\/www.astor.com.pl\/poradnikautomatyka\/jak-sterowac-wykonywaniem-programu-logicznego-instrukcja-skoku-warunkowego-kurs-programowania-sterownikow-horner-apg-w-srodowisku-cscape-10-odc-9\/\">9. Jak sterowa\u0107 wykonywaniem programu logicznego? Instrukcja skoku warunkowego?<\/a><br\/>\n<br\/><h4>Programowanie zintegrowanego panelu HMI<\/h4>\n<a href=\"https:\/\/www.astor.com.pl\/poradnikautomatyka\/jak-budowac-ekrany-operatorskie-z-obiektami-do-wizualizacji-i-zadawania-wartosci-zmiennych-kurs-programowania-sterownikow-horner-apg-w-srodowisku-cscape-10-odc-10\/\">10. Jak budowa\u0107 ekrany operatorskie z obiektami do wizualizacji i zadawania warto\u015bci zmiennych?<\/a><br\/>\n<a href=\"https:\/\/www.astor.com.pl\/poradnikautomatyka\/jak-umozliwic-nawigacje-miedzy-ekranami-operatorskimi-oraz-jak-korzystac-z-gotowych-obiektow-graficznych-w-srodowisku-cscape-kurs-programowania-sterownikow-horner-apg-w-srodowisku-cscape-10\/\">11. Jak umo\u017cliwi\u0107 nawigacj\u0119 mi\u0119dzy ekranami operatorskimi oraz jak korzysta\u0107 z gotowych obiekt\u00f3w graficznych w \u015brodowisku Cscape?<\/a><br\/>\n<a href=\"https:\/\/www.astor.com.pl\/poradnikautomatyka\/jak-wizualizowac-zmienne-analogowe-oraz-jak-modyfikowac-ich-wartosci-przy-pomocy-obiektow-graficznych-kurs-programowania-sterownikow-horner-apg-w-srodowisku-cscape-10-odc-12\/\">12. Jak wizualizowa\u0107 zmienne analogowe oraz jak modyfikowa\u0107 ich warto\u015bci przy pomocy obiekt\u00f3w graficznych?<\/a><br\/>\n<a href=\"https:\/\/www.astor.com.pl\/poradnikautomatyka\/jak-korzystac-z-obiektu-menu-kurs-programowania-sterownikow-horner-apg-w-srodowisku-cscape-10-odc-13\/\">13. Jak korzysta\u0107 z obiektu menu?<\/a><br\/>\n<a href=\"https:\/\/www.astor.com.pl\/poradnikautomatyka\/konfiguracja-i-obsluga-alarmow-w-sterownikach-plc-kurs-programowania-sterownikow-horner-apg-w-srodowisku-cscape-10-odc-14\/\">14. Konfiguracja i obs\u0142uga alarm\u00f3w w sterownikach PLC.<\/a><br\/>\n<a href=\"https:\/\/www.astor.com.pl\/poradnikautomatyka\/trend-graph-kurs-programowania-sterownikow-horner-apg-w-srodowisku-cscape-10-odc-15\/\">15. Trend Graph.<\/a><br\/>\n<\/div>\n\n\n\n<div style=\"height:40px\" aria-hidden=\"true\" class=\"wp-block-spacer\"><\/div>\n\n\n\n<p>Dowiedz si\u0119 wi\u0119cej o <a href=\"https:\/\/www.astor.com.pl\/poradnikautomatyka\/horner-canvas-nowa-seria-sterownikow-plchmi\/\">sterownikach PLC z serii Horner Canvas<\/a>.<\/p>\n\n\n\n<p>Dowiedz si\u0119 wi\u0119cej o najnowszej wersji <a href=\"https:\/\/www.astor.com.pl\/poradnikautomatyka\/cscape-10-nowa-wersja-oprogramowania-narzedziowego-dla-sterownikow-horner-apg\/\">oprogramowania narz\u0119dziowego Cscape 10<\/a>.<\/p>\n\n\n\n<div style=\"height:40px\" aria-hidden=\"true\" class=\"wp-block-spacer\"><\/div>\n\n\n\n<iframe loading=\"lazy\" width=\"900\" height=\"506\" src=\"https:\/\/www.youtube.com\/embed\/O1F88QB-5e0\" title=\"CANVAS \u2013 nowa seria sterownik\u00f3w Horner PLC+HMI \" frameborder=\"0\" allow=\"accelerometer; autoplay; clipboard-write; encrypted-media; gyroscope; picture-in-picture; web-share\" referrerpolicy=\"strict-origin-when-cross-origin\" allowfullscreen><\/iframe>\n\n\n\n<div style=\"height:40px\" aria-hidden=\"true\" class=\"wp-block-spacer\"><\/div>\n","protected":false},"excerpt":{"rendered":"<p>Zapraszamy do nowej wersji kursu programowania sterownik\u00f3w PLC Horner APG, z wykorzystaniem najnowszego \u015brodowiska Cscape 10. Jest to uaktualniona wersja &#8222;Kursu programowania PLC od podstaw dla automatyk\u00f3w i elektryk\u00f3w&#8221;. Podczas kursu poznasz zagadnienia zwi\u0105zane z podstawami programowania sterownika PLC Horner w j\u0119zyku drabinkowym, a tak\u017ce z budowaniem ekran\u00f3w operatorskich na panelu HMI zintegrowanym ze sterownikiem. [&hellip;]<\/p>\n","protected":false},"author":81,"featured_media":24803,"parent":0,"menu_order":0,"comment_status":"closed","ping_status":"closed","template":"","meta":{"_acf_changed":false,"footnotes":""},"class_list":["post-25066","page","type-page","status-publish","has-post-thumbnail","hentry"],"acf":[],"yoast_head":"<!-- This site is optimized with the Yoast SEO plugin v27.3 - https:\/\/yoast.com\/product\/yoast-seo-wordpress\/ -->\r\n<title>Kurs programowania sterownik\u00f3w Horner APG\u00a0 w \u015brodowisku Cscape 10 | Poradnik Automatyka<\/title>\r\n<meta name=\"robots\" content=\"index, follow, max-snippet:-1, max-image-preview:large, max-video-preview:-1\" \/>\r\n<link rel=\"canonical\" href=\"https:\/\/www.astor.com.pl\/poradnikautomatyka\/kurs-programowania-sterownikow-horner-apg-w-srodowisku-cscape-10\/\" \/>\r\n<meta property=\"og:locale\" content=\"pl_PL\" \/>\r\n<meta property=\"og:type\" content=\"article\" \/>\r\n<meta property=\"og:title\" content=\"Kurs programowania sterownik\u00f3w Horner APG\u00a0 w \u015brodowisku Cscape 10 | Poradnik Automatyka\" \/>\r\n<meta property=\"og:description\" content=\"Zapraszamy do nowej wersji kursu programowania sterownik\u00f3w PLC Horner APG, z wykorzystaniem najnowszego \u015brodowiska Cscape 10. Jest to uaktualniona wersja &#8222;Kursu programowania PLC od podstaw dla automatyk\u00f3w i elektryk\u00f3w&#8221;. Podczas kursu poznasz zagadnienia zwi\u0105zane z podstawami programowania sterownika PLC Horner w j\u0119zyku drabinkowym, a tak\u017ce z budowaniem ekran\u00f3w operatorskich na panelu HMI zintegrowanym ze sterownikiem. [&hellip;]\" \/>\r\n<meta property=\"og:url\" content=\"https:\/\/www.astor.com.pl\/poradnikautomatyka\/kurs-programowania-sterownikow-horner-apg-w-srodowisku-cscape-10\/\" \/>\r\n<meta property=\"og:site_name\" content=\"Poradnik Automatyka\" \/>\r\n<meta property=\"article:modified_time\" content=\"2025-09-24T08:08:42+00:00\" \/>\r\n<meta property=\"og:image\" content=\"https:\/\/www.astor.com.pl\/poradnikautomatyka\/wp-content\/uploads\/2025\/09\/horner-canvas-cscape-kurs-head.jpg\" \/>\r\n\t<meta property=\"og:image:width\" content=\"960\" \/>\r\n\t<meta property=\"og:image:height\" content=\"400\" \/>\r\n\t<meta property=\"og:image:type\" content=\"image\/jpeg\" \/>\r\n<meta name=\"twitter:card\" content=\"summary_large_image\" \/>\r\n<meta name=\"twitter:label1\" content=\"Szacowany czas czytania\" \/>\n\t<meta name=\"twitter:data1\" content=\"3 minuty\" \/>\r\n<script type=\"application\/ld+json\" class=\"yoast-schema-graph\">{\"@context\":\"https:\\\/\\\/schema.org\",\"@graph\":[{\"@type\":\"WebPage\",\"@id\":\"https:\\\/\\\/www.astor.com.pl\\\/poradnikautomatyka\\\/kurs-programowania-sterownikow-horner-apg-w-srodowisku-cscape-10\\\/\",\"url\":\"https:\\\/\\\/www.astor.com.pl\\\/poradnikautomatyka\\\/kurs-programowania-sterownikow-horner-apg-w-srodowisku-cscape-10\\\/\",\"name\":\"Kurs programowania sterownik\u00f3w Horner APG\u00a0 w \u015brodowisku Cscape 10 | Poradnik Automatyka\",\"isPartOf\":{\"@id\":\"https:\\\/\\\/www.astor.com.pl\\\/poradnikautomatyka\\\/#website\"},\"primaryImageOfPage\":{\"@id\":\"https:\\\/\\\/www.astor.com.pl\\\/poradnikautomatyka\\\/kurs-programowania-sterownikow-horner-apg-w-srodowisku-cscape-10\\\/#primaryimage\"},\"image\":{\"@id\":\"https:\\\/\\\/www.astor.com.pl\\\/poradnikautomatyka\\\/kurs-programowania-sterownikow-horner-apg-w-srodowisku-cscape-10\\\/#primaryimage\"},\"thumbnailUrl\":\"https:\\\/\\\/www.astor.com.pl\\\/poradnikautomatyka\\\/wp-content\\\/uploads\\\/2025\\\/09\\\/horner-canvas-cscape-kurs-head.jpg\",\"datePublished\":\"2025-09-24T08:08:41+00:00\",\"dateModified\":\"2025-09-24T08:08:42+00:00\",\"inLanguage\":\"pl-PL\",\"potentialAction\":[{\"@type\":\"ReadAction\",\"target\":[\"https:\\\/\\\/www.astor.com.pl\\\/poradnikautomatyka\\\/kurs-programowania-sterownikow-horner-apg-w-srodowisku-cscape-10\\\/\"]}]},{\"@type\":\"ImageObject\",\"inLanguage\":\"pl-PL\",\"@id\":\"https:\\\/\\\/www.astor.com.pl\\\/poradnikautomatyka\\\/kurs-programowania-sterownikow-horner-apg-w-srodowisku-cscape-10\\\/#primaryimage\",\"url\":\"https:\\\/\\\/www.astor.com.pl\\\/poradnikautomatyka\\\/wp-content\\\/uploads\\\/2025\\\/09\\\/horner-canvas-cscape-kurs-head.jpg\",\"contentUrl\":\"https:\\\/\\\/www.astor.com.pl\\\/poradnikautomatyka\\\/wp-content\\\/uploads\\\/2025\\\/09\\\/horner-canvas-cscape-kurs-head.jpg\",\"width\":960,\"height\":400},{\"@type\":\"WebSite\",\"@id\":\"https:\\\/\\\/www.astor.com.pl\\\/poradnikautomatyka\\\/#website\",\"url\":\"https:\\\/\\\/www.astor.com.pl\\\/poradnikautomatyka\\\/\",\"name\":\"Poradnik Automatyka\",\"description\":\"Poradnik Automatyka to przydatne kursy, u\u017cyteczne artyku\u0142y i merytoryczne webinary dla ka\u017cdego automatyka i elektryka.\",\"publisher\":{\"@id\":\"https:\\\/\\\/www.astor.com.pl\\\/poradnikautomatyka\\\/#organization\"},\"potentialAction\":[{\"@type\":\"SearchAction\",\"target\":{\"@type\":\"EntryPoint\",\"urlTemplate\":\"https:\\\/\\\/www.astor.com.pl\\\/poradnikautomatyka\\\/?s={search_term_string}\"},\"query-input\":{\"@type\":\"PropertyValueSpecification\",\"valueRequired\":true,\"valueName\":\"search_term_string\"}}],\"inLanguage\":\"pl-PL\"},{\"@type\":\"Organization\",\"@id\":\"https:\\\/\\\/www.astor.com.pl\\\/poradnikautomatyka\\\/#organization\",\"name\":\"ASTOR\",\"url\":\"https:\\\/\\\/www.astor.com.pl\\\/poradnikautomatyka\\\/\",\"logo\":{\"@type\":\"ImageObject\",\"inLanguage\":\"pl-PL\",\"@id\":\"https:\\\/\\\/www.astor.com.pl\\\/poradnikautomatyka\\\/#\\\/schema\\\/logo\\\/image\\\/\",\"url\":\"https:\\\/\\\/www.astor.com.pl\\\/poradnikautomatyka\\\/wp-content\\\/uploads\\\/2018\\\/08\\\/ASTOR_zwykly_sam_logotyp.png\",\"contentUrl\":\"https:\\\/\\\/www.astor.com.pl\\\/poradnikautomatyka\\\/wp-content\\\/uploads\\\/2018\\\/08\\\/ASTOR_zwykly_sam_logotyp.png\",\"width\":3322,\"height\":1078,\"caption\":\"ASTOR\"},\"image\":{\"@id\":\"https:\\\/\\\/www.astor.com.pl\\\/poradnikautomatyka\\\/#\\\/schema\\\/logo\\\/image\\\/\"}}]}<\/script>\r\n<!-- \/ Yoast SEO plugin. -->","yoast_head_json":{"title":"Kurs programowania sterownik\u00f3w Horner APG\u00a0 w \u015brodowisku Cscape 10 | Poradnik Automatyka","robots":{"index":"index","follow":"follow","max-snippet":"max-snippet:-1","max-image-preview":"max-image-preview:large","max-video-preview":"max-video-preview:-1"},"canonical":"https:\/\/www.astor.com.pl\/poradnikautomatyka\/kurs-programowania-sterownikow-horner-apg-w-srodowisku-cscape-10\/","og_locale":"pl_PL","og_type":"article","og_title":"Kurs programowania sterownik\u00f3w Horner APG\u00a0 w \u015brodowisku Cscape 10 | Poradnik Automatyka","og_description":"Zapraszamy do nowej wersji kursu programowania sterownik\u00f3w PLC Horner APG, z wykorzystaniem najnowszego \u015brodowiska Cscape 10. Jest to uaktualniona wersja &#8222;Kursu programowania PLC od podstaw dla automatyk\u00f3w i elektryk\u00f3w&#8221;. Podczas kursu poznasz zagadnienia zwi\u0105zane z podstawami programowania sterownika PLC Horner w j\u0119zyku drabinkowym, a tak\u017ce z budowaniem ekran\u00f3w operatorskich na panelu HMI zintegrowanym ze sterownikiem. [&hellip;]","og_url":"https:\/\/www.astor.com.pl\/poradnikautomatyka\/kurs-programowania-sterownikow-horner-apg-w-srodowisku-cscape-10\/","og_site_name":"Poradnik Automatyka","article_modified_time":"2025-09-24T08:08:42+00:00","og_image":[{"width":960,"height":400,"url":"https:\/\/www.astor.com.pl\/poradnikautomatyka\/wp-content\/uploads\/2025\/09\/horner-canvas-cscape-kurs-head.jpg","type":"image\/jpeg"}],"twitter_card":"summary_large_image","twitter_misc":{"Szacowany czas czytania":"3 minuty"},"schema":{"@context":"https:\/\/schema.org","@graph":[{"@type":"WebPage","@id":"https:\/\/www.astor.com.pl\/poradnikautomatyka\/kurs-programowania-sterownikow-horner-apg-w-srodowisku-cscape-10\/","url":"https:\/\/www.astor.com.pl\/poradnikautomatyka\/kurs-programowania-sterownikow-horner-apg-w-srodowisku-cscape-10\/","name":"Kurs programowania sterownik\u00f3w Horner APG\u00a0 w \u015brodowisku Cscape 10 | Poradnik Automatyka","isPartOf":{"@id":"https:\/\/www.astor.com.pl\/poradnikautomatyka\/#website"},"primaryImageOfPage":{"@id":"https:\/\/www.astor.com.pl\/poradnikautomatyka\/kurs-programowania-sterownikow-horner-apg-w-srodowisku-cscape-10\/#primaryimage"},"image":{"@id":"https:\/\/www.astor.com.pl\/poradnikautomatyka\/kurs-programowania-sterownikow-horner-apg-w-srodowisku-cscape-10\/#primaryimage"},"thumbnailUrl":"https:\/\/www.astor.com.pl\/poradnikautomatyka\/wp-content\/uploads\/2025\/09\/horner-canvas-cscape-kurs-head.jpg","datePublished":"2025-09-24T08:08:41+00:00","dateModified":"2025-09-24T08:08:42+00:00","inLanguage":"pl-PL","potentialAction":[{"@type":"ReadAction","target":["https:\/\/www.astor.com.pl\/poradnikautomatyka\/kurs-programowania-sterownikow-horner-apg-w-srodowisku-cscape-10\/"]}]},{"@type":"ImageObject","inLanguage":"pl-PL","@id":"https:\/\/www.astor.com.pl\/poradnikautomatyka\/kurs-programowania-sterownikow-horner-apg-w-srodowisku-cscape-10\/#primaryimage","url":"https:\/\/www.astor.com.pl\/poradnikautomatyka\/wp-content\/uploads\/2025\/09\/horner-canvas-cscape-kurs-head.jpg","contentUrl":"https:\/\/www.astor.com.pl\/poradnikautomatyka\/wp-content\/uploads\/2025\/09\/horner-canvas-cscape-kurs-head.jpg","width":960,"height":400},{"@type":"WebSite","@id":"https:\/\/www.astor.com.pl\/poradnikautomatyka\/#website","url":"https:\/\/www.astor.com.pl\/poradnikautomatyka\/","name":"Poradnik Automatyka","description":"Poradnik Automatyka to przydatne kursy, u\u017cyteczne artyku\u0142y i merytoryczne webinary dla ka\u017cdego automatyka i elektryka.","publisher":{"@id":"https:\/\/www.astor.com.pl\/poradnikautomatyka\/#organization"},"potentialAction":[{"@type":"SearchAction","target":{"@type":"EntryPoint","urlTemplate":"https:\/\/www.astor.com.pl\/poradnikautomatyka\/?s={search_term_string}"},"query-input":{"@type":"PropertyValueSpecification","valueRequired":true,"valueName":"search_term_string"}}],"inLanguage":"pl-PL"},{"@type":"Organization","@id":"https:\/\/www.astor.com.pl\/poradnikautomatyka\/#organization","name":"ASTOR","url":"https:\/\/www.astor.com.pl\/poradnikautomatyka\/","logo":{"@type":"ImageObject","inLanguage":"pl-PL","@id":"https:\/\/www.astor.com.pl\/poradnikautomatyka\/#\/schema\/logo\/image\/","url":"https:\/\/www.astor.com.pl\/poradnikautomatyka\/wp-content\/uploads\/2018\/08\/ASTOR_zwykly_sam_logotyp.png","contentUrl":"https:\/\/www.astor.com.pl\/poradnikautomatyka\/wp-content\/uploads\/2018\/08\/ASTOR_zwykly_sam_logotyp.png","width":3322,"height":1078,"caption":"ASTOR"},"image":{"@id":"https:\/\/www.astor.com.pl\/poradnikautomatyka\/#\/schema\/logo\/image\/"}}]}},"_links":{"self":[{"href":"https:\/\/www.astor.com.pl\/poradnikautomatyka\/wp-json\/wp\/v2\/pages\/25066","targetHints":{"allow":["GET"]}}],"collection":[{"href":"https:\/\/www.astor.com.pl\/poradnikautomatyka\/wp-json\/wp\/v2\/pages"}],"about":[{"href":"https:\/\/www.astor.com.pl\/poradnikautomatyka\/wp-json\/wp\/v2\/types\/page"}],"author":[{"embeddable":true,"href":"https:\/\/www.astor.com.pl\/poradnikautomatyka\/wp-json\/wp\/v2\/users\/81"}],"replies":[{"embeddable":true,"href":"https:\/\/www.astor.com.pl\/poradnikautomatyka\/wp-json\/wp\/v2\/comments?post=25066"}],"version-history":[{"count":3,"href":"https:\/\/www.astor.com.pl\/poradnikautomatyka\/wp-json\/wp\/v2\/pages\/25066\/revisions"}],"predecessor-version":[{"id":25071,"href":"https:\/\/www.astor.com.pl\/poradnikautomatyka\/wp-json\/wp\/v2\/pages\/25066\/revisions\/25071"}],"wp:featuredmedia":[{"embeddable":true,"href":"https:\/\/www.astor.com.pl\/poradnikautomatyka\/wp-json\/wp\/v2\/media\/24803"}],"wp:attachment":[{"href":"https:\/\/www.astor.com.pl\/poradnikautomatyka\/wp-json\/wp\/v2\/media?parent=25066"}],"curies":[{"name":"wp","href":"https:\/\/api.w.org\/{rel}","templated":true}]}}