{"id":24354,"date":"2025-09-01T18:36:47","date_gmt":"2025-09-01T16:36:47","guid":{"rendered":"https:\/\/www.astor.com.pl\/poradnikautomatyka\/?page_id=24354"},"modified":"2025-09-01T18:36:47","modified_gmt":"2025-09-01T16:36:47","slug":"kurs-konfiguracji-komunikacji-oddalonych-modulow-astraada-io-ip67","status":"publish","type":"page","link":"https:\/\/www.astor.com.pl\/poradnikautomatyka\/kurs-konfiguracji-komunikacji-oddalonych-modulow-astraada-io-ip67\/","title":{"rendered":"Kurs konfiguracji komunikacji oddalonych modu\u0142\u00f3w Astraada IO IP67"},"content":{"rendered":"\n<div style=\"height:30px\" aria-hidden=\"true\" class=\"wp-block-spacer\"><\/div>\n\n\n\n<figure class=\"wp-block-image size-large\"><img loading=\"lazy\" decoding=\"async\" width=\"840\" height=\"303\" src=\"https:\/\/www.astor.com.pl\/poradnikautomatyka\/wp-content\/uploads\/2025\/08\/kurs-Astraada-IO-head-840x303.jpg\" alt=\"\" class=\"wp-image-24121\" srcset=\"https:\/\/www.astor.com.pl\/poradnikautomatyka\/wp-content\/uploads\/2025\/08\/kurs-Astraada-IO-head-840x303.jpg 840w, https:\/\/www.astor.com.pl\/poradnikautomatyka\/wp-content\/uploads\/2025\/08\/kurs-Astraada-IO-head-768x277.jpg 768w, https:\/\/www.astor.com.pl\/poradnikautomatyka\/wp-content\/uploads\/2025\/08\/kurs-Astraada-IO-head.jpg 960w\" sizes=\"auto, (max-width: 840px) 100vw, 840px\" \/><\/figure>\n\n\n\n<div style=\"height:40px\" aria-hidden=\"true\" class=\"wp-block-spacer\"><\/div>\n\n\n\n<p>Zapraszamy do kursu konfiguracji komunikacji pomi\u0119dzy modu\u0142ami Astraada IO IP67 a urz\u0105dzeniami nadrz\u0119dnymi. W ramach tego kursu poka\u017cemy, jakie protoko\u0142y komunikacyjne mo\u017cna wykorzysta\u0107 w tym celu oraz jak prawid\u0142owo skonfigurowa\u0107 takie po\u0142\u0105czenie w poszczeg\u00f3lnych \u015brodowiskach programistycznych.<\/p>\n\n\n\n<div style=\"height:40px\" aria-hidden=\"true\" class=\"wp-block-spacer\"><\/div>\n\n\n\n<h2 class=\"wp-block-heading\">W tym kursie nauczysz si\u0119:<\/h2>\n\n\n\n<ul class=\"wp-block-list\">\n<li>czym s\u0105 zdalne modu\u0142y wej\u015b\u0107\/wyj\u015b\u0107, jakie maj\u0105 zastosowania i jakie oferuj\u0105 funkcjonalno\u015bci,<\/li>\n\n\n\n<li>jak skonfigurowa\u0107 komunikacj\u0119 pomi\u0119dzy modu\u0142ami Astraada IO IP67 a r\u00f3\u017cnymi urz\u0105dzeniami nadrz\u0119dnymi (sterownikiem PLC, panelem HMI, kontrolerem robota przemys\u0142owego),<\/li>\n\n\n\n<li>jakie protoko\u0142y komunikacyjne mo\u017cna wykorzysta\u0107 do po\u0142\u0105czenia z modu\u0142ami,<\/li>\n\n\n\n<li>jak przebiega konfiguracja po\u0142\u0105czenia w popularnych \u015brodowiskach programistycznych (Codesys, TIA Portal, PAC Machine Edition, Cscape),<\/li>\n\n\n\n<li>jak korzysta\u0107 z narz\u0119dzia <strong>Astraada IO Configuration Tool<\/strong> i plik\u00f3w deskrypcyjnych do konfiguracji komunikacji,<\/li>\n\n\n\n<li>jak wygl\u0105da struktura przesy\u0142ania danych (wej\u015bcia\/wyj\u015bcia\/status) dla r\u00f3\u017cnych protoko\u0142\u00f3w i jak monitorowa\u0107 tak\u0105 wymian\u0119.<\/li>\n<\/ul>\n\n\n\n<div style=\"height:40px\" aria-hidden=\"true\" class=\"wp-block-spacer\"><\/div>\n\n\n\n<h2 class=\"wp-block-heading\">Co b\u0119dzie potrzebne?<\/h2>\n\n\n\n<ul class=\"wp-block-list\">\n<li><a href=\"https:\/\/www.astor.com.pl\/sklep\/moduly-i-o\/astraada-io-ip67\/as70-r-ec-08dio-p-m12.html\" target=\"_blank\" rel=\"noreferrer noopener\"><strong>Astraada IO IP67; EtherCAT<\/strong><\/a> lub <a href=\"https:\/\/www.astor.com.pl\/sklep\/moduly-i-o\/astraada-io-ip67\/as70-r-mp-08dio-p-m12.html\" target=\"_blank\" rel=\"noreferrer noopener\"><strong>Astraada IO IP67; Multi Protocol<\/strong><\/a>.<\/li>\n\n\n\n<li>Program Astraada IO Configuration Tool \u2013 mo\u017cliwy do pobrania <a href=\"https:\/\/www.astor.com.pl\/wsparcie\/dokumentacja-techniczna\/id\/31953\" target=\"_blank\" rel=\"noreferrer noopener\"><strong>TUTAJ<\/strong><\/a>.<\/li>\n\n\n\n<li>Odpowiednie pliki deskrypcyjne dla poszczeg\u00f3lnych \u015brodowisk programistycznych.<\/li>\n<\/ul>\n\n\n\n<p>Kurs ma charakter praktyczny i krok po kroku przeprowadza przez proces konfiguracji komunikacji w&nbsp;zale\u017cno\u015bci od wybranego protoko\u0142u i \u015brodowiska.<\/p>\n\n\n\n<div style=\"height:40px\" aria-hidden=\"true\" class=\"wp-block-spacer\"><\/div>\n\n\n\n<h2 class=\"wp-block-heading\">Spis odcink\u00f3w<\/h2>\n\n\n\n<div class=\"dowiesz-sie\" style=\"margin-top: 40px; margin-bottom: 40px;\">\n<h3>Kurs konfiguracji komunikacji oddalonych modu\u0142\u00f3w Astraada IO IP67<\/h3>\n<a href=\"https:\/\/www.astor.com.pl\/poradnikautomatyka\/zdalne-moduly-i-o-wprowadzenie-kurs-konfiguracji-komunikacji-oddalonych-modulow-astraada-io-ip67-odc-1\/\">1. Zdalne modu\u0142y I\/O \u2013 wprowadzenie<\/a><br \/>\n<a href=\"https:\/\/www.astor.com.pl\/poradnikautomatyka\/komunikacja-z-wyspa-astraada-io-ip67-z-wykorzystaniem-protokolu-ethercat-kurs-konfiguracji-komunikacji-oddalonych-modulow-astraada-io-ip67-odc-2\/\">2. Komunikacja z wysp\u0105 Astraada IO IP67 z wykorzystaniem protoko\u0142u EtherCAT<\/a><br \/>\n<a href=\"https:\/\/www.astor.com.pl\/poradnikautomatyka\/komunikacja-z-wyspa-astraada-io-ip67-z-wykorzystaniem-protokolu-modbus-tcp-ip-kurs-konfiguracji-komunikacji-oddalonych-modulow-astraada-io-ip67-odc-3\/\">3. Komunikacja z wysp\u0105 Astraada IO IP67 z wykorzystaniem protoko\u0142u Modbus TCP\/IP<\/a><br \/>\n<a href=\"https:\/\/www.astor.com.pl\/poradnikautomatyka\/komunikacja-z-wyspa-astraada-io-ip67-z-wykorzystaniem-protokolu-profinet-kurs-konfiguracji-komunikacji-oddalonych-modulow-astraada-io-ip67-odc-4\/\">4. Komunikacja z wysp\u0105 Astraada IO IP67 z wykorzystaniem protoko\u0142u Profinet<\/a><br \/>\n<a href=\"https:\/\/www.astor.com.pl\/poradnikautomatyka\/komunikacja-z-wyspa-astraada-io-ip67-z-wykorzystaniem-protokolu-ethernet-ip-kurs-konfiguracji-komunikacji-oddalonych-modulow-astraada-io-ip67-odc-5\/\">5. Komunikacja z wysp\u0105 Astraada IO IP67 z wykorzystaniem protoko\u0142u EtherNet\/IP<\/a>\n<\/div>\n","protected":false},"excerpt":{"rendered":"<p>Zapraszamy do kursu konfiguracji komunikacji pomi\u0119dzy modu\u0142ami Astraada IO IP67 a urz\u0105dzeniami nadrz\u0119dnymi. W ramach tego kursu poka\u017cemy, jakie protoko\u0142y komunikacyjne mo\u017cna wykorzysta\u0107 w tym celu oraz jak prawid\u0142owo skonfigurowa\u0107 takie po\u0142\u0105czenie w poszczeg\u00f3lnych \u015brodowiskach programistycznych. W tym kursie nauczysz si\u0119: Co b\u0119dzie potrzebne? Kurs ma charakter praktyczny i krok po kroku przeprowadza przez proces [&hellip;]<\/p>\n","protected":false},"author":101,"featured_media":24121,"parent":0,"menu_order":0,"comment_status":"closed","ping_status":"closed","template":"","meta":{"_acf_changed":false,"footnotes":""},"class_list":["post-24354","page","type-page","status-publish","has-post-thumbnail","hentry"],"acf":[],"yoast_head":"<!-- This site is optimized with the Yoast SEO plugin v27.3 - https:\/\/yoast.com\/product\/yoast-seo-wordpress\/ -->\r\n<title>Kurs konfiguracji komunikacji oddalonych modu\u0142\u00f3w Astraada IO IP67 | Poradnik Automatyka<\/title>\r\n<meta name=\"robots\" content=\"index, follow, max-snippet:-1, max-image-preview:large, max-video-preview:-1\" \/>\r\n<link rel=\"canonical\" href=\"https:\/\/www.astor.com.pl\/poradnikautomatyka\/kurs-konfiguracji-komunikacji-oddalonych-modulow-astraada-io-ip67\/\" \/>\r\n<meta property=\"og:locale\" content=\"pl_PL\" \/>\r\n<meta property=\"og:type\" content=\"article\" \/>\r\n<meta property=\"og:title\" content=\"Kurs konfiguracji komunikacji oddalonych modu\u0142\u00f3w Astraada IO IP67 | Poradnik Automatyka\" \/>\r\n<meta property=\"og:description\" content=\"Zapraszamy do kursu konfiguracji komunikacji pomi\u0119dzy modu\u0142ami Astraada IO IP67 a urz\u0105dzeniami nadrz\u0119dnymi. W ramach tego kursu poka\u017cemy, jakie protoko\u0142y komunikacyjne mo\u017cna wykorzysta\u0107 w tym celu oraz jak prawid\u0142owo skonfigurowa\u0107 takie po\u0142\u0105czenie w poszczeg\u00f3lnych \u015brodowiskach programistycznych. W tym kursie nauczysz si\u0119: Co b\u0119dzie potrzebne? Kurs ma charakter praktyczny i krok po kroku przeprowadza przez proces [&hellip;]\" \/>\r\n<meta property=\"og:url\" content=\"https:\/\/www.astor.com.pl\/poradnikautomatyka\/kurs-konfiguracji-komunikacji-oddalonych-modulow-astraada-io-ip67\/\" \/>\r\n<meta property=\"og:site_name\" content=\"Poradnik Automatyka\" \/>\r\n<meta property=\"og:image\" content=\"https:\/\/www.astor.com.pl\/poradnikautomatyka\/wp-content\/uploads\/2025\/08\/kurs-Astraada-IO-head.jpg\" \/>\r\n\t<meta property=\"og:image:width\" content=\"960\" \/>\r\n\t<meta property=\"og:image:height\" content=\"346\" \/>\r\n\t<meta property=\"og:image:type\" content=\"image\/jpeg\" \/>\r\n<meta name=\"twitter:card\" content=\"summary_large_image\" \/>\r\n<meta name=\"twitter:label1\" content=\"Szacowany czas czytania\" \/>\n\t<meta name=\"twitter:data1\" content=\"2 minuty\" \/>\r\n<script type=\"application\/ld+json\" class=\"yoast-schema-graph\">{\"@context\":\"https:\\\/\\\/schema.org\",\"@graph\":[{\"@type\":\"WebPage\",\"@id\":\"https:\\\/\\\/www.astor.com.pl\\\/poradnikautomatyka\\\/kurs-konfiguracji-komunikacji-oddalonych-modulow-astraada-io-ip67\\\/\",\"url\":\"https:\\\/\\\/www.astor.com.pl\\\/poradnikautomatyka\\\/kurs-konfiguracji-komunikacji-oddalonych-modulow-astraada-io-ip67\\\/\",\"name\":\"Kurs konfiguracji komunikacji oddalonych modu\u0142\u00f3w Astraada IO IP67 | Poradnik Automatyka\",\"isPartOf\":{\"@id\":\"https:\\\/\\\/www.astor.com.pl\\\/poradnikautomatyka\\\/#website\"},\"primaryImageOfPage\":{\"@id\":\"https:\\\/\\\/www.astor.com.pl\\\/poradnikautomatyka\\\/kurs-konfiguracji-komunikacji-oddalonych-modulow-astraada-io-ip67\\\/#primaryimage\"},\"image\":{\"@id\":\"https:\\\/\\\/www.astor.com.pl\\\/poradnikautomatyka\\\/kurs-konfiguracji-komunikacji-oddalonych-modulow-astraada-io-ip67\\\/#primaryimage\"},\"thumbnailUrl\":\"https:\\\/\\\/www.astor.com.pl\\\/poradnikautomatyka\\\/wp-content\\\/uploads\\\/2025\\\/08\\\/kurs-Astraada-IO-head.jpg\",\"datePublished\":\"2025-09-01T16:36:47+00:00\",\"inLanguage\":\"pl-PL\",\"potentialAction\":[{\"@type\":\"ReadAction\",\"target\":[\"https:\\\/\\\/www.astor.com.pl\\\/poradnikautomatyka\\\/kurs-konfiguracji-komunikacji-oddalonych-modulow-astraada-io-ip67\\\/\"]}]},{\"@type\":\"ImageObject\",\"inLanguage\":\"pl-PL\",\"@id\":\"https:\\\/\\\/www.astor.com.pl\\\/poradnikautomatyka\\\/kurs-konfiguracji-komunikacji-oddalonych-modulow-astraada-io-ip67\\\/#primaryimage\",\"url\":\"https:\\\/\\\/www.astor.com.pl\\\/poradnikautomatyka\\\/wp-content\\\/uploads\\\/2025\\\/08\\\/kurs-Astraada-IO-head.jpg\",\"contentUrl\":\"https:\\\/\\\/www.astor.com.pl\\\/poradnikautomatyka\\\/wp-content\\\/uploads\\\/2025\\\/08\\\/kurs-Astraada-IO-head.jpg\",\"width\":960,\"height\":346},{\"@type\":\"WebSite\",\"@id\":\"https:\\\/\\\/www.astor.com.pl\\\/poradnikautomatyka\\\/#website\",\"url\":\"https:\\\/\\\/www.astor.com.pl\\\/poradnikautomatyka\\\/\",\"name\":\"Poradnik Automatyka\",\"description\":\"Poradnik Automatyka to przydatne kursy, u\u017cyteczne artyku\u0142y i merytoryczne webinary dla ka\u017cdego automatyka i elektryka.\",\"publisher\":{\"@id\":\"https:\\\/\\\/www.astor.com.pl\\\/poradnikautomatyka\\\/#organization\"},\"potentialAction\":[{\"@type\":\"SearchAction\",\"target\":{\"@type\":\"EntryPoint\",\"urlTemplate\":\"https:\\\/\\\/www.astor.com.pl\\\/poradnikautomatyka\\\/?s={search_term_string}\"},\"query-input\":{\"@type\":\"PropertyValueSpecification\",\"valueRequired\":true,\"valueName\":\"search_term_string\"}}],\"inLanguage\":\"pl-PL\"},{\"@type\":\"Organization\",\"@id\":\"https:\\\/\\\/www.astor.com.pl\\\/poradnikautomatyka\\\/#organization\",\"name\":\"ASTOR\",\"url\":\"https:\\\/\\\/www.astor.com.pl\\\/poradnikautomatyka\\\/\",\"logo\":{\"@type\":\"ImageObject\",\"inLanguage\":\"pl-PL\",\"@id\":\"https:\\\/\\\/www.astor.com.pl\\\/poradnikautomatyka\\\/#\\\/schema\\\/logo\\\/image\\\/\",\"url\":\"https:\\\/\\\/www.astor.com.pl\\\/poradnikautomatyka\\\/wp-content\\\/uploads\\\/2018\\\/08\\\/ASTOR_zwykly_sam_logotyp.png\",\"contentUrl\":\"https:\\\/\\\/www.astor.com.pl\\\/poradnikautomatyka\\\/wp-content\\\/uploads\\\/2018\\\/08\\\/ASTOR_zwykly_sam_logotyp.png\",\"width\":3322,\"height\":1078,\"caption\":\"ASTOR\"},\"image\":{\"@id\":\"https:\\\/\\\/www.astor.com.pl\\\/poradnikautomatyka\\\/#\\\/schema\\\/logo\\\/image\\\/\"}}]}<\/script>\r\n<!-- \/ Yoast SEO plugin. -->","yoast_head_json":{"title":"Kurs konfiguracji komunikacji oddalonych modu\u0142\u00f3w Astraada IO IP67 | Poradnik Automatyka","robots":{"index":"index","follow":"follow","max-snippet":"max-snippet:-1","max-image-preview":"max-image-preview:large","max-video-preview":"max-video-preview:-1"},"canonical":"https:\/\/www.astor.com.pl\/poradnikautomatyka\/kurs-konfiguracji-komunikacji-oddalonych-modulow-astraada-io-ip67\/","og_locale":"pl_PL","og_type":"article","og_title":"Kurs konfiguracji komunikacji oddalonych modu\u0142\u00f3w Astraada IO IP67 | Poradnik Automatyka","og_description":"Zapraszamy do kursu konfiguracji komunikacji pomi\u0119dzy modu\u0142ami Astraada IO IP67 a urz\u0105dzeniami nadrz\u0119dnymi. W ramach tego kursu poka\u017cemy, jakie protoko\u0142y komunikacyjne mo\u017cna wykorzysta\u0107 w tym celu oraz jak prawid\u0142owo skonfigurowa\u0107 takie po\u0142\u0105czenie w poszczeg\u00f3lnych \u015brodowiskach programistycznych. W tym kursie nauczysz si\u0119: Co b\u0119dzie potrzebne? Kurs ma charakter praktyczny i krok po kroku przeprowadza przez proces [&hellip;]","og_url":"https:\/\/www.astor.com.pl\/poradnikautomatyka\/kurs-konfiguracji-komunikacji-oddalonych-modulow-astraada-io-ip67\/","og_site_name":"Poradnik Automatyka","og_image":[{"width":960,"height":346,"url":"https:\/\/www.astor.com.pl\/poradnikautomatyka\/wp-content\/uploads\/2025\/08\/kurs-Astraada-IO-head.jpg","type":"image\/jpeg"}],"twitter_card":"summary_large_image","twitter_misc":{"Szacowany czas czytania":"2 minuty"},"schema":{"@context":"https:\/\/schema.org","@graph":[{"@type":"WebPage","@id":"https:\/\/www.astor.com.pl\/poradnikautomatyka\/kurs-konfiguracji-komunikacji-oddalonych-modulow-astraada-io-ip67\/","url":"https:\/\/www.astor.com.pl\/poradnikautomatyka\/kurs-konfiguracji-komunikacji-oddalonych-modulow-astraada-io-ip67\/","name":"Kurs konfiguracji komunikacji oddalonych modu\u0142\u00f3w Astraada IO IP67 | Poradnik Automatyka","isPartOf":{"@id":"https:\/\/www.astor.com.pl\/poradnikautomatyka\/#website"},"primaryImageOfPage":{"@id":"https:\/\/www.astor.com.pl\/poradnikautomatyka\/kurs-konfiguracji-komunikacji-oddalonych-modulow-astraada-io-ip67\/#primaryimage"},"image":{"@id":"https:\/\/www.astor.com.pl\/poradnikautomatyka\/kurs-konfiguracji-komunikacji-oddalonych-modulow-astraada-io-ip67\/#primaryimage"},"thumbnailUrl":"https:\/\/www.astor.com.pl\/poradnikautomatyka\/wp-content\/uploads\/2025\/08\/kurs-Astraada-IO-head.jpg","datePublished":"2025-09-01T16:36:47+00:00","inLanguage":"pl-PL","potentialAction":[{"@type":"ReadAction","target":["https:\/\/www.astor.com.pl\/poradnikautomatyka\/kurs-konfiguracji-komunikacji-oddalonych-modulow-astraada-io-ip67\/"]}]},{"@type":"ImageObject","inLanguage":"pl-PL","@id":"https:\/\/www.astor.com.pl\/poradnikautomatyka\/kurs-konfiguracji-komunikacji-oddalonych-modulow-astraada-io-ip67\/#primaryimage","url":"https:\/\/www.astor.com.pl\/poradnikautomatyka\/wp-content\/uploads\/2025\/08\/kurs-Astraada-IO-head.jpg","contentUrl":"https:\/\/www.astor.com.pl\/poradnikautomatyka\/wp-content\/uploads\/2025\/08\/kurs-Astraada-IO-head.jpg","width":960,"height":346},{"@type":"WebSite","@id":"https:\/\/www.astor.com.pl\/poradnikautomatyka\/#website","url":"https:\/\/www.astor.com.pl\/poradnikautomatyka\/","name":"Poradnik Automatyka","description":"Poradnik Automatyka to przydatne kursy, u\u017cyteczne artyku\u0142y i merytoryczne webinary dla ka\u017cdego automatyka i elektryka.","publisher":{"@id":"https:\/\/www.astor.com.pl\/poradnikautomatyka\/#organization"},"potentialAction":[{"@type":"SearchAction","target":{"@type":"EntryPoint","urlTemplate":"https:\/\/www.astor.com.pl\/poradnikautomatyka\/?s={search_term_string}"},"query-input":{"@type":"PropertyValueSpecification","valueRequired":true,"valueName":"search_term_string"}}],"inLanguage":"pl-PL"},{"@type":"Organization","@id":"https:\/\/www.astor.com.pl\/poradnikautomatyka\/#organization","name":"ASTOR","url":"https:\/\/www.astor.com.pl\/poradnikautomatyka\/","logo":{"@type":"ImageObject","inLanguage":"pl-PL","@id":"https:\/\/www.astor.com.pl\/poradnikautomatyka\/#\/schema\/logo\/image\/","url":"https:\/\/www.astor.com.pl\/poradnikautomatyka\/wp-content\/uploads\/2018\/08\/ASTOR_zwykly_sam_logotyp.png","contentUrl":"https:\/\/www.astor.com.pl\/poradnikautomatyka\/wp-content\/uploads\/2018\/08\/ASTOR_zwykly_sam_logotyp.png","width":3322,"height":1078,"caption":"ASTOR"},"image":{"@id":"https:\/\/www.astor.com.pl\/poradnikautomatyka\/#\/schema\/logo\/image\/"}}]}},"_links":{"self":[{"href":"https:\/\/www.astor.com.pl\/poradnikautomatyka\/wp-json\/wp\/v2\/pages\/24354","targetHints":{"allow":["GET"]}}],"collection":[{"href":"https:\/\/www.astor.com.pl\/poradnikautomatyka\/wp-json\/wp\/v2\/pages"}],"about":[{"href":"https:\/\/www.astor.com.pl\/poradnikautomatyka\/wp-json\/wp\/v2\/types\/page"}],"author":[{"embeddable":true,"href":"https:\/\/www.astor.com.pl\/poradnikautomatyka\/wp-json\/wp\/v2\/users\/101"}],"replies":[{"embeddable":true,"href":"https:\/\/www.astor.com.pl\/poradnikautomatyka\/wp-json\/wp\/v2\/comments?post=24354"}],"version-history":[{"count":3,"href":"https:\/\/www.astor.com.pl\/poradnikautomatyka\/wp-json\/wp\/v2\/pages\/24354\/revisions"}],"predecessor-version":[{"id":24357,"href":"https:\/\/www.astor.com.pl\/poradnikautomatyka\/wp-json\/wp\/v2\/pages\/24354\/revisions\/24357"}],"wp:featuredmedia":[{"embeddable":true,"href":"https:\/\/www.astor.com.pl\/poradnikautomatyka\/wp-json\/wp\/v2\/media\/24121"}],"wp:attachment":[{"href":"https:\/\/www.astor.com.pl\/poradnikautomatyka\/wp-json\/wp\/v2\/media?parent=24354"}],"curies":[{"name":"wp","href":"https:\/\/api.w.org\/{rel}","templated":true}]}}