{"id":22581,"date":"2025-05-28T16:59:30","date_gmt":"2025-05-28T14:59:30","guid":{"rendered":"https:\/\/www.astor.com.pl\/poradnikautomatyka\/?page_id=22581"},"modified":"2025-06-11T13:03:13","modified_gmt":"2025-06-11T11:03:13","slug":"kurs-konfiguracji-switchy-zarzadzalnych-astraada-net","status":"publish","type":"page","link":"https:\/\/www.astor.com.pl\/poradnikautomatyka\/kurs-konfiguracji-switchy-zarzadzalnych-astraada-net\/","title":{"rendered":"Kurs konfiguracji switchy zarz\u0105dzalnych Astraada NET"},"content":{"rendered":"\n<div style=\"height:30px\" aria-hidden=\"true\" class=\"wp-block-spacer\"><\/div>\n\n\n\n<figure class=\"wp-block-image size-large\"><img loading=\"lazy\" decoding=\"async\" width=\"840\" height=\"524\" src=\"https:\/\/www.astor.com.pl\/poradnikautomatyka\/wp-content\/uploads\/2025\/05\/switche-kurs-head-840x524.jpg\" alt=\"\" class=\"wp-image-22906\" srcset=\"https:\/\/www.astor.com.pl\/poradnikautomatyka\/wp-content\/uploads\/2025\/05\/switche-kurs-head-840x524.jpg 840w, https:\/\/www.astor.com.pl\/poradnikautomatyka\/wp-content\/uploads\/2025\/05\/switche-kurs-head-768x479.jpg 768w, https:\/\/www.astor.com.pl\/poradnikautomatyka\/wp-content\/uploads\/2025\/05\/switche-kurs-head.jpg 909w\" sizes=\"auto, (max-width: 840px) 100vw, 840px\" \/><\/figure>\n\n\n\n<div style=\"height:30px\" aria-hidden=\"true\" class=\"wp-block-spacer\"><\/div>\n\n\n\n<p>Zapraszamy do kursu konfiguracji switchy zarz\u0105dzalnych Astraada NET. Dzi\u0119ki temu kursowi dowiesz si\u0119, jakie mo\u017cliwo\u015bci kryj\u0105 w sobie switche zarz\u0105dzalne oraz nauczysz si\u0119 podstaw konfiguracji najwa\u017cniejszych funkcjonalno\u015bci za po\u015brednictwem interfejsu webowego.<\/p>\n\n\n\n<p>Mo\u017cliwo\u015bci switchy zarz\u0105dzalnych om\u00f3wimy na przyk\u0142adzie switcha Astraada JET-NET-5216G-4C4F. Zobaczysz, jak intuicyjne i proste mo\u017ce by\u0107 konfigurowanie nawet zaawansowanych funkcjonalno\u015bci dzi\u0119ki przejrzystemu interfejsowi web.<\/p>\n\n\n\n<div style=\"height:30px\" aria-hidden=\"true\" class=\"wp-block-spacer\"><\/div>\n\n\n\n<h2 class=\"wp-block-heading\">Spis odcink\u00f3w<\/h2>\n\n\n\n<div class=\"dowiesz-sie\" style=\"margin-top:40px; margin-bottom:40px\">\n<h3>Kurs konfiguracji switchy zarz\u0105dzalnych Astraada NET<\/h3><\/a>\n<a href=\"https:\/\/www.astor.com.pl\/poradnikautomatyka\/kurs-konfiguracji-switchy-zarzadzalnych-astraada-net-wprowadzenie\/\">1. Wprowadzenie.<\/a><br\/>\n<a href=\"https:\/\/www.astor.com.pl\/poradnikautomatyka\/co-warto-wiedziec-o-przemyslowych-switchach-zarzadzalnych-kurs-konfiguracji-switchy-zarzadzalnych-astraada-net-odc-2\/\">2. Co warto wiedzie\u0107 o przemys\u0142owych switchach zarz\u0105dzalnych.<\/a><br\/>\n<a href=\"https:\/\/www.astor.com.pl\/poradnikautomatyka\/budowa-urzadzen-astraada-net-i-architektura-sieci-kurs-konfiguracji-switchy-zarzadzalnych-astraada-net-odc-3\/\">3. Budowa urz\u0105dze\u0144 Astraada NET i architektura sieci.<\/a><br\/>\n<a href=\"https:\/\/www.astor.com.pl\/poradnikautomatyka\/srodowisko-konfiguracyjne-astraada-net-kurs-konfiguracji-switchy-zarzadzalnych-astraada-net-odc-4\/\">4. \u015arodowisko konfiguracyjne Astraada NET.<\/a><br\/>\n<a href=\"https:\/\/www.astor.com.pl\/poradnikautomatyka\/pierwsze-podlaczenie-switcha-astraada-net-i-podstawowa-konfiguracja-urzadzenia-kurs-konfiguracji-switchy-zarzadzalnych-astraada-net-odc-5\/\">5. Pierwsze pod\u0142\u0105czenie switcha Astraada NET i podstawowa konfiguracja urz\u0105dzenia.<\/a><br\/>\n<a href=\"https:\/\/www.astor.com.pl\/poradnikautomatyka\/zarzadzanie-dystrybucja-danych-w-sieci-konfiguracja-wirtualnych-sieci-lokalnych-vlan-kurs-konfiguracji-switchy-zarzadzalnych-astraada-net-odc-6\/\">6. Zarz\u0105dzanie dystrybucj\u0105 danych w sieci. Konfiguracja wirtualnych sieci lokalnych VLAN.<\/a><br\/>\n<a href=\"https:\/\/www.astor.com.pl\/poradnikautomatyka\/redundancja-polaczen-w-astraada-net-kurs-konfiguracji-switchy-zarzadzalnych-astraada-net-odc-7\/\">7. Redundancja po\u0142\u0105cze\u0144 w Astraada NET.<\/a><br\/>\n<a href=\"https:\/\/www.astor.com.pl\/poradnikautomatyka\/konfiguracja-agregacji-polaczen-w-astraada-net-kurs-konfiguracji-switchy-zarzadzalnych-astraada-net-odc-8\/\">8. Konfiguracja agregacji po\u0142\u0105cze\u0144 w Astraada NET.<\/a><br\/>\n<a href=\"https:\/\/www.astor.com.pl\/poradnikautomatyka\/zarzadzanie-zdarzeniami-i-alarmami-w-switchach-astraada-net-kurs-konfiguracji-switchy-zarzadzalnych-astraada-net-odc-9\/\">9. Zarz\u0105dzanie zdarzeniami i alarmami w switchach Astraada NET.<\/a><br\/>\n<a href=\"https:\/\/www.astor.com.pl\/poradnikautomatyka\/konfiguracja-snmp-w-astraada-net-kurs-konfiguracji-switchy-zarzadzalnych-astraada-net-odc-10\/\">10. Konfiguracja SNMP w Astraada NET.<\/a><br\/>\n<a href=\"https:\/\/www.astor.com.pl\/poradnikautomatyka\/mechanizmy-bezpieczenstwa-w-astraada-net-kurs-konfiguracji-switchy-zarzadzalnych-astraada-net-odc-11\/\">11. Mechanizmy bezpiecze\u0144stwa w Astraada NET.<\/a><br\/>\n<a href=\"https:\/\/www.astor.com.pl\/poradnikautomatyka\/diagnostyka-i-zarzadzanie-uslugami-w-switchach-przemyslowych-astraada-net-kurs-konfiguracji-switchy-zarzadzalnych-astraada-net-odc-12\/\">12. Diagnostyka i zarz\u0105dzanie us\u0142ugami w switchach przemys\u0142owych Astraada NET.<\/a><br\/>\n<\/div>\n","protected":false},"excerpt":{"rendered":"<p>Zapraszamy do kursu konfiguracji switchy zarz\u0105dzalnych Astraada NET. Dzi\u0119ki temu kursowi dowiesz si\u0119, jakie mo\u017cliwo\u015bci kryj\u0105 w sobie switche zarz\u0105dzalne oraz nauczysz si\u0119 podstaw konfiguracji najwa\u017cniejszych funkcjonalno\u015bci za po\u015brednictwem interfejsu webowego. Mo\u017cliwo\u015bci switchy zarz\u0105dzalnych om\u00f3wimy na przyk\u0142adzie switcha Astraada JET-NET-5216G-4C4F. Zobaczysz, jak intuicyjne i proste mo\u017ce by\u0107 konfigurowanie nawet zaawansowanych funkcjonalno\u015bci dzi\u0119ki przejrzystemu interfejsowi web. [&hellip;]<\/p>\n","protected":false},"author":10,"featured_media":22906,"parent":0,"menu_order":0,"comment_status":"closed","ping_status":"closed","template":"","meta":{"_acf_changed":false,"footnotes":""},"class_list":["post-22581","page","type-page","status-publish","has-post-thumbnail","hentry"],"acf":[],"yoast_head":"<!-- This site is optimized with the Yoast SEO plugin v27.3 - https:\/\/yoast.com\/product\/yoast-seo-wordpress\/ -->\r\n<title>Kurs konfiguracji switchy zarz\u0105dzalnych Astraada NET | Poradnik Automatyka<\/title>\r\n<meta name=\"robots\" content=\"index, follow, max-snippet:-1, max-image-preview:large, max-video-preview:-1\" \/>\r\n<link rel=\"canonical\" href=\"https:\/\/www.astor.com.pl\/poradnikautomatyka\/kurs-konfiguracji-switchy-zarzadzalnych-astraada-net\/\" \/>\r\n<meta property=\"og:locale\" content=\"pl_PL\" \/>\r\n<meta property=\"og:type\" content=\"article\" \/>\r\n<meta property=\"og:title\" content=\"Kurs konfiguracji switchy zarz\u0105dzalnych Astraada NET | Poradnik Automatyka\" \/>\r\n<meta property=\"og:description\" content=\"Zapraszamy do kursu konfiguracji switchy zarz\u0105dzalnych Astraada NET. Dzi\u0119ki temu kursowi dowiesz si\u0119, jakie mo\u017cliwo\u015bci kryj\u0105 w sobie switche zarz\u0105dzalne oraz nauczysz si\u0119 podstaw konfiguracji najwa\u017cniejszych funkcjonalno\u015bci za po\u015brednictwem interfejsu webowego. Mo\u017cliwo\u015bci switchy zarz\u0105dzalnych om\u00f3wimy na przyk\u0142adzie switcha Astraada JET-NET-5216G-4C4F. Zobaczysz, jak intuicyjne i proste mo\u017ce by\u0107 konfigurowanie nawet zaawansowanych funkcjonalno\u015bci dzi\u0119ki przejrzystemu interfejsowi web. [&hellip;]\" \/>\r\n<meta property=\"og:url\" content=\"https:\/\/www.astor.com.pl\/poradnikautomatyka\/kurs-konfiguracji-switchy-zarzadzalnych-astraada-net\/\" \/>\r\n<meta property=\"og:site_name\" content=\"Poradnik Automatyka\" \/>\r\n<meta property=\"article:modified_time\" content=\"2025-06-11T11:03:13+00:00\" \/>\r\n<meta property=\"og:image\" content=\"https:\/\/www.astor.com.pl\/poradnikautomatyka\/wp-content\/uploads\/2025\/05\/switche-kurs-head.jpg\" \/>\r\n\t<meta property=\"og:image:width\" content=\"909\" \/>\r\n\t<meta property=\"og:image:height\" content=\"567\" \/>\r\n\t<meta property=\"og:image:type\" content=\"image\/jpeg\" \/>\r\n<meta name=\"twitter:card\" content=\"summary_large_image\" \/>\r\n<meta name=\"twitter:label1\" content=\"Szacowany czas czytania\" \/>\n\t<meta name=\"twitter:data1\" content=\"2 minuty\" \/>\r\n<script type=\"application\/ld+json\" class=\"yoast-schema-graph\">{\"@context\":\"https:\\\/\\\/schema.org\",\"@graph\":[{\"@type\":\"WebPage\",\"@id\":\"https:\\\/\\\/www.astor.com.pl\\\/poradnikautomatyka\\\/kurs-konfiguracji-switchy-zarzadzalnych-astraada-net\\\/\",\"url\":\"https:\\\/\\\/www.astor.com.pl\\\/poradnikautomatyka\\\/kurs-konfiguracji-switchy-zarzadzalnych-astraada-net\\\/\",\"name\":\"Kurs konfiguracji switchy zarz\u0105dzalnych Astraada NET | Poradnik Automatyka\",\"isPartOf\":{\"@id\":\"https:\\\/\\\/www.astor.com.pl\\\/poradnikautomatyka\\\/#website\"},\"primaryImageOfPage\":{\"@id\":\"https:\\\/\\\/www.astor.com.pl\\\/poradnikautomatyka\\\/kurs-konfiguracji-switchy-zarzadzalnych-astraada-net\\\/#primaryimage\"},\"image\":{\"@id\":\"https:\\\/\\\/www.astor.com.pl\\\/poradnikautomatyka\\\/kurs-konfiguracji-switchy-zarzadzalnych-astraada-net\\\/#primaryimage\"},\"thumbnailUrl\":\"https:\\\/\\\/www.astor.com.pl\\\/poradnikautomatyka\\\/wp-content\\\/uploads\\\/2025\\\/05\\\/switche-kurs-head.jpg\",\"datePublished\":\"2025-05-28T14:59:30+00:00\",\"dateModified\":\"2025-06-11T11:03:13+00:00\",\"inLanguage\":\"pl-PL\",\"potentialAction\":[{\"@type\":\"ReadAction\",\"target\":[\"https:\\\/\\\/www.astor.com.pl\\\/poradnikautomatyka\\\/kurs-konfiguracji-switchy-zarzadzalnych-astraada-net\\\/\"]}]},{\"@type\":\"ImageObject\",\"inLanguage\":\"pl-PL\",\"@id\":\"https:\\\/\\\/www.astor.com.pl\\\/poradnikautomatyka\\\/kurs-konfiguracji-switchy-zarzadzalnych-astraada-net\\\/#primaryimage\",\"url\":\"https:\\\/\\\/www.astor.com.pl\\\/poradnikautomatyka\\\/wp-content\\\/uploads\\\/2025\\\/05\\\/switche-kurs-head.jpg\",\"contentUrl\":\"https:\\\/\\\/www.astor.com.pl\\\/poradnikautomatyka\\\/wp-content\\\/uploads\\\/2025\\\/05\\\/switche-kurs-head.jpg\",\"width\":909,\"height\":567},{\"@type\":\"WebSite\",\"@id\":\"https:\\\/\\\/www.astor.com.pl\\\/poradnikautomatyka\\\/#website\",\"url\":\"https:\\\/\\\/www.astor.com.pl\\\/poradnikautomatyka\\\/\",\"name\":\"Poradnik Automatyka\",\"description\":\"Poradnik Automatyka to przydatne kursy, u\u017cyteczne artyku\u0142y i merytoryczne webinary dla ka\u017cdego automatyka i elektryka.\",\"publisher\":{\"@id\":\"https:\\\/\\\/www.astor.com.pl\\\/poradnikautomatyka\\\/#organization\"},\"potentialAction\":[{\"@type\":\"SearchAction\",\"target\":{\"@type\":\"EntryPoint\",\"urlTemplate\":\"https:\\\/\\\/www.astor.com.pl\\\/poradnikautomatyka\\\/?s={search_term_string}\"},\"query-input\":{\"@type\":\"PropertyValueSpecification\",\"valueRequired\":true,\"valueName\":\"search_term_string\"}}],\"inLanguage\":\"pl-PL\"},{\"@type\":\"Organization\",\"@id\":\"https:\\\/\\\/www.astor.com.pl\\\/poradnikautomatyka\\\/#organization\",\"name\":\"ASTOR\",\"url\":\"https:\\\/\\\/www.astor.com.pl\\\/poradnikautomatyka\\\/\",\"logo\":{\"@type\":\"ImageObject\",\"inLanguage\":\"pl-PL\",\"@id\":\"https:\\\/\\\/www.astor.com.pl\\\/poradnikautomatyka\\\/#\\\/schema\\\/logo\\\/image\\\/\",\"url\":\"https:\\\/\\\/www.astor.com.pl\\\/poradnikautomatyka\\\/wp-content\\\/uploads\\\/2018\\\/08\\\/ASTOR_zwykly_sam_logotyp.png\",\"contentUrl\":\"https:\\\/\\\/www.astor.com.pl\\\/poradnikautomatyka\\\/wp-content\\\/uploads\\\/2018\\\/08\\\/ASTOR_zwykly_sam_logotyp.png\",\"width\":3322,\"height\":1078,\"caption\":\"ASTOR\"},\"image\":{\"@id\":\"https:\\\/\\\/www.astor.com.pl\\\/poradnikautomatyka\\\/#\\\/schema\\\/logo\\\/image\\\/\"}}]}<\/script>\r\n<!-- \/ Yoast SEO plugin. -->","yoast_head_json":{"title":"Kurs konfiguracji switchy zarz\u0105dzalnych Astraada NET | Poradnik Automatyka","robots":{"index":"index","follow":"follow","max-snippet":"max-snippet:-1","max-image-preview":"max-image-preview:large","max-video-preview":"max-video-preview:-1"},"canonical":"https:\/\/www.astor.com.pl\/poradnikautomatyka\/kurs-konfiguracji-switchy-zarzadzalnych-astraada-net\/","og_locale":"pl_PL","og_type":"article","og_title":"Kurs konfiguracji switchy zarz\u0105dzalnych Astraada NET | Poradnik Automatyka","og_description":"Zapraszamy do kursu konfiguracji switchy zarz\u0105dzalnych Astraada NET. Dzi\u0119ki temu kursowi dowiesz si\u0119, jakie mo\u017cliwo\u015bci kryj\u0105 w sobie switche zarz\u0105dzalne oraz nauczysz si\u0119 podstaw konfiguracji najwa\u017cniejszych funkcjonalno\u015bci za po\u015brednictwem interfejsu webowego. Mo\u017cliwo\u015bci switchy zarz\u0105dzalnych om\u00f3wimy na przyk\u0142adzie switcha Astraada JET-NET-5216G-4C4F. Zobaczysz, jak intuicyjne i proste mo\u017ce by\u0107 konfigurowanie nawet zaawansowanych funkcjonalno\u015bci dzi\u0119ki przejrzystemu interfejsowi web. [&hellip;]","og_url":"https:\/\/www.astor.com.pl\/poradnikautomatyka\/kurs-konfiguracji-switchy-zarzadzalnych-astraada-net\/","og_site_name":"Poradnik Automatyka","article_modified_time":"2025-06-11T11:03:13+00:00","og_image":[{"width":909,"height":567,"url":"https:\/\/www.astor.com.pl\/poradnikautomatyka\/wp-content\/uploads\/2025\/05\/switche-kurs-head.jpg","type":"image\/jpeg"}],"twitter_card":"summary_large_image","twitter_misc":{"Szacowany czas czytania":"2 minuty"},"schema":{"@context":"https:\/\/schema.org","@graph":[{"@type":"WebPage","@id":"https:\/\/www.astor.com.pl\/poradnikautomatyka\/kurs-konfiguracji-switchy-zarzadzalnych-astraada-net\/","url":"https:\/\/www.astor.com.pl\/poradnikautomatyka\/kurs-konfiguracji-switchy-zarzadzalnych-astraada-net\/","name":"Kurs konfiguracji switchy zarz\u0105dzalnych Astraada NET | Poradnik Automatyka","isPartOf":{"@id":"https:\/\/www.astor.com.pl\/poradnikautomatyka\/#website"},"primaryImageOfPage":{"@id":"https:\/\/www.astor.com.pl\/poradnikautomatyka\/kurs-konfiguracji-switchy-zarzadzalnych-astraada-net\/#primaryimage"},"image":{"@id":"https:\/\/www.astor.com.pl\/poradnikautomatyka\/kurs-konfiguracji-switchy-zarzadzalnych-astraada-net\/#primaryimage"},"thumbnailUrl":"https:\/\/www.astor.com.pl\/poradnikautomatyka\/wp-content\/uploads\/2025\/05\/switche-kurs-head.jpg","datePublished":"2025-05-28T14:59:30+00:00","dateModified":"2025-06-11T11:03:13+00:00","inLanguage":"pl-PL","potentialAction":[{"@type":"ReadAction","target":["https:\/\/www.astor.com.pl\/poradnikautomatyka\/kurs-konfiguracji-switchy-zarzadzalnych-astraada-net\/"]}]},{"@type":"ImageObject","inLanguage":"pl-PL","@id":"https:\/\/www.astor.com.pl\/poradnikautomatyka\/kurs-konfiguracji-switchy-zarzadzalnych-astraada-net\/#primaryimage","url":"https:\/\/www.astor.com.pl\/poradnikautomatyka\/wp-content\/uploads\/2025\/05\/switche-kurs-head.jpg","contentUrl":"https:\/\/www.astor.com.pl\/poradnikautomatyka\/wp-content\/uploads\/2025\/05\/switche-kurs-head.jpg","width":909,"height":567},{"@type":"WebSite","@id":"https:\/\/www.astor.com.pl\/poradnikautomatyka\/#website","url":"https:\/\/www.astor.com.pl\/poradnikautomatyka\/","name":"Poradnik Automatyka","description":"Poradnik Automatyka to przydatne kursy, u\u017cyteczne artyku\u0142y i merytoryczne webinary dla ka\u017cdego automatyka i elektryka.","publisher":{"@id":"https:\/\/www.astor.com.pl\/poradnikautomatyka\/#organization"},"potentialAction":[{"@type":"SearchAction","target":{"@type":"EntryPoint","urlTemplate":"https:\/\/www.astor.com.pl\/poradnikautomatyka\/?s={search_term_string}"},"query-input":{"@type":"PropertyValueSpecification","valueRequired":true,"valueName":"search_term_string"}}],"inLanguage":"pl-PL"},{"@type":"Organization","@id":"https:\/\/www.astor.com.pl\/poradnikautomatyka\/#organization","name":"ASTOR","url":"https:\/\/www.astor.com.pl\/poradnikautomatyka\/","logo":{"@type":"ImageObject","inLanguage":"pl-PL","@id":"https:\/\/www.astor.com.pl\/poradnikautomatyka\/#\/schema\/logo\/image\/","url":"https:\/\/www.astor.com.pl\/poradnikautomatyka\/wp-content\/uploads\/2018\/08\/ASTOR_zwykly_sam_logotyp.png","contentUrl":"https:\/\/www.astor.com.pl\/poradnikautomatyka\/wp-content\/uploads\/2018\/08\/ASTOR_zwykly_sam_logotyp.png","width":3322,"height":1078,"caption":"ASTOR"},"image":{"@id":"https:\/\/www.astor.com.pl\/poradnikautomatyka\/#\/schema\/logo\/image\/"}}]}},"_links":{"self":[{"href":"https:\/\/www.astor.com.pl\/poradnikautomatyka\/wp-json\/wp\/v2\/pages\/22581","targetHints":{"allow":["GET"]}}],"collection":[{"href":"https:\/\/www.astor.com.pl\/poradnikautomatyka\/wp-json\/wp\/v2\/pages"}],"about":[{"href":"https:\/\/www.astor.com.pl\/poradnikautomatyka\/wp-json\/wp\/v2\/types\/page"}],"author":[{"embeddable":true,"href":"https:\/\/www.astor.com.pl\/poradnikautomatyka\/wp-json\/wp\/v2\/users\/10"}],"replies":[{"embeddable":true,"href":"https:\/\/www.astor.com.pl\/poradnikautomatyka\/wp-json\/wp\/v2\/comments?post=22581"}],"version-history":[{"count":3,"href":"https:\/\/www.astor.com.pl\/poradnikautomatyka\/wp-json\/wp\/v2\/pages\/22581\/revisions"}],"predecessor-version":[{"id":22907,"href":"https:\/\/www.astor.com.pl\/poradnikautomatyka\/wp-json\/wp\/v2\/pages\/22581\/revisions\/22907"}],"wp:featuredmedia":[{"embeddable":true,"href":"https:\/\/www.astor.com.pl\/poradnikautomatyka\/wp-json\/wp\/v2\/media\/22906"}],"wp:attachment":[{"href":"https:\/\/www.astor.com.pl\/poradnikautomatyka\/wp-json\/wp\/v2\/media?parent=22581"}],"curies":[{"name":"wp","href":"https:\/\/api.w.org\/{rel}","templated":true}]}}