{"id":22471,"date":"2025-03-11T21:00:26","date_gmt":"2025-03-11T20:00:26","guid":{"rendered":"https:\/\/www.astor.com.pl\/poradnikautomatyka\/?page_id=22471"},"modified":"2025-03-11T21:00:26","modified_gmt":"2025-03-11T20:00:26","slug":"wymiana-danych-pomiedzy-robotem-kawasaki-a-sterownikiem-plc","status":"publish","type":"page","link":"https:\/\/www.astor.com.pl\/poradnikautomatyka\/wymiana-danych-pomiedzy-robotem-kawasaki-a-sterownikiem-plc\/","title":{"rendered":"Wymiana danych pomi\u0119dzy robotem Kawasaki a sterownikiem PLC"},"content":{"rendered":"\n<div style=\"height:30px\" aria-hidden=\"true\" class=\"wp-block-spacer\"><\/div>\n\n\n\n<figure class=\"wp-block-image size-large\"><img loading=\"lazy\" decoding=\"async\" width=\"840\" height=\"447\" src=\"https:\/\/www.astor.com.pl\/poradnikautomatyka\/wp-content\/uploads\/2023\/02\/image1-840x447.jpg\" alt=\"\" class=\"wp-image-15549\" srcset=\"https:\/\/www.astor.com.pl\/poradnikautomatyka\/wp-content\/uploads\/2023\/02\/image1-840x447.jpg 840w, https:\/\/www.astor.com.pl\/poradnikautomatyka\/wp-content\/uploads\/2023\/02\/image1-768x409.jpg 768w, https:\/\/www.astor.com.pl\/poradnikautomatyka\/wp-content\/uploads\/2023\/02\/image1.jpg 1386w\" sizes=\"auto, (max-width: 840px) 100vw, 840px\" \/><\/figure>\n\n\n\n<div style=\"height:30px\" aria-hidden=\"true\" class=\"wp-block-spacer\"><\/div>\n\n\n\n<p>W tym cyklu artyku\u0142\u00f3w dowiesz si\u0119, jak w robocie Kawasaki Robotics przygotowa\u0107 dane i wymienia\u0107 je z dowolnym sterownikiem PLC, kt\u00f3ry obs\u0142uguje protok\u00f3\u0142 komunikacyjny Ethernet\/IP.<\/p>\n\n\n\n<p>Konfigurowanie komunikacji i programowanie aplikacji prezentujemy na przyk\u0142adzie sterownika Astraada One.<\/p>\n\n\n\n<div class=\"dowiesz-sie\" style=\"margin-top:40px; margin-bottom:40px\">\n<h3>Wymiana danych pomi\u0119dzy robotem Kawasaki Robotics a sterownikiem PLC<\/h3>\n<p>Zagadnienia podstawowe:<\/p>\n<a href=\"https:\/\/www.astor.com.pl\/poradnikautomatyka\/integracja-robota-przemyslowego-ze-sterownikiem-plc-i-panelem-hmi-dlaczego-warto\/\">Wst\u0119p: Integracja robota przemys\u0142owego ze sterownikiem PLC i panelem HMI \u2013 dlaczego warto?<\/a><br\/>\n<a href=\"https:\/\/www.astor.com.pl\/poradnikautomatyka\/przesylanie-statusu-polaczenia-i-kodu-bledow-w-czasie-rzeczywistym-wymiana-danych-pomiedzy-robotem-kawasaki-a-sterownikiem-plc-odc-1\/\">1. Przesy\u0142anie statusu po\u0142\u0105czenia i kodu b\u0142\u0119d\u00f3w w czasie rzeczywistym.<\/a><br\/>\n<a href=\"https:\/\/www.astor.com.pl\/poradnikautomatyka\/przesylanie-danych-robota-typ-numer-seryjny-godziny-pracy-i-zuzyta-energia-wymiana-danych-pomiedzy-robotem-kawasaki-a-sterownikiem-plc-odc-2\/\">2. Przesy\u0142anie danych robota (typ, numer seryjny, godziny pracy i zu\u017cyta energia).<\/a><br\/>\n<a href=\"https:\/\/www.astor.com.pl\/poradnikautomatyka\/przesylanie-dedykowanych-sygnalow-wejsciowych-i-wyjsciowych-wymiana-danych-pomiedzy-robotem-kawasaki-a-sterownikiem-plc-odc-3\/\">3. Przesy\u0142anie dedykowanych sygna\u0142\u00f3w wej\u015bciowych i wyj\u015bciowych.<\/a><br\/>\n<a href=\"https:\/\/www.astor.com.pl\/poradnikautomatyka\/przesylanie-parametrow-ruchu-w-czasie-rzeczywistym-i-informacji-o-wykonanym-programie-wymiana-danych-pomiedzy-robotem-kawasaki-a-sterownikiem-plc-odc-4\/\">4. Przesy\u0142anie parametr\u00f3w ruchu w czasie rzeczywistym i informacji o wykonanym programie.<\/a><br\/>\n<a href=\"https:\/\/www.astor.com.pl\/poradnikautomatyka\/przesylanie-aktualnej-pozycji-i-dystansu-do-kolejnego-punktu-wymiana-danych-pomiedzy-robotem-kawasaki-a-sterownikiem-plc-odc-5\/\">5. Przesy\u0142anie aktualnej pozycji i dystansu do kolejnego punktu.<\/a><br\/><br\/>\n<p>Zagadnienia zaawansowane:<\/p>\n<a href=\"https:\/\/www.astor.com.pl\/poradnikautomatyka\/ogolna-modyfikacja-komunikacji-i-zmiana-typu-danych-wymiana-danych-pomiedzy-robotem-kawasaki-a-sterownikiem-plc-odc-6\/\">6. Og\u00f3lna modyfikacja komunikacji i zmiana typu danych.<\/a><br\/>\n<a href=\"https:\/\/www.astor.com.pl\/poradnikautomatyka\/przesylanie-duzych-ilosci-danych-przy-uzyciu-ograniczonej-liczby-zajetych-bitow-zwielokrotnianie-danych-wymiana-danych-pomiedzy-robotem-kawasaki-a-sterownikiem-plc-odc-7\/\">7. Przesy\u0142anie du\u017cych ilo\u015bci danych przy u\u017cyciu ograniczonej liczby zaj\u0119tych bit\u00f3w \u2013 zwielokrotnianie danych.<\/a><br\/>\n<a href=\"https:\/\/www.astor.com.pl\/poradnikautomatyka\/wysylanie-zmiennej-tekstowej-za-posrednictwem-standardowego-protokolu-komunikacyjnego-wymiana-danych-pomiedzy-robotem-kawasaki-a-sterownikiem-plc-odc-8\/\">8. Wysy\u0142anie zmiennej tekstowej za po\u015brednictwem standardowego protoko\u0142u komunikacyjnego.<\/a><br\/>\n<a href=\"https:\/\/www.astor.com.pl\/poradnikautomatyka\/odbieranie-zmiennej-tekstowej-za-posrednictwem-standardowego-protokolu-komunikacyjnego-wymiana-danych-pomiedzy-robotem-kawasaki-a-sterownikiem-plc-odc-9\/\">9. Odbieranie zmiennej tekstowej za po\u015brednictwem standardowego protoko\u0142u komunikacyjnego.<\/a><br\/>\n<a href=\"https:\/\/www.astor.com.pl\/poradnikautomatyka\/przesylanie-do-sterownika-plc-historii-ostatnich-bledow-z-robota-wymiana-danych-pomiedzy-robotem-kawasaki-a-sterownikiem-plc-odc-10\/\">10. Przesy\u0142anie do sterownika PLC historii ostatnich b\u0142\u0119d\u00f3w z robota.<\/a><br\/>\n<a href=\"https:\/\/www.astor.com.pl\/poradnikautomatyka\/przesylanie-ze-sterownika-plc-do-robota-pelnej-nazwy-programu-do-wykonania-wymiana-danych-pomiedzy-robotem-kawasaki-a-sterownikiem-plc-odc-11\/\">11. Przesy\u0142anie ze sterownika PLC do robota pe\u0142nej nazwy programu do wykonania.<\/a><br\/>\n<\/div>\n","protected":false},"excerpt":{"rendered":"<p>W tym cyklu artyku\u0142\u00f3w dowiesz si\u0119, jak w robocie Kawasaki Robotics przygotowa\u0107 dane i wymienia\u0107 je z dowolnym sterownikiem PLC, kt\u00f3ry obs\u0142uguje protok\u00f3\u0142 komunikacyjny Ethernet\/IP. Konfigurowanie komunikacji i programowanie aplikacji prezentujemy na przyk\u0142adzie sterownika Astraada One.<\/p>\n","protected":false},"author":45,"featured_media":15549,"parent":0,"menu_order":0,"comment_status":"closed","ping_status":"closed","template":"","meta":{"_acf_changed":false,"footnotes":""},"class_list":["post-22471","page","type-page","status-publish","has-post-thumbnail","hentry"],"acf":[],"yoast_head":"<!-- This site is optimized with the Yoast SEO plugin v27.3 - https:\/\/yoast.com\/product\/yoast-seo-wordpress\/ -->\r\n<title>Wymiana danych pomi\u0119dzy robotem Kawasaki a sterownikiem PLC | Poradnik Automatyka<\/title>\r\n<meta name=\"robots\" content=\"index, follow, max-snippet:-1, max-image-preview:large, max-video-preview:-1\" \/>\r\n<link rel=\"canonical\" href=\"https:\/\/www.astor.com.pl\/poradnikautomatyka\/wymiana-danych-pomiedzy-robotem-kawasaki-a-sterownikiem-plc\/\" \/>\r\n<meta property=\"og:locale\" content=\"pl_PL\" \/>\r\n<meta property=\"og:type\" content=\"article\" \/>\r\n<meta property=\"og:title\" content=\"Wymiana danych pomi\u0119dzy robotem Kawasaki a sterownikiem PLC | Poradnik Automatyka\" \/>\r\n<meta property=\"og:description\" content=\"W tym cyklu artyku\u0142\u00f3w dowiesz si\u0119, jak w robocie Kawasaki Robotics przygotowa\u0107 dane i wymienia\u0107 je z dowolnym sterownikiem PLC, kt\u00f3ry obs\u0142uguje protok\u00f3\u0142 komunikacyjny Ethernet\/IP. Konfigurowanie komunikacji i programowanie aplikacji prezentujemy na przyk\u0142adzie sterownika Astraada One.\" \/>\r\n<meta property=\"og:url\" content=\"https:\/\/www.astor.com.pl\/poradnikautomatyka\/wymiana-danych-pomiedzy-robotem-kawasaki-a-sterownikiem-plc\/\" \/>\r\n<meta property=\"og:site_name\" content=\"Poradnik Automatyka\" \/>\r\n<meta property=\"og:image\" content=\"https:\/\/www.astor.com.pl\/poradnikautomatyka\/wp-content\/uploads\/2023\/02\/image1.jpg\" \/>\r\n\t<meta property=\"og:image:width\" content=\"1386\" \/>\r\n\t<meta property=\"og:image:height\" content=\"738\" \/>\r\n\t<meta property=\"og:image:type\" content=\"image\/jpeg\" \/>\r\n<meta name=\"twitter:card\" content=\"summary_large_image\" \/>\r\n<meta name=\"twitter:label1\" content=\"Szacowany czas czytania\" \/>\n\t<meta name=\"twitter:data1\" content=\"2 minuty\" \/>\r\n<script type=\"application\/ld+json\" class=\"yoast-schema-graph\">{\"@context\":\"https:\\\/\\\/schema.org\",\"@graph\":[{\"@type\":\"WebPage\",\"@id\":\"https:\\\/\\\/www.astor.com.pl\\\/poradnikautomatyka\\\/wymiana-danych-pomiedzy-robotem-kawasaki-a-sterownikiem-plc\\\/\",\"url\":\"https:\\\/\\\/www.astor.com.pl\\\/poradnikautomatyka\\\/wymiana-danych-pomiedzy-robotem-kawasaki-a-sterownikiem-plc\\\/\",\"name\":\"Wymiana danych pomi\u0119dzy robotem Kawasaki a sterownikiem PLC | Poradnik Automatyka\",\"isPartOf\":{\"@id\":\"https:\\\/\\\/www.astor.com.pl\\\/poradnikautomatyka\\\/#website\"},\"primaryImageOfPage\":{\"@id\":\"https:\\\/\\\/www.astor.com.pl\\\/poradnikautomatyka\\\/wymiana-danych-pomiedzy-robotem-kawasaki-a-sterownikiem-plc\\\/#primaryimage\"},\"image\":{\"@id\":\"https:\\\/\\\/www.astor.com.pl\\\/poradnikautomatyka\\\/wymiana-danych-pomiedzy-robotem-kawasaki-a-sterownikiem-plc\\\/#primaryimage\"},\"thumbnailUrl\":\"https:\\\/\\\/www.astor.com.pl\\\/poradnikautomatyka\\\/wp-content\\\/uploads\\\/2023\\\/02\\\/image1.jpg\",\"datePublished\":\"2025-03-11T20:00:26+00:00\",\"inLanguage\":\"pl-PL\",\"potentialAction\":[{\"@type\":\"ReadAction\",\"target\":[\"https:\\\/\\\/www.astor.com.pl\\\/poradnikautomatyka\\\/wymiana-danych-pomiedzy-robotem-kawasaki-a-sterownikiem-plc\\\/\"]}]},{\"@type\":\"ImageObject\",\"inLanguage\":\"pl-PL\",\"@id\":\"https:\\\/\\\/www.astor.com.pl\\\/poradnikautomatyka\\\/wymiana-danych-pomiedzy-robotem-kawasaki-a-sterownikiem-plc\\\/#primaryimage\",\"url\":\"https:\\\/\\\/www.astor.com.pl\\\/poradnikautomatyka\\\/wp-content\\\/uploads\\\/2023\\\/02\\\/image1.jpg\",\"contentUrl\":\"https:\\\/\\\/www.astor.com.pl\\\/poradnikautomatyka\\\/wp-content\\\/uploads\\\/2023\\\/02\\\/image1.jpg\",\"width\":1386,\"height\":738},{\"@type\":\"WebSite\",\"@id\":\"https:\\\/\\\/www.astor.com.pl\\\/poradnikautomatyka\\\/#website\",\"url\":\"https:\\\/\\\/www.astor.com.pl\\\/poradnikautomatyka\\\/\",\"name\":\"Poradnik Automatyka\",\"description\":\"Poradnik Automatyka to przydatne kursy, u\u017cyteczne artyku\u0142y i merytoryczne webinary dla ka\u017cdego automatyka i elektryka.\",\"publisher\":{\"@id\":\"https:\\\/\\\/www.astor.com.pl\\\/poradnikautomatyka\\\/#organization\"},\"potentialAction\":[{\"@type\":\"SearchAction\",\"target\":{\"@type\":\"EntryPoint\",\"urlTemplate\":\"https:\\\/\\\/www.astor.com.pl\\\/poradnikautomatyka\\\/?s={search_term_string}\"},\"query-input\":{\"@type\":\"PropertyValueSpecification\",\"valueRequired\":true,\"valueName\":\"search_term_string\"}}],\"inLanguage\":\"pl-PL\"},{\"@type\":\"Organization\",\"@id\":\"https:\\\/\\\/www.astor.com.pl\\\/poradnikautomatyka\\\/#organization\",\"name\":\"ASTOR\",\"url\":\"https:\\\/\\\/www.astor.com.pl\\\/poradnikautomatyka\\\/\",\"logo\":{\"@type\":\"ImageObject\",\"inLanguage\":\"pl-PL\",\"@id\":\"https:\\\/\\\/www.astor.com.pl\\\/poradnikautomatyka\\\/#\\\/schema\\\/logo\\\/image\\\/\",\"url\":\"https:\\\/\\\/www.astor.com.pl\\\/poradnikautomatyka\\\/wp-content\\\/uploads\\\/2018\\\/08\\\/ASTOR_zwykly_sam_logotyp.png\",\"contentUrl\":\"https:\\\/\\\/www.astor.com.pl\\\/poradnikautomatyka\\\/wp-content\\\/uploads\\\/2018\\\/08\\\/ASTOR_zwykly_sam_logotyp.png\",\"width\":3322,\"height\":1078,\"caption\":\"ASTOR\"},\"image\":{\"@id\":\"https:\\\/\\\/www.astor.com.pl\\\/poradnikautomatyka\\\/#\\\/schema\\\/logo\\\/image\\\/\"}}]}<\/script>\r\n<!-- \/ Yoast SEO plugin. -->","yoast_head_json":{"title":"Wymiana danych pomi\u0119dzy robotem Kawasaki a sterownikiem PLC | Poradnik Automatyka","robots":{"index":"index","follow":"follow","max-snippet":"max-snippet:-1","max-image-preview":"max-image-preview:large","max-video-preview":"max-video-preview:-1"},"canonical":"https:\/\/www.astor.com.pl\/poradnikautomatyka\/wymiana-danych-pomiedzy-robotem-kawasaki-a-sterownikiem-plc\/","og_locale":"pl_PL","og_type":"article","og_title":"Wymiana danych pomi\u0119dzy robotem Kawasaki a sterownikiem PLC | Poradnik Automatyka","og_description":"W tym cyklu artyku\u0142\u00f3w dowiesz si\u0119, jak w robocie Kawasaki Robotics przygotowa\u0107 dane i wymienia\u0107 je z dowolnym sterownikiem PLC, kt\u00f3ry obs\u0142uguje protok\u00f3\u0142 komunikacyjny Ethernet\/IP. Konfigurowanie komunikacji i programowanie aplikacji prezentujemy na przyk\u0142adzie sterownika Astraada One.","og_url":"https:\/\/www.astor.com.pl\/poradnikautomatyka\/wymiana-danych-pomiedzy-robotem-kawasaki-a-sterownikiem-plc\/","og_site_name":"Poradnik Automatyka","og_image":[{"width":1386,"height":738,"url":"https:\/\/www.astor.com.pl\/poradnikautomatyka\/wp-content\/uploads\/2023\/02\/image1.jpg","type":"image\/jpeg"}],"twitter_card":"summary_large_image","twitter_misc":{"Szacowany czas czytania":"2 minuty"},"schema":{"@context":"https:\/\/schema.org","@graph":[{"@type":"WebPage","@id":"https:\/\/www.astor.com.pl\/poradnikautomatyka\/wymiana-danych-pomiedzy-robotem-kawasaki-a-sterownikiem-plc\/","url":"https:\/\/www.astor.com.pl\/poradnikautomatyka\/wymiana-danych-pomiedzy-robotem-kawasaki-a-sterownikiem-plc\/","name":"Wymiana danych pomi\u0119dzy robotem Kawasaki a sterownikiem PLC | Poradnik Automatyka","isPartOf":{"@id":"https:\/\/www.astor.com.pl\/poradnikautomatyka\/#website"},"primaryImageOfPage":{"@id":"https:\/\/www.astor.com.pl\/poradnikautomatyka\/wymiana-danych-pomiedzy-robotem-kawasaki-a-sterownikiem-plc\/#primaryimage"},"image":{"@id":"https:\/\/www.astor.com.pl\/poradnikautomatyka\/wymiana-danych-pomiedzy-robotem-kawasaki-a-sterownikiem-plc\/#primaryimage"},"thumbnailUrl":"https:\/\/www.astor.com.pl\/poradnikautomatyka\/wp-content\/uploads\/2023\/02\/image1.jpg","datePublished":"2025-03-11T20:00:26+00:00","inLanguage":"pl-PL","potentialAction":[{"@type":"ReadAction","target":["https:\/\/www.astor.com.pl\/poradnikautomatyka\/wymiana-danych-pomiedzy-robotem-kawasaki-a-sterownikiem-plc\/"]}]},{"@type":"ImageObject","inLanguage":"pl-PL","@id":"https:\/\/www.astor.com.pl\/poradnikautomatyka\/wymiana-danych-pomiedzy-robotem-kawasaki-a-sterownikiem-plc\/#primaryimage","url":"https:\/\/www.astor.com.pl\/poradnikautomatyka\/wp-content\/uploads\/2023\/02\/image1.jpg","contentUrl":"https:\/\/www.astor.com.pl\/poradnikautomatyka\/wp-content\/uploads\/2023\/02\/image1.jpg","width":1386,"height":738},{"@type":"WebSite","@id":"https:\/\/www.astor.com.pl\/poradnikautomatyka\/#website","url":"https:\/\/www.astor.com.pl\/poradnikautomatyka\/","name":"Poradnik Automatyka","description":"Poradnik Automatyka to przydatne kursy, u\u017cyteczne artyku\u0142y i merytoryczne webinary dla ka\u017cdego automatyka i elektryka.","publisher":{"@id":"https:\/\/www.astor.com.pl\/poradnikautomatyka\/#organization"},"potentialAction":[{"@type":"SearchAction","target":{"@type":"EntryPoint","urlTemplate":"https:\/\/www.astor.com.pl\/poradnikautomatyka\/?s={search_term_string}"},"query-input":{"@type":"PropertyValueSpecification","valueRequired":true,"valueName":"search_term_string"}}],"inLanguage":"pl-PL"},{"@type":"Organization","@id":"https:\/\/www.astor.com.pl\/poradnikautomatyka\/#organization","name":"ASTOR","url":"https:\/\/www.astor.com.pl\/poradnikautomatyka\/","logo":{"@type":"ImageObject","inLanguage":"pl-PL","@id":"https:\/\/www.astor.com.pl\/poradnikautomatyka\/#\/schema\/logo\/image\/","url":"https:\/\/www.astor.com.pl\/poradnikautomatyka\/wp-content\/uploads\/2018\/08\/ASTOR_zwykly_sam_logotyp.png","contentUrl":"https:\/\/www.astor.com.pl\/poradnikautomatyka\/wp-content\/uploads\/2018\/08\/ASTOR_zwykly_sam_logotyp.png","width":3322,"height":1078,"caption":"ASTOR"},"image":{"@id":"https:\/\/www.astor.com.pl\/poradnikautomatyka\/#\/schema\/logo\/image\/"}}]}},"_links":{"self":[{"href":"https:\/\/www.astor.com.pl\/poradnikautomatyka\/wp-json\/wp\/v2\/pages\/22471","targetHints":{"allow":["GET"]}}],"collection":[{"href":"https:\/\/www.astor.com.pl\/poradnikautomatyka\/wp-json\/wp\/v2\/pages"}],"about":[{"href":"https:\/\/www.astor.com.pl\/poradnikautomatyka\/wp-json\/wp\/v2\/types\/page"}],"author":[{"embeddable":true,"href":"https:\/\/www.astor.com.pl\/poradnikautomatyka\/wp-json\/wp\/v2\/users\/45"}],"replies":[{"embeddable":true,"href":"https:\/\/www.astor.com.pl\/poradnikautomatyka\/wp-json\/wp\/v2\/comments?post=22471"}],"version-history":[{"count":2,"href":"https:\/\/www.astor.com.pl\/poradnikautomatyka\/wp-json\/wp\/v2\/pages\/22471\/revisions"}],"predecessor-version":[{"id":22473,"href":"https:\/\/www.astor.com.pl\/poradnikautomatyka\/wp-json\/wp\/v2\/pages\/22471\/revisions\/22473"}],"wp:featuredmedia":[{"embeddable":true,"href":"https:\/\/www.astor.com.pl\/poradnikautomatyka\/wp-json\/wp\/v2\/media\/15549"}],"wp:attachment":[{"href":"https:\/\/www.astor.com.pl\/poradnikautomatyka\/wp-json\/wp\/v2\/media?parent=22471"}],"curies":[{"name":"wp","href":"https:\/\/api.w.org\/{rel}","templated":true}]}}