{"id":22186,"date":"2025-02-26T17:17:41","date_gmt":"2025-02-26T16:17:41","guid":{"rendered":"https:\/\/www.astor.com.pl\/poradnikautomatyka\/?page_id=22186"},"modified":"2025-02-27T21:19:46","modified_gmt":"2025-02-27T20:19:46","slug":"charakterystyka-profili-komunikatywnosc-stabilizacja","status":"publish","type":"page","link":"https:\/\/www.astor.com.pl\/poradnikautomatyka\/charakterystyka-profili-komunikatywnosc-stabilizacja\/","title":{"rendered":"Charakterystyka profili \u201eKomunikatywno\u015b\u0107 \u2013 Stabilizacja\u201d"},"content":{"rendered":"\n<div class=\"dowiesz-sie\" style=\"margin-top:40px; margin-bottom:40px\">\n<h3>Niezb\u0119dnik rozwoju zawodowego in\u017cyniera automatyka robotyka<\/h3>\n<a href=\"https:\/\/www.astor.com.pl\/poradnikautomatyka\/po-co-inzynierowi-profilowanie-zawodowe\/\">Wst\u0119p: Po co in\u017cynierowi profilowanie zawodowe?<\/a><br\/>\n<a href=\"https:\/\/www.astor.com.pl\/poradnikautomatyka\/profile-osobowosci-ankieta\/\">Ankieta: Jaki jest tw\u00f3j profil osobowo\u015bci? Sprawd\u017a!<\/a><br\/>\n<a href=\"https:\/\/www.astor.com.pl\/poradnikautomatyka\/charakterystyka-profili-dominacja-adaptacja\/\">Profile \u201eDominacja \u2013 Adaptacja\u201d<\/a><br\/>\n<a href=\"https:\/\/www.astor.com.pl\/poradnikautomatyka\/charakterystyka-profili-komunikatywnosc-stabilizacja\/\">Profile \u201eKomunikatywno\u015b\u0107 \u2013 Stabilizacja\u201d<\/a><br\/>\n<a href=\"https:\/\/www.astor.com.pl\/poradnikautomatyka\/charakterystyka-profili-dominacja-komunikatywnosc\/\">Profile \u201eDominacja \u2013 Komunikatywno\u015b\u0107\u201d<\/a><br\/>\n<a href=\"https:\/\/www.astor.com.pl\/poradnikautomatyka\/charakterystyka-profili-adaptacja-stabilizacja\/\">Profile \u201eAdaptacja \u2013 Stabilizacja\u201d<\/a><br\/>\n<a href=\"https:\/\/www.astor.com.pl\/poradnikautomatyka\/charakterystyka-profili-dominacja-stabilizacja\/\">Profile \u201eDominacja \u2013 Stabilizacja\u201d<\/a><br\/>\n<a href=\"https:\/\/www.astor.com.pl\/poradnikautomatyka\/charakterystyka-profili-komunikatywnosc-adaptacja\/\">Profile \u201eKomunikatywno\u015b\u0107 \u2013 Adaptacja\u201d<\/a><br\/>\n<a href=\"https:\/\/www.astor.com.pl\/poradnikautomatyka\/komunikacja-z-poszczegolnymi-typami-osobowosci-wskazowki-ogolne\/\">Komunikacja z poszczeg\u00f3lnymi typami osobowo\u015bci \u2013 wskaz\u00f3wki og\u00f3lne<\/a><br\/>\n<\/div>\n\n\n\n<p>Osoby o takim profilu s\u0105 radykalnie nastawione na relacje. S\u0105 to osoby kontaktowe, kt\u00f3re maj\u0105 talent do wywierania wp\u0142ywu, przekazywania informacji, uczenia. Potrafi\u0105 dobrze wspiera\u0107, dba\u0107 o relacje i motywowa\u0107. S\u0105 bezpo\u015brednie, przyja\u017anie usposobione, \u017cyczliwe i uprzejme.<\/p>\n\n\n\n<p>Takie osoby b\u0119d\u0105 si\u0119 \u015bwietnie sprawdza\u0142y w roli trenera, coacha lub mentora. Potraf\u0105 \u0142atwo nawi\u0105zywa\u0107 kontakty, s\u0105 dobrymi organizatorami i motywatorami. Mog\u0105 te\u017c by\u0107 skutecznymi sprzedawcami. Dobrze odnajd\u0105 si\u0119 r\u00f3wnie\u017c wsz\u0119dzie tam, gdzie trzeba \u201epo\u015bredniczy\u0107\u201d mi\u0119dzy technicznymi zagadnieniami a potrzebami u\u017cytkownik\u00f3w, bo z jednej strony potrafi\u0105 s\u0142ucha\u0107, a z drugiej \u2013 przekazywa\u0107 informacje i przekonywa\u0107.<\/p>\n\n\n\n<p><strong>Najwa\u017cniejsze atuty: kontaktowo\u015b\u0107, wywieranie wp\u0142ywu, przekonywanie.<\/strong><\/p>\n\n\n\n<div style=\"height:40px\" aria-hidden=\"true\" class=\"wp-block-spacer\"><\/div>\n\n\n\n<h2 class=\"wp-block-heading\">Profile zawodowe<\/h2>\n\n\n\n<p>W przypadku, gdy w badaniu <strong>komunikatywno\u015b\u0107<\/strong> uzyskuje najwy\u017cszy wynik, a <strong>stabilizacja <\/strong>znajduje si\u0119 na drugim miejscu, m\u00f3wimy o <strong>profilu zawodowym \u201eKomunikatywno\u015b\u0107 \u2013 Stabilizacja\u201d<\/strong>.<\/p>\n\n\n\n<div style=\"height:40px\" aria-hidden=\"true\" class=\"wp-block-spacer\"><\/div>\n\n\n<div class=\"wp-block-image\">\n<figure class=\"aligncenter size-full\"><img loading=\"lazy\" decoding=\"async\" width=\"1800\" height=\"1080\" src=\"https:\/\/www.astor.com.pl\/poradnikautomatyka\/wp-content\/uploads\/2025\/02\/ks.jpg\" alt=\"\" class=\"wp-image-22209\" srcset=\"https:\/\/www.astor.com.pl\/poradnikautomatyka\/wp-content\/uploads\/2025\/02\/ks.jpg 1800w, https:\/\/www.astor.com.pl\/poradnikautomatyka\/wp-content\/uploads\/2025\/02\/ks-840x504.jpg 840w, https:\/\/www.astor.com.pl\/poradnikautomatyka\/wp-content\/uploads\/2025\/02\/ks-768x461.jpg 768w, https:\/\/www.astor.com.pl\/poradnikautomatyka\/wp-content\/uploads\/2025\/02\/ks-1536x922.jpg 1536w\" sizes=\"auto, (max-width: 1800px) 100vw, 1800px\" \/><\/figure>\n<\/div>\n\n\n<div style=\"height:40px\" aria-hidden=\"true\" class=\"wp-block-spacer\"><\/div>\n\n\n\n<p>Je\u017celi natomiast najwy\u017cszy wynik uzyskuje <strong><strong>stabilizacja <\/strong><\/strong>, natomiast <strong>komunikatywno\u015b\u0107<\/strong> znajduje si\u0119 na drugim miejscu, m\u00f3wimy o <strong>profilu zawodowym \u201e<strong><strong><strong>Stabilizacja<\/strong> \u2013 <strong><strong><strong>Komunikatywno\u015b\u0107<\/strong><\/strong><\/strong><\/strong><\/strong>\u201d<\/strong>.<\/p>\n\n\n\n<div style=\"height:40px\" aria-hidden=\"true\" class=\"wp-block-spacer\"><\/div>\n\n\n<div class=\"wp-block-image\">\n<figure class=\"aligncenter size-full\"><img loading=\"lazy\" decoding=\"async\" width=\"1800\" height=\"1080\" src=\"https:\/\/www.astor.com.pl\/poradnikautomatyka\/wp-content\/uploads\/2025\/02\/sk.jpg\" alt=\"\" class=\"wp-image-22210\" srcset=\"https:\/\/www.astor.com.pl\/poradnikautomatyka\/wp-content\/uploads\/2025\/02\/sk.jpg 1800w, https:\/\/www.astor.com.pl\/poradnikautomatyka\/wp-content\/uploads\/2025\/02\/sk-840x504.jpg 840w, https:\/\/www.astor.com.pl\/poradnikautomatyka\/wp-content\/uploads\/2025\/02\/sk-768x461.jpg 768w, https:\/\/www.astor.com.pl\/poradnikautomatyka\/wp-content\/uploads\/2025\/02\/sk-1536x922.jpg 1536w\" sizes=\"auto, (max-width: 1800px) 100vw, 1800px\" \/><\/figure>\n<\/div>\n\n\n<div style=\"height:40px\" aria-hidden=\"true\" class=\"wp-block-spacer\"><\/div>\n\n\n\n<h2 class=\"wp-block-heading\">Rekomendowane stanowiska:<\/h2>\n\n\n\n<ul class=\"wp-block-list\">\n<li>In\u017cynier sprzeda\u017cy<\/li>\n\n\n\n<li>Mened\u017cer zespo\u0142u<\/li>\n\n\n\n<li>Lider zespo\u0142u in\u017cynier\u00f3w<\/li>\n\n\n\n<li>Konsultant<\/li>\n\n\n\n<li>Trener (szkoleniowiec) techniczny<\/li>\n<\/ul>\n\n\n\n<div style=\"height:40px\" aria-hidden=\"true\" class=\"wp-block-spacer\"><\/div>\n\n\n\n<p><a href=\"https:\/\/www.astor.com.pl\/poradnikautomatyka\/komunikacja-z-poszczegolnymi-typami-osobowosci-wskazowki-ogolne\/\">Jak komunikowa\u0107 si\u0119 z osobami o poszczeg\u00f3lnych typach osobowo\u015bci? Poznaj kilka og\u00f3lnych wskaz\u00f3wek.<\/a><\/p>\n\n\n\n<div style=\"height:50px\" aria-hidden=\"true\" class=\"wp-block-spacer\"><\/div>\n","protected":false},"excerpt":{"rendered":"<p>Osoby o takim profilu s\u0105 radykalnie nastawione na relacje. S\u0105 to osoby kontaktowe, kt\u00f3re maj\u0105 talent do wywierania wp\u0142ywu, przekazywania informacji, uczenia. Potrafi\u0105 dobrze wspiera\u0107, dba\u0107 o relacje i motywowa\u0107. S\u0105 bezpo\u015brednie, przyja\u017anie usposobione, \u017cyczliwe i uprzejme. Takie osoby b\u0119d\u0105 si\u0119 \u015bwietnie sprawdza\u0142y w roli trenera, coacha lub mentora. Potraf\u0105 \u0142atwo nawi\u0105zywa\u0107 kontakty, s\u0105 dobrymi [&hellip;]<\/p>\n","protected":false},"author":25,"featured_media":22209,"parent":0,"menu_order":0,"comment_status":"closed","ping_status":"closed","template":"","meta":{"_acf_changed":false,"footnotes":""},"class_list":["post-22186","page","type-page","status-publish","has-post-thumbnail","hentry"],"acf":[],"yoast_head":"<!-- This site is optimized with the Yoast SEO plugin v27.3 - https:\/\/yoast.com\/product\/yoast-seo-wordpress\/ -->\r\n<title>Charakterystyka profili \u201eKomunikatywno\u015b\u0107 \u2013 Stabilizacja\u201d | Poradnik Automatyka<\/title>\r\n<meta name=\"robots\" content=\"index, follow, max-snippet:-1, max-image-preview:large, max-video-preview:-1\" \/>\r\n<link rel=\"canonical\" href=\"https:\/\/www.astor.com.pl\/poradnikautomatyka\/charakterystyka-profili-komunikatywnosc-stabilizacja\/\" \/>\r\n<meta property=\"og:locale\" content=\"pl_PL\" \/>\r\n<meta property=\"og:type\" content=\"article\" \/>\r\n<meta property=\"og:title\" content=\"Charakterystyka profili \u201eKomunikatywno\u015b\u0107 \u2013 Stabilizacja\u201d | Poradnik Automatyka\" \/>\r\n<meta property=\"og:description\" content=\"Osoby o takim profilu s\u0105 radykalnie nastawione na relacje. S\u0105 to osoby kontaktowe, kt\u00f3re maj\u0105 talent do wywierania wp\u0142ywu, przekazywania informacji, uczenia. Potrafi\u0105 dobrze wspiera\u0107, dba\u0107 o relacje i motywowa\u0107. S\u0105 bezpo\u015brednie, przyja\u017anie usposobione, \u017cyczliwe i uprzejme. Takie osoby b\u0119d\u0105 si\u0119 \u015bwietnie sprawdza\u0142y w roli trenera, coacha lub mentora. Potraf\u0105 \u0142atwo nawi\u0105zywa\u0107 kontakty, s\u0105 dobrymi [&hellip;]\" \/>\r\n<meta property=\"og:url\" content=\"https:\/\/www.astor.com.pl\/poradnikautomatyka\/charakterystyka-profili-komunikatywnosc-stabilizacja\/\" \/>\r\n<meta property=\"og:site_name\" content=\"Poradnik Automatyka\" \/>\r\n<meta property=\"article:modified_time\" content=\"2025-02-27T20:19:46+00:00\" \/>\r\n<meta property=\"og:image\" content=\"https:\/\/www.astor.com.pl\/poradnikautomatyka\/wp-content\/uploads\/2025\/02\/ks.jpg\" \/>\r\n\t<meta property=\"og:image:width\" content=\"1800\" \/>\r\n\t<meta property=\"og:image:height\" content=\"1080\" \/>\r\n\t<meta property=\"og:image:type\" content=\"image\/jpeg\" \/>\r\n<meta name=\"twitter:card\" content=\"summary_large_image\" \/>\r\n<meta name=\"twitter:label1\" content=\"Szacowany czas czytania\" \/>\n\t<meta name=\"twitter:data1\" content=\"3 minuty\" \/>\r\n<script type=\"application\/ld+json\" class=\"yoast-schema-graph\">{\"@context\":\"https:\\\/\\\/schema.org\",\"@graph\":[{\"@type\":\"WebPage\",\"@id\":\"https:\\\/\\\/www.astor.com.pl\\\/poradnikautomatyka\\\/charakterystyka-profili-komunikatywnosc-stabilizacja\\\/\",\"url\":\"https:\\\/\\\/www.astor.com.pl\\\/poradnikautomatyka\\\/charakterystyka-profili-komunikatywnosc-stabilizacja\\\/\",\"name\":\"Charakterystyka profili \u201eKomunikatywno\u015b\u0107 \u2013 Stabilizacja\u201d | Poradnik Automatyka\",\"isPartOf\":{\"@id\":\"https:\\\/\\\/www.astor.com.pl\\\/poradnikautomatyka\\\/#website\"},\"primaryImageOfPage\":{\"@id\":\"https:\\\/\\\/www.astor.com.pl\\\/poradnikautomatyka\\\/charakterystyka-profili-komunikatywnosc-stabilizacja\\\/#primaryimage\"},\"image\":{\"@id\":\"https:\\\/\\\/www.astor.com.pl\\\/poradnikautomatyka\\\/charakterystyka-profili-komunikatywnosc-stabilizacja\\\/#primaryimage\"},\"thumbnailUrl\":\"https:\\\/\\\/www.astor.com.pl\\\/poradnikautomatyka\\\/wp-content\\\/uploads\\\/2025\\\/02\\\/ks.jpg\",\"datePublished\":\"2025-02-26T16:17:41+00:00\",\"dateModified\":\"2025-02-27T20:19:46+00:00\",\"inLanguage\":\"pl-PL\",\"potentialAction\":[{\"@type\":\"ReadAction\",\"target\":[\"https:\\\/\\\/www.astor.com.pl\\\/poradnikautomatyka\\\/charakterystyka-profili-komunikatywnosc-stabilizacja\\\/\"]}]},{\"@type\":\"ImageObject\",\"inLanguage\":\"pl-PL\",\"@id\":\"https:\\\/\\\/www.astor.com.pl\\\/poradnikautomatyka\\\/charakterystyka-profili-komunikatywnosc-stabilizacja\\\/#primaryimage\",\"url\":\"https:\\\/\\\/www.astor.com.pl\\\/poradnikautomatyka\\\/wp-content\\\/uploads\\\/2025\\\/02\\\/ks.jpg\",\"contentUrl\":\"https:\\\/\\\/www.astor.com.pl\\\/poradnikautomatyka\\\/wp-content\\\/uploads\\\/2025\\\/02\\\/ks.jpg\",\"width\":1800,\"height\":1080},{\"@type\":\"WebSite\",\"@id\":\"https:\\\/\\\/www.astor.com.pl\\\/poradnikautomatyka\\\/#website\",\"url\":\"https:\\\/\\\/www.astor.com.pl\\\/poradnikautomatyka\\\/\",\"name\":\"Poradnik Automatyka\",\"description\":\"Poradnik Automatyka to przydatne kursy, u\u017cyteczne artyku\u0142y i merytoryczne webinary dla ka\u017cdego automatyka i elektryka.\",\"publisher\":{\"@id\":\"https:\\\/\\\/www.astor.com.pl\\\/poradnikautomatyka\\\/#organization\"},\"potentialAction\":[{\"@type\":\"SearchAction\",\"target\":{\"@type\":\"EntryPoint\",\"urlTemplate\":\"https:\\\/\\\/www.astor.com.pl\\\/poradnikautomatyka\\\/?s={search_term_string}\"},\"query-input\":{\"@type\":\"PropertyValueSpecification\",\"valueRequired\":true,\"valueName\":\"search_term_string\"}}],\"inLanguage\":\"pl-PL\"},{\"@type\":\"Organization\",\"@id\":\"https:\\\/\\\/www.astor.com.pl\\\/poradnikautomatyka\\\/#organization\",\"name\":\"ASTOR\",\"url\":\"https:\\\/\\\/www.astor.com.pl\\\/poradnikautomatyka\\\/\",\"logo\":{\"@type\":\"ImageObject\",\"inLanguage\":\"pl-PL\",\"@id\":\"https:\\\/\\\/www.astor.com.pl\\\/poradnikautomatyka\\\/#\\\/schema\\\/logo\\\/image\\\/\",\"url\":\"https:\\\/\\\/www.astor.com.pl\\\/poradnikautomatyka\\\/wp-content\\\/uploads\\\/2018\\\/08\\\/ASTOR_zwykly_sam_logotyp.png\",\"contentUrl\":\"https:\\\/\\\/www.astor.com.pl\\\/poradnikautomatyka\\\/wp-content\\\/uploads\\\/2018\\\/08\\\/ASTOR_zwykly_sam_logotyp.png\",\"width\":3322,\"height\":1078,\"caption\":\"ASTOR\"},\"image\":{\"@id\":\"https:\\\/\\\/www.astor.com.pl\\\/poradnikautomatyka\\\/#\\\/schema\\\/logo\\\/image\\\/\"}}]}<\/script>\r\n<!-- \/ Yoast SEO plugin. -->","yoast_head_json":{"title":"Charakterystyka profili \u201eKomunikatywno\u015b\u0107 \u2013 Stabilizacja\u201d | Poradnik Automatyka","robots":{"index":"index","follow":"follow","max-snippet":"max-snippet:-1","max-image-preview":"max-image-preview:large","max-video-preview":"max-video-preview:-1"},"canonical":"https:\/\/www.astor.com.pl\/poradnikautomatyka\/charakterystyka-profili-komunikatywnosc-stabilizacja\/","og_locale":"pl_PL","og_type":"article","og_title":"Charakterystyka profili \u201eKomunikatywno\u015b\u0107 \u2013 Stabilizacja\u201d | Poradnik Automatyka","og_description":"Osoby o takim profilu s\u0105 radykalnie nastawione na relacje. S\u0105 to osoby kontaktowe, kt\u00f3re maj\u0105 talent do wywierania wp\u0142ywu, przekazywania informacji, uczenia. Potrafi\u0105 dobrze wspiera\u0107, dba\u0107 o relacje i motywowa\u0107. S\u0105 bezpo\u015brednie, przyja\u017anie usposobione, \u017cyczliwe i uprzejme. Takie osoby b\u0119d\u0105 si\u0119 \u015bwietnie sprawdza\u0142y w roli trenera, coacha lub mentora. Potraf\u0105 \u0142atwo nawi\u0105zywa\u0107 kontakty, s\u0105 dobrymi [&hellip;]","og_url":"https:\/\/www.astor.com.pl\/poradnikautomatyka\/charakterystyka-profili-komunikatywnosc-stabilizacja\/","og_site_name":"Poradnik Automatyka","article_modified_time":"2025-02-27T20:19:46+00:00","og_image":[{"width":1800,"height":1080,"url":"https:\/\/www.astor.com.pl\/poradnikautomatyka\/wp-content\/uploads\/2025\/02\/ks.jpg","type":"image\/jpeg"}],"twitter_card":"summary_large_image","twitter_misc":{"Szacowany czas czytania":"3 minuty"},"schema":{"@context":"https:\/\/schema.org","@graph":[{"@type":"WebPage","@id":"https:\/\/www.astor.com.pl\/poradnikautomatyka\/charakterystyka-profili-komunikatywnosc-stabilizacja\/","url":"https:\/\/www.astor.com.pl\/poradnikautomatyka\/charakterystyka-profili-komunikatywnosc-stabilizacja\/","name":"Charakterystyka profili \u201eKomunikatywno\u015b\u0107 \u2013 Stabilizacja\u201d | Poradnik Automatyka","isPartOf":{"@id":"https:\/\/www.astor.com.pl\/poradnikautomatyka\/#website"},"primaryImageOfPage":{"@id":"https:\/\/www.astor.com.pl\/poradnikautomatyka\/charakterystyka-profili-komunikatywnosc-stabilizacja\/#primaryimage"},"image":{"@id":"https:\/\/www.astor.com.pl\/poradnikautomatyka\/charakterystyka-profili-komunikatywnosc-stabilizacja\/#primaryimage"},"thumbnailUrl":"https:\/\/www.astor.com.pl\/poradnikautomatyka\/wp-content\/uploads\/2025\/02\/ks.jpg","datePublished":"2025-02-26T16:17:41+00:00","dateModified":"2025-02-27T20:19:46+00:00","inLanguage":"pl-PL","potentialAction":[{"@type":"ReadAction","target":["https:\/\/www.astor.com.pl\/poradnikautomatyka\/charakterystyka-profili-komunikatywnosc-stabilizacja\/"]}]},{"@type":"ImageObject","inLanguage":"pl-PL","@id":"https:\/\/www.astor.com.pl\/poradnikautomatyka\/charakterystyka-profili-komunikatywnosc-stabilizacja\/#primaryimage","url":"https:\/\/www.astor.com.pl\/poradnikautomatyka\/wp-content\/uploads\/2025\/02\/ks.jpg","contentUrl":"https:\/\/www.astor.com.pl\/poradnikautomatyka\/wp-content\/uploads\/2025\/02\/ks.jpg","width":1800,"height":1080},{"@type":"WebSite","@id":"https:\/\/www.astor.com.pl\/poradnikautomatyka\/#website","url":"https:\/\/www.astor.com.pl\/poradnikautomatyka\/","name":"Poradnik Automatyka","description":"Poradnik Automatyka to przydatne kursy, u\u017cyteczne artyku\u0142y i merytoryczne webinary dla ka\u017cdego automatyka i elektryka.","publisher":{"@id":"https:\/\/www.astor.com.pl\/poradnikautomatyka\/#organization"},"potentialAction":[{"@type":"SearchAction","target":{"@type":"EntryPoint","urlTemplate":"https:\/\/www.astor.com.pl\/poradnikautomatyka\/?s={search_term_string}"},"query-input":{"@type":"PropertyValueSpecification","valueRequired":true,"valueName":"search_term_string"}}],"inLanguage":"pl-PL"},{"@type":"Organization","@id":"https:\/\/www.astor.com.pl\/poradnikautomatyka\/#organization","name":"ASTOR","url":"https:\/\/www.astor.com.pl\/poradnikautomatyka\/","logo":{"@type":"ImageObject","inLanguage":"pl-PL","@id":"https:\/\/www.astor.com.pl\/poradnikautomatyka\/#\/schema\/logo\/image\/","url":"https:\/\/www.astor.com.pl\/poradnikautomatyka\/wp-content\/uploads\/2018\/08\/ASTOR_zwykly_sam_logotyp.png","contentUrl":"https:\/\/www.astor.com.pl\/poradnikautomatyka\/wp-content\/uploads\/2018\/08\/ASTOR_zwykly_sam_logotyp.png","width":3322,"height":1078,"caption":"ASTOR"},"image":{"@id":"https:\/\/www.astor.com.pl\/poradnikautomatyka\/#\/schema\/logo\/image\/"}}]}},"_links":{"self":[{"href":"https:\/\/www.astor.com.pl\/poradnikautomatyka\/wp-json\/wp\/v2\/pages\/22186","targetHints":{"allow":["GET"]}}],"collection":[{"href":"https:\/\/www.astor.com.pl\/poradnikautomatyka\/wp-json\/wp\/v2\/pages"}],"about":[{"href":"https:\/\/www.astor.com.pl\/poradnikautomatyka\/wp-json\/wp\/v2\/types\/page"}],"author":[{"embeddable":true,"href":"https:\/\/www.astor.com.pl\/poradnikautomatyka\/wp-json\/wp\/v2\/users\/25"}],"replies":[{"embeddable":true,"href":"https:\/\/www.astor.com.pl\/poradnikautomatyka\/wp-json\/wp\/v2\/comments?post=22186"}],"version-history":[{"count":2,"href":"https:\/\/www.astor.com.pl\/poradnikautomatyka\/wp-json\/wp\/v2\/pages\/22186\/revisions"}],"predecessor-version":[{"id":22265,"href":"https:\/\/www.astor.com.pl\/poradnikautomatyka\/wp-json\/wp\/v2\/pages\/22186\/revisions\/22265"}],"wp:featuredmedia":[{"embeddable":true,"href":"https:\/\/www.astor.com.pl\/poradnikautomatyka\/wp-json\/wp\/v2\/media\/22209"}],"wp:attachment":[{"href":"https:\/\/www.astor.com.pl\/poradnikautomatyka\/wp-json\/wp\/v2\/media?parent=22186"}],"curies":[{"name":"wp","href":"https:\/\/api.w.org\/{rel}","templated":true}]}}