{"id":22182,"date":"2025-02-26T17:11:31","date_gmt":"2025-02-26T16:11:31","guid":{"rendered":"https:\/\/www.astor.com.pl\/poradnikautomatyka\/?page_id=22182"},"modified":"2025-02-26T21:15:15","modified_gmt":"2025-02-26T20:15:15","slug":"charakterystyka-profili-komunikatywnosc-adaptacja","status":"publish","type":"page","link":"https:\/\/www.astor.com.pl\/poradnikautomatyka\/charakterystyka-profili-komunikatywnosc-adaptacja\/","title":{"rendered":"Charakterystyka profili \u201eKomunikatywno\u015b\u0107 \u2013 Adaptacja\u201d"},"content":{"rendered":"\n<div class=\"dowiesz-sie\" style=\"margin-top:40px; margin-bottom:40px\">\n<h3>Niezb\u0119dnik rozwoju zawodowego in\u017cyniera automatyka robotyka<\/h3>\n<a href=\"https:\/\/www.astor.com.pl\/poradnikautomatyka\/po-co-inzynierowi-profilowanie-zawodowe\/\">Wst\u0119p: Po co in\u017cynierowi profilowanie zawodowe?<\/a><br\/>\n<a href=\"https:\/\/www.astor.com.pl\/poradnikautomatyka\/profile-osobowosci-ankieta\/\">Ankieta: Jaki jest tw\u00f3j profil osobowo\u015bci? Sprawd\u017a!<\/a><br\/>\n<a href=\"https:\/\/www.astor.com.pl\/poradnikautomatyka\/charakterystyka-profili-dominacja-adaptacja\/\">Profile \u201eDominacja \u2013 Adaptacja\u201d<\/a><br\/>\n<a href=\"https:\/\/www.astor.com.pl\/poradnikautomatyka\/charakterystyka-profili-komunikatywnosc-stabilizacja\/\">Profile \u201eKomunikatywno\u015b\u0107 \u2013 Stabilizacja\u201d<\/a><br\/>\n<a href=\"https:\/\/www.astor.com.pl\/poradnikautomatyka\/charakterystyka-profili-dominacja-komunikatywnosc\/\">Profile \u201eDominacja \u2013 Komunikatywno\u015b\u0107\u201d<\/a><br\/>\n<a href=\"https:\/\/www.astor.com.pl\/poradnikautomatyka\/charakterystyka-profili-adaptacja-stabilizacja\/\">Profile \u201eAdaptacja \u2013 Stabilizacja\u201d<\/a><br\/>\n<a href=\"https:\/\/www.astor.com.pl\/poradnikautomatyka\/charakterystyka-profili-dominacja-stabilizacja\/\">Profile \u201eDominacja \u2013 Stabilizacja\u201d<\/a><br\/>\n<a href=\"https:\/\/www.astor.com.pl\/poradnikautomatyka\/charakterystyka-profili-komunikatywnosc-adaptacja\/\">Profile \u201eKomunikatywno\u015b\u0107 \u2013 Adaptacja\u201d<\/a><br\/>\n<a href=\"https:\/\/www.astor.com.pl\/poradnikautomatyka\/komunikacja-z-poszczegolnymi-typami-osobowosci-wskazowki-ogolne\/\">Komunikacja z poszczeg\u00f3lnymi typami osobowo\u015bci \u2013 wskaz\u00f3wki og\u00f3lne<\/a><br\/>\n<\/div>\n\n\n\n<p>Osoby o takim profilu s\u0105 komunikatywne i otwarte, a jednocze\u015bnie precyzyjne, systematyczne i ostro\u017cne. Ceni\u0105 regu\u0142y i zasady. S\u0105 nastawione na wysok\u0105 jako\u015b\u0107. Potrafi\u0105 skutecznie przekonywa\u0107 i wywiera\u0107 wp\u0142yw na wsp\u00f3\u0142pracownik\u00f3w. S\u0105 \u015bwietnymi motywatorami.<\/p>\n\n\n\n<p>Takie osoby \u015bwietnie sprawdz\u0105 si\u0119 w dzia\u0142aniach strategicznych i rolach wymagaj\u0105cych wp\u0142ywania i motywowania, a tak\u017ce wsz\u0119dzie tam, gdzie konieczne jest rozwi\u0105zywanie trudnych problem\u00f3w.<\/p>\n\n\n\n<p><strong>Najwa\u017cniejsze atuty: pewno\u015b\u0107 siebie, motywowanie, posiadanie w\u0142asnego zdania, perfekcjonizm.<\/strong><\/p>\n\n\n\n<div style=\"height:40px\" aria-hidden=\"true\" class=\"wp-block-spacer\"><\/div>\n\n\n\n<h2 class=\"wp-block-heading\">Profile zawodowe<\/h2>\n\n\n\n<p>W przypadku, gdy w badaniu <strong><strong><strong>komunikatywno\u015b\u0107<\/strong><\/strong> <\/strong>uzyskuje najwy\u017cszy wynik, a <strong>adaptacja <\/strong>znajduje si\u0119 na drugim miejscu, m\u00f3wimy o <strong>profilu zawodowym \u201eKomunikatywno\u015b\u0107 \u2013 Adaptacja\u201d<\/strong>.<\/p>\n\n\n\n<div style=\"height:40px\" aria-hidden=\"true\" class=\"wp-block-spacer\"><\/div>\n\n\n<div class=\"wp-block-image\">\n<figure class=\"aligncenter size-full\"><img loading=\"lazy\" decoding=\"async\" width=\"1800\" height=\"1080\" src=\"https:\/\/www.astor.com.pl\/poradnikautomatyka\/wp-content\/uploads\/2025\/02\/ka.jpg\" alt=\"\" class=\"wp-image-22204\" srcset=\"https:\/\/www.astor.com.pl\/poradnikautomatyka\/wp-content\/uploads\/2025\/02\/ka.jpg 1800w, https:\/\/www.astor.com.pl\/poradnikautomatyka\/wp-content\/uploads\/2025\/02\/ka-840x504.jpg 840w, https:\/\/www.astor.com.pl\/poradnikautomatyka\/wp-content\/uploads\/2025\/02\/ka-768x461.jpg 768w, https:\/\/www.astor.com.pl\/poradnikautomatyka\/wp-content\/uploads\/2025\/02\/ka-1536x922.jpg 1536w\" sizes=\"auto, (max-width: 1800px) 100vw, 1800px\" \/><\/figure>\n<\/div>\n\n\n<div style=\"height:40px\" aria-hidden=\"true\" class=\"wp-block-spacer\"><\/div>\n\n\n\n<p>Je\u017celi natomiast najwy\u017cszy wynik uzyskuje <strong>adaptacja<\/strong>, natomiast <strong><strong>komunikatywno\u015b\u0107<\/strong><\/strong> znajduje si\u0119 na drugim miejscu, m\u00f3wimy o <strong>profilu zawodowym \u201e<strong>Adaptacja<\/strong> \u2013 <strong><strong>Komunikatywno\u015b\u0107<\/strong><\/strong>\u201d<\/strong>.<\/p>\n\n\n\n<div style=\"height:40px\" aria-hidden=\"true\" class=\"wp-block-spacer\"><\/div>\n\n\n<div class=\"wp-block-image\">\n<figure class=\"aligncenter size-full\"><img loading=\"lazy\" decoding=\"async\" width=\"1800\" height=\"1080\" src=\"https:\/\/www.astor.com.pl\/poradnikautomatyka\/wp-content\/uploads\/2025\/02\/ak.jpg\" alt=\"\" class=\"wp-image-22205\" srcset=\"https:\/\/www.astor.com.pl\/poradnikautomatyka\/wp-content\/uploads\/2025\/02\/ak.jpg 1800w, https:\/\/www.astor.com.pl\/poradnikautomatyka\/wp-content\/uploads\/2025\/02\/ak-840x504.jpg 840w, https:\/\/www.astor.com.pl\/poradnikautomatyka\/wp-content\/uploads\/2025\/02\/ak-768x461.jpg 768w, https:\/\/www.astor.com.pl\/poradnikautomatyka\/wp-content\/uploads\/2025\/02\/ak-1536x922.jpg 1536w\" sizes=\"auto, (max-width: 1800px) 100vw, 1800px\" \/><\/figure>\n<\/div>\n\n\n<div style=\"height:40px\" aria-hidden=\"true\" class=\"wp-block-spacer\"><\/div>\n\n\n\n<h2 class=\"wp-block-heading\">Rekomendowane stanowiska:<\/h2>\n\n\n\n<ul class=\"wp-block-list\">\n<li>Mened\u017cer zespo\u0142u<\/li>\n\n\n\n<li>Mened\u017cer projektu<\/li>\n\n\n\n<li>Integrator system\u00f3w automatyzacji i robotyzacji<\/li>\n\n\n\n<li>Projektant produktu\/aplikacji<\/li>\n\n\n\n<li>Mened\u017cer produktu<\/li>\n\n\n\n<li>Mened\u017cer procesu produkcyjnego<\/li>\n\n\n\n<li>Lider zespo\u0142u in\u017cynier\u00f3w<\/li>\n\n\n\n<li>Dyrektor\/kierownik dzia\u0142u<\/li>\n\n\n\n<li>In\u017cynier produkcji<\/li>\n\n\n\n<li>In\u017cynier jako\u015bci<\/li>\n\n\n\n<li>In\u017cynier Projektowania System\u00f3w Automatyki<\/li>\n\n\n\n<li>In\u017cynier System\u00f3w Wizyjnych<\/li>\n\n\n\n<li>Technolog produkcji<\/li>\n<\/ul>\n\n\n\n<div style=\"height:40px\" aria-hidden=\"true\" class=\"wp-block-spacer\"><\/div>\n\n\n\n<p><a href=\"https:\/\/www.astor.com.pl\/poradnikautomatyka\/komunikacja-z-poszczegolnymi-typami-osobowosci-wskazowki-ogolne\/\">Jak komunikowa\u0107 si\u0119 z osobami o poszczeg\u00f3lnych typach osobowo\u015bci? Poznaj kilka og\u00f3lnych wskaz\u00f3wek.<\/a><\/p>\n\n\n\n<div style=\"height:50px\" aria-hidden=\"true\" class=\"wp-block-spacer\"><\/div>\n","protected":false},"excerpt":{"rendered":"<p>Osoby o takim profilu s\u0105 komunikatywne i otwarte, a jednocze\u015bnie precyzyjne, systematyczne i ostro\u017cne. Ceni\u0105 regu\u0142y i zasady. S\u0105 nastawione na wysok\u0105 jako\u015b\u0107. Potrafi\u0105 skutecznie przekonywa\u0107 i wywiera\u0107 wp\u0142yw na wsp\u00f3\u0142pracownik\u00f3w. S\u0105 \u015bwietnymi motywatorami. Takie osoby \u015bwietnie sprawdz\u0105 si\u0119 w dzia\u0142aniach strategicznych i rolach wymagaj\u0105cych wp\u0142ywania i motywowania, a tak\u017ce wsz\u0119dzie tam, gdzie konieczne jest [&hellip;]<\/p>\n","protected":false},"author":25,"featured_media":22204,"parent":0,"menu_order":0,"comment_status":"closed","ping_status":"closed","template":"","meta":{"_acf_changed":false,"footnotes":""},"class_list":["post-22182","page","type-page","status-publish","has-post-thumbnail","hentry"],"acf":[],"yoast_head":"<!-- This site is optimized with the Yoast SEO plugin v27.3 - https:\/\/yoast.com\/product\/yoast-seo-wordpress\/ -->\r\n<title>Charakterystyka profili \u201eKomunikatywno\u015b\u0107 \u2013 Adaptacja\u201d | Poradnik Automatyka<\/title>\r\n<meta name=\"robots\" content=\"index, follow, max-snippet:-1, max-image-preview:large, max-video-preview:-1\" \/>\r\n<link rel=\"canonical\" href=\"https:\/\/www.astor.com.pl\/poradnikautomatyka\/charakterystyka-profili-komunikatywnosc-adaptacja\/\" \/>\r\n<meta property=\"og:locale\" content=\"pl_PL\" \/>\r\n<meta property=\"og:type\" content=\"article\" \/>\r\n<meta property=\"og:title\" content=\"Charakterystyka profili \u201eKomunikatywno\u015b\u0107 \u2013 Adaptacja\u201d | Poradnik Automatyka\" \/>\r\n<meta property=\"og:description\" content=\"Osoby o takim profilu s\u0105 komunikatywne i otwarte, a jednocze\u015bnie precyzyjne, systematyczne i ostro\u017cne. Ceni\u0105 regu\u0142y i zasady. S\u0105 nastawione na wysok\u0105 jako\u015b\u0107. Potrafi\u0105 skutecznie przekonywa\u0107 i wywiera\u0107 wp\u0142yw na wsp\u00f3\u0142pracownik\u00f3w. S\u0105 \u015bwietnymi motywatorami. Takie osoby \u015bwietnie sprawdz\u0105 si\u0119 w dzia\u0142aniach strategicznych i rolach wymagaj\u0105cych wp\u0142ywania i motywowania, a tak\u017ce wsz\u0119dzie tam, gdzie konieczne jest [&hellip;]\" \/>\r\n<meta property=\"og:url\" content=\"https:\/\/www.astor.com.pl\/poradnikautomatyka\/charakterystyka-profili-komunikatywnosc-adaptacja\/\" \/>\r\n<meta property=\"og:site_name\" content=\"Poradnik Automatyka\" \/>\r\n<meta property=\"article:modified_time\" content=\"2025-02-26T20:15:15+00:00\" \/>\r\n<meta property=\"og:image\" content=\"https:\/\/www.astor.com.pl\/poradnikautomatyka\/wp-content\/uploads\/2025\/02\/ka.jpg\" \/>\r\n\t<meta property=\"og:image:width\" content=\"1800\" \/>\r\n\t<meta property=\"og:image:height\" content=\"1080\" \/>\r\n\t<meta property=\"og:image:type\" content=\"image\/jpeg\" \/>\r\n<meta name=\"twitter:card\" content=\"summary_large_image\" \/>\r\n<meta name=\"twitter:label1\" content=\"Szacowany czas czytania\" \/>\n\t<meta name=\"twitter:data1\" content=\"2 minuty\" \/>\r\n<script type=\"application\/ld+json\" class=\"yoast-schema-graph\">{\"@context\":\"https:\\\/\\\/schema.org\",\"@graph\":[{\"@type\":\"WebPage\",\"@id\":\"https:\\\/\\\/www.astor.com.pl\\\/poradnikautomatyka\\\/charakterystyka-profili-komunikatywnosc-adaptacja\\\/\",\"url\":\"https:\\\/\\\/www.astor.com.pl\\\/poradnikautomatyka\\\/charakterystyka-profili-komunikatywnosc-adaptacja\\\/\",\"name\":\"Charakterystyka profili \u201eKomunikatywno\u015b\u0107 \u2013 Adaptacja\u201d | Poradnik Automatyka\",\"isPartOf\":{\"@id\":\"https:\\\/\\\/www.astor.com.pl\\\/poradnikautomatyka\\\/#website\"},\"primaryImageOfPage\":{\"@id\":\"https:\\\/\\\/www.astor.com.pl\\\/poradnikautomatyka\\\/charakterystyka-profili-komunikatywnosc-adaptacja\\\/#primaryimage\"},\"image\":{\"@id\":\"https:\\\/\\\/www.astor.com.pl\\\/poradnikautomatyka\\\/charakterystyka-profili-komunikatywnosc-adaptacja\\\/#primaryimage\"},\"thumbnailUrl\":\"https:\\\/\\\/www.astor.com.pl\\\/poradnikautomatyka\\\/wp-content\\\/uploads\\\/2025\\\/02\\\/ka.jpg\",\"datePublished\":\"2025-02-26T16:11:31+00:00\",\"dateModified\":\"2025-02-26T20:15:15+00:00\",\"inLanguage\":\"pl-PL\",\"potentialAction\":[{\"@type\":\"ReadAction\",\"target\":[\"https:\\\/\\\/www.astor.com.pl\\\/poradnikautomatyka\\\/charakterystyka-profili-komunikatywnosc-adaptacja\\\/\"]}]},{\"@type\":\"ImageObject\",\"inLanguage\":\"pl-PL\",\"@id\":\"https:\\\/\\\/www.astor.com.pl\\\/poradnikautomatyka\\\/charakterystyka-profili-komunikatywnosc-adaptacja\\\/#primaryimage\",\"url\":\"https:\\\/\\\/www.astor.com.pl\\\/poradnikautomatyka\\\/wp-content\\\/uploads\\\/2025\\\/02\\\/ka.jpg\",\"contentUrl\":\"https:\\\/\\\/www.astor.com.pl\\\/poradnikautomatyka\\\/wp-content\\\/uploads\\\/2025\\\/02\\\/ka.jpg\",\"width\":1800,\"height\":1080},{\"@type\":\"WebSite\",\"@id\":\"https:\\\/\\\/www.astor.com.pl\\\/poradnikautomatyka\\\/#website\",\"url\":\"https:\\\/\\\/www.astor.com.pl\\\/poradnikautomatyka\\\/\",\"name\":\"Poradnik Automatyka\",\"description\":\"Poradnik Automatyka to przydatne kursy, u\u017cyteczne artyku\u0142y i merytoryczne webinary dla ka\u017cdego automatyka i elektryka.\",\"publisher\":{\"@id\":\"https:\\\/\\\/www.astor.com.pl\\\/poradnikautomatyka\\\/#organization\"},\"potentialAction\":[{\"@type\":\"SearchAction\",\"target\":{\"@type\":\"EntryPoint\",\"urlTemplate\":\"https:\\\/\\\/www.astor.com.pl\\\/poradnikautomatyka\\\/?s={search_term_string}\"},\"query-input\":{\"@type\":\"PropertyValueSpecification\",\"valueRequired\":true,\"valueName\":\"search_term_string\"}}],\"inLanguage\":\"pl-PL\"},{\"@type\":\"Organization\",\"@id\":\"https:\\\/\\\/www.astor.com.pl\\\/poradnikautomatyka\\\/#organization\",\"name\":\"ASTOR\",\"url\":\"https:\\\/\\\/www.astor.com.pl\\\/poradnikautomatyka\\\/\",\"logo\":{\"@type\":\"ImageObject\",\"inLanguage\":\"pl-PL\",\"@id\":\"https:\\\/\\\/www.astor.com.pl\\\/poradnikautomatyka\\\/#\\\/schema\\\/logo\\\/image\\\/\",\"url\":\"https:\\\/\\\/www.astor.com.pl\\\/poradnikautomatyka\\\/wp-content\\\/uploads\\\/2018\\\/08\\\/ASTOR_zwykly_sam_logotyp.png\",\"contentUrl\":\"https:\\\/\\\/www.astor.com.pl\\\/poradnikautomatyka\\\/wp-content\\\/uploads\\\/2018\\\/08\\\/ASTOR_zwykly_sam_logotyp.png\",\"width\":3322,\"height\":1078,\"caption\":\"ASTOR\"},\"image\":{\"@id\":\"https:\\\/\\\/www.astor.com.pl\\\/poradnikautomatyka\\\/#\\\/schema\\\/logo\\\/image\\\/\"}}]}<\/script>\r\n<!-- \/ Yoast SEO plugin. -->","yoast_head_json":{"title":"Charakterystyka profili \u201eKomunikatywno\u015b\u0107 \u2013 Adaptacja\u201d | Poradnik Automatyka","robots":{"index":"index","follow":"follow","max-snippet":"max-snippet:-1","max-image-preview":"max-image-preview:large","max-video-preview":"max-video-preview:-1"},"canonical":"https:\/\/www.astor.com.pl\/poradnikautomatyka\/charakterystyka-profili-komunikatywnosc-adaptacja\/","og_locale":"pl_PL","og_type":"article","og_title":"Charakterystyka profili \u201eKomunikatywno\u015b\u0107 \u2013 Adaptacja\u201d | Poradnik Automatyka","og_description":"Osoby o takim profilu s\u0105 komunikatywne i otwarte, a jednocze\u015bnie precyzyjne, systematyczne i ostro\u017cne. Ceni\u0105 regu\u0142y i zasady. S\u0105 nastawione na wysok\u0105 jako\u015b\u0107. Potrafi\u0105 skutecznie przekonywa\u0107 i wywiera\u0107 wp\u0142yw na wsp\u00f3\u0142pracownik\u00f3w. S\u0105 \u015bwietnymi motywatorami. Takie osoby \u015bwietnie sprawdz\u0105 si\u0119 w dzia\u0142aniach strategicznych i rolach wymagaj\u0105cych wp\u0142ywania i motywowania, a tak\u017ce wsz\u0119dzie tam, gdzie konieczne jest [&hellip;]","og_url":"https:\/\/www.astor.com.pl\/poradnikautomatyka\/charakterystyka-profili-komunikatywnosc-adaptacja\/","og_site_name":"Poradnik Automatyka","article_modified_time":"2025-02-26T20:15:15+00:00","og_image":[{"width":1800,"height":1080,"url":"https:\/\/www.astor.com.pl\/poradnikautomatyka\/wp-content\/uploads\/2025\/02\/ka.jpg","type":"image\/jpeg"}],"twitter_card":"summary_large_image","twitter_misc":{"Szacowany czas czytania":"2 minuty"},"schema":{"@context":"https:\/\/schema.org","@graph":[{"@type":"WebPage","@id":"https:\/\/www.astor.com.pl\/poradnikautomatyka\/charakterystyka-profili-komunikatywnosc-adaptacja\/","url":"https:\/\/www.astor.com.pl\/poradnikautomatyka\/charakterystyka-profili-komunikatywnosc-adaptacja\/","name":"Charakterystyka profili \u201eKomunikatywno\u015b\u0107 \u2013 Adaptacja\u201d | Poradnik Automatyka","isPartOf":{"@id":"https:\/\/www.astor.com.pl\/poradnikautomatyka\/#website"},"primaryImageOfPage":{"@id":"https:\/\/www.astor.com.pl\/poradnikautomatyka\/charakterystyka-profili-komunikatywnosc-adaptacja\/#primaryimage"},"image":{"@id":"https:\/\/www.astor.com.pl\/poradnikautomatyka\/charakterystyka-profili-komunikatywnosc-adaptacja\/#primaryimage"},"thumbnailUrl":"https:\/\/www.astor.com.pl\/poradnikautomatyka\/wp-content\/uploads\/2025\/02\/ka.jpg","datePublished":"2025-02-26T16:11:31+00:00","dateModified":"2025-02-26T20:15:15+00:00","inLanguage":"pl-PL","potentialAction":[{"@type":"ReadAction","target":["https:\/\/www.astor.com.pl\/poradnikautomatyka\/charakterystyka-profili-komunikatywnosc-adaptacja\/"]}]},{"@type":"ImageObject","inLanguage":"pl-PL","@id":"https:\/\/www.astor.com.pl\/poradnikautomatyka\/charakterystyka-profili-komunikatywnosc-adaptacja\/#primaryimage","url":"https:\/\/www.astor.com.pl\/poradnikautomatyka\/wp-content\/uploads\/2025\/02\/ka.jpg","contentUrl":"https:\/\/www.astor.com.pl\/poradnikautomatyka\/wp-content\/uploads\/2025\/02\/ka.jpg","width":1800,"height":1080},{"@type":"WebSite","@id":"https:\/\/www.astor.com.pl\/poradnikautomatyka\/#website","url":"https:\/\/www.astor.com.pl\/poradnikautomatyka\/","name":"Poradnik Automatyka","description":"Poradnik Automatyka to przydatne kursy, u\u017cyteczne artyku\u0142y i merytoryczne webinary dla ka\u017cdego automatyka i elektryka.","publisher":{"@id":"https:\/\/www.astor.com.pl\/poradnikautomatyka\/#organization"},"potentialAction":[{"@type":"SearchAction","target":{"@type":"EntryPoint","urlTemplate":"https:\/\/www.astor.com.pl\/poradnikautomatyka\/?s={search_term_string}"},"query-input":{"@type":"PropertyValueSpecification","valueRequired":true,"valueName":"search_term_string"}}],"inLanguage":"pl-PL"},{"@type":"Organization","@id":"https:\/\/www.astor.com.pl\/poradnikautomatyka\/#organization","name":"ASTOR","url":"https:\/\/www.astor.com.pl\/poradnikautomatyka\/","logo":{"@type":"ImageObject","inLanguage":"pl-PL","@id":"https:\/\/www.astor.com.pl\/poradnikautomatyka\/#\/schema\/logo\/image\/","url":"https:\/\/www.astor.com.pl\/poradnikautomatyka\/wp-content\/uploads\/2018\/08\/ASTOR_zwykly_sam_logotyp.png","contentUrl":"https:\/\/www.astor.com.pl\/poradnikautomatyka\/wp-content\/uploads\/2018\/08\/ASTOR_zwykly_sam_logotyp.png","width":3322,"height":1078,"caption":"ASTOR"},"image":{"@id":"https:\/\/www.astor.com.pl\/poradnikautomatyka\/#\/schema\/logo\/image\/"}}]}},"_links":{"self":[{"href":"https:\/\/www.astor.com.pl\/poradnikautomatyka\/wp-json\/wp\/v2\/pages\/22182","targetHints":{"allow":["GET"]}}],"collection":[{"href":"https:\/\/www.astor.com.pl\/poradnikautomatyka\/wp-json\/wp\/v2\/pages"}],"about":[{"href":"https:\/\/www.astor.com.pl\/poradnikautomatyka\/wp-json\/wp\/v2\/types\/page"}],"author":[{"embeddable":true,"href":"https:\/\/www.astor.com.pl\/poradnikautomatyka\/wp-json\/wp\/v2\/users\/25"}],"replies":[{"embeddable":true,"href":"https:\/\/www.astor.com.pl\/poradnikautomatyka\/wp-json\/wp\/v2\/comments?post=22182"}],"version-history":[{"count":2,"href":"https:\/\/www.astor.com.pl\/poradnikautomatyka\/wp-json\/wp\/v2\/pages\/22182\/revisions"}],"predecessor-version":[{"id":22250,"href":"https:\/\/www.astor.com.pl\/poradnikautomatyka\/wp-json\/wp\/v2\/pages\/22182\/revisions\/22250"}],"wp:featuredmedia":[{"embeddable":true,"href":"https:\/\/www.astor.com.pl\/poradnikautomatyka\/wp-json\/wp\/v2\/media\/22204"}],"wp:attachment":[{"href":"https:\/\/www.astor.com.pl\/poradnikautomatyka\/wp-json\/wp\/v2\/media?parent=22182"}],"curies":[{"name":"wp","href":"https:\/\/api.w.org\/{rel}","templated":true}]}}