{"id":22176,"date":"2025-02-26T15:12:35","date_gmt":"2025-02-26T14:12:35","guid":{"rendered":"https:\/\/www.astor.com.pl\/poradnikautomatyka\/?page_id=22176"},"modified":"2025-10-10T14:50:09","modified_gmt":"2025-10-10T12:50:09","slug":"komunikacja-z-poszczegolnymi-typami-osobowosci-wskazowki-ogolne","status":"publish","type":"page","link":"https:\/\/www.astor.com.pl\/poradnikautomatyka\/komunikacja-z-poszczegolnymi-typami-osobowosci-wskazowki-ogolne\/","title":{"rendered":"Komunikacja z poszczeg\u00f3lnymi typami osobowo\u015bci \u2013 wskaz\u00f3wki og\u00f3lne"},"content":{"rendered":"\n<div class=\"dowiesz-sie\" style=\"margin-top:40px; margin-bottom:40px\">\n<h3>Niezb\u0119dnik rozwoju zawodowego in\u017cyniera automatyka robotyka<\/h3>\n<a href=\"https:\/\/www.astor.com.pl\/poradnikautomatyka\/po-co-inzynierowi-profilowanie-zawodowe\/\">Wst\u0119p: Po co in\u017cynierowi profilowanie zawodowe?<\/a><br\/>\n<a href=\"https:\/\/www.astor.com.pl\/poradnikautomatyka\/profile-osobowosci-ankieta\/\">Ankieta: Jaki jest tw\u00f3j profil osobowo\u015bci? Sprawd\u017a!<\/a><br\/>\n<a href=\"https:\/\/www.astor.com.pl\/poradnikautomatyka\/charakterystyka-profili-dominacja-adaptacja\/\">Profile \u201eDominacja \u2013 Adaptacja\u201d<\/a><br\/>\n<a href=\"https:\/\/www.astor.com.pl\/poradnikautomatyka\/charakterystyka-profili-komunikatywnosc-stabilizacja\/\">Profile \u201eKomunikatywno\u015b\u0107 \u2013 Stabilizacja\u201d<\/a><br\/>\n<a href=\"https:\/\/www.astor.com.pl\/poradnikautomatyka\/charakterystyka-profili-dominacja-komunikatywnosc\/\">Profile \u201eDominacja \u2013 Komunikatywno\u015b\u0107\u201d<\/a><br\/>\n<a href=\"https:\/\/www.astor.com.pl\/poradnikautomatyka\/charakterystyka-profili-adaptacja-stabilizacja\/\">Profile \u201eAdaptacja \u2013 Stabilizacja\u201d<\/a><br\/>\n<a href=\"https:\/\/www.astor.com.pl\/poradnikautomatyka\/charakterystyka-profili-dominacja-stabilizacja\/\">Profile \u201eDominacja \u2013 Stabilizacja\u201d<\/a><br\/>\n<a href=\"https:\/\/www.astor.com.pl\/poradnikautomatyka\/charakterystyka-profili-komunikatywnosc-adaptacja\/\">Profile \u201eKomunikatywno\u015b\u0107 \u2013 Adaptacja\u201d<\/a><br\/>\n<a href=\"https:\/\/www.astor.com.pl\/poradnikautomatyka\/komunikacja-z-poszczegolnymi-typami-osobowosci-wskazowki-ogolne\/\">Komunikacja z poszczeg\u00f3lnymi typami osobowo\u015bci \u2013 wskaz\u00f3wki og\u00f3lne<\/a><br\/>\n<\/div>\n\n\n\n<figure class=\"wp-block-image size-large\"><img loading=\"lazy\" decoding=\"async\" width=\"840\" height=\"383\" src=\"https:\/\/www.astor.com.pl\/poradnikautomatyka\/wp-content\/uploads\/2025\/03\/profilowanie-wskazowki-840x383.jpg\" alt=\"\" class=\"wp-image-22290\" srcset=\"https:\/\/www.astor.com.pl\/poradnikautomatyka\/wp-content\/uploads\/2025\/03\/profilowanie-wskazowki-840x383.jpg 840w, https:\/\/www.astor.com.pl\/poradnikautomatyka\/wp-content\/uploads\/2025\/03\/profilowanie-wskazowki-768x350.jpg 768w, https:\/\/www.astor.com.pl\/poradnikautomatyka\/wp-content\/uploads\/2025\/03\/profilowanie-wskazowki.jpg 1000w\" sizes=\"auto, (max-width: 840px) 100vw, 840px\" \/><\/figure>\n\n\n\n<div style=\"height:30px\" aria-hidden=\"true\" class=\"wp-block-spacer\"><\/div>\n\n\n\n<h2 class=\"wp-block-heading\"><strong>Dominacja<\/strong><\/h2>\n\n\n\n<p>Osoby o tym typie osobowo\u015bci doceniaj\u0105 zwi\u0119z\u0142y i tre\u015bciwy komunikat. Dlatego przede wszystkim pami\u0119tajmy, aby nie m\u00f3wi\u0107 za du\u017co i nie powtarza\u0107 wielokrotnie tych samych informacji. Tzw. \u201elanie wody\u201d wzbudzi zniecierpliwienie i b\u0119dzie nieskuteczne, podobnie jak formu\u0142owanie d\u0142ugich, kwiecistych wypowiedzi. Du\u017co lepsze b\u0119d\u0105 kr\u00f3tkie, jednoznaczne zdania, o jasnym przekazie, pozbawione zb\u0119dnych ozdobnik\u00f3w.<\/p>\n\n\n\n<p>Osoby z wysok\u0105 dominacj\u0105 ceni\u0105 r\u00f3wnie\u017c szybko\u015b\u0107 podejmowania decyzji. Rozmawiaj\u0105c z nimi koncentrujmy si\u0119 na konkretnych rozwi\u0105zaniach, zamiast skupia\u0107 si\u0119 na roztrz\u0105saniu samych problem\u00f3w.<\/p>\n\n\n\n<div style=\"height:30px\" aria-hidden=\"true\" class=\"wp-block-spacer\"><\/div>\n\n\n\n<h2 class=\"wp-block-heading\"><strong>Komunikatywno\u015b\u0107<\/strong><\/h2>\n\n\n\n<p>Osoby o tym typie osobowo\u015bci motywuje przyjazne otoczenie. Dlatego bardzo wa\u017cne jest, aby po\u015bwi\u0119ci\u0107 im czas, rozmawia\u0107 cierpliwie i \u017cyczliwie. Nigdy nie okazujmy lekcewa\u017cenia dla pomys\u0142\u00f3w lub idei przez nie wyra\u017canych. Dajmy im si\u0119 \u201ewygada\u0107\u201d.<\/p>\n\n\n\n<p>Osoby z wysok\u0105 komunikatywno\u015bci\u0105 nie lubi\u0105 tak\u017ce, by arbitralnie narzuca\u0107 im, co powinny robi\u0107 lub my\u015ble\u0107.<\/p>\n\n\n\n<div style=\"height:30px\" aria-hidden=\"true\" class=\"wp-block-spacer\"><\/div>\n\n\n\n<h2 class=\"wp-block-heading\"><strong>Adaptacja<\/strong><\/h2>\n\n\n\n<p>Osoby o tym typie osobowo\u015bci potrzebuj\u0105 fakt\u00f3w, \u017ceby podj\u0105\u0107 decyzj\u0119. Dlatego rozmawiaj\u0105c z nimi dok\u0142adnie wyja\u015bniajmy wszystkie szczeg\u00f3\u0142y oraz uwa\u017cnie ws\u0142uchujmy si\u0119 w zg\u0142aszane w\u0105tpliwo\u015bci.<\/p>\n\n\n\n<p>Osoby z wysok\u0105 adaptacj\u0105 s\u0105 analityczne i konkretne, dlatego je\u017celi zadaj\u0105 pytania, odpowiadajmy na nie w spos\u00f3b jasny i konkretny,<\/p>\n\n\n\n<div style=\"height:30px\" aria-hidden=\"true\" class=\"wp-block-spacer\"><\/div>\n\n\n\n<h2 class=\"wp-block-heading\"><strong>Stabilizacja<\/strong><\/h2>\n\n\n\n<p>Osoby o tym typie osobowo\u015bci opieraj\u0105 si\u0119 zmianom, nawet nie\u015bwiadomie, ale jednocze\u015bnie s\u0105 empatyczne i \u017cyczliwe. Dlatego w komunikacji z nimi stawiajmy na relacje. Warto by\u0107 szczerym, natomiast nie warto zachowywa\u0107 si\u0119 agresywnie, oschle czy kontrowersyjnie.<\/p>\n\n\n\n<p>Osoby z wysok\u0105 stabilizacj\u0105 ceni\u0105 poczucie bezpiecze\u0144stwa, dzia\u0142aj\u0105 wolno i rozwa\u017cnie. W relacjach z nimi warto cierpliwym i wyrozumia\u0142ym.<\/p>\n\n\n\n<div style=\"height:50px\" aria-hidden=\"true\" class=\"wp-block-spacer\"><\/div>\n","protected":false},"excerpt":{"rendered":"<p>Dominacja Osoby o tym typie osobowo\u015bci doceniaj\u0105 zwi\u0119z\u0142y i tre\u015bciwy komunikat. Dlatego przede wszystkim pami\u0119tajmy, aby nie m\u00f3wi\u0107 za du\u017co i nie powtarza\u0107 wielokrotnie tych samych informacji. Tzw. \u201elanie wody\u201d wzbudzi zniecierpliwienie i b\u0119dzie nieskuteczne, podobnie jak formu\u0142owanie d\u0142ugich, kwiecistych wypowiedzi. Du\u017co lepsze b\u0119d\u0105 kr\u00f3tkie, jednoznaczne zdania, o jasnym przekazie, pozbawione zb\u0119dnych ozdobnik\u00f3w. Osoby z [&hellip;]<\/p>\n","protected":false},"author":25,"featured_media":22290,"parent":0,"menu_order":0,"comment_status":"closed","ping_status":"closed","template":"","meta":{"_acf_changed":false,"footnotes":""},"class_list":["post-22176","page","type-page","status-publish","has-post-thumbnail","hentry"],"acf":[],"yoast_head":"<!-- This site is optimized with the Yoast SEO plugin v27.3 - https:\/\/yoast.com\/product\/yoast-seo-wordpress\/ -->\r\n<title>Komunikacja z poszczeg\u00f3lnymi typami osobowo\u015bci \u2013 wskaz\u00f3wki og\u00f3lne | Poradnik Automatyka<\/title>\r\n<meta name=\"robots\" content=\"index, follow, max-snippet:-1, max-image-preview:large, max-video-preview:-1\" \/>\r\n<link rel=\"canonical\" href=\"https:\/\/www.astor.com.pl\/poradnikautomatyka\/komunikacja-z-poszczegolnymi-typami-osobowosci-wskazowki-ogolne\/\" \/>\r\n<meta property=\"og:locale\" content=\"pl_PL\" \/>\r\n<meta property=\"og:type\" content=\"article\" \/>\r\n<meta property=\"og:title\" content=\"Komunikacja z poszczeg\u00f3lnymi typami osobowo\u015bci \u2013 wskaz\u00f3wki og\u00f3lne | Poradnik Automatyka\" \/>\r\n<meta property=\"og:description\" content=\"Dominacja Osoby o tym typie osobowo\u015bci doceniaj\u0105 zwi\u0119z\u0142y i tre\u015bciwy komunikat. Dlatego przede wszystkim pami\u0119tajmy, aby nie m\u00f3wi\u0107 za du\u017co i nie powtarza\u0107 wielokrotnie tych samych informacji. Tzw. \u201elanie wody\u201d wzbudzi zniecierpliwienie i b\u0119dzie nieskuteczne, podobnie jak formu\u0142owanie d\u0142ugich, kwiecistych wypowiedzi. Du\u017co lepsze b\u0119d\u0105 kr\u00f3tkie, jednoznaczne zdania, o jasnym przekazie, pozbawione zb\u0119dnych ozdobnik\u00f3w. Osoby z [&hellip;]\" \/>\r\n<meta property=\"og:url\" content=\"https:\/\/www.astor.com.pl\/poradnikautomatyka\/komunikacja-z-poszczegolnymi-typami-osobowosci-wskazowki-ogolne\/\" \/>\r\n<meta property=\"og:site_name\" content=\"Poradnik Automatyka\" \/>\r\n<meta property=\"article:modified_time\" content=\"2025-10-10T12:50:09+00:00\" \/>\r\n<meta property=\"og:image\" content=\"https:\/\/www.astor.com.pl\/poradnikautomatyka\/wp-content\/uploads\/2025\/03\/profilowanie-wskazowki.jpg\" \/>\r\n\t<meta property=\"og:image:width\" content=\"1000\" \/>\r\n\t<meta property=\"og:image:height\" content=\"456\" \/>\r\n\t<meta property=\"og:image:type\" content=\"image\/jpeg\" \/>\r\n<meta name=\"twitter:card\" content=\"summary_large_image\" \/>\r\n<meta name=\"twitter:label1\" content=\"Szacowany czas czytania\" \/>\n\t<meta name=\"twitter:data1\" content=\"4 minuty\" \/>\r\n<script type=\"application\/ld+json\" class=\"yoast-schema-graph\">{\"@context\":\"https:\\\/\\\/schema.org\",\"@graph\":[{\"@type\":\"WebPage\",\"@id\":\"https:\\\/\\\/www.astor.com.pl\\\/poradnikautomatyka\\\/komunikacja-z-poszczegolnymi-typami-osobowosci-wskazowki-ogolne\\\/\",\"url\":\"https:\\\/\\\/www.astor.com.pl\\\/poradnikautomatyka\\\/komunikacja-z-poszczegolnymi-typami-osobowosci-wskazowki-ogolne\\\/\",\"name\":\"Komunikacja z poszczeg\u00f3lnymi typami osobowo\u015bci \u2013 wskaz\u00f3wki og\u00f3lne | Poradnik Automatyka\",\"isPartOf\":{\"@id\":\"https:\\\/\\\/www.astor.com.pl\\\/poradnikautomatyka\\\/#website\"},\"primaryImageOfPage\":{\"@id\":\"https:\\\/\\\/www.astor.com.pl\\\/poradnikautomatyka\\\/komunikacja-z-poszczegolnymi-typami-osobowosci-wskazowki-ogolne\\\/#primaryimage\"},\"image\":{\"@id\":\"https:\\\/\\\/www.astor.com.pl\\\/poradnikautomatyka\\\/komunikacja-z-poszczegolnymi-typami-osobowosci-wskazowki-ogolne\\\/#primaryimage\"},\"thumbnailUrl\":\"https:\\\/\\\/www.astor.com.pl\\\/poradnikautomatyka\\\/wp-content\\\/uploads\\\/2025\\\/03\\\/profilowanie-wskazowki.jpg\",\"datePublished\":\"2025-02-26T14:12:35+00:00\",\"dateModified\":\"2025-10-10T12:50:09+00:00\",\"inLanguage\":\"pl-PL\",\"potentialAction\":[{\"@type\":\"ReadAction\",\"target\":[\"https:\\\/\\\/www.astor.com.pl\\\/poradnikautomatyka\\\/komunikacja-z-poszczegolnymi-typami-osobowosci-wskazowki-ogolne\\\/\"]}]},{\"@type\":\"ImageObject\",\"inLanguage\":\"pl-PL\",\"@id\":\"https:\\\/\\\/www.astor.com.pl\\\/poradnikautomatyka\\\/komunikacja-z-poszczegolnymi-typami-osobowosci-wskazowki-ogolne\\\/#primaryimage\",\"url\":\"https:\\\/\\\/www.astor.com.pl\\\/poradnikautomatyka\\\/wp-content\\\/uploads\\\/2025\\\/03\\\/profilowanie-wskazowki.jpg\",\"contentUrl\":\"https:\\\/\\\/www.astor.com.pl\\\/poradnikautomatyka\\\/wp-content\\\/uploads\\\/2025\\\/03\\\/profilowanie-wskazowki.jpg\",\"width\":1000,\"height\":456},{\"@type\":\"WebSite\",\"@id\":\"https:\\\/\\\/www.astor.com.pl\\\/poradnikautomatyka\\\/#website\",\"url\":\"https:\\\/\\\/www.astor.com.pl\\\/poradnikautomatyka\\\/\",\"name\":\"Poradnik Automatyka\",\"description\":\"Poradnik Automatyka to przydatne kursy, u\u017cyteczne artyku\u0142y i merytoryczne webinary dla ka\u017cdego automatyka i elektryka.\",\"publisher\":{\"@id\":\"https:\\\/\\\/www.astor.com.pl\\\/poradnikautomatyka\\\/#organization\"},\"potentialAction\":[{\"@type\":\"SearchAction\",\"target\":{\"@type\":\"EntryPoint\",\"urlTemplate\":\"https:\\\/\\\/www.astor.com.pl\\\/poradnikautomatyka\\\/?s={search_term_string}\"},\"query-input\":{\"@type\":\"PropertyValueSpecification\",\"valueRequired\":true,\"valueName\":\"search_term_string\"}}],\"inLanguage\":\"pl-PL\"},{\"@type\":\"Organization\",\"@id\":\"https:\\\/\\\/www.astor.com.pl\\\/poradnikautomatyka\\\/#organization\",\"name\":\"ASTOR\",\"url\":\"https:\\\/\\\/www.astor.com.pl\\\/poradnikautomatyka\\\/\",\"logo\":{\"@type\":\"ImageObject\",\"inLanguage\":\"pl-PL\",\"@id\":\"https:\\\/\\\/www.astor.com.pl\\\/poradnikautomatyka\\\/#\\\/schema\\\/logo\\\/image\\\/\",\"url\":\"https:\\\/\\\/www.astor.com.pl\\\/poradnikautomatyka\\\/wp-content\\\/uploads\\\/2018\\\/08\\\/ASTOR_zwykly_sam_logotyp.png\",\"contentUrl\":\"https:\\\/\\\/www.astor.com.pl\\\/poradnikautomatyka\\\/wp-content\\\/uploads\\\/2018\\\/08\\\/ASTOR_zwykly_sam_logotyp.png\",\"width\":3322,\"height\":1078,\"caption\":\"ASTOR\"},\"image\":{\"@id\":\"https:\\\/\\\/www.astor.com.pl\\\/poradnikautomatyka\\\/#\\\/schema\\\/logo\\\/image\\\/\"}}]}<\/script>\r\n<!-- \/ Yoast SEO plugin. -->","yoast_head_json":{"title":"Komunikacja z poszczeg\u00f3lnymi typami osobowo\u015bci \u2013 wskaz\u00f3wki og\u00f3lne | Poradnik Automatyka","robots":{"index":"index","follow":"follow","max-snippet":"max-snippet:-1","max-image-preview":"max-image-preview:large","max-video-preview":"max-video-preview:-1"},"canonical":"https:\/\/www.astor.com.pl\/poradnikautomatyka\/komunikacja-z-poszczegolnymi-typami-osobowosci-wskazowki-ogolne\/","og_locale":"pl_PL","og_type":"article","og_title":"Komunikacja z poszczeg\u00f3lnymi typami osobowo\u015bci \u2013 wskaz\u00f3wki og\u00f3lne | Poradnik Automatyka","og_description":"Dominacja Osoby o tym typie osobowo\u015bci doceniaj\u0105 zwi\u0119z\u0142y i tre\u015bciwy komunikat. Dlatego przede wszystkim pami\u0119tajmy, aby nie m\u00f3wi\u0107 za du\u017co i nie powtarza\u0107 wielokrotnie tych samych informacji. Tzw. \u201elanie wody\u201d wzbudzi zniecierpliwienie i b\u0119dzie nieskuteczne, podobnie jak formu\u0142owanie d\u0142ugich, kwiecistych wypowiedzi. Du\u017co lepsze b\u0119d\u0105 kr\u00f3tkie, jednoznaczne zdania, o jasnym przekazie, pozbawione zb\u0119dnych ozdobnik\u00f3w. Osoby z [&hellip;]","og_url":"https:\/\/www.astor.com.pl\/poradnikautomatyka\/komunikacja-z-poszczegolnymi-typami-osobowosci-wskazowki-ogolne\/","og_site_name":"Poradnik Automatyka","article_modified_time":"2025-10-10T12:50:09+00:00","og_image":[{"width":1000,"height":456,"url":"https:\/\/www.astor.com.pl\/poradnikautomatyka\/wp-content\/uploads\/2025\/03\/profilowanie-wskazowki.jpg","type":"image\/jpeg"}],"twitter_card":"summary_large_image","twitter_misc":{"Szacowany czas czytania":"4 minuty"},"schema":{"@context":"https:\/\/schema.org","@graph":[{"@type":"WebPage","@id":"https:\/\/www.astor.com.pl\/poradnikautomatyka\/komunikacja-z-poszczegolnymi-typami-osobowosci-wskazowki-ogolne\/","url":"https:\/\/www.astor.com.pl\/poradnikautomatyka\/komunikacja-z-poszczegolnymi-typami-osobowosci-wskazowki-ogolne\/","name":"Komunikacja z poszczeg\u00f3lnymi typami osobowo\u015bci \u2013 wskaz\u00f3wki og\u00f3lne | Poradnik Automatyka","isPartOf":{"@id":"https:\/\/www.astor.com.pl\/poradnikautomatyka\/#website"},"primaryImageOfPage":{"@id":"https:\/\/www.astor.com.pl\/poradnikautomatyka\/komunikacja-z-poszczegolnymi-typami-osobowosci-wskazowki-ogolne\/#primaryimage"},"image":{"@id":"https:\/\/www.astor.com.pl\/poradnikautomatyka\/komunikacja-z-poszczegolnymi-typami-osobowosci-wskazowki-ogolne\/#primaryimage"},"thumbnailUrl":"https:\/\/www.astor.com.pl\/poradnikautomatyka\/wp-content\/uploads\/2025\/03\/profilowanie-wskazowki.jpg","datePublished":"2025-02-26T14:12:35+00:00","dateModified":"2025-10-10T12:50:09+00:00","inLanguage":"pl-PL","potentialAction":[{"@type":"ReadAction","target":["https:\/\/www.astor.com.pl\/poradnikautomatyka\/komunikacja-z-poszczegolnymi-typami-osobowosci-wskazowki-ogolne\/"]}]},{"@type":"ImageObject","inLanguage":"pl-PL","@id":"https:\/\/www.astor.com.pl\/poradnikautomatyka\/komunikacja-z-poszczegolnymi-typami-osobowosci-wskazowki-ogolne\/#primaryimage","url":"https:\/\/www.astor.com.pl\/poradnikautomatyka\/wp-content\/uploads\/2025\/03\/profilowanie-wskazowki.jpg","contentUrl":"https:\/\/www.astor.com.pl\/poradnikautomatyka\/wp-content\/uploads\/2025\/03\/profilowanie-wskazowki.jpg","width":1000,"height":456},{"@type":"WebSite","@id":"https:\/\/www.astor.com.pl\/poradnikautomatyka\/#website","url":"https:\/\/www.astor.com.pl\/poradnikautomatyka\/","name":"Poradnik Automatyka","description":"Poradnik Automatyka to przydatne kursy, u\u017cyteczne artyku\u0142y i merytoryczne webinary dla ka\u017cdego automatyka i elektryka.","publisher":{"@id":"https:\/\/www.astor.com.pl\/poradnikautomatyka\/#organization"},"potentialAction":[{"@type":"SearchAction","target":{"@type":"EntryPoint","urlTemplate":"https:\/\/www.astor.com.pl\/poradnikautomatyka\/?s={search_term_string}"},"query-input":{"@type":"PropertyValueSpecification","valueRequired":true,"valueName":"search_term_string"}}],"inLanguage":"pl-PL"},{"@type":"Organization","@id":"https:\/\/www.astor.com.pl\/poradnikautomatyka\/#organization","name":"ASTOR","url":"https:\/\/www.astor.com.pl\/poradnikautomatyka\/","logo":{"@type":"ImageObject","inLanguage":"pl-PL","@id":"https:\/\/www.astor.com.pl\/poradnikautomatyka\/#\/schema\/logo\/image\/","url":"https:\/\/www.astor.com.pl\/poradnikautomatyka\/wp-content\/uploads\/2018\/08\/ASTOR_zwykly_sam_logotyp.png","contentUrl":"https:\/\/www.astor.com.pl\/poradnikautomatyka\/wp-content\/uploads\/2018\/08\/ASTOR_zwykly_sam_logotyp.png","width":3322,"height":1078,"caption":"ASTOR"},"image":{"@id":"https:\/\/www.astor.com.pl\/poradnikautomatyka\/#\/schema\/logo\/image\/"}}]}},"_links":{"self":[{"href":"https:\/\/www.astor.com.pl\/poradnikautomatyka\/wp-json\/wp\/v2\/pages\/22176","targetHints":{"allow":["GET"]}}],"collection":[{"href":"https:\/\/www.astor.com.pl\/poradnikautomatyka\/wp-json\/wp\/v2\/pages"}],"about":[{"href":"https:\/\/www.astor.com.pl\/poradnikautomatyka\/wp-json\/wp\/v2\/types\/page"}],"author":[{"embeddable":true,"href":"https:\/\/www.astor.com.pl\/poradnikautomatyka\/wp-json\/wp\/v2\/users\/25"}],"replies":[{"embeddable":true,"href":"https:\/\/www.astor.com.pl\/poradnikautomatyka\/wp-json\/wp\/v2\/comments?post=22176"}],"version-history":[{"count":3,"href":"https:\/\/www.astor.com.pl\/poradnikautomatyka\/wp-json\/wp\/v2\/pages\/22176\/revisions"}],"predecessor-version":[{"id":25254,"href":"https:\/\/www.astor.com.pl\/poradnikautomatyka\/wp-json\/wp\/v2\/pages\/22176\/revisions\/25254"}],"wp:featuredmedia":[{"embeddable":true,"href":"https:\/\/www.astor.com.pl\/poradnikautomatyka\/wp-json\/wp\/v2\/media\/22290"}],"wp:attachment":[{"href":"https:\/\/www.astor.com.pl\/poradnikautomatyka\/wp-json\/wp\/v2\/media?parent=22176"}],"curies":[{"name":"wp","href":"https:\/\/api.w.org\/{rel}","templated":true}]}}