{"id":22121,"date":"2025-02-26T20:23:19","date_gmt":"2025-02-26T19:23:19","guid":{"rendered":"https:\/\/www.astor.com.pl\/poradnikautomatyka\/?page_id=22121"},"modified":"2025-03-04T08:52:47","modified_gmt":"2025-03-04T07:52:47","slug":"niezbednik-rozwoju-zawodowego-inzyniera-automatyka-i-robotyka","status":"publish","type":"page","link":"https:\/\/www.astor.com.pl\/poradnikautomatyka\/niezbednik-rozwoju-zawodowego-inzyniera-automatyka-i-robotyka\/","title":{"rendered":"Niezb\u0119dnik rozwoju zawodowego in\u017cyniera automatyka i robotyka"},"content":{"rendered":"\n<div style=\"height:30px\" aria-hidden=\"true\" class=\"wp-block-spacer\"><\/div>\n\n\n\n<figure class=\"wp-block-image size-large\"><img loading=\"lazy\" decoding=\"async\" width=\"840\" height=\"336\" src=\"https:\/\/www.astor.com.pl\/poradnikautomatyka\/wp-content\/uploads\/2025\/03\/profilowanie-naglowek-840x336.jpg\" alt=\"\" class=\"wp-image-22284\" srcset=\"https:\/\/www.astor.com.pl\/poradnikautomatyka\/wp-content\/uploads\/2025\/03\/profilowanie-naglowek-840x336.jpg 840w, https:\/\/www.astor.com.pl\/poradnikautomatyka\/wp-content\/uploads\/2025\/03\/profilowanie-naglowek-768x307.jpg 768w, https:\/\/www.astor.com.pl\/poradnikautomatyka\/wp-content\/uploads\/2025\/03\/profilowanie-naglowek.jpg 1000w\" sizes=\"auto, (max-width: 840px) 100vw, 840px\" \/><\/figure>\n\n\n\n<div style=\"height:30px\" aria-hidden=\"true\" class=\"wp-block-spacer\"><\/div>\n\n\n\n<p><strong>Przedstawiamy \u201eNiezb\u0119dnik rozwoju zawodowego in\u017cyniera automatyka i robotyka\u201d. Zebrali\u015bmy najwa\u017cniejsze informacje o profilach osobowo\u015bci i stylach zachowa\u0144, kt\u00f3re mo\u017cesz wykorzysta\u0107 do budowania swojej kariery zawodowej.<\/strong><\/p>\n\n\n\n<p>Co znajdziesz w naszym Niezb\u0119dniku?<\/p>\n\n\n\n<p>Warto zacz\u0105\u0107 od lektury <a href=\"https:\/\/www.astor.com.pl\/poradnikautomatyka\/po-co-inzynierowi-profilowanie-zawodowe\/\">artyku\u0142u wprowadzaj\u0105cego<\/a>, kt\u00f3ry wyja\u015bni ci:<\/p>\n\n\n\n<ul class=\"wp-block-list\">\n<li>czym s\u0105 profile osobowo\u015bci, <\/li>\n\n\n\n<li>jakie profile wyr\u00f3\u017cniamy i czym si\u0119 charakteryzuj\u0105,<\/li>\n\n\n\n<li>jak badamy osobowo\u015b\u0107,<\/li>\n\n\n\n<li>i przede wszystkim do czego przydaje si\u0119 wiedza o naszym profilu.<\/li>\n<\/ul>\n\n\n\n<p>W nast\u0119pnym etapie zapraszamy ci\u0119 do <a href=\"https:\/\/www.astor.com.pl\/poradnikautomatyka\/profile-osobowosci-ankieta\/\">naszej ankiety<\/a>, kt\u00f3ra pomo\u017ce ci w przybli\u017ceniu pozna\u0107 sw\u00f3j profil osobowo\u015bci. Pami\u0119taj, \u017ce ankieta nie jest testem psychometrycznym i nie mo\u017ce zast\u0105pi\u0107 profesjonalnego badania, a wyniki s\u0105 tylko orientacyjne.<\/p>\n\n\n\n<p>Gdy ju\u017c poznasz sw\u00f3j orientacyjny profil, na kolejnych stronach mo\u017cesz sprawdzi\u0107 podstawowe informacje o nim, a tak\u017ce o innych profilach.<\/p>\n\n\n\n<p>Na zako\u0144czenie zamieszczamy r\u00f3wnie\u017c <a href=\"https:\/\/www.astor.com.pl\/poradnikautomatyka\/komunikacja-z-poszczegolnymi-typami-osobowosci-wskazowki-ogolne\/\">kilka og\u00f3lnych wskaz\u00f3wek<\/a>, kt\u00f3re mog\u0105 pom\u00f3c w komunikacji osobami o okre\u015blonym profilu osobowo\u015bci.<\/p>\n\n\n\n<div style=\"height:30px\" aria-hidden=\"true\" class=\"wp-block-spacer\"><\/div>\n\n\n\n<h2 class=\"wp-block-heading\">Spis tre\u015bci:<\/h2>\n\n\n\n<div class=\"dowiesz-sie\" style=\"margin-top:40px; margin-bottom:40px\">\n<h3>Niezb\u0119dnik rozwoju zawodowego in\u017cyniera automatyka robotyka<\/h3>\n<a href=\"https:\/\/www.astor.com.pl\/poradnikautomatyka\/po-co-inzynierowi-profilowanie-zawodowe\/\">Wst\u0119p: Po co in\u017cynierowi profilowanie zawodowe?<\/a><br\/>\n<a href=\"https:\/\/www.astor.com.pl\/poradnikautomatyka\/profile-osobowosci-ankieta\/\">Ankieta: Jaki jest tw\u00f3j profil osobowo\u015bci? Sprawd\u017a!<\/a><br\/>\n<a href=\"https:\/\/www.astor.com.pl\/poradnikautomatyka\/charakterystyka-profili-dominacja-adaptacja\/\">Profile \u201eDominacja \u2013 Adaptacja\u201d<\/a><br\/>\n<a href=\"https:\/\/www.astor.com.pl\/poradnikautomatyka\/charakterystyka-profili-komunikatywnosc-stabilizacja\/\">Profile \u201eKomunikatywno\u015b\u0107 \u2013 Stabilizacja\u201d<\/a><br\/>\n<a href=\"https:\/\/www.astor.com.pl\/poradnikautomatyka\/charakterystyka-profili-dominacja-komunikatywnosc\/\">Profile \u201eDominacja \u2013 Komunikatywno\u015b\u0107\u201d<\/a><br\/>\n<a href=\"https:\/\/www.astor.com.pl\/poradnikautomatyka\/charakterystyka-profili-adaptacja-stabilizacja\/\">Profile \u201eAdaptacja \u2013 Stabilizacja\u201d<\/a><br\/>\n<a href=\"https:\/\/www.astor.com.pl\/poradnikautomatyka\/charakterystyka-profili-dominacja-stabilizacja\/\">Profile \u201eDominacja \u2013 Stabilizacja\u201d<\/a><br\/>\n<a href=\"https:\/\/www.astor.com.pl\/poradnikautomatyka\/charakterystyka-profili-komunikatywnosc-adaptacja\/\">Profile \u201eKomunikatywno\u015b\u0107 \u2013 Adaptacja\u201d<\/a><br\/>\n<a href=\"https:\/\/www.astor.com.pl\/poradnikautomatyka\/komunikacja-z-poszczegolnymi-typami-osobowosci-wskazowki-ogolne\/\">Komunikacja z poszczeg\u00f3lnymi typami osobowo\u015bci \u2013 wskaz\u00f3wki og\u00f3lne<\/a><br\/>\n<\/div>\n\n\n\n<div style=\"height:50px\" aria-hidden=\"true\" class=\"wp-block-spacer\"><\/div>\n\n\n\n<p><\/p>\n","protected":false},"excerpt":{"rendered":"<p>Przedstawiamy \u201eNiezb\u0119dnik rozwoju zawodowego in\u017cyniera automatyka i robotyka\u201d. Zebrali\u015bmy najwa\u017cniejsze informacje o profilach osobowo\u015bci i stylach zachowa\u0144, kt\u00f3re mo\u017cesz wykorzysta\u0107 do budowania swojej kariery zawodowej. Co znajdziesz w naszym Niezb\u0119dniku? Warto zacz\u0105\u0107 od lektury artyku\u0142u wprowadzaj\u0105cego, kt\u00f3ry wyja\u015bni ci: W nast\u0119pnym etapie zapraszamy ci\u0119 do naszej ankiety, kt\u00f3ra pomo\u017ce ci w przybli\u017ceniu pozna\u0107 sw\u00f3j profil [&hellip;]<\/p>\n","protected":false},"author":25,"featured_media":22284,"parent":0,"menu_order":0,"comment_status":"closed","ping_status":"closed","template":"","meta":{"_acf_changed":false,"footnotes":""},"class_list":["post-22121","page","type-page","status-publish","has-post-thumbnail","hentry"],"acf":[],"yoast_head":"<!-- This site is optimized with the Yoast SEO plugin v26.7 - https:\/\/yoast.com\/wordpress\/plugins\/seo\/ -->\r\n<title>Niezb\u0119dnik rozwoju zawodowego in\u017cyniera automatyka i robotyka | Poradnik Automatyka<\/title>\r\n<meta name=\"robots\" content=\"index, follow, max-snippet:-1, max-image-preview:large, max-video-preview:-1\" \/>\r\n<link rel=\"canonical\" href=\"https:\/\/www.astor.com.pl\/poradnikautomatyka\/niezbednik-rozwoju-zawodowego-inzyniera-automatyka-i-robotyka\/\" \/>\r\n<meta property=\"og:locale\" content=\"pl_PL\" \/>\r\n<meta property=\"og:type\" content=\"article\" \/>\r\n<meta property=\"og:title\" content=\"Niezb\u0119dnik rozwoju zawodowego in\u017cyniera automatyka i robotyka | Poradnik Automatyka\" \/>\r\n<meta property=\"og:description\" content=\"Przedstawiamy \u201eNiezb\u0119dnik rozwoju zawodowego in\u017cyniera automatyka i robotyka\u201d. Zebrali\u015bmy najwa\u017cniejsze informacje o profilach osobowo\u015bci i stylach zachowa\u0144, kt\u00f3re mo\u017cesz wykorzysta\u0107 do budowania swojej kariery zawodowej. Co znajdziesz w naszym Niezb\u0119dniku? Warto zacz\u0105\u0107 od lektury artyku\u0142u wprowadzaj\u0105cego, kt\u00f3ry wyja\u015bni ci: W nast\u0119pnym etapie zapraszamy ci\u0119 do naszej ankiety, kt\u00f3ra pomo\u017ce ci w przybli\u017ceniu pozna\u0107 sw\u00f3j profil [&hellip;]\" \/>\r\n<meta property=\"og:url\" content=\"https:\/\/www.astor.com.pl\/poradnikautomatyka\/niezbednik-rozwoju-zawodowego-inzyniera-automatyka-i-robotyka\/\" \/>\r\n<meta property=\"og:site_name\" content=\"Poradnik Automatyka\" \/>\r\n<meta property=\"article:modified_time\" content=\"2025-03-04T07:52:47+00:00\" \/>\r\n<meta property=\"og:image\" content=\"https:\/\/www.astor.com.pl\/poradnikautomatyka\/wp-content\/uploads\/2025\/03\/profilowanie-naglowek.jpg\" \/>\r\n\t<meta property=\"og:image:width\" content=\"1000\" \/>\r\n\t<meta property=\"og:image:height\" content=\"400\" \/>\r\n\t<meta property=\"og:image:type\" content=\"image\/jpeg\" \/>\r\n<meta name=\"twitter:card\" content=\"summary_large_image\" \/>\r\n<meta name=\"twitter:label1\" content=\"Szacowany czas czytania\" \/>\n\t<meta name=\"twitter:data1\" content=\"2 minuty\" \/>\r\n<script type=\"application\/ld+json\" class=\"yoast-schema-graph\">{\"@context\":\"https:\/\/schema.org\",\"@graph\":[{\"@type\":\"WebPage\",\"@id\":\"https:\/\/www.astor.com.pl\/poradnikautomatyka\/niezbednik-rozwoju-zawodowego-inzyniera-automatyka-i-robotyka\/\",\"url\":\"https:\/\/www.astor.com.pl\/poradnikautomatyka\/niezbednik-rozwoju-zawodowego-inzyniera-automatyka-i-robotyka\/\",\"name\":\"Niezb\u0119dnik rozwoju zawodowego in\u017cyniera automatyka i robotyka | Poradnik Automatyka\",\"isPartOf\":{\"@id\":\"https:\/\/www.astor.com.pl\/poradnikautomatyka\/#website\"},\"primaryImageOfPage\":{\"@id\":\"https:\/\/www.astor.com.pl\/poradnikautomatyka\/niezbednik-rozwoju-zawodowego-inzyniera-automatyka-i-robotyka\/#primaryimage\"},\"image\":{\"@id\":\"https:\/\/www.astor.com.pl\/poradnikautomatyka\/niezbednik-rozwoju-zawodowego-inzyniera-automatyka-i-robotyka\/#primaryimage\"},\"thumbnailUrl\":\"https:\/\/www.astor.com.pl\/poradnikautomatyka\/wp-content\/uploads\/2025\/03\/profilowanie-naglowek.jpg\",\"datePublished\":\"2025-02-26T19:23:19+00:00\",\"dateModified\":\"2025-03-04T07:52:47+00:00\",\"inLanguage\":\"pl-PL\",\"potentialAction\":[{\"@type\":\"ReadAction\",\"target\":[\"https:\/\/www.astor.com.pl\/poradnikautomatyka\/niezbednik-rozwoju-zawodowego-inzyniera-automatyka-i-robotyka\/\"]}]},{\"@type\":\"ImageObject\",\"inLanguage\":\"pl-PL\",\"@id\":\"https:\/\/www.astor.com.pl\/poradnikautomatyka\/niezbednik-rozwoju-zawodowego-inzyniera-automatyka-i-robotyka\/#primaryimage\",\"url\":\"https:\/\/www.astor.com.pl\/poradnikautomatyka\/wp-content\/uploads\/2025\/03\/profilowanie-naglowek.jpg\",\"contentUrl\":\"https:\/\/www.astor.com.pl\/poradnikautomatyka\/wp-content\/uploads\/2025\/03\/profilowanie-naglowek.jpg\",\"width\":1000,\"height\":400},{\"@type\":\"WebSite\",\"@id\":\"https:\/\/www.astor.com.pl\/poradnikautomatyka\/#website\",\"url\":\"https:\/\/www.astor.com.pl\/poradnikautomatyka\/\",\"name\":\"Poradnik Automatyka\",\"description\":\"Poradnik Automatyka to przydatne kursy, u\u017cyteczne artyku\u0142y i merytoryczne webinary dla ka\u017cdego automatyka i elektryka.\",\"publisher\":{\"@id\":\"https:\/\/www.astor.com.pl\/poradnikautomatyka\/#organization\"},\"potentialAction\":[{\"@type\":\"SearchAction\",\"target\":{\"@type\":\"EntryPoint\",\"urlTemplate\":\"https:\/\/www.astor.com.pl\/poradnikautomatyka\/?s={search_term_string}\"},\"query-input\":{\"@type\":\"PropertyValueSpecification\",\"valueRequired\":true,\"valueName\":\"search_term_string\"}}],\"inLanguage\":\"pl-PL\"},{\"@type\":\"Organization\",\"@id\":\"https:\/\/www.astor.com.pl\/poradnikautomatyka\/#organization\",\"name\":\"ASTOR\",\"url\":\"https:\/\/www.astor.com.pl\/poradnikautomatyka\/\",\"logo\":{\"@type\":\"ImageObject\",\"inLanguage\":\"pl-PL\",\"@id\":\"https:\/\/www.astor.com.pl\/poradnikautomatyka\/#\/schema\/logo\/image\/\",\"url\":\"https:\/\/www.astor.com.pl\/poradnikautomatyka\/wp-content\/uploads\/2018\/08\/ASTOR_zwykly_sam_logotyp.png\",\"contentUrl\":\"https:\/\/www.astor.com.pl\/poradnikautomatyka\/wp-content\/uploads\/2018\/08\/ASTOR_zwykly_sam_logotyp.png\",\"width\":3322,\"height\":1078,\"caption\":\"ASTOR\"},\"image\":{\"@id\":\"https:\/\/www.astor.com.pl\/poradnikautomatyka\/#\/schema\/logo\/image\/\"}}]}<\/script>\r\n<!-- \/ Yoast SEO plugin. -->","yoast_head_json":{"title":"Niezb\u0119dnik rozwoju zawodowego in\u017cyniera automatyka i robotyka | Poradnik Automatyka","robots":{"index":"index","follow":"follow","max-snippet":"max-snippet:-1","max-image-preview":"max-image-preview:large","max-video-preview":"max-video-preview:-1"},"canonical":"https:\/\/www.astor.com.pl\/poradnikautomatyka\/niezbednik-rozwoju-zawodowego-inzyniera-automatyka-i-robotyka\/","og_locale":"pl_PL","og_type":"article","og_title":"Niezb\u0119dnik rozwoju zawodowego in\u017cyniera automatyka i robotyka | Poradnik Automatyka","og_description":"Przedstawiamy \u201eNiezb\u0119dnik rozwoju zawodowego in\u017cyniera automatyka i robotyka\u201d. Zebrali\u015bmy najwa\u017cniejsze informacje o profilach osobowo\u015bci i stylach zachowa\u0144, kt\u00f3re mo\u017cesz wykorzysta\u0107 do budowania swojej kariery zawodowej. Co znajdziesz w naszym Niezb\u0119dniku? Warto zacz\u0105\u0107 od lektury artyku\u0142u wprowadzaj\u0105cego, kt\u00f3ry wyja\u015bni ci: W nast\u0119pnym etapie zapraszamy ci\u0119 do naszej ankiety, kt\u00f3ra pomo\u017ce ci w przybli\u017ceniu pozna\u0107 sw\u00f3j profil [&hellip;]","og_url":"https:\/\/www.astor.com.pl\/poradnikautomatyka\/niezbednik-rozwoju-zawodowego-inzyniera-automatyka-i-robotyka\/","og_site_name":"Poradnik Automatyka","article_modified_time":"2025-03-04T07:52:47+00:00","og_image":[{"width":1000,"height":400,"url":"https:\/\/www.astor.com.pl\/poradnikautomatyka\/wp-content\/uploads\/2025\/03\/profilowanie-naglowek.jpg","type":"image\/jpeg"}],"twitter_card":"summary_large_image","twitter_misc":{"Szacowany czas czytania":"2 minuty"},"schema":{"@context":"https:\/\/schema.org","@graph":[{"@type":"WebPage","@id":"https:\/\/www.astor.com.pl\/poradnikautomatyka\/niezbednik-rozwoju-zawodowego-inzyniera-automatyka-i-robotyka\/","url":"https:\/\/www.astor.com.pl\/poradnikautomatyka\/niezbednik-rozwoju-zawodowego-inzyniera-automatyka-i-robotyka\/","name":"Niezb\u0119dnik rozwoju zawodowego in\u017cyniera automatyka i robotyka | Poradnik Automatyka","isPartOf":{"@id":"https:\/\/www.astor.com.pl\/poradnikautomatyka\/#website"},"primaryImageOfPage":{"@id":"https:\/\/www.astor.com.pl\/poradnikautomatyka\/niezbednik-rozwoju-zawodowego-inzyniera-automatyka-i-robotyka\/#primaryimage"},"image":{"@id":"https:\/\/www.astor.com.pl\/poradnikautomatyka\/niezbednik-rozwoju-zawodowego-inzyniera-automatyka-i-robotyka\/#primaryimage"},"thumbnailUrl":"https:\/\/www.astor.com.pl\/poradnikautomatyka\/wp-content\/uploads\/2025\/03\/profilowanie-naglowek.jpg","datePublished":"2025-02-26T19:23:19+00:00","dateModified":"2025-03-04T07:52:47+00:00","inLanguage":"pl-PL","potentialAction":[{"@type":"ReadAction","target":["https:\/\/www.astor.com.pl\/poradnikautomatyka\/niezbednik-rozwoju-zawodowego-inzyniera-automatyka-i-robotyka\/"]}]},{"@type":"ImageObject","inLanguage":"pl-PL","@id":"https:\/\/www.astor.com.pl\/poradnikautomatyka\/niezbednik-rozwoju-zawodowego-inzyniera-automatyka-i-robotyka\/#primaryimage","url":"https:\/\/www.astor.com.pl\/poradnikautomatyka\/wp-content\/uploads\/2025\/03\/profilowanie-naglowek.jpg","contentUrl":"https:\/\/www.astor.com.pl\/poradnikautomatyka\/wp-content\/uploads\/2025\/03\/profilowanie-naglowek.jpg","width":1000,"height":400},{"@type":"WebSite","@id":"https:\/\/www.astor.com.pl\/poradnikautomatyka\/#website","url":"https:\/\/www.astor.com.pl\/poradnikautomatyka\/","name":"Poradnik Automatyka","description":"Poradnik Automatyka to przydatne kursy, u\u017cyteczne artyku\u0142y i merytoryczne webinary dla ka\u017cdego automatyka i elektryka.","publisher":{"@id":"https:\/\/www.astor.com.pl\/poradnikautomatyka\/#organization"},"potentialAction":[{"@type":"SearchAction","target":{"@type":"EntryPoint","urlTemplate":"https:\/\/www.astor.com.pl\/poradnikautomatyka\/?s={search_term_string}"},"query-input":{"@type":"PropertyValueSpecification","valueRequired":true,"valueName":"search_term_string"}}],"inLanguage":"pl-PL"},{"@type":"Organization","@id":"https:\/\/www.astor.com.pl\/poradnikautomatyka\/#organization","name":"ASTOR","url":"https:\/\/www.astor.com.pl\/poradnikautomatyka\/","logo":{"@type":"ImageObject","inLanguage":"pl-PL","@id":"https:\/\/www.astor.com.pl\/poradnikautomatyka\/#\/schema\/logo\/image\/","url":"https:\/\/www.astor.com.pl\/poradnikautomatyka\/wp-content\/uploads\/2018\/08\/ASTOR_zwykly_sam_logotyp.png","contentUrl":"https:\/\/www.astor.com.pl\/poradnikautomatyka\/wp-content\/uploads\/2018\/08\/ASTOR_zwykly_sam_logotyp.png","width":3322,"height":1078,"caption":"ASTOR"},"image":{"@id":"https:\/\/www.astor.com.pl\/poradnikautomatyka\/#\/schema\/logo\/image\/"}}]}},"_links":{"self":[{"href":"https:\/\/www.astor.com.pl\/poradnikautomatyka\/wp-json\/wp\/v2\/pages\/22121","targetHints":{"allow":["GET"]}}],"collection":[{"href":"https:\/\/www.astor.com.pl\/poradnikautomatyka\/wp-json\/wp\/v2\/pages"}],"about":[{"href":"https:\/\/www.astor.com.pl\/poradnikautomatyka\/wp-json\/wp\/v2\/types\/page"}],"author":[{"embeddable":true,"href":"https:\/\/www.astor.com.pl\/poradnikautomatyka\/wp-json\/wp\/v2\/users\/25"}],"replies":[{"embeddable":true,"href":"https:\/\/www.astor.com.pl\/poradnikautomatyka\/wp-json\/wp\/v2\/comments?post=22121"}],"version-history":[{"count":3,"href":"https:\/\/www.astor.com.pl\/poradnikautomatyka\/wp-json\/wp\/v2\/pages\/22121\/revisions"}],"predecessor-version":[{"id":22285,"href":"https:\/\/www.astor.com.pl\/poradnikautomatyka\/wp-json\/wp\/v2\/pages\/22121\/revisions\/22285"}],"wp:featuredmedia":[{"embeddable":true,"href":"https:\/\/www.astor.com.pl\/poradnikautomatyka\/wp-json\/wp\/v2\/media\/22284"}],"wp:attachment":[{"href":"https:\/\/www.astor.com.pl\/poradnikautomatyka\/wp-json\/wp\/v2\/media?parent=22121"}],"curies":[{"name":"wp","href":"https:\/\/api.w.org\/{rel}","templated":true}]}}