{"id":22115,"date":"2025-02-25T13:02:10","date_gmt":"2025-02-25T12:02:10","guid":{"rendered":"https:\/\/www.astor.com.pl\/poradnikautomatyka\/?page_id=22115"},"modified":"2025-03-04T08:45:52","modified_gmt":"2025-03-04T07:45:52","slug":"profile-osobowosci-ankieta","status":"publish","type":"page","link":"https:\/\/www.astor.com.pl\/poradnikautomatyka\/profile-osobowosci-ankieta\/","title":{"rendered":"Jaki jest tw\u00f3j profil osobowo\u015bci? Sprawd\u017a!"},"content":{"rendered":"\n<div class=\"dowiesz-sie\" style=\"margin-top:40px; margin-bottom:40px\">\n<h3>Niezb\u0119dnik rozwoju zawodowego in\u017cyniera automatyka robotyka<\/h3>\n<a href=\"https:\/\/www.astor.com.pl\/poradnikautomatyka\/po-co-inzynierowi-profilowanie-zawodowe\/\">Wst\u0119p: Po co in\u017cynierowi profilowanie zawodowe?<\/a><br\/>\n<a href=\"https:\/\/www.astor.com.pl\/poradnikautomatyka\/profile-osobowosci-ankieta\/\">Ankieta: Jaki jest tw\u00f3j profil osobowo\u015bci? Sprawd\u017a!<\/a><br\/>\n<a href=\"https:\/\/www.astor.com.pl\/poradnikautomatyka\/charakterystyka-profili-dominacja-adaptacja\/\">Profile \u201eDominacja \u2013 Adaptacja\u201d<\/a><br\/>\n<a href=\"https:\/\/www.astor.com.pl\/poradnikautomatyka\/charakterystyka-profili-komunikatywnosc-stabilizacja\/\">Profile \u201eKomunikatywno\u015b\u0107 \u2013 Stabilizacja\u201d<\/a><br\/>\n<a href=\"https:\/\/www.astor.com.pl\/poradnikautomatyka\/charakterystyka-profili-dominacja-komunikatywnosc\/\">Profile \u201eDominacja \u2013 Komunikatywno\u015b\u0107\u201d<\/a><br\/>\n<a href=\"https:\/\/www.astor.com.pl\/poradnikautomatyka\/charakterystyka-profili-adaptacja-stabilizacja\/\">Profile \u201eAdaptacja \u2013 Stabilizacja\u201d<\/a><br\/>\n<a href=\"https:\/\/www.astor.com.pl\/poradnikautomatyka\/charakterystyka-profili-dominacja-stabilizacja\/\">Profile \u201eDominacja \u2013 Stabilizacja\u201d<\/a><br\/>\n<a href=\"https:\/\/www.astor.com.pl\/poradnikautomatyka\/charakterystyka-profili-komunikatywnosc-adaptacja\/\">Profile \u201eKomunikatywno\u015b\u0107 \u2013 Adaptacja\u201d<\/a><br\/>\n<a href=\"https:\/\/www.astor.com.pl\/poradnikautomatyka\/komunikacja-z-poszczegolnymi-typami-osobowosci-wskazowki-ogolne\/\">Komunikacja z poszczeg\u00f3lnymi typami osobowo\u015bci \u2013 wskaz\u00f3wki og\u00f3lne<\/a><br\/>\n<\/div>\n\n\n\n<figure class=\"wp-block-image size-large\"><img loading=\"lazy\" decoding=\"async\" width=\"840\" height=\"475\" src=\"https:\/\/www.astor.com.pl\/poradnikautomatyka\/wp-content\/uploads\/2025\/03\/profilowanie-ankieta-840x475.jpg\" alt=\"\" class=\"wp-image-22279\" srcset=\"https:\/\/www.astor.com.pl\/poradnikautomatyka\/wp-content\/uploads\/2025\/03\/profilowanie-ankieta-840x475.jpg 840w, https:\/\/www.astor.com.pl\/poradnikautomatyka\/wp-content\/uploads\/2025\/03\/profilowanie-ankieta-768x434.jpg 768w, https:\/\/www.astor.com.pl\/poradnikautomatyka\/wp-content\/uploads\/2025\/03\/profilowanie-ankieta.jpg 1000w\" sizes=\"auto, (max-width: 840px) 100vw, 840px\" \/><\/figure>\n\n\n\n<div style=\"height:30px\" aria-hidden=\"true\" class=\"wp-block-spacer\"><\/div>\n\n\n\n<p>Je\u017celi chcesz sprawdzi\u0107 sw\u00f3j orientacyjny profil osobowo\u015bci, mo\u017cesz skorzysta\u0107 z poni\u017cszej ankiety. Zaznacz wszystkie stwierdzenia, kt\u00f3re s\u0105 prawdziwe w twoim przypadku.<\/p>\n\n\n\n<p><strong>Pami\u0119taj! To nie jest test psychometryczny. Nie mo\u017ce on zast\u0105pi\u0107 profesjonalnego badania. Wyniki s\u0105 tylko orientacyjne.<\/strong><\/p>\n\n\n\n<p>Gdy ju\u017c poznasz wynik, mo\u017cesz sprawdzi\u0107 najwa\u017cniejsze informacje o swoim profilu osobowo\u015bci. <strong>Linki znajduj\u0105 si\u0119 pod ankiet\u0105<\/strong>.<\/p>\n\n\n\n<div style=\"height:30px\" aria-hidden=\"true\" class=\"wp-block-spacer\"><\/div>\n\n\n\n<iframe src=\"https:\/\/www.webankieta.pl\/ankieta\/1424719\/profile-osobowosci.html?iframe=1\" scrolling=\"auto\" frameborder=\"0\" id=\"AutoIframeHeight\" width=\"100%\"><\/iframe><script type=\"text\/javascript\">(window.addEventListener||window.attachEvent)(window.addEventListener?\"message\":\"onmessage\",function(e){if(e.data&&\"AutoIframeHeight\"==e.data.name){document.getElementById(e.data.name).scrolling=\"NO\";var t=function(t){if(e.data.value){var n=document.getElementById(e.data.name);if(n.height=e.data.value,e.data.scroll&&!t){var a=n.getBoundingClientRect().top+document.documentElement.scrollTop;window.scrollTo(0,a)}}};t(!1),setTimeout(function(){t(!0)},1e3)}});<\/script>\n\n\n\n<div style=\"height:50px\" aria-hidden=\"true\" class=\"wp-block-spacer\"><\/div>\n\n\n\n<p>Wska\u017c, kt\u00f3re dwa typy osobowo\u015bci uzyska\u0142y najwy\u017csze warto\u015bci &#8211; i wybierz odpowiedni link:<\/p>\n\n\n\n<p><a href=\"https:\/\/www.astor.com.pl\/poradnikautomatyka\/charakterystyka-profili-dominacja-adaptacja\/\">Dominacja i Adaptacja<\/a><br><a href=\"https:\/\/www.astor.com.pl\/poradnikautomatyka\/charakterystyka-profili-komunikatywnosc-stabilizacja\/\">Komunikatywno\u015b\u0107 i Stabilizacja<\/a><br><a href=\"https:\/\/www.astor.com.pl\/poradnikautomatyka\/charakterystyka-profili-dominacja-komunikatywnosc\/\">Dominacja i Komunikatywno\u015b\u0107<\/a><br><a href=\"https:\/\/www.astor.com.pl\/poradnikautomatyka\/charakterystyka-profili-adaptacja-stabilizacja\/\">Adaptacja i Stabilizacja<\/a><br><a href=\"https:\/\/www.astor.com.pl\/poradnikautomatyka\/charakterystyka-profili-dominacja-stabilizacja\/\">Dominacja i Stabilizacja<\/a><br><a href=\"https:\/\/www.astor.com.pl\/poradnikautomatyka\/charakterystyka-profili-komunikatywnosc-adaptacja\/\">Komunikatywno\u015b\u0107 i Adaptacja<\/a><\/p>\n\n\n\n<div style=\"height:50px\" aria-hidden=\"true\" class=\"wp-block-spacer\"><\/div>\n","protected":false},"excerpt":{"rendered":"<p>Je\u017celi chcesz sprawdzi\u0107 sw\u00f3j orientacyjny profil osobowo\u015bci, mo\u017cesz skorzysta\u0107 z poni\u017cszej ankiety. Zaznacz wszystkie stwierdzenia, kt\u00f3re s\u0105 prawdziwe w twoim przypadku. Pami\u0119taj! To nie jest test psychometryczny. Nie mo\u017ce on zast\u0105pi\u0107 profesjonalnego badania. Wyniki s\u0105 tylko orientacyjne. Gdy ju\u017c poznasz wynik, mo\u017cesz sprawdzi\u0107 najwa\u017cniejsze informacje o swoim profilu osobowo\u015bci. Linki znajduj\u0105 si\u0119 pod ankiet\u0105. Wska\u017c, [&hellip;]<\/p>\n","protected":false},"author":25,"featured_media":22279,"parent":0,"menu_order":0,"comment_status":"closed","ping_status":"closed","template":"","meta":{"_acf_changed":false,"footnotes":""},"class_list":["post-22115","page","type-page","status-publish","has-post-thumbnail","hentry"],"acf":[],"yoast_head":"<!-- This site is optimized with the Yoast SEO plugin v27.3 - https:\/\/yoast.com\/product\/yoast-seo-wordpress\/ -->\r\n<title>Jaki jest tw\u00f3j profil osobowo\u015bci? Sprawd\u017a! | Poradnik Automatyka<\/title>\r\n<meta name=\"robots\" content=\"index, follow, max-snippet:-1, max-image-preview:large, max-video-preview:-1\" \/>\r\n<link rel=\"canonical\" href=\"https:\/\/www.astor.com.pl\/poradnikautomatyka\/profile-osobowosci-ankieta\/\" \/>\r\n<meta property=\"og:locale\" content=\"pl_PL\" \/>\r\n<meta property=\"og:type\" content=\"article\" \/>\r\n<meta property=\"og:title\" content=\"Jaki jest tw\u00f3j profil osobowo\u015bci? Sprawd\u017a! | Poradnik Automatyka\" \/>\r\n<meta property=\"og:description\" content=\"Je\u017celi chcesz sprawdzi\u0107 sw\u00f3j orientacyjny profil osobowo\u015bci, mo\u017cesz skorzysta\u0107 z poni\u017cszej ankiety. Zaznacz wszystkie stwierdzenia, kt\u00f3re s\u0105 prawdziwe w twoim przypadku. Pami\u0119taj! To nie jest test psychometryczny. Nie mo\u017ce on zast\u0105pi\u0107 profesjonalnego badania. Wyniki s\u0105 tylko orientacyjne. Gdy ju\u017c poznasz wynik, mo\u017cesz sprawdzi\u0107 najwa\u017cniejsze informacje o swoim profilu osobowo\u015bci. Linki znajduj\u0105 si\u0119 pod ankiet\u0105. Wska\u017c, [&hellip;]\" \/>\r\n<meta property=\"og:url\" content=\"https:\/\/www.astor.com.pl\/poradnikautomatyka\/profile-osobowosci-ankieta\/\" \/>\r\n<meta property=\"og:site_name\" content=\"Poradnik Automatyka\" \/>\r\n<meta property=\"article:modified_time\" content=\"2025-03-04T07:45:52+00:00\" \/>\r\n<meta property=\"og:image\" content=\"https:\/\/www.astor.com.pl\/poradnikautomatyka\/wp-content\/uploads\/2025\/03\/profilowanie-ankieta.jpg\" \/>\r\n\t<meta property=\"og:image:width\" content=\"1000\" \/>\r\n\t<meta property=\"og:image:height\" content=\"565\" \/>\r\n\t<meta property=\"og:image:type\" content=\"image\/jpeg\" \/>\r\n<meta name=\"twitter:card\" content=\"summary_large_image\" \/>\r\n<meta name=\"twitter:label1\" content=\"Szacowany czas czytania\" \/>\n\t<meta name=\"twitter:data1\" content=\"2 minuty\" \/>\r\n<script type=\"application\/ld+json\" class=\"yoast-schema-graph\">{\"@context\":\"https:\\\/\\\/schema.org\",\"@graph\":[{\"@type\":\"WebPage\",\"@id\":\"https:\\\/\\\/www.astor.com.pl\\\/poradnikautomatyka\\\/profile-osobowosci-ankieta\\\/\",\"url\":\"https:\\\/\\\/www.astor.com.pl\\\/poradnikautomatyka\\\/profile-osobowosci-ankieta\\\/\",\"name\":\"Jaki jest tw\u00f3j profil osobowo\u015bci? Sprawd\u017a! | Poradnik Automatyka\",\"isPartOf\":{\"@id\":\"https:\\\/\\\/www.astor.com.pl\\\/poradnikautomatyka\\\/#website\"},\"primaryImageOfPage\":{\"@id\":\"https:\\\/\\\/www.astor.com.pl\\\/poradnikautomatyka\\\/profile-osobowosci-ankieta\\\/#primaryimage\"},\"image\":{\"@id\":\"https:\\\/\\\/www.astor.com.pl\\\/poradnikautomatyka\\\/profile-osobowosci-ankieta\\\/#primaryimage\"},\"thumbnailUrl\":\"https:\\\/\\\/www.astor.com.pl\\\/poradnikautomatyka\\\/wp-content\\\/uploads\\\/2025\\\/03\\\/profilowanie-ankieta.jpg\",\"datePublished\":\"2025-02-25T12:02:10+00:00\",\"dateModified\":\"2025-03-04T07:45:52+00:00\",\"inLanguage\":\"pl-PL\",\"potentialAction\":[{\"@type\":\"ReadAction\",\"target\":[\"https:\\\/\\\/www.astor.com.pl\\\/poradnikautomatyka\\\/profile-osobowosci-ankieta\\\/\"]}]},{\"@type\":\"ImageObject\",\"inLanguage\":\"pl-PL\",\"@id\":\"https:\\\/\\\/www.astor.com.pl\\\/poradnikautomatyka\\\/profile-osobowosci-ankieta\\\/#primaryimage\",\"url\":\"https:\\\/\\\/www.astor.com.pl\\\/poradnikautomatyka\\\/wp-content\\\/uploads\\\/2025\\\/03\\\/profilowanie-ankieta.jpg\",\"contentUrl\":\"https:\\\/\\\/www.astor.com.pl\\\/poradnikautomatyka\\\/wp-content\\\/uploads\\\/2025\\\/03\\\/profilowanie-ankieta.jpg\",\"width\":1000,\"height\":565},{\"@type\":\"WebSite\",\"@id\":\"https:\\\/\\\/www.astor.com.pl\\\/poradnikautomatyka\\\/#website\",\"url\":\"https:\\\/\\\/www.astor.com.pl\\\/poradnikautomatyka\\\/\",\"name\":\"Poradnik Automatyka\",\"description\":\"Poradnik Automatyka to przydatne kursy, u\u017cyteczne artyku\u0142y i merytoryczne webinary dla ka\u017cdego automatyka i elektryka.\",\"publisher\":{\"@id\":\"https:\\\/\\\/www.astor.com.pl\\\/poradnikautomatyka\\\/#organization\"},\"potentialAction\":[{\"@type\":\"SearchAction\",\"target\":{\"@type\":\"EntryPoint\",\"urlTemplate\":\"https:\\\/\\\/www.astor.com.pl\\\/poradnikautomatyka\\\/?s={search_term_string}\"},\"query-input\":{\"@type\":\"PropertyValueSpecification\",\"valueRequired\":true,\"valueName\":\"search_term_string\"}}],\"inLanguage\":\"pl-PL\"},{\"@type\":\"Organization\",\"@id\":\"https:\\\/\\\/www.astor.com.pl\\\/poradnikautomatyka\\\/#organization\",\"name\":\"ASTOR\",\"url\":\"https:\\\/\\\/www.astor.com.pl\\\/poradnikautomatyka\\\/\",\"logo\":{\"@type\":\"ImageObject\",\"inLanguage\":\"pl-PL\",\"@id\":\"https:\\\/\\\/www.astor.com.pl\\\/poradnikautomatyka\\\/#\\\/schema\\\/logo\\\/image\\\/\",\"url\":\"https:\\\/\\\/www.astor.com.pl\\\/poradnikautomatyka\\\/wp-content\\\/uploads\\\/2018\\\/08\\\/ASTOR_zwykly_sam_logotyp.png\",\"contentUrl\":\"https:\\\/\\\/www.astor.com.pl\\\/poradnikautomatyka\\\/wp-content\\\/uploads\\\/2018\\\/08\\\/ASTOR_zwykly_sam_logotyp.png\",\"width\":3322,\"height\":1078,\"caption\":\"ASTOR\"},\"image\":{\"@id\":\"https:\\\/\\\/www.astor.com.pl\\\/poradnikautomatyka\\\/#\\\/schema\\\/logo\\\/image\\\/\"}}]}<\/script>\r\n<!-- \/ Yoast SEO plugin. -->","yoast_head_json":{"title":"Jaki jest tw\u00f3j profil osobowo\u015bci? Sprawd\u017a! | Poradnik Automatyka","robots":{"index":"index","follow":"follow","max-snippet":"max-snippet:-1","max-image-preview":"max-image-preview:large","max-video-preview":"max-video-preview:-1"},"canonical":"https:\/\/www.astor.com.pl\/poradnikautomatyka\/profile-osobowosci-ankieta\/","og_locale":"pl_PL","og_type":"article","og_title":"Jaki jest tw\u00f3j profil osobowo\u015bci? Sprawd\u017a! | Poradnik Automatyka","og_description":"Je\u017celi chcesz sprawdzi\u0107 sw\u00f3j orientacyjny profil osobowo\u015bci, mo\u017cesz skorzysta\u0107 z poni\u017cszej ankiety. Zaznacz wszystkie stwierdzenia, kt\u00f3re s\u0105 prawdziwe w twoim przypadku. Pami\u0119taj! To nie jest test psychometryczny. Nie mo\u017ce on zast\u0105pi\u0107 profesjonalnego badania. Wyniki s\u0105 tylko orientacyjne. Gdy ju\u017c poznasz wynik, mo\u017cesz sprawdzi\u0107 najwa\u017cniejsze informacje o swoim profilu osobowo\u015bci. Linki znajduj\u0105 si\u0119 pod ankiet\u0105. Wska\u017c, [&hellip;]","og_url":"https:\/\/www.astor.com.pl\/poradnikautomatyka\/profile-osobowosci-ankieta\/","og_site_name":"Poradnik Automatyka","article_modified_time":"2025-03-04T07:45:52+00:00","og_image":[{"width":1000,"height":565,"url":"https:\/\/www.astor.com.pl\/poradnikautomatyka\/wp-content\/uploads\/2025\/03\/profilowanie-ankieta.jpg","type":"image\/jpeg"}],"twitter_card":"summary_large_image","twitter_misc":{"Szacowany czas czytania":"2 minuty"},"schema":{"@context":"https:\/\/schema.org","@graph":[{"@type":"WebPage","@id":"https:\/\/www.astor.com.pl\/poradnikautomatyka\/profile-osobowosci-ankieta\/","url":"https:\/\/www.astor.com.pl\/poradnikautomatyka\/profile-osobowosci-ankieta\/","name":"Jaki jest tw\u00f3j profil osobowo\u015bci? Sprawd\u017a! | Poradnik Automatyka","isPartOf":{"@id":"https:\/\/www.astor.com.pl\/poradnikautomatyka\/#website"},"primaryImageOfPage":{"@id":"https:\/\/www.astor.com.pl\/poradnikautomatyka\/profile-osobowosci-ankieta\/#primaryimage"},"image":{"@id":"https:\/\/www.astor.com.pl\/poradnikautomatyka\/profile-osobowosci-ankieta\/#primaryimage"},"thumbnailUrl":"https:\/\/www.astor.com.pl\/poradnikautomatyka\/wp-content\/uploads\/2025\/03\/profilowanie-ankieta.jpg","datePublished":"2025-02-25T12:02:10+00:00","dateModified":"2025-03-04T07:45:52+00:00","inLanguage":"pl-PL","potentialAction":[{"@type":"ReadAction","target":["https:\/\/www.astor.com.pl\/poradnikautomatyka\/profile-osobowosci-ankieta\/"]}]},{"@type":"ImageObject","inLanguage":"pl-PL","@id":"https:\/\/www.astor.com.pl\/poradnikautomatyka\/profile-osobowosci-ankieta\/#primaryimage","url":"https:\/\/www.astor.com.pl\/poradnikautomatyka\/wp-content\/uploads\/2025\/03\/profilowanie-ankieta.jpg","contentUrl":"https:\/\/www.astor.com.pl\/poradnikautomatyka\/wp-content\/uploads\/2025\/03\/profilowanie-ankieta.jpg","width":1000,"height":565},{"@type":"WebSite","@id":"https:\/\/www.astor.com.pl\/poradnikautomatyka\/#website","url":"https:\/\/www.astor.com.pl\/poradnikautomatyka\/","name":"Poradnik Automatyka","description":"Poradnik Automatyka to przydatne kursy, u\u017cyteczne artyku\u0142y i merytoryczne webinary dla ka\u017cdego automatyka i elektryka.","publisher":{"@id":"https:\/\/www.astor.com.pl\/poradnikautomatyka\/#organization"},"potentialAction":[{"@type":"SearchAction","target":{"@type":"EntryPoint","urlTemplate":"https:\/\/www.astor.com.pl\/poradnikautomatyka\/?s={search_term_string}"},"query-input":{"@type":"PropertyValueSpecification","valueRequired":true,"valueName":"search_term_string"}}],"inLanguage":"pl-PL"},{"@type":"Organization","@id":"https:\/\/www.astor.com.pl\/poradnikautomatyka\/#organization","name":"ASTOR","url":"https:\/\/www.astor.com.pl\/poradnikautomatyka\/","logo":{"@type":"ImageObject","inLanguage":"pl-PL","@id":"https:\/\/www.astor.com.pl\/poradnikautomatyka\/#\/schema\/logo\/image\/","url":"https:\/\/www.astor.com.pl\/poradnikautomatyka\/wp-content\/uploads\/2018\/08\/ASTOR_zwykly_sam_logotyp.png","contentUrl":"https:\/\/www.astor.com.pl\/poradnikautomatyka\/wp-content\/uploads\/2018\/08\/ASTOR_zwykly_sam_logotyp.png","width":3322,"height":1078,"caption":"ASTOR"},"image":{"@id":"https:\/\/www.astor.com.pl\/poradnikautomatyka\/#\/schema\/logo\/image\/"}}]}},"_links":{"self":[{"href":"https:\/\/www.astor.com.pl\/poradnikautomatyka\/wp-json\/wp\/v2\/pages\/22115","targetHints":{"allow":["GET"]}}],"collection":[{"href":"https:\/\/www.astor.com.pl\/poradnikautomatyka\/wp-json\/wp\/v2\/pages"}],"about":[{"href":"https:\/\/www.astor.com.pl\/poradnikautomatyka\/wp-json\/wp\/v2\/types\/page"}],"author":[{"embeddable":true,"href":"https:\/\/www.astor.com.pl\/poradnikautomatyka\/wp-json\/wp\/v2\/users\/25"}],"replies":[{"embeddable":true,"href":"https:\/\/www.astor.com.pl\/poradnikautomatyka\/wp-json\/wp\/v2\/comments?post=22115"}],"version-history":[{"count":3,"href":"https:\/\/www.astor.com.pl\/poradnikautomatyka\/wp-json\/wp\/v2\/pages\/22115\/revisions"}],"predecessor-version":[{"id":22283,"href":"https:\/\/www.astor.com.pl\/poradnikautomatyka\/wp-json\/wp\/v2\/pages\/22115\/revisions\/22283"}],"wp:featuredmedia":[{"embeddable":true,"href":"https:\/\/www.astor.com.pl\/poradnikautomatyka\/wp-json\/wp\/v2\/media\/22279"}],"wp:attachment":[{"href":"https:\/\/www.astor.com.pl\/poradnikautomatyka\/wp-json\/wp\/v2\/media?parent=22115"}],"curies":[{"name":"wp","href":"https:\/\/api.w.org\/{rel}","templated":true}]}}