{"id":19669,"date":"2023-11-17T17:10:30","date_gmt":"2023-11-17T16:10:30","guid":{"rendered":"https:\/\/www.astor.com.pl\/poradnikautomatyka\/?page_id=19669"},"modified":"2023-11-17T17:13:16","modified_gmt":"2023-11-17T16:13:16","slug":"kurs-konfiguracji-zdalnego-dostepu-do-paneli-astraada-hmi","status":"publish","type":"page","link":"https:\/\/www.astor.com.pl\/poradnikautomatyka\/kurs-konfiguracji-zdalnego-dostepu-do-paneli-astraada-hmi\/","title":{"rendered":"Kurs konfiguracji zdalnego dost\u0119pu do paneli Astraada HMI"},"content":{"rendered":"<div class=\"wp-block-image\">\n<figure class=\"aligncenter size-full\"><img loading=\"lazy\" decoding=\"async\" width=\"1292\" height=\"932\" src=\"https:\/\/www.astor.com.pl\/poradnikautomatyka\/wp-content\/uploads\/2022\/11\/1-idcs-schemat.jpg\" alt=\"\" class=\"wp-image-15054\" srcset=\"https:\/\/www.astor.com.pl\/poradnikautomatyka\/wp-content\/uploads\/2022\/11\/1-idcs-schemat.jpg 1292w, https:\/\/www.astor.com.pl\/poradnikautomatyka\/wp-content\/uploads\/2022\/11\/1-idcs-schemat-840x606.jpg 840w, https:\/\/www.astor.com.pl\/poradnikautomatyka\/wp-content\/uploads\/2022\/11\/1-idcs-schemat-768x554.jpg 768w\" sizes=\"auto, (max-width: 1292px) 100vw, 1292px\" \/><\/figure>\n<\/div>\n\n\n<div style=\"height:64px\" aria-hidden=\"true\" class=\"wp-block-spacer\"><\/div>\n\n\n\n<p><strong>W ramach naszego kursu nauczysz si\u0119, jak konfigurowa\u0107 i uruchamia\u0107 zdalny dost\u0119p do paneli operatorskich Astraada HMI z wykorzystaniem us\u0142ugi IDCS.<\/strong><\/p>\n\n\n\n<p>IDCS jest us\u0142ug\u0105 pozwalaj\u0105c\u0105 na zdalne \u0142\u0105czenie si\u0119 z panelem Astraada HMI, dzi\u0119ki czemu mo\u017cliwe jest:<\/p>\n\n\n\n<ul class=\"wp-block-list\">\n<li>Zdalne wgrywanie programu do panelu (aplikacja Astraada HMI CFG).<\/li>\n\n\n\n<li>Zdalna kontrola panelu (aplikacja tManager) w tym zmiany ustawie\u0144 kart sieciowych.<\/li>\n\n\n\n<li>Zdalny restart panelu.<\/li>\n\n\n\n<li>Po\u0142\u0105czenie z urz\u0105dzeniami b\u0119d\u0105cymi w tej samej podsieci co panel, np. w celu programowania b\u0105d\u017a diagnostyki tych urz\u0105dze\u0144 (aplikacja tManager).<\/li>\n\n\n\n<li>Zdalny dost\u0119p do urz\u0105dze\u0144 po\u0142\u0105czonych z panelem na portach szeregowych, np. w celu diagnostyki b\u0105d\u017a programowania tych urz\u0105dze\u0144 (aplikacja tManager).<\/li>\n\n\n\n<li>Zdalny interaktywny podgl\u0105d wizualizacji na panelu z poziomu komputer\u00f3w PC (aplikacja PanelVision) &#8211; <strong>tylko w panelach serii AS46<\/strong>.<\/li>\n\n\n\n<li>Zdalny interaktywny podgl\u0105d wizualizacji na panelu z poziomu urz\u0105dze\u0144 mobilnych z systemami Android b\u0105d\u017a iOS &#8211; <strong>tylko w panelach serii AS46<\/strong>.<\/li>\n<\/ul>\n\n\n\n<div style=\"height:50px\" aria-hidden=\"true\" class=\"wp-block-spacer\"><\/div>\n\n\n\n<h2 class=\"wp-block-heading\">Odcinki kursu<\/h2>\n\n\n\n<div class=\"dowiesz-sie\" style=\"margin-top:40px; margin-bottom:40px\">\n<a href=\"https:\/\/www.astor.com.pl\/poradnikautomatyka\/kurs-konfiguracji-zdalnego-dostepu-do-paneli-astraada-hmi\/\"><h3>Kurs konfiguracji zdalnego dost\u0119pu do paneli Astraada HMI<\/h3><\/a>\n<a href=\"https:\/\/www.astor.com.pl\/poradnikautomatyka\/astraada-hmi-w-chmurze-zdalny-dostep-do-paneli-operatorskich\/\">Wst\u0119p. Zdalny dost\u0119p do paneli operatorskich &#8211; czym jest us\u0142uga IDCS?<\/a><br\/>\n<a href=\"https:\/\/www.astor.com.pl\/poradnikautomatyka\/konfigurowanie-i-administracja-uslugi-idcs-kurs-konfiguracji-zdalnego-dostepu-do-paneli-astraada-hmi-odc-1\/\">1. Konfigurowanie i administracja us\u0142ugi IDCS.<\/a><br\/>\n<a href=\"https:\/\/www.astor.com.pl\/poradnikautomatyka\/na-co-zwrocic-uwage-przy-tworzeniu-aplikacji-wizualizacyjnych-w-usludze-idcs-kurs-konfiguracji-zdalnego-dostepu-do-paneli-astraada-hmi-odc-2\/\">2. Na co zwr\u00f3ci\u0107 uwag\u0119 przy tworzeniu aplikacji wizualizacyjnych w us\u0142udze IDCS.<\/a><br\/>\n<a href=\"https:\/\/www.astor.com.pl\/poradnikautomatyka\/konfiguracja-oprogramowania-tmanager-w-usludze-idcs-do-zdalnego-programowania-innych-urzadzen-kurs-konfiguracji-zdalnego-dostepu-do-paneli-astraada-hmi-odc-3\/\">3. Konfiguracja oprogramowania tManager w us\u0142udze IDCS do zdalnego programowania innych urz\u0105dze\u0144.<\/a><br\/>\n<a href=\"https:\/\/www.astor.com.pl\/poradnikautomatyka\/instalacja-oraz-konfiguracja-aplikacji-mobilnej-hmi-in-hand-w-usludze-idcs-do-nawiazywania-zdalnego-polaczenia-z-panelem-hmi-kurs-konfiguracji-zdalnego-dostepu-do-paneli-astraada-hmi-odc-4\/\">4. Instalacja oraz konfiguracja aplikacji mobilnej HMI in Hand w us\u0142udze IDCS do nawi\u0105zywania zdalnego po\u0142\u0105czenia z panelem HMI.<\/a><br\/>\n<a href=\"https:\/\/www.astor.com.pl\/poradnikautomatyka\/instalacja-oraz-konfiguracja-oprogramowania-panelvision-w-usludze-idcs-do-nawiazywania-zdalnego-polaczenia-z-panelem-hmi-kurs-konfiguracji-zdalnego-dostepu-do-paneli-astraada-hmi-odc-5\/\">5. Instalacja oraz konfiguracja oprogramowania PanelVision w us\u0142udze IDCS do nawi\u0105zywania zdalnego po\u0142\u0105czenia z panelem HMI.<\/a><br\/>\n<\/div>\n\n\n\n<div style=\"height:30px\" aria-hidden=\"true\" class=\"wp-block-spacer\"><\/div>\n\n\n\n<p><strong><a href=\"https:\/\/www.astor.com.pl\/produkty\/sterowanie\/panele-operatorskie\/astraada-hmi-panel.html\" target=\"_blank\" rel=\"noreferrer noopener\">Dowiedz si\u0119 wi\u0119cej<\/a> o panelach operatorskich Astraada HMI<\/strong>.<\/p>\n\n\n\n<p>Panele operatorskie Astraada HMI mo\u017cesz kupi\u0107 w <a href=\"https:\/\/www.astor.com.pl\/sklep\/sterowanie\/panele-operatorskie\/astraada-hmi-panel.html\" target=\"_blank\" rel=\"noreferrer noopener\">sklepie internetowym ASTOR<\/a>.<\/p>\n\n\n\n<div style=\"height:30px\" aria-hidden=\"true\" class=\"wp-block-spacer\"><\/div>\n\n\n\n            <div id=\"mailerlite-form_9\" data-temp-id=\"69de7258840c5\">\n                <div class=\"mailerlite-form\">\n                    <form action=\"\" method=\"post\" novalidate>\n                                                    <div class=\"mailerlite-form-title\"><h3>Newsletter Poradnika Automatyka<\/h3><\/div>\n                                                <div class=\"mailerlite-form-description\"><p>Czytaj trendy i inspiracje, podstawy automatyki, automatyk\u0119 w praktyce<\/p>\n<\/div>\n                        <div class=\"mailerlite-form-inputs\">\n                                                                                            <div class=\"mailerlite-form-field\">\n                                    <label for=\"mailerlite-9-field-email\">Email<\/label>\n                                    <input id=\"mailerlite-9-field-email\"\n                                           type=\"email\" required=\"required\"                                            name=\"form_fields[email]\"\n                                           placeholder=\"Email\"\/>\n                                <\/div>\n                                                        <div class=\"mailerlite-form-loader\">Please wait...<\/div>\n                            <div class=\"mailerlite-subscribe-button-container\">\n                                <button class=\"mailerlite-subscribe-submit\" type=\"submit\">\n                                    Zapisz si\u0119                                <\/button>\n                            <\/div>\n                            <input type=\"hidden\" name=\"form_id\" value=\"9\"\/>\n                            <input type=\"hidden\" name=\"action\" value=\"mailerlite_subscribe_form\"\/>\n                            <input type=\"hidden\" name=\"ml_nonce\" value=\"995c7c8d1f\"\/>\n                        <\/div>\n                        <div class=\"mailerlite-form-response\">\n                                                            <h4><p>Dzi\u0119kujemy za zapis do newslettera!<\/p>\n<\/h4>\n                                                    <\/div>\n                    <\/form>\n                <\/div>\n            <\/div>\n        <script type=\"text\/javascript\" src='https:\/\/www.astor.com.pl\/poradnikautomatyka\/wp-content\/plugins\/official-mailerlite-sign-up-forms\/assets\/js\/localization\/validation-messages.js'><\/script>\n         <script type=\"text\/javascript\"> var selectedLanguage = \"pl\"; var validationMessages = messages[\"en\"]; if(selectedLanguage) { validationMessages = messages[selectedLanguage]; } window.addEventListener(\"load\", function () { var form_container = document.querySelector(`#mailerlite-form_9[data-temp-id=\"69de7258840c5\"] form`); let submitButton = form_container.querySelector('.mailerlite-subscribe-submit'); submitButton.disabled = true; fetch('https:\/\/www.astor.com.pl\/poradnikautomatyka\/wp-admin\/admin-ajax.php', { method: 'POST', headers:{ 'Content-Type': 'application\/x-www-form-urlencoded', }, body: new URLSearchParams({ \"action\" : \"ml_create_nonce\", \"ml_nonce\" : form_container.querySelector(\"input[name='ml_nonce']\").value }) }) .then((response) => response.json()) .then((json) => { if(json.success) { form_container.querySelector(\"input[name='ml_nonce']\").value = json.data.ml_nonce; submitButton.disabled = false; } }) .catch((error) => { console.error('Error:', error); }); form_container.addEventListener('submit', (e) => { e.preventDefault(); let data = new URLSearchParams(new FormData(form_container)).toString(); let validationError = false; document.querySelectorAll('.mailerlite-form-error').forEach(el => el.remove()); Array.from(form_container.elements).forEach((input) => { if(input.type !== 'hidden') { if(input.required) { if(input.value == '') { validationError = true; let error = document.createElement(\"span\"); error.className = 'mailerlite-form-error'; error.textContent = validationMessages.required; input.after(error); return false; } } if((input.type == \"email\") && (!validateEmail(input.value))) { validationError = true; let error = document.createElement(\"span\"); error.className = 'mailerlite-form-error'; error.textContent = validationMessages.email; input.after(error); return false; } } }); if(validationError) { return false; } fade.out(form_container.querySelector('.mailerlite-subscribe-button-container'), () => { fade.in(form_container.querySelector('.mailerlite-form-loader')); }); fetch('https:\/\/www.astor.com.pl\/poradnikautomatyka\/wp-admin\/admin-ajax.php', { method: 'POST', headers:{ 'Content-Type': 'application\/x-www-form-urlencoded', }, body: data }) .then((response) => { fade.out(form_container.querySelector('.mailerlite-form-inputs'), () => { fade.in(form_container.querySelector('.mailerlite-form-response')); }); }) .catch((error) => { console.error('Error:', error); }); }); }, false); var fade = { out: function(el, fn = false) { var fadeOutEffect = setInterval(function () { if (!el.style.opacity) { el.style.opacity = 1; } if (el.style.opacity > 0) { el.style.opacity -= 0.1; } else { el.style.display = 'none'; clearInterval(fadeOutEffect); } }, 50); if( typeof (fn) == 'function') { fn(); } }, in: function(el) { var fadeInEffect = setInterval(function () { if (!el.style.opacity) { el.style.opacity = 0; } if (el.style.opacity < 1) { el.style.opacity = Number(el.style.opacity) + 0.1; } else { el.style.display = 'block'; clearInterval(fadeInEffect); } }, 50); } }; function validateEmail(email){ if(email.match( \/^(([^<>()[\\]\\\\.,;:\\s@\\\"]+(\\.[^<>()[\\]\\\\.,;:\\s@\\\"]+)*)|(\\\".+\\\"))@((\\[[0-9]{1,3}\\.[0-9]{1,3}\\.[0-9]{1,3}\\.[0-9]{1,3}\\])|(([a-zA-Z\\-0-9]+\\.)+[a-zA-Z]{2,}))$\/ )) { return true; } return false; } <\/script> \n","protected":false},"excerpt":{"rendered":"<p>W ramach naszego kursu nauczysz si\u0119, jak konfigurowa\u0107 i uruchamia\u0107 zdalny dost\u0119p do paneli operatorskich Astraada HMI z wykorzystaniem us\u0142ugi IDCS. IDCS jest us\u0142ug\u0105 pozwalaj\u0105c\u0105 na zdalne \u0142\u0105czenie si\u0119 z panelem Astraada HMI, dzi\u0119ki czemu mo\u017cliwe jest: Odcinki kursu Dowiedz si\u0119 wi\u0119cej o panelach operatorskich Astraada HMI. Panele operatorskie Astraada HMI mo\u017cesz kupi\u0107 w sklepie [&hellip;]<\/p>\n","protected":false},"author":50,"featured_media":15054,"parent":0,"menu_order":0,"comment_status":"closed","ping_status":"closed","template":"","meta":{"_acf_changed":false,"footnotes":""},"class_list":["post-19669","page","type-page","status-publish","has-post-thumbnail","hentry"],"acf":[],"yoast_head":"<!-- This site is optimized with the Yoast SEO plugin v27.3 - https:\/\/yoast.com\/product\/yoast-seo-wordpress\/ -->\r\n<title>Kurs konfiguracji zdalnego dost\u0119pu do paneli Astraada HMI | Poradnik Automatyka<\/title>\r\n<meta name=\"robots\" content=\"index, follow, max-snippet:-1, max-image-preview:large, max-video-preview:-1\" \/>\r\n<link rel=\"canonical\" href=\"https:\/\/www.astor.com.pl\/poradnikautomatyka\/kurs-konfiguracji-zdalnego-dostepu-do-paneli-astraada-hmi\/\" \/>\r\n<meta property=\"og:locale\" content=\"pl_PL\" \/>\r\n<meta property=\"og:type\" content=\"article\" \/>\r\n<meta property=\"og:title\" content=\"Kurs konfiguracji zdalnego dost\u0119pu do paneli Astraada HMI | Poradnik Automatyka\" \/>\r\n<meta property=\"og:description\" content=\"W ramach naszego kursu nauczysz si\u0119, jak konfigurowa\u0107 i uruchamia\u0107 zdalny dost\u0119p do paneli operatorskich Astraada HMI z wykorzystaniem us\u0142ugi IDCS. IDCS jest us\u0142ug\u0105 pozwalaj\u0105c\u0105 na zdalne \u0142\u0105czenie si\u0119 z panelem Astraada HMI, dzi\u0119ki czemu mo\u017cliwe jest: Odcinki kursu Dowiedz si\u0119 wi\u0119cej o panelach operatorskich Astraada HMI. Panele operatorskie Astraada HMI mo\u017cesz kupi\u0107 w sklepie [&hellip;]\" \/>\r\n<meta property=\"og:url\" content=\"https:\/\/www.astor.com.pl\/poradnikautomatyka\/kurs-konfiguracji-zdalnego-dostepu-do-paneli-astraada-hmi\/\" \/>\r\n<meta property=\"og:site_name\" content=\"Poradnik Automatyka\" \/>\r\n<meta property=\"article:modified_time\" content=\"2023-11-17T16:13:16+00:00\" \/>\r\n<meta property=\"og:image\" content=\"https:\/\/www.astor.com.pl\/poradnikautomatyka\/wp-content\/uploads\/2022\/11\/1-idcs-schemat.jpg\" \/>\r\n\t<meta property=\"og:image:width\" content=\"1292\" \/>\r\n\t<meta property=\"og:image:height\" content=\"932\" \/>\r\n\t<meta property=\"og:image:type\" content=\"image\/jpeg\" \/>\r\n<meta name=\"twitter:card\" content=\"summary_large_image\" \/>\r\n<meta name=\"twitter:label1\" content=\"Szacowany czas czytania\" \/>\n\t<meta name=\"twitter:data1\" content=\"2 minuty\" \/>\r\n<script type=\"application\/ld+json\" class=\"yoast-schema-graph\">{\"@context\":\"https:\\\/\\\/schema.org\",\"@graph\":[{\"@type\":\"WebPage\",\"@id\":\"https:\\\/\\\/www.astor.com.pl\\\/poradnikautomatyka\\\/kurs-konfiguracji-zdalnego-dostepu-do-paneli-astraada-hmi\\\/\",\"url\":\"https:\\\/\\\/www.astor.com.pl\\\/poradnikautomatyka\\\/kurs-konfiguracji-zdalnego-dostepu-do-paneli-astraada-hmi\\\/\",\"name\":\"Kurs konfiguracji zdalnego dost\u0119pu do paneli Astraada HMI | Poradnik Automatyka\",\"isPartOf\":{\"@id\":\"https:\\\/\\\/www.astor.com.pl\\\/poradnikautomatyka\\\/#website\"},\"primaryImageOfPage\":{\"@id\":\"https:\\\/\\\/www.astor.com.pl\\\/poradnikautomatyka\\\/kurs-konfiguracji-zdalnego-dostepu-do-paneli-astraada-hmi\\\/#primaryimage\"},\"image\":{\"@id\":\"https:\\\/\\\/www.astor.com.pl\\\/poradnikautomatyka\\\/kurs-konfiguracji-zdalnego-dostepu-do-paneli-astraada-hmi\\\/#primaryimage\"},\"thumbnailUrl\":\"https:\\\/\\\/www.astor.com.pl\\\/poradnikautomatyka\\\/wp-content\\\/uploads\\\/2022\\\/11\\\/1-idcs-schemat.jpg\",\"datePublished\":\"2023-11-17T16:10:30+00:00\",\"dateModified\":\"2023-11-17T16:13:16+00:00\",\"inLanguage\":\"pl-PL\",\"potentialAction\":[{\"@type\":\"ReadAction\",\"target\":[\"https:\\\/\\\/www.astor.com.pl\\\/poradnikautomatyka\\\/kurs-konfiguracji-zdalnego-dostepu-do-paneli-astraada-hmi\\\/\"]}]},{\"@type\":\"ImageObject\",\"inLanguage\":\"pl-PL\",\"@id\":\"https:\\\/\\\/www.astor.com.pl\\\/poradnikautomatyka\\\/kurs-konfiguracji-zdalnego-dostepu-do-paneli-astraada-hmi\\\/#primaryimage\",\"url\":\"https:\\\/\\\/www.astor.com.pl\\\/poradnikautomatyka\\\/wp-content\\\/uploads\\\/2022\\\/11\\\/1-idcs-schemat.jpg\",\"contentUrl\":\"https:\\\/\\\/www.astor.com.pl\\\/poradnikautomatyka\\\/wp-content\\\/uploads\\\/2022\\\/11\\\/1-idcs-schemat.jpg\",\"width\":1292,\"height\":932},{\"@type\":\"WebSite\",\"@id\":\"https:\\\/\\\/www.astor.com.pl\\\/poradnikautomatyka\\\/#website\",\"url\":\"https:\\\/\\\/www.astor.com.pl\\\/poradnikautomatyka\\\/\",\"name\":\"Poradnik Automatyka\",\"description\":\"Poradnik Automatyka to przydatne kursy, u\u017cyteczne artyku\u0142y i merytoryczne webinary dla ka\u017cdego automatyka i elektryka.\",\"publisher\":{\"@id\":\"https:\\\/\\\/www.astor.com.pl\\\/poradnikautomatyka\\\/#organization\"},\"potentialAction\":[{\"@type\":\"SearchAction\",\"target\":{\"@type\":\"EntryPoint\",\"urlTemplate\":\"https:\\\/\\\/www.astor.com.pl\\\/poradnikautomatyka\\\/?s={search_term_string}\"},\"query-input\":{\"@type\":\"PropertyValueSpecification\",\"valueRequired\":true,\"valueName\":\"search_term_string\"}}],\"inLanguage\":\"pl-PL\"},{\"@type\":\"Organization\",\"@id\":\"https:\\\/\\\/www.astor.com.pl\\\/poradnikautomatyka\\\/#organization\",\"name\":\"ASTOR\",\"url\":\"https:\\\/\\\/www.astor.com.pl\\\/poradnikautomatyka\\\/\",\"logo\":{\"@type\":\"ImageObject\",\"inLanguage\":\"pl-PL\",\"@id\":\"https:\\\/\\\/www.astor.com.pl\\\/poradnikautomatyka\\\/#\\\/schema\\\/logo\\\/image\\\/\",\"url\":\"https:\\\/\\\/www.astor.com.pl\\\/poradnikautomatyka\\\/wp-content\\\/uploads\\\/2018\\\/08\\\/ASTOR_zwykly_sam_logotyp.png\",\"contentUrl\":\"https:\\\/\\\/www.astor.com.pl\\\/poradnikautomatyka\\\/wp-content\\\/uploads\\\/2018\\\/08\\\/ASTOR_zwykly_sam_logotyp.png\",\"width\":3322,\"height\":1078,\"caption\":\"ASTOR\"},\"image\":{\"@id\":\"https:\\\/\\\/www.astor.com.pl\\\/poradnikautomatyka\\\/#\\\/schema\\\/logo\\\/image\\\/\"}}]}<\/script>\r\n<!-- \/ Yoast SEO plugin. -->","yoast_head_json":{"title":"Kurs konfiguracji zdalnego dost\u0119pu do paneli Astraada HMI | Poradnik Automatyka","robots":{"index":"index","follow":"follow","max-snippet":"max-snippet:-1","max-image-preview":"max-image-preview:large","max-video-preview":"max-video-preview:-1"},"canonical":"https:\/\/www.astor.com.pl\/poradnikautomatyka\/kurs-konfiguracji-zdalnego-dostepu-do-paneli-astraada-hmi\/","og_locale":"pl_PL","og_type":"article","og_title":"Kurs konfiguracji zdalnego dost\u0119pu do paneli Astraada HMI | Poradnik Automatyka","og_description":"W ramach naszego kursu nauczysz si\u0119, jak konfigurowa\u0107 i uruchamia\u0107 zdalny dost\u0119p do paneli operatorskich Astraada HMI z wykorzystaniem us\u0142ugi IDCS. IDCS jest us\u0142ug\u0105 pozwalaj\u0105c\u0105 na zdalne \u0142\u0105czenie si\u0119 z panelem Astraada HMI, dzi\u0119ki czemu mo\u017cliwe jest: Odcinki kursu Dowiedz si\u0119 wi\u0119cej o panelach operatorskich Astraada HMI. Panele operatorskie Astraada HMI mo\u017cesz kupi\u0107 w sklepie [&hellip;]","og_url":"https:\/\/www.astor.com.pl\/poradnikautomatyka\/kurs-konfiguracji-zdalnego-dostepu-do-paneli-astraada-hmi\/","og_site_name":"Poradnik Automatyka","article_modified_time":"2023-11-17T16:13:16+00:00","og_image":[{"width":1292,"height":932,"url":"https:\/\/www.astor.com.pl\/poradnikautomatyka\/wp-content\/uploads\/2022\/11\/1-idcs-schemat.jpg","type":"image\/jpeg"}],"twitter_card":"summary_large_image","twitter_misc":{"Szacowany czas czytania":"2 minuty"},"schema":{"@context":"https:\/\/schema.org","@graph":[{"@type":"WebPage","@id":"https:\/\/www.astor.com.pl\/poradnikautomatyka\/kurs-konfiguracji-zdalnego-dostepu-do-paneli-astraada-hmi\/","url":"https:\/\/www.astor.com.pl\/poradnikautomatyka\/kurs-konfiguracji-zdalnego-dostepu-do-paneli-astraada-hmi\/","name":"Kurs konfiguracji zdalnego dost\u0119pu do paneli Astraada HMI | Poradnik Automatyka","isPartOf":{"@id":"https:\/\/www.astor.com.pl\/poradnikautomatyka\/#website"},"primaryImageOfPage":{"@id":"https:\/\/www.astor.com.pl\/poradnikautomatyka\/kurs-konfiguracji-zdalnego-dostepu-do-paneli-astraada-hmi\/#primaryimage"},"image":{"@id":"https:\/\/www.astor.com.pl\/poradnikautomatyka\/kurs-konfiguracji-zdalnego-dostepu-do-paneli-astraada-hmi\/#primaryimage"},"thumbnailUrl":"https:\/\/www.astor.com.pl\/poradnikautomatyka\/wp-content\/uploads\/2022\/11\/1-idcs-schemat.jpg","datePublished":"2023-11-17T16:10:30+00:00","dateModified":"2023-11-17T16:13:16+00:00","inLanguage":"pl-PL","potentialAction":[{"@type":"ReadAction","target":["https:\/\/www.astor.com.pl\/poradnikautomatyka\/kurs-konfiguracji-zdalnego-dostepu-do-paneli-astraada-hmi\/"]}]},{"@type":"ImageObject","inLanguage":"pl-PL","@id":"https:\/\/www.astor.com.pl\/poradnikautomatyka\/kurs-konfiguracji-zdalnego-dostepu-do-paneli-astraada-hmi\/#primaryimage","url":"https:\/\/www.astor.com.pl\/poradnikautomatyka\/wp-content\/uploads\/2022\/11\/1-idcs-schemat.jpg","contentUrl":"https:\/\/www.astor.com.pl\/poradnikautomatyka\/wp-content\/uploads\/2022\/11\/1-idcs-schemat.jpg","width":1292,"height":932},{"@type":"WebSite","@id":"https:\/\/www.astor.com.pl\/poradnikautomatyka\/#website","url":"https:\/\/www.astor.com.pl\/poradnikautomatyka\/","name":"Poradnik Automatyka","description":"Poradnik Automatyka to przydatne kursy, u\u017cyteczne artyku\u0142y i merytoryczne webinary dla ka\u017cdego automatyka i elektryka.","publisher":{"@id":"https:\/\/www.astor.com.pl\/poradnikautomatyka\/#organization"},"potentialAction":[{"@type":"SearchAction","target":{"@type":"EntryPoint","urlTemplate":"https:\/\/www.astor.com.pl\/poradnikautomatyka\/?s={search_term_string}"},"query-input":{"@type":"PropertyValueSpecification","valueRequired":true,"valueName":"search_term_string"}}],"inLanguage":"pl-PL"},{"@type":"Organization","@id":"https:\/\/www.astor.com.pl\/poradnikautomatyka\/#organization","name":"ASTOR","url":"https:\/\/www.astor.com.pl\/poradnikautomatyka\/","logo":{"@type":"ImageObject","inLanguage":"pl-PL","@id":"https:\/\/www.astor.com.pl\/poradnikautomatyka\/#\/schema\/logo\/image\/","url":"https:\/\/www.astor.com.pl\/poradnikautomatyka\/wp-content\/uploads\/2018\/08\/ASTOR_zwykly_sam_logotyp.png","contentUrl":"https:\/\/www.astor.com.pl\/poradnikautomatyka\/wp-content\/uploads\/2018\/08\/ASTOR_zwykly_sam_logotyp.png","width":3322,"height":1078,"caption":"ASTOR"},"image":{"@id":"https:\/\/www.astor.com.pl\/poradnikautomatyka\/#\/schema\/logo\/image\/"}}]}},"_links":{"self":[{"href":"https:\/\/www.astor.com.pl\/poradnikautomatyka\/wp-json\/wp\/v2\/pages\/19669","targetHints":{"allow":["GET"]}}],"collection":[{"href":"https:\/\/www.astor.com.pl\/poradnikautomatyka\/wp-json\/wp\/v2\/pages"}],"about":[{"href":"https:\/\/www.astor.com.pl\/poradnikautomatyka\/wp-json\/wp\/v2\/types\/page"}],"author":[{"embeddable":true,"href":"https:\/\/www.astor.com.pl\/poradnikautomatyka\/wp-json\/wp\/v2\/users\/50"}],"replies":[{"embeddable":true,"href":"https:\/\/www.astor.com.pl\/poradnikautomatyka\/wp-json\/wp\/v2\/comments?post=19669"}],"version-history":[{"count":1,"href":"https:\/\/www.astor.com.pl\/poradnikautomatyka\/wp-json\/wp\/v2\/pages\/19669\/revisions"}],"predecessor-version":[{"id":19670,"href":"https:\/\/www.astor.com.pl\/poradnikautomatyka\/wp-json\/wp\/v2\/pages\/19669\/revisions\/19670"}],"wp:featuredmedia":[{"embeddable":true,"href":"https:\/\/www.astor.com.pl\/poradnikautomatyka\/wp-json\/wp\/v2\/media\/15054"}],"wp:attachment":[{"href":"https:\/\/www.astor.com.pl\/poradnikautomatyka\/wp-json\/wp\/v2\/media?parent=19669"}],"curies":[{"name":"wp","href":"https:\/\/api.w.org\/{rel}","templated":true}]}}