{"id":14230,"date":"2022-07-20T12:35:36","date_gmt":"2022-07-20T10:35:36","guid":{"rendered":"https:\/\/www.astor.com.pl\/poradnikautomatyka\/?page_id=14230"},"modified":"2023-05-30T10:45:13","modified_gmt":"2023-05-30T08:45:13","slug":"videokurs-konfiguracji-falownikow-astraada-drv-28","status":"publish","type":"page","link":"https:\/\/www.astor.com.pl\/poradnikautomatyka\/videokurs-konfiguracji-falownikow-astraada-drv-28\/","title":{"rendered":"Wideokurs konfiguracji falownik\u00f3w Astraada DRV-28"},"content":{"rendered":"\n<figure class=\"wp-block-image size-large is-resized\"><img decoding=\"async\" src=\"https:\/\/www.astor.com.pl\/poradnikautomatyka\/wp-content\/uploads\/2022\/07\/1_Kurs_DRV_Falowniki_Konfiguracja_Astraada_ASTOR-840x463.jpg\" alt=\"\" class=\"wp-image-14231\" width=\"1100\" srcset=\"https:\/\/www.astor.com.pl\/poradnikautomatyka\/wp-content\/uploads\/2022\/07\/1_Kurs_DRV_Falowniki_Konfiguracja_Astraada_ASTOR-840x463.jpg 840w, https:\/\/www.astor.com.pl\/poradnikautomatyka\/wp-content\/uploads\/2022\/07\/1_Kurs_DRV_Falowniki_Konfiguracja_Astraada_ASTOR-768x424.jpg 768w, https:\/\/www.astor.com.pl\/poradnikautomatyka\/wp-content\/uploads\/2022\/07\/1_Kurs_DRV_Falowniki_Konfiguracja_Astraada_ASTOR-1536x848.jpg 1536w, https:\/\/www.astor.com.pl\/poradnikautomatyka\/wp-content\/uploads\/2022\/07\/1_Kurs_DRV_Falowniki_Konfiguracja_Astraada_ASTOR.jpg 1642w\" sizes=\"(max-width: 840px) 100vw, 840px\" \/><\/figure>\n\n\n\n<h2 class=\"wp-block-heading\">Czego nauczysz si\u0119 w tym kursie?<\/h2>\n\n\n\n<p>Wideokurs konfiguracji falownik\u00f3w Astraada DRV-28 jest przeznaczony zar\u00f3wno dla pocz\u0105tkuj\u0105cych u\u017cytkownik\u00f3w, jak i tych bardziej zaawansowanych, kt\u00f3rzy chc\u0105 uporz\u0105dkowa\u0107 swoj\u0105 wiedz\u0119.<\/p>\n\n\n\n<p>W kursie nie poznasz podstaw elektroniki, ani teorii na temat dzia\u0142ania falownik\u00f3w, a konkretne ich funkcje i sposoby pod\u0142\u0105cze\u0144. W zwi\u0105zku z tym zalecamy ten kurs dla wszystkich tych, kt\u00f3rzy maj\u0105 podstawow\u0105 wiedz\u0119 na temat tych urz\u0105dze\u0144.<\/p>\n\n\n\n<figure class=\"wp-block-image size-large is-resized\"><img decoding=\"async\" src=\"https:\/\/www.astor.com.pl\/poradnikautomatyka\/wp-content\/uploads\/2022\/07\/2_Kurs_DRV_Falowniki_Konfiguracja_Astraada_ASTOR-840x431.jpg\" alt=\"\" class=\"wp-image-14232\" width=\"1200\" srcset=\"https:\/\/www.astor.com.pl\/poradnikautomatyka\/wp-content\/uploads\/2022\/07\/2_Kurs_DRV_Falowniki_Konfiguracja_Astraada_ASTOR-840x431.jpg 840w, https:\/\/www.astor.com.pl\/poradnikautomatyka\/wp-content\/uploads\/2022\/07\/2_Kurs_DRV_Falowniki_Konfiguracja_Astraada_ASTOR-768x394.jpg 768w, https:\/\/www.astor.com.pl\/poradnikautomatyka\/wp-content\/uploads\/2022\/07\/2_Kurs_DRV_Falowniki_Konfiguracja_Astraada_ASTOR-1536x787.jpg 1536w, https:\/\/www.astor.com.pl\/poradnikautomatyka\/wp-content\/uploads\/2022\/07\/2_Kurs_DRV_Falowniki_Konfiguracja_Astraada_ASTOR.jpg 1746w\" sizes=\"(max-width: 840px) 100vw, 840px\" \/><figcaption class=\"wp-element-caption\">Pod\u0142\u0105czenie przycisk\u00f3w monostabilnych do falownika, \u017ar\u00f3d\u0142o: ASTOR<\/figcaption><\/figure>\n\n\n\n<p>w 8 lekcjach poznasz najcz\u0119\u015bciej stosowane funkcje i pod\u0142\u0105czenia falownik\u00f3w w automatyce przemys\u0142owej. Zakres wiedzy obejmuje zar\u00f3wno pod\u0142\u0105czenie zwyk\u0142ych przycisk\u00f3w monostabilnych jak i skonfigurowanie trybu wielobiegowego czy te\u017c cyfrowego potencjometru.<\/p>\n\n\n\n<p>Kurs mo\u017ce pos\u0142u\u017cy\u0107 Ci r\u00f3wnie\u017c jako przydatne \u017ar\u00f3d\u0142o wiedzy na temat u\u017cytkowania naszych falownik\u00f3w Astraada z serii DRV-28.<\/p>\n\n\n\n<h2 class=\"wp-block-heading\">Lista odcink\u00f3w wideokursu:<\/h2>\n\n\n\n<div class=\"dowiesz-sie\" style=\"margin-top:40px; margin-bottom:40px\">\n<h3>Wideokurs konfiguracji falownik\u00f3w DRV-28<\/h3>\n\n\n<li><a href=\"https:\/\/www.astor.com.pl\/poradnikautomatyka\/podlaczenie-przyciskow-monostabilnych-do-falownika-kurs-konfiguracji-falownikow-astraada-drv-28-odc-1\/\">1. Pod\u0142\u0105czenie przycisk\u00f3w monostabilnych do falownika | Kurs konfiguracji falownik\u00f3w Astraada DRV-28 odc.1<\/a><\/li>\n<li><a href=\"https:\/\/www.astor.com.pl\/poradnikautomatyka\/konfiguracja-cyfrowego-potencjometru-kurs-konfiguracji-falownikow-drv-28-odc-2\/\">2. Konfiguracja cyfrowego potencjometru | Kurs konfiguracji falownik\u00f3w DRV-28 odc.2<\/a><\/li>\n<li><a href=\"https:\/\/www.astor.com.pl\/poradnikautomatyka\/omowienie-i-konfiguracja-trybu-wielobiegowego-kurs-konfiguracji-falownikow-drv-28-odc-3\/\">3. Om\u00f3wienie i konfiguracja trybu wielobiegowego | Kurs konfiguracji falownik\u00f3w DRV-28 odc. 3<\/a><\/li>\n<li><a href=\"https:\/\/www.astor.com.pl\/poradnikautomatyka\/podlaczenie-zewnetrznego-zrodla-zasilania-kurs-konfiguracji-falownikow-drv-28-odc-4\/\">4. Pod\u0142\u0105czenie zewn\u0119trznego \u017ar\u00f3d\u0142a zasilania logiki | Kurs konfiguracji falownik\u00f3w DRV-28 odc. 4<\/a><\/li>\n<li><a href=\"https:\/\/www.astor.com.pl\/poradnikautomatyka\/zmiana-zrodla-zadawania-czestotliwosci-kurs-konfiguracji-falownikow-drv-28-odc-5\/\">5. Zmiana \u017ar\u00f3d\u0142a zadawania cz\u0119stotliwo\u015bci | Kurs konfiguracji falownik\u00f3w DRV-28 odc. 5<\/a><\/li>\n<li><a href=\"https:\/\/www.astor.com.pl\/poradnikautomatyka\/zmiana-polaryzacji-wejsc-sterujacych-kurs-konfiguracji-falownikow-drv-28-odc-6\/\">6. Zmiana polaryzacji wej\u015b\u0107 steruj\u0105cych | Kurs konfiguracji falownik\u00f3w DRV-28 odc. 6<\/a><\/li>\n<li><a href=\"https:\/\/www.astor.com.pl\/poradnikautomatyka\/konfiguracja-trybu-lotnego-startu-kurs-konfiguracji-falownikow-drv-28-odc-7\/\">7. Konfiguracja trybu lotnego startu | Kurs konfiguracji falownik\u00f3w DRV-28 odc. 7<\/a><\/li>\n<li><a href=\"https:\/\/www.astor.com.pl\/poradnikautomatyka\/omowienie-i-konfiguracja-trybu-prostego-plc-kurs-konfiguracji-falownikow-drv-28-odc-8\/\">8. Om\u00f3wienie i konfiguracja trybu prostego PLC | Kurs konfiguracji falownik\u00f3w DRV-28 odc. 8<\/a><\/li>\n\n<\/div>\n\n\n\n<h2 class=\"wp-block-heading\">Poznaj falowniki Astraada DRV-28<\/h2>\n\n\n\n<p><strong>Astraada DRV-28<\/strong>&nbsp;to&nbsp;<strong>zaawansowana&nbsp;<\/strong>seria wielofunkcyjnych przemiennik\u00f3w cz\u0119stotliwo\u015bci. Opr\u00f3cz implementacji szeregu przydatnych funkcji nap\u0119dowych, wyr\u00f3\u017cnia si\u0119 mo\u017cliwo\u015bci\u0105 komunikacji w popularnych protoko\u0142ach komunikacyjnych &#8211; takich jak: Modbus TCP, Profinet, EtherCAT, Profibus. <\/p>\n\n\n\n<p>Przemienniki serii DRV-28 wspieraj\u0105 sterowanie silnikiem w zamkni\u0119tej p\u0119tli sprz\u0119\u017cenia zwrotnego (obs\u0142uga enkodera) oraz komunikuj\u0105 si\u0119 z aplikacj\u0105 na smartfona za pomoc\u0105 Bluetooth lub Wi-Fi. Charakteryzuj\u0105 si\u0119 ponadto \u0142atw\u0105 i przejrzyst\u0105 obs\u0142ug\u0105 z poziomu wbudowanego panelu LCD.<\/p>\n\n\n<div class=\"wp-block-image\">\n<figure class=\"aligncenter size-large\"><img loading=\"lazy\" decoding=\"async\" width=\"840\" height=\"560\" src=\"https:\/\/www.astor.com.pl\/poradnikautomatyka\/wp-content\/uploads\/2022\/07\/SZABLON_FB_POST_GRAFIKA-1200\u00d7800-px-840x560.jpg\" alt=\"\" class=\"wp-image-14234\" srcset=\"https:\/\/www.astor.com.pl\/poradnikautomatyka\/wp-content\/uploads\/2022\/07\/SZABLON_FB_POST_GRAFIKA-1200\u00d7800-px-840x560.jpg 840w, https:\/\/www.astor.com.pl\/poradnikautomatyka\/wp-content\/uploads\/2022\/07\/SZABLON_FB_POST_GRAFIKA-1200\u00d7800-px-768x512.jpg 768w, https:\/\/www.astor.com.pl\/poradnikautomatyka\/wp-content\/uploads\/2022\/07\/SZABLON_FB_POST_GRAFIKA-1200\u00d7800-px.jpg 1200w\" sizes=\"auto, (max-width: 840px) 100vw, 840px\" \/><\/figure>\n<\/div>\n\n\n<div class=\"wp-block-buttons is-content-justification-center is-layout-flex wp-container-core-buttons-is-layout-16018d1d wp-block-buttons-is-layout-flex\">\n<div class=\"wp-block-button is-style-fill\"><a class=\"wp-block-button__link has-white-color has-text-color has-background wp-element-button\" href=\"https:\/\/www.astor.com.pl\/produkty\/napedy\/falowniki.html\" style=\"border-radius:3px;background-color:#00956a\">Sprawd\u017a ofert\u0119 Astraada DRV-28!<\/a><\/div>\n<\/div>\n\n\n\n<p><\/p>\n","protected":false},"excerpt":{"rendered":"<p>Czego nauczysz si\u0119 w tym kursie? Wideokurs konfiguracji falownik\u00f3w Astraada DRV-28 jest przeznaczony zar\u00f3wno dla pocz\u0105tkuj\u0105cych u\u017cytkownik\u00f3w, jak i tych bardziej zaawansowanych, kt\u00f3rzy chc\u0105 uporz\u0105dkowa\u0107 swoj\u0105 wiedz\u0119. W kursie nie poznasz podstaw elektroniki, ani teorii na temat dzia\u0142ania falownik\u00f3w, a konkretne ich funkcje i sposoby pod\u0142\u0105cze\u0144. W zwi\u0105zku z tym zalecamy ten kurs dla wszystkich [&hellip;]<\/p>\n","protected":false},"author":43,"featured_media":14231,"parent":0,"menu_order":0,"comment_status":"closed","ping_status":"closed","template":"","meta":{"_acf_changed":false,"footnotes":""},"class_list":["post-14230","page","type-page","status-publish","has-post-thumbnail","hentry"],"acf":[],"yoast_head":"<!-- This site is optimized with the Yoast SEO plugin v27.3 - https:\/\/yoast.com\/product\/yoast-seo-wordpress\/ -->\r\n<title>Wideokurs konfiguracji falownik\u00f3w Astraada DRV-28 | Poradnik Automatyka<\/title>\r\n<meta name=\"robots\" content=\"index, follow, max-snippet:-1, max-image-preview:large, max-video-preview:-1\" \/>\r\n<link rel=\"canonical\" href=\"https:\/\/www.astor.com.pl\/poradnikautomatyka\/videokurs-konfiguracji-falownikow-astraada-drv-28\/\" \/>\r\n<meta property=\"og:locale\" content=\"pl_PL\" \/>\r\n<meta property=\"og:type\" content=\"article\" \/>\r\n<meta property=\"og:title\" content=\"Wideokurs konfiguracji falownik\u00f3w Astraada DRV-28 | Poradnik Automatyka\" \/>\r\n<meta property=\"og:description\" content=\"Czego nauczysz si\u0119 w tym kursie? Wideokurs konfiguracji falownik\u00f3w Astraada DRV-28 jest przeznaczony zar\u00f3wno dla pocz\u0105tkuj\u0105cych u\u017cytkownik\u00f3w, jak i tych bardziej zaawansowanych, kt\u00f3rzy chc\u0105 uporz\u0105dkowa\u0107 swoj\u0105 wiedz\u0119. W kursie nie poznasz podstaw elektroniki, ani teorii na temat dzia\u0142ania falownik\u00f3w, a konkretne ich funkcje i sposoby pod\u0142\u0105cze\u0144. W zwi\u0105zku z tym zalecamy ten kurs dla wszystkich [&hellip;]\" \/>\r\n<meta property=\"og:url\" content=\"https:\/\/www.astor.com.pl\/poradnikautomatyka\/videokurs-konfiguracji-falownikow-astraada-drv-28\/\" \/>\r\n<meta property=\"og:site_name\" content=\"Poradnik Automatyka\" \/>\r\n<meta property=\"article:modified_time\" content=\"2023-05-30T08:45:13+00:00\" \/>\r\n<meta property=\"og:image\" content=\"https:\/\/www.astor.com.pl\/poradnikautomatyka\/wp-content\/uploads\/2022\/07\/1_Kurs_DRV_Falowniki_Konfiguracja_Astraada_ASTOR.jpg\" \/>\r\n\t<meta property=\"og:image:width\" content=\"1642\" \/>\r\n\t<meta property=\"og:image:height\" content=\"906\" \/>\r\n\t<meta property=\"og:image:type\" content=\"image\/jpeg\" \/>\r\n<meta name=\"twitter:card\" content=\"summary_large_image\" \/>\r\n<meta name=\"twitter:label1\" content=\"Szacowany czas czytania\" \/>\n\t<meta name=\"twitter:data1\" content=\"2 minuty\" \/>\r\n<script type=\"application\/ld+json\" class=\"yoast-schema-graph\">{\"@context\":\"https:\\\/\\\/schema.org\",\"@graph\":[{\"@type\":\"WebPage\",\"@id\":\"https:\\\/\\\/www.astor.com.pl\\\/poradnikautomatyka\\\/videokurs-konfiguracji-falownikow-astraada-drv-28\\\/\",\"url\":\"https:\\\/\\\/www.astor.com.pl\\\/poradnikautomatyka\\\/videokurs-konfiguracji-falownikow-astraada-drv-28\\\/\",\"name\":\"Wideokurs konfiguracji falownik\u00f3w Astraada DRV-28 | Poradnik Automatyka\",\"isPartOf\":{\"@id\":\"https:\\\/\\\/www.astor.com.pl\\\/poradnikautomatyka\\\/#website\"},\"primaryImageOfPage\":{\"@id\":\"https:\\\/\\\/www.astor.com.pl\\\/poradnikautomatyka\\\/videokurs-konfiguracji-falownikow-astraada-drv-28\\\/#primaryimage\"},\"image\":{\"@id\":\"https:\\\/\\\/www.astor.com.pl\\\/poradnikautomatyka\\\/videokurs-konfiguracji-falownikow-astraada-drv-28\\\/#primaryimage\"},\"thumbnailUrl\":\"https:\\\/\\\/www.astor.com.pl\\\/poradnikautomatyka\\\/wp-content\\\/uploads\\\/2022\\\/07\\\/1_Kurs_DRV_Falowniki_Konfiguracja_Astraada_ASTOR.jpg\",\"datePublished\":\"2022-07-20T10:35:36+00:00\",\"dateModified\":\"2023-05-30T08:45:13+00:00\",\"inLanguage\":\"pl-PL\",\"potentialAction\":[{\"@type\":\"ReadAction\",\"target\":[\"https:\\\/\\\/www.astor.com.pl\\\/poradnikautomatyka\\\/videokurs-konfiguracji-falownikow-astraada-drv-28\\\/\"]}]},{\"@type\":\"ImageObject\",\"inLanguage\":\"pl-PL\",\"@id\":\"https:\\\/\\\/www.astor.com.pl\\\/poradnikautomatyka\\\/videokurs-konfiguracji-falownikow-astraada-drv-28\\\/#primaryimage\",\"url\":\"https:\\\/\\\/www.astor.com.pl\\\/poradnikautomatyka\\\/wp-content\\\/uploads\\\/2022\\\/07\\\/1_Kurs_DRV_Falowniki_Konfiguracja_Astraada_ASTOR.jpg\",\"contentUrl\":\"https:\\\/\\\/www.astor.com.pl\\\/poradnikautomatyka\\\/wp-content\\\/uploads\\\/2022\\\/07\\\/1_Kurs_DRV_Falowniki_Konfiguracja_Astraada_ASTOR.jpg\",\"width\":1642,\"height\":906},{\"@type\":\"WebSite\",\"@id\":\"https:\\\/\\\/www.astor.com.pl\\\/poradnikautomatyka\\\/#website\",\"url\":\"https:\\\/\\\/www.astor.com.pl\\\/poradnikautomatyka\\\/\",\"name\":\"Poradnik Automatyka\",\"description\":\"Poradnik Automatyka to przydatne kursy, u\u017cyteczne artyku\u0142y i merytoryczne webinary dla ka\u017cdego automatyka i elektryka.\",\"publisher\":{\"@id\":\"https:\\\/\\\/www.astor.com.pl\\\/poradnikautomatyka\\\/#organization\"},\"potentialAction\":[{\"@type\":\"SearchAction\",\"target\":{\"@type\":\"EntryPoint\",\"urlTemplate\":\"https:\\\/\\\/www.astor.com.pl\\\/poradnikautomatyka\\\/?s={search_term_string}\"},\"query-input\":{\"@type\":\"PropertyValueSpecification\",\"valueRequired\":true,\"valueName\":\"search_term_string\"}}],\"inLanguage\":\"pl-PL\"},{\"@type\":\"Organization\",\"@id\":\"https:\\\/\\\/www.astor.com.pl\\\/poradnikautomatyka\\\/#organization\",\"name\":\"ASTOR\",\"url\":\"https:\\\/\\\/www.astor.com.pl\\\/poradnikautomatyka\\\/\",\"logo\":{\"@type\":\"ImageObject\",\"inLanguage\":\"pl-PL\",\"@id\":\"https:\\\/\\\/www.astor.com.pl\\\/poradnikautomatyka\\\/#\\\/schema\\\/logo\\\/image\\\/\",\"url\":\"https:\\\/\\\/www.astor.com.pl\\\/poradnikautomatyka\\\/wp-content\\\/uploads\\\/2018\\\/08\\\/ASTOR_zwykly_sam_logotyp.png\",\"contentUrl\":\"https:\\\/\\\/www.astor.com.pl\\\/poradnikautomatyka\\\/wp-content\\\/uploads\\\/2018\\\/08\\\/ASTOR_zwykly_sam_logotyp.png\",\"width\":3322,\"height\":1078,\"caption\":\"ASTOR\"},\"image\":{\"@id\":\"https:\\\/\\\/www.astor.com.pl\\\/poradnikautomatyka\\\/#\\\/schema\\\/logo\\\/image\\\/\"}}]}<\/script>\r\n<!-- \/ Yoast SEO plugin. -->","yoast_head_json":{"title":"Wideokurs konfiguracji falownik\u00f3w Astraada DRV-28 | Poradnik Automatyka","robots":{"index":"index","follow":"follow","max-snippet":"max-snippet:-1","max-image-preview":"max-image-preview:large","max-video-preview":"max-video-preview:-1"},"canonical":"https:\/\/www.astor.com.pl\/poradnikautomatyka\/videokurs-konfiguracji-falownikow-astraada-drv-28\/","og_locale":"pl_PL","og_type":"article","og_title":"Wideokurs konfiguracji falownik\u00f3w Astraada DRV-28 | Poradnik Automatyka","og_description":"Czego nauczysz si\u0119 w tym kursie? Wideokurs konfiguracji falownik\u00f3w Astraada DRV-28 jest przeznaczony zar\u00f3wno dla pocz\u0105tkuj\u0105cych u\u017cytkownik\u00f3w, jak i tych bardziej zaawansowanych, kt\u00f3rzy chc\u0105 uporz\u0105dkowa\u0107 swoj\u0105 wiedz\u0119. W kursie nie poznasz podstaw elektroniki, ani teorii na temat dzia\u0142ania falownik\u00f3w, a konkretne ich funkcje i sposoby pod\u0142\u0105cze\u0144. W zwi\u0105zku z tym zalecamy ten kurs dla wszystkich [&hellip;]","og_url":"https:\/\/www.astor.com.pl\/poradnikautomatyka\/videokurs-konfiguracji-falownikow-astraada-drv-28\/","og_site_name":"Poradnik Automatyka","article_modified_time":"2023-05-30T08:45:13+00:00","og_image":[{"width":1642,"height":906,"url":"https:\/\/www.astor.com.pl\/poradnikautomatyka\/wp-content\/uploads\/2022\/07\/1_Kurs_DRV_Falowniki_Konfiguracja_Astraada_ASTOR.jpg","type":"image\/jpeg"}],"twitter_card":"summary_large_image","twitter_misc":{"Szacowany czas czytania":"2 minuty"},"schema":{"@context":"https:\/\/schema.org","@graph":[{"@type":"WebPage","@id":"https:\/\/www.astor.com.pl\/poradnikautomatyka\/videokurs-konfiguracji-falownikow-astraada-drv-28\/","url":"https:\/\/www.astor.com.pl\/poradnikautomatyka\/videokurs-konfiguracji-falownikow-astraada-drv-28\/","name":"Wideokurs konfiguracji falownik\u00f3w Astraada DRV-28 | Poradnik Automatyka","isPartOf":{"@id":"https:\/\/www.astor.com.pl\/poradnikautomatyka\/#website"},"primaryImageOfPage":{"@id":"https:\/\/www.astor.com.pl\/poradnikautomatyka\/videokurs-konfiguracji-falownikow-astraada-drv-28\/#primaryimage"},"image":{"@id":"https:\/\/www.astor.com.pl\/poradnikautomatyka\/videokurs-konfiguracji-falownikow-astraada-drv-28\/#primaryimage"},"thumbnailUrl":"https:\/\/www.astor.com.pl\/poradnikautomatyka\/wp-content\/uploads\/2022\/07\/1_Kurs_DRV_Falowniki_Konfiguracja_Astraada_ASTOR.jpg","datePublished":"2022-07-20T10:35:36+00:00","dateModified":"2023-05-30T08:45:13+00:00","inLanguage":"pl-PL","potentialAction":[{"@type":"ReadAction","target":["https:\/\/www.astor.com.pl\/poradnikautomatyka\/videokurs-konfiguracji-falownikow-astraada-drv-28\/"]}]},{"@type":"ImageObject","inLanguage":"pl-PL","@id":"https:\/\/www.astor.com.pl\/poradnikautomatyka\/videokurs-konfiguracji-falownikow-astraada-drv-28\/#primaryimage","url":"https:\/\/www.astor.com.pl\/poradnikautomatyka\/wp-content\/uploads\/2022\/07\/1_Kurs_DRV_Falowniki_Konfiguracja_Astraada_ASTOR.jpg","contentUrl":"https:\/\/www.astor.com.pl\/poradnikautomatyka\/wp-content\/uploads\/2022\/07\/1_Kurs_DRV_Falowniki_Konfiguracja_Astraada_ASTOR.jpg","width":1642,"height":906},{"@type":"WebSite","@id":"https:\/\/www.astor.com.pl\/poradnikautomatyka\/#website","url":"https:\/\/www.astor.com.pl\/poradnikautomatyka\/","name":"Poradnik Automatyka","description":"Poradnik Automatyka to przydatne kursy, u\u017cyteczne artyku\u0142y i merytoryczne webinary dla ka\u017cdego automatyka i elektryka.","publisher":{"@id":"https:\/\/www.astor.com.pl\/poradnikautomatyka\/#organization"},"potentialAction":[{"@type":"SearchAction","target":{"@type":"EntryPoint","urlTemplate":"https:\/\/www.astor.com.pl\/poradnikautomatyka\/?s={search_term_string}"},"query-input":{"@type":"PropertyValueSpecification","valueRequired":true,"valueName":"search_term_string"}}],"inLanguage":"pl-PL"},{"@type":"Organization","@id":"https:\/\/www.astor.com.pl\/poradnikautomatyka\/#organization","name":"ASTOR","url":"https:\/\/www.astor.com.pl\/poradnikautomatyka\/","logo":{"@type":"ImageObject","inLanguage":"pl-PL","@id":"https:\/\/www.astor.com.pl\/poradnikautomatyka\/#\/schema\/logo\/image\/","url":"https:\/\/www.astor.com.pl\/poradnikautomatyka\/wp-content\/uploads\/2018\/08\/ASTOR_zwykly_sam_logotyp.png","contentUrl":"https:\/\/www.astor.com.pl\/poradnikautomatyka\/wp-content\/uploads\/2018\/08\/ASTOR_zwykly_sam_logotyp.png","width":3322,"height":1078,"caption":"ASTOR"},"image":{"@id":"https:\/\/www.astor.com.pl\/poradnikautomatyka\/#\/schema\/logo\/image\/"}}]}},"_links":{"self":[{"href":"https:\/\/www.astor.com.pl\/poradnikautomatyka\/wp-json\/wp\/v2\/pages\/14230","targetHints":{"allow":["GET"]}}],"collection":[{"href":"https:\/\/www.astor.com.pl\/poradnikautomatyka\/wp-json\/wp\/v2\/pages"}],"about":[{"href":"https:\/\/www.astor.com.pl\/poradnikautomatyka\/wp-json\/wp\/v2\/types\/page"}],"author":[{"embeddable":true,"href":"https:\/\/www.astor.com.pl\/poradnikautomatyka\/wp-json\/wp\/v2\/users\/43"}],"replies":[{"embeddable":true,"href":"https:\/\/www.astor.com.pl\/poradnikautomatyka\/wp-json\/wp\/v2\/comments?post=14230"}],"version-history":[{"count":1,"href":"https:\/\/www.astor.com.pl\/poradnikautomatyka\/wp-json\/wp\/v2\/pages\/14230\/revisions"}],"predecessor-version":[{"id":17947,"href":"https:\/\/www.astor.com.pl\/poradnikautomatyka\/wp-json\/wp\/v2\/pages\/14230\/revisions\/17947"}],"wp:featuredmedia":[{"embeddable":true,"href":"https:\/\/www.astor.com.pl\/poradnikautomatyka\/wp-json\/wp\/v2\/media\/14231"}],"wp:attachment":[{"href":"https:\/\/www.astor.com.pl\/poradnikautomatyka\/wp-json\/wp\/v2\/media?parent=14230"}],"curies":[{"name":"wp","href":"https:\/\/api.w.org\/{rel}","templated":true}]}}