{"id":11731,"date":"2021-03-30T11:14:13","date_gmt":"2021-03-30T09:14:13","guid":{"rendered":"https:\/\/www.astor.com.pl\/poradnikautomatyka\/?page_id=11731"},"modified":"2024-10-09T11:09:00","modified_gmt":"2024-10-09T09:09:00","slug":"kurs-zdalnego-dostepu-do-maszyn-i-stanowisk-produkcyjnych-dla-automatykow-od-podstaw","status":"publish","type":"page","link":"https:\/\/www.astor.com.pl\/poradnikautomatyka\/kurs-zdalnego-dostepu-do-maszyn-i-stanowisk-produkcyjnych-dla-automatykow-od-podstaw\/","title":{"rendered":"Kurs zdalnego dost\u0119pu do maszyn i stanowisk produkcyjnych dla automatyk\u00f3w od podstaw"},"content":{"rendered":"\n<div style=\"height:20px\" aria-hidden=\"true\" class=\"wp-block-spacer\"><\/div>\n\n\n<div class=\"wp-block-image\">\n<figure class=\"aligncenter size-full\"><img loading=\"lazy\" decoding=\"async\" width=\"1500\" height=\"554\" src=\"https:\/\/www.astor.com.pl\/poradnikautomatyka\/wp-content\/uploads\/2021\/03\/Glowne_zdjecie_kursu-banner.png\" alt=\"\" class=\"wp-image-11757\" srcset=\"https:\/\/www.astor.com.pl\/poradnikautomatyka\/wp-content\/uploads\/2021\/03\/Glowne_zdjecie_kursu-banner.png 1500w, https:\/\/www.astor.com.pl\/poradnikautomatyka\/wp-content\/uploads\/2021\/03\/Glowne_zdjecie_kursu-banner-840x310.png 840w, https:\/\/www.astor.com.pl\/poradnikautomatyka\/wp-content\/uploads\/2021\/03\/Glowne_zdjecie_kursu-banner-768x284.png 768w\" sizes=\"auto, (max-width: 1500px) 100vw, 1500px\" \/><\/figure>\n<\/div>\n\n\n<div style=\"height:30px\" aria-hidden=\"true\" class=\"wp-block-spacer\"><\/div>\n\n\n\n<h1 class=\"wp-block-heading\">Czego nauczysz si\u0119 w tym kursie<\/h1>\n\n\n\n<p>W tym kursie zdob\u0119dziesz komplet wiedzy na temat zdalnego dost\u0119pu i komunikacji GSM w automatyce. Od podstaw dowiesz si\u0119, jakie us\u0142ugi oferuj\u0105 operatorzy kom\u00f3rkowi, jak konfigurowa\u0107 podstawowe oraz zaawansowane funkcje router\u00f3w\/gateway\u2019\u00f3w.<\/p>\n\n\n\n<div style=\"height:20px\" aria-hidden=\"true\" class=\"wp-block-spacer\"><\/div>\n\n\n<div class=\"wp-block-image\">\n<figure class=\"aligncenter size-large\"><img loading=\"lazy\" decoding=\"async\" width=\"840\" height=\"457\" src=\"https:\/\/www.astor.com.pl\/poradnikautomatyka\/wp-content\/uploads\/2021\/03\/03_profesjonalny_router_przemyslowy_4g_lte_zdalne-programowanie-840x457-1.png\" alt=\"\" class=\"wp-image-11734\" srcset=\"https:\/\/www.astor.com.pl\/poradnikautomatyka\/wp-content\/uploads\/2021\/03\/03_profesjonalny_router_przemyslowy_4g_lte_zdalne-programowanie-840x457-1.png 840w, https:\/\/www.astor.com.pl\/poradnikautomatyka\/wp-content\/uploads\/2021\/03\/03_profesjonalny_router_przemyslowy_4g_lte_zdalne-programowanie-840x457-1-768x418.png 768w\" sizes=\"auto, (max-width: 840px) 100vw, 840px\" \/><\/figure>\n<\/div>\n\n\n<div style=\"height:20px\" aria-hidden=\"true\" class=\"wp-block-spacer\"><\/div>\n\n\n\n<p>Wraz z rozwojem sieci kom\u00f3rkowych, urz\u0105dzenia GSM staj\u0105 si\u0119 coraz \u0142atwiej dost\u0119pne oraz oferuj\u0105 coraz wi\u0119ksze mo\u017cliwo\u015bci. Mo\u017cna zapomnie\u0107 o czasach modem\u00f3w, kt\u00f3re jedynie przesy\u0142a\u0142y dane z punktu w punkt i dodatkowo nie robi\u0142y tego szybko.<\/p>\n\n\n\n<p>W dzisiejszych czasach router nie tylko ma zapewni\u0107 dost\u0119p do Internetu, ale r\u00f3wnie\u017c pozwoli\u0107 na zestawienie szybkiego i bezpiecznego \u0142\u0105cza mi\u0119dzy urz\u0105dzeniami, umo\u017cliwi\u0107 zdalne programowanie urz\u0105dze\u0144 typu sterowniki PLC, falowniki, itp. oraz dodatkowo obs\u0142u\u017cy\u0107 funkcje takie jak konwersja protoko\u0142\u00f3w, obs\u0142uga SMS czy umo\u017cliwi\u0107 lokalizacj\u0119 GPS.<\/p>\n\n\n\n<div style=\"height:20px\" aria-hidden=\"true\" class=\"wp-block-spacer\"><\/div>\n\n\n\n<div class=\"dowiesz-sie\" style=\"margin-top:40px; margin-bottom:40px\">\n<a href=\"https:\/\/www.astor.com.pl\/poradnikautomatyka\/kurs-zdalnego-dostepu-do-maszyn-i-stanowisk-produkcyjnych-dla-automatykow-od-podstaw\/\"><h3>Kurs zdalnego dost\u0119pu do maszyn i stanowisk produkcyjnych dla automatyk\u00f3w od podstaw<\/h3><\/a>\n\n<b><a href=\"https:\/\/www.astor.com.pl\/poradnikautomatyka\/jakie-uslugi-kart-sim-oferuja-operatorzy-jakie-sa-rodzaje-adresow-ip-i-jakie-daja-mozliwosci-dla-routerow-i-sieci-przemyslowych\/\">Wst\u0119p: Jakie us\u0142ugi kart SIM oferuj\u0105 operatorzy, czym si\u0119 one r\u00f3\u017cni\u0105 i jakie daj\u0105 mo\u017cliwo\u015bci dla router\u00f3w i sieci przemys\u0142owych?<\/a><\/b>\n<br>\n<br>\n<li><a href=\"https:\/\/www.astor.com.pl\/poradnikautomatyka\/podstawowa-konfiguracja-routera-dla-sieci-przemyslowej-dostep-do-internetu-publiczny-ip-lan-wifi-resetowanie-routera-ddns-kurs-zdalnego-dostepu-do-maszyn-i-stanowisk-produkcyjnych-odc\/\">1.\tPodstawowa konfiguracja routera dla sieci przemys\u0142owej \u2013 dost\u0119p do Internetu, publiczny IP, LAN, WiFi, resetowanie routera, DDNS| Kurs zdalnego dost\u0119pu do maszyn i stanowisk produkcyjnych odc.1<\/a>\n<\/li>\n<li><a href=\"https:\/\/www.astor.com.pl\/poradnikautomatyka\/zdalny-dostep-do-sterownika-na-przykladzie-plc-horner-xl4e-z-routerem-teltonika-rut955-po-openvpn-kurs-zdalnego-dostepu-do-maszyn-i-stanowisk-produkcyjnych-odc-2\/\">2.\tZdalny dost\u0119p w celu programowania sterownika, na przyk\u0142adzie Teltonika RUT955 + Horner XL4e + OpenVPN | Kurs zdalnego dost\u0119pu do maszyn i stanowisk produkcyjnych odc.2<\/a><\/li>\n<li><a href=\"https:\/\/www.astor.com.pl\/poradnikautomatyka\/zdalny-dostep-w-celu-programowania-sterownika-plc-bez-publicznego-ip-na-przykladzie-teltonika-rut955-horner-xl4e-zerotier-kurs-zdalnego-dostepu-do-maszyn-i-stanowisk-produkcyjnych-odc-3\/\">3.\tZdalny dost\u0119p w celu programowania sterownika bez publicznego IP, na przyk\u0142adzie Teltonika RUT955 + Horner XL4e + ZeroTier | Kurs zdalnego dost\u0119pu do maszyn i stanowisk produkcyjnych odc.3<\/a><\/li>\n<li>4.\tTworzenie przemys\u0142owej sieci OpenVPN stworzonej z trzech zdalnych punkt\u00f3w. Jak przypisa\u0107 statyczny adres IP w sieci OpenVPN | Kurs zdalnego dost\u0119pu do maszyn i stanowisk produkcyjnych odc.4<\/li>\n<li>5.\tKonwersja Modbus RTU i Modbus TCP w routerach przemys\u0142owych | Kurs zdalnego dost\u0119pu do maszyn i stanowisk produkcyjnych odc.5<\/li>\n<li>6.\tAlarmowanie SMS w routerach przemys\u0142owych| Kurs zdalnego dost\u0119pu do maszyn i stanowisk produkcyjnych odc.6<\/li>\n<li>7.\tKonwersja Modbus TCP\/MQTT w routerach przemys\u0142owych | Kurs zdalnego dost\u0119pu do maszyn i stanowisk produkcyjnych odc.7<\/li>\n<li>8.\t\u201eTroubleshooting\u201d \u2013 sposoby szukania b\u0142\u0119d\u00f3w w konfiguracji router\u00f3w przemys\u0142owych | Kurs zdalnego dost\u0119pu do maszyn i stanowisk produkcyjnych odc.8<\/li>\n\n<\/div>\n\n\n\n                <div class=\"ml-form-embed\"\n                     data-account=\"1412992:d3l7o0t1k2\"\n                     data-form=\"3872002:a6m5s4\">\n                <\/div>\n            \n\n\n\n<div style=\"height:20px\" aria-hidden=\"true\" class=\"wp-block-spacer\"><\/div>\n\n\n\n<h2 class=\"wp-block-heading\">RUT955<\/h2>\n\n\n\n<p>Przemys\u0142owy router GSM wyposa\u017cony w funkcj\u0119 Dual-SIM, 4 x Ethernet, WiFi i porty szeregowe RS232, RS485, USB oraz wyj\u015bcia i wej\u015bcia cyfrowe\/analogowe<\/p>\n\n\n\n<figure class=\"wp-block-video\"><video height=\"360\" style=\"aspect-ratio: 1000 \/ 360;\" width=\"1000\" autoplay loop muted src=\"https:\/\/www.astor.com.pl\/poradnikautomatyka\/wp-content\/uploads\/2021\/04\/Teltonika.mp4\" playsinline><\/video><\/figure>\n\n\n\n<figure class=\"wp-block-table aligncenter is-style-stripes\"><table class=\"has-fixed-layout\"><tbody><tr><td><strong>\u0141\u0105czno\u015b\u0107 bezprzewodowa &#8211; <\/strong>4G\/LTE (Kat. 4), 3G, 2G<\/td><\/tr><tr><td><strong>Komunikacja szeregowa<\/strong> <strong>&#8211; <\/strong> Wbudowane interfejsy RS232 oraz RS485<\/td><\/tr><tr><td><strong>Wyj\u015bcia\/Wej\u015bcia &#8211; <\/strong>Mo\u017cliwo\u015b\u0107 wykorzystania wyj\u015b\u0107 oraz wej\u015b\u0107 dyskretnych, a tak\u017ce analogowych do alert\u00f3w i sygnalizacji<\/td><\/tr><tr><td><strong>GNSS<\/strong> <strong>&#8211; <\/strong>System synchronizuj\u0105cy czas urz\u0105dzenia oraz jego po\u0142o\u017cenie z sieci\u0105 \u015bwiatow\u0105<\/td><\/tr><tr><td><strong>Dual SIM<\/strong> <strong>&#8211; <\/strong>Router obs\u0142uguje dwie karty SIM, kt\u00f3re mo\u017cna wykorzysta\u0107 do redundancji po\u0142\u0105czenia<\/td><\/tr><tr><td><strong>RMS<\/strong> <strong>&#8211; <\/strong>Kompatybilny z oprogramowaniem Teltonika Remote Management System<\/td><\/tr><\/tbody><\/table><\/figure>\n\n\n\n<p><\/p>\n\n\n\n<div style=\"height:20px\" aria-hidden=\"true\" class=\"wp-block-spacer\"><\/div>\n\n\n\n<p>Kurs powstaje w oparciu o uniwersalny router przemys\u0142owy RUT955. Jest on stworzony do szybkiego uruchamiania aplikacji M2M\/IoT dla u\u017cytkownik\u00f3w wymagaj\u0105cych zaawansowanych funkcji sieciowych, VPN oraz bezpiecze\u0144stwa komunikacji.<\/p>\n\n\n\n<p>Urz\u0105dzenie zapewnia bezpieczne i stabilne po\u0142\u0105czenie z Internetem dla zastosowa\u0144 przemys\u0142owych przy niskich nak\u0142adach inwestycyjnych. Bazuje na dedykowanym systemie operacyjnym RutOS, w kt\u00f3rym realizowane s\u0105 niezb\u0119dne funkcje bezpiecze\u0144stwa: Firewall czy mechanizmy prewencji przed najcz\u0119\u015bciej spotykanymi atakami.<\/p>\n\n\n\n<div class=\"wp-block-buttons is-content-justification-center is-layout-flex wp-container-core-buttons-is-layout-16018d1d wp-block-buttons-is-layout-flex\">\n<div class=\"wp-block-button\"><a class=\"wp-block-button__link has-text-color has-background wp-element-button\" href=\"https:\/\/www.astor.com.pl\/sklep\/oferta-partnerow\/mission-critical-urzadzenia-iiot\/rut955.html\" style=\"border-radius:3px;color:#f2f6f8;background-color:#00965a\">Zobacz w sklepie!<\/a><\/div>\n<\/div>\n\n\n\n<div style=\"height:30px\" aria-hidden=\"true\" class=\"wp-block-spacer\"><\/div>\n\n\n\n<h1 class=\"wp-block-heading\">Teltonika<\/h1>\n\n\n\n<p>Urz\u0105dzenia litewskiego producenta oferuj\u0105 niespotykanie rozbudowan\u0105 funkcjonalno\u015b\u0107 zamkni\u0119t\u0105 w obudowach niewielkich rozmiar\u00f3w. Lista urz\u0105dze\u0144 pozwala na dobranie urz\u0105dzenia optymalnego do danego systemu. Obs\u0142ug\u0119 u\u0142atwia system operacyjny RutOS (oparty na OpenWRT), kt\u00f3ry mi\u0119dzy modelami r\u00f3\u017cni si\u0119 jedynie detalami. Jednym s\u0142owem \u2013 kiedy nauczysz si\u0119 obs\u0142ugi jednego routera\/gateway\u2019a, to nie b\u0119dziesz mia\u0142 problemu z obs\u0142ug\u0105 innego modelu Teltonika.<\/p>\n\n\n\n<div style=\"height:20px\" aria-hidden=\"true\" class=\"wp-block-spacer\"><\/div>\n\n\n\n<h2 class=\"wp-block-heading\">Mission Critical by ASTOR<\/h2>\n\n\n<div class=\"wp-block-image\">\n<figure class=\"aligncenter size-large\"><img loading=\"lazy\" decoding=\"async\" width=\"840\" height=\"440\" src=\"https:\/\/www.astor.com.pl\/poradnikautomatyka\/wp-content\/uploads\/2021\/04\/Mission_critical_ASTOR-840x440.png\" alt=\"\" class=\"wp-image-11948\" srcset=\"https:\/\/www.astor.com.pl\/poradnikautomatyka\/wp-content\/uploads\/2021\/04\/Mission_critical_ASTOR-840x440.png 840w, https:\/\/www.astor.com.pl\/poradnikautomatyka\/wp-content\/uploads\/2021\/04\/Mission_critical_ASTOR-768x402.png 768w, https:\/\/www.astor.com.pl\/poradnikautomatyka\/wp-content\/uploads\/2021\/04\/Mission_critical_ASTOR.png 1200w\" sizes=\"auto, (max-width: 840px) 100vw, 840px\" \/><\/figure>\n<\/div>\n\n\n<p><strong>Kim jeste\u015bmy i czym si\u0119 zajmujemy?<\/strong><\/p>\n\n\n\n<p>Jako Mission Critical by ASTOR, od 2017 roku w ramach grupy ASTOR, tworzymy centrum kompetencji specjalizuj\u0105ce si\u0119 w technologiach bezprzewodowych. Edukujemy, dostarczamy rozwi\u0105zania, wspieramy we wdra\u017caniu projekt\u00f3w cyfryzacji w przemy\u015ble, infrastrukturze i logistyce. Rozwijamy &nbsp;ofert\u0119 adekwatnie do rozwoju przemys\u0142owego internetu rzeczy (IIoT) i sieci przemys\u0142owych. Wspieramy ide\u0119 Przemys\u0142u 4.0.<\/p>\n\n\n\n<div class=\"wp-block-buttons is-content-justification-center is-layout-flex wp-container-core-buttons-is-layout-16018d1d wp-block-buttons-is-layout-flex\">\n<div class=\"wp-block-button is-style-outline is-style-outline--1\"><a class=\"wp-block-button__link has-white-background-color has-text-color has-background wp-element-button\" href=\"https:\/\/www.astor.com.pl\/mission-critical \" style=\"border-radius:3px;color:#00965a\">Poznajmy si\u0119!<\/a><\/div>\n<\/div>\n\n\n\n<p><\/p>\n","protected":false},"excerpt":{"rendered":"<p>Czego nauczysz si\u0119 w tym kursie W tym kursie zdob\u0119dziesz komplet wiedzy na temat zdalnego dost\u0119pu i komunikacji GSM w automatyce. Od podstaw dowiesz si\u0119, jakie us\u0142ugi oferuj\u0105 operatorzy kom\u00f3rkowi, jak konfigurowa\u0107 podstawowe oraz zaawansowane funkcje router\u00f3w\/gateway\u2019\u00f3w. Wraz z rozwojem sieci kom\u00f3rkowych, urz\u0105dzenia GSM staj\u0105 si\u0119 coraz \u0142atwiej dost\u0119pne oraz oferuj\u0105 coraz wi\u0119ksze mo\u017cliwo\u015bci. Mo\u017cna [&hellip;]<\/p>\n","protected":false},"author":52,"featured_media":17062,"parent":0,"menu_order":0,"comment_status":"closed","ping_status":"closed","template":"","meta":{"_acf_changed":false,"footnotes":""},"class_list":["post-11731","page","type-page","status-publish","has-post-thumbnail","hentry"],"acf":[],"yoast_head":"<!-- This site is optimized with the Yoast SEO plugin v27.3 - https:\/\/yoast.com\/product\/yoast-seo-wordpress\/ -->\r\n<title>Kurs zdalnego dost\u0119pu do maszyn i stanowisk produkcyjnych dla automatyk\u00f3w od podstaw | Poradnik Automatyka<\/title>\r\n<meta name=\"robots\" content=\"index, follow, max-snippet:-1, max-image-preview:large, max-video-preview:-1\" \/>\r\n<link rel=\"canonical\" href=\"https:\/\/www.astor.com.pl\/poradnikautomatyka\/kurs-zdalnego-dostepu-do-maszyn-i-stanowisk-produkcyjnych-dla-automatykow-od-podstaw\/\" \/>\r\n<meta property=\"og:locale\" content=\"pl_PL\" \/>\r\n<meta property=\"og:type\" content=\"article\" \/>\r\n<meta property=\"og:title\" content=\"Kurs zdalnego dost\u0119pu do maszyn i stanowisk produkcyjnych dla automatyk\u00f3w od podstaw | Poradnik Automatyka\" \/>\r\n<meta property=\"og:description\" content=\"Czego nauczysz si\u0119 w tym kursie W tym kursie zdob\u0119dziesz komplet wiedzy na temat zdalnego dost\u0119pu i komunikacji GSM w automatyce. Od podstaw dowiesz si\u0119, jakie us\u0142ugi oferuj\u0105 operatorzy kom\u00f3rkowi, jak konfigurowa\u0107 podstawowe oraz zaawansowane funkcje router\u00f3w\/gateway\u2019\u00f3w. Wraz z rozwojem sieci kom\u00f3rkowych, urz\u0105dzenia GSM staj\u0105 si\u0119 coraz \u0142atwiej dost\u0119pne oraz oferuj\u0105 coraz wi\u0119ksze mo\u017cliwo\u015bci. Mo\u017cna [&hellip;]\" \/>\r\n<meta property=\"og:url\" content=\"https:\/\/www.astor.com.pl\/poradnikautomatyka\/kurs-zdalnego-dostepu-do-maszyn-i-stanowisk-produkcyjnych-dla-automatykow-od-podstaw\/\" \/>\r\n<meta property=\"og:site_name\" content=\"Poradnik Automatyka\" \/>\r\n<meta property=\"article:modified_time\" content=\"2024-10-09T09:09:00+00:00\" \/>\r\n<meta property=\"og:image\" content=\"https:\/\/www.astor.com.pl\/poradnikautomatyka\/wp-content\/uploads\/2023\/04\/Glowne_zdjecie_kursu-banner.png\" \/>\r\n\t<meta property=\"og:image:width\" content=\"1500\" \/>\r\n\t<meta property=\"og:image:height\" content=\"554\" \/>\r\n\t<meta property=\"og:image:type\" content=\"image\/png\" \/>\r\n<meta name=\"twitter:card\" content=\"summary_large_image\" \/>\r\n<meta name=\"twitter:label1\" content=\"Szacowany czas czytania\" \/>\n\t<meta name=\"twitter:data1\" content=\"5 minut\" \/>\r\n<script type=\"application\/ld+json\" class=\"yoast-schema-graph\">{\"@context\":\"https:\\\/\\\/schema.org\",\"@graph\":[{\"@type\":\"WebPage\",\"@id\":\"https:\\\/\\\/www.astor.com.pl\\\/poradnikautomatyka\\\/kurs-zdalnego-dostepu-do-maszyn-i-stanowisk-produkcyjnych-dla-automatykow-od-podstaw\\\/\",\"url\":\"https:\\\/\\\/www.astor.com.pl\\\/poradnikautomatyka\\\/kurs-zdalnego-dostepu-do-maszyn-i-stanowisk-produkcyjnych-dla-automatykow-od-podstaw\\\/\",\"name\":\"Kurs zdalnego dost\u0119pu do maszyn i stanowisk produkcyjnych dla automatyk\u00f3w od podstaw | Poradnik Automatyka\",\"isPartOf\":{\"@id\":\"https:\\\/\\\/www.astor.com.pl\\\/poradnikautomatyka\\\/#website\"},\"primaryImageOfPage\":{\"@id\":\"https:\\\/\\\/www.astor.com.pl\\\/poradnikautomatyka\\\/kurs-zdalnego-dostepu-do-maszyn-i-stanowisk-produkcyjnych-dla-automatykow-od-podstaw\\\/#primaryimage\"},\"image\":{\"@id\":\"https:\\\/\\\/www.astor.com.pl\\\/poradnikautomatyka\\\/kurs-zdalnego-dostepu-do-maszyn-i-stanowisk-produkcyjnych-dla-automatykow-od-podstaw\\\/#primaryimage\"},\"thumbnailUrl\":\"https:\\\/\\\/www.astor.com.pl\\\/poradnikautomatyka\\\/wp-content\\\/uploads\\\/2023\\\/04\\\/Glowne_zdjecie_kursu-banner.png\",\"datePublished\":\"2021-03-30T09:14:13+00:00\",\"dateModified\":\"2024-10-09T09:09:00+00:00\",\"inLanguage\":\"pl-PL\",\"potentialAction\":[{\"@type\":\"ReadAction\",\"target\":[\"https:\\\/\\\/www.astor.com.pl\\\/poradnikautomatyka\\\/kurs-zdalnego-dostepu-do-maszyn-i-stanowisk-produkcyjnych-dla-automatykow-od-podstaw\\\/\"]}]},{\"@type\":\"ImageObject\",\"inLanguage\":\"pl-PL\",\"@id\":\"https:\\\/\\\/www.astor.com.pl\\\/poradnikautomatyka\\\/kurs-zdalnego-dostepu-do-maszyn-i-stanowisk-produkcyjnych-dla-automatykow-od-podstaw\\\/#primaryimage\",\"url\":\"https:\\\/\\\/www.astor.com.pl\\\/poradnikautomatyka\\\/wp-content\\\/uploads\\\/2023\\\/04\\\/Glowne_zdjecie_kursu-banner.png\",\"contentUrl\":\"https:\\\/\\\/www.astor.com.pl\\\/poradnikautomatyka\\\/wp-content\\\/uploads\\\/2023\\\/04\\\/Glowne_zdjecie_kursu-banner.png\",\"width\":1500,\"height\":554},{\"@type\":\"WebSite\",\"@id\":\"https:\\\/\\\/www.astor.com.pl\\\/poradnikautomatyka\\\/#website\",\"url\":\"https:\\\/\\\/www.astor.com.pl\\\/poradnikautomatyka\\\/\",\"name\":\"Poradnik Automatyka\",\"description\":\"Poradnik Automatyka to przydatne kursy, u\u017cyteczne artyku\u0142y i merytoryczne webinary dla ka\u017cdego automatyka i elektryka.\",\"publisher\":{\"@id\":\"https:\\\/\\\/www.astor.com.pl\\\/poradnikautomatyka\\\/#organization\"},\"potentialAction\":[{\"@type\":\"SearchAction\",\"target\":{\"@type\":\"EntryPoint\",\"urlTemplate\":\"https:\\\/\\\/www.astor.com.pl\\\/poradnikautomatyka\\\/?s={search_term_string}\"},\"query-input\":{\"@type\":\"PropertyValueSpecification\",\"valueRequired\":true,\"valueName\":\"search_term_string\"}}],\"inLanguage\":\"pl-PL\"},{\"@type\":\"Organization\",\"@id\":\"https:\\\/\\\/www.astor.com.pl\\\/poradnikautomatyka\\\/#organization\",\"name\":\"ASTOR\",\"url\":\"https:\\\/\\\/www.astor.com.pl\\\/poradnikautomatyka\\\/\",\"logo\":{\"@type\":\"ImageObject\",\"inLanguage\":\"pl-PL\",\"@id\":\"https:\\\/\\\/www.astor.com.pl\\\/poradnikautomatyka\\\/#\\\/schema\\\/logo\\\/image\\\/\",\"url\":\"https:\\\/\\\/www.astor.com.pl\\\/poradnikautomatyka\\\/wp-content\\\/uploads\\\/2018\\\/08\\\/ASTOR_zwykly_sam_logotyp.png\",\"contentUrl\":\"https:\\\/\\\/www.astor.com.pl\\\/poradnikautomatyka\\\/wp-content\\\/uploads\\\/2018\\\/08\\\/ASTOR_zwykly_sam_logotyp.png\",\"width\":3322,\"height\":1078,\"caption\":\"ASTOR\"},\"image\":{\"@id\":\"https:\\\/\\\/www.astor.com.pl\\\/poradnikautomatyka\\\/#\\\/schema\\\/logo\\\/image\\\/\"}}]}<\/script>\r\n<!-- \/ Yoast SEO plugin. -->","yoast_head_json":{"title":"Kurs zdalnego dost\u0119pu do maszyn i stanowisk produkcyjnych dla automatyk\u00f3w od podstaw | Poradnik Automatyka","robots":{"index":"index","follow":"follow","max-snippet":"max-snippet:-1","max-image-preview":"max-image-preview:large","max-video-preview":"max-video-preview:-1"},"canonical":"https:\/\/www.astor.com.pl\/poradnikautomatyka\/kurs-zdalnego-dostepu-do-maszyn-i-stanowisk-produkcyjnych-dla-automatykow-od-podstaw\/","og_locale":"pl_PL","og_type":"article","og_title":"Kurs zdalnego dost\u0119pu do maszyn i stanowisk produkcyjnych dla automatyk\u00f3w od podstaw | Poradnik Automatyka","og_description":"Czego nauczysz si\u0119 w tym kursie W tym kursie zdob\u0119dziesz komplet wiedzy na temat zdalnego dost\u0119pu i komunikacji GSM w automatyce. Od podstaw dowiesz si\u0119, jakie us\u0142ugi oferuj\u0105 operatorzy kom\u00f3rkowi, jak konfigurowa\u0107 podstawowe oraz zaawansowane funkcje router\u00f3w\/gateway\u2019\u00f3w. Wraz z rozwojem sieci kom\u00f3rkowych, urz\u0105dzenia GSM staj\u0105 si\u0119 coraz \u0142atwiej dost\u0119pne oraz oferuj\u0105 coraz wi\u0119ksze mo\u017cliwo\u015bci. Mo\u017cna [&hellip;]","og_url":"https:\/\/www.astor.com.pl\/poradnikautomatyka\/kurs-zdalnego-dostepu-do-maszyn-i-stanowisk-produkcyjnych-dla-automatykow-od-podstaw\/","og_site_name":"Poradnik Automatyka","article_modified_time":"2024-10-09T09:09:00+00:00","og_image":[{"width":1500,"height":554,"url":"https:\/\/www.astor.com.pl\/poradnikautomatyka\/wp-content\/uploads\/2023\/04\/Glowne_zdjecie_kursu-banner.png","type":"image\/png"}],"twitter_card":"summary_large_image","twitter_misc":{"Szacowany czas czytania":"5 minut"},"schema":{"@context":"https:\/\/schema.org","@graph":[{"@type":"WebPage","@id":"https:\/\/www.astor.com.pl\/poradnikautomatyka\/kurs-zdalnego-dostepu-do-maszyn-i-stanowisk-produkcyjnych-dla-automatykow-od-podstaw\/","url":"https:\/\/www.astor.com.pl\/poradnikautomatyka\/kurs-zdalnego-dostepu-do-maszyn-i-stanowisk-produkcyjnych-dla-automatykow-od-podstaw\/","name":"Kurs zdalnego dost\u0119pu do maszyn i stanowisk produkcyjnych dla automatyk\u00f3w od podstaw | Poradnik Automatyka","isPartOf":{"@id":"https:\/\/www.astor.com.pl\/poradnikautomatyka\/#website"},"primaryImageOfPage":{"@id":"https:\/\/www.astor.com.pl\/poradnikautomatyka\/kurs-zdalnego-dostepu-do-maszyn-i-stanowisk-produkcyjnych-dla-automatykow-od-podstaw\/#primaryimage"},"image":{"@id":"https:\/\/www.astor.com.pl\/poradnikautomatyka\/kurs-zdalnego-dostepu-do-maszyn-i-stanowisk-produkcyjnych-dla-automatykow-od-podstaw\/#primaryimage"},"thumbnailUrl":"https:\/\/www.astor.com.pl\/poradnikautomatyka\/wp-content\/uploads\/2023\/04\/Glowne_zdjecie_kursu-banner.png","datePublished":"2021-03-30T09:14:13+00:00","dateModified":"2024-10-09T09:09:00+00:00","inLanguage":"pl-PL","potentialAction":[{"@type":"ReadAction","target":["https:\/\/www.astor.com.pl\/poradnikautomatyka\/kurs-zdalnego-dostepu-do-maszyn-i-stanowisk-produkcyjnych-dla-automatykow-od-podstaw\/"]}]},{"@type":"ImageObject","inLanguage":"pl-PL","@id":"https:\/\/www.astor.com.pl\/poradnikautomatyka\/kurs-zdalnego-dostepu-do-maszyn-i-stanowisk-produkcyjnych-dla-automatykow-od-podstaw\/#primaryimage","url":"https:\/\/www.astor.com.pl\/poradnikautomatyka\/wp-content\/uploads\/2023\/04\/Glowne_zdjecie_kursu-banner.png","contentUrl":"https:\/\/www.astor.com.pl\/poradnikautomatyka\/wp-content\/uploads\/2023\/04\/Glowne_zdjecie_kursu-banner.png","width":1500,"height":554},{"@type":"WebSite","@id":"https:\/\/www.astor.com.pl\/poradnikautomatyka\/#website","url":"https:\/\/www.astor.com.pl\/poradnikautomatyka\/","name":"Poradnik Automatyka","description":"Poradnik Automatyka to przydatne kursy, u\u017cyteczne artyku\u0142y i merytoryczne webinary dla ka\u017cdego automatyka i elektryka.","publisher":{"@id":"https:\/\/www.astor.com.pl\/poradnikautomatyka\/#organization"},"potentialAction":[{"@type":"SearchAction","target":{"@type":"EntryPoint","urlTemplate":"https:\/\/www.astor.com.pl\/poradnikautomatyka\/?s={search_term_string}"},"query-input":{"@type":"PropertyValueSpecification","valueRequired":true,"valueName":"search_term_string"}}],"inLanguage":"pl-PL"},{"@type":"Organization","@id":"https:\/\/www.astor.com.pl\/poradnikautomatyka\/#organization","name":"ASTOR","url":"https:\/\/www.astor.com.pl\/poradnikautomatyka\/","logo":{"@type":"ImageObject","inLanguage":"pl-PL","@id":"https:\/\/www.astor.com.pl\/poradnikautomatyka\/#\/schema\/logo\/image\/","url":"https:\/\/www.astor.com.pl\/poradnikautomatyka\/wp-content\/uploads\/2018\/08\/ASTOR_zwykly_sam_logotyp.png","contentUrl":"https:\/\/www.astor.com.pl\/poradnikautomatyka\/wp-content\/uploads\/2018\/08\/ASTOR_zwykly_sam_logotyp.png","width":3322,"height":1078,"caption":"ASTOR"},"image":{"@id":"https:\/\/www.astor.com.pl\/poradnikautomatyka\/#\/schema\/logo\/image\/"}}]}},"_links":{"self":[{"href":"https:\/\/www.astor.com.pl\/poradnikautomatyka\/wp-json\/wp\/v2\/pages\/11731","targetHints":{"allow":["GET"]}}],"collection":[{"href":"https:\/\/www.astor.com.pl\/poradnikautomatyka\/wp-json\/wp\/v2\/pages"}],"about":[{"href":"https:\/\/www.astor.com.pl\/poradnikautomatyka\/wp-json\/wp\/v2\/types\/page"}],"author":[{"embeddable":true,"href":"https:\/\/www.astor.com.pl\/poradnikautomatyka\/wp-json\/wp\/v2\/users\/52"}],"replies":[{"embeddable":true,"href":"https:\/\/www.astor.com.pl\/poradnikautomatyka\/wp-json\/wp\/v2\/comments?post=11731"}],"version-history":[{"count":1,"href":"https:\/\/www.astor.com.pl\/poradnikautomatyka\/wp-json\/wp\/v2\/pages\/11731\/revisions"}],"predecessor-version":[{"id":21455,"href":"https:\/\/www.astor.com.pl\/poradnikautomatyka\/wp-json\/wp\/v2\/pages\/11731\/revisions\/21455"}],"wp:featuredmedia":[{"embeddable":true,"href":"https:\/\/www.astor.com.pl\/poradnikautomatyka\/wp-json\/wp\/v2\/media\/17062"}],"wp:attachment":[{"href":"https:\/\/www.astor.com.pl\/poradnikautomatyka\/wp-json\/wp\/v2\/media?parent=11731"}],"curies":[{"name":"wp","href":"https:\/\/api.w.org\/{rel}","templated":true}]}}