{"id":10948,"date":"2020-12-17T08:54:20","date_gmt":"2020-12-17T07:54:20","guid":{"rendered":"https:\/\/www.astor.com.pl\/poradnikautomatyka\/?page_id=10948"},"modified":"2023-08-07T14:52:21","modified_gmt":"2023-08-07T12:52:21","slug":"kurs-podlaczania-i-konfigurowania-przekaznikow-bezpieczenstwa-dla-maszyn-i-stanowisk-produkcyjnych","status":"publish","type":"page","link":"https:\/\/www.astor.com.pl\/poradnikautomatyka\/kurs-podlaczania-i-konfigurowania-przekaznikow-bezpieczenstwa-dla-maszyn-i-stanowisk-produkcyjnych\/","title":{"rendered":"Kurs pod\u0142\u0105czania i konfigurowania przeka\u017anik\u00f3w bezpiecze\u0144stwa dla maszyn i stanowisk produkcyjnych"},"content":{"rendered":"\n<div style=\"height:20px\" aria-hidden=\"true\" class=\"wp-block-spacer\"><\/div>\n\n\n\n<figure class=\"wp-block-image size-full\"><img loading=\"lazy\" decoding=\"async\" width=\"1200\" height=\"513\" src=\"https:\/\/www.astor.com.pl\/poradnikautomatyka\/wp-content\/uploads\/2020\/12\/Glowne-zdjecie-kursu_02.jpg\" alt=\"\" class=\"wp-image-10960\" srcset=\"https:\/\/www.astor.com.pl\/poradnikautomatyka\/wp-content\/uploads\/2020\/12\/Glowne-zdjecie-kursu_02.jpg 1200w, https:\/\/www.astor.com.pl\/poradnikautomatyka\/wp-content\/uploads\/2020\/12\/Glowne-zdjecie-kursu_02-840x359.jpg 840w, https:\/\/www.astor.com.pl\/poradnikautomatyka\/wp-content\/uploads\/2020\/12\/Glowne-zdjecie-kursu_02-768x328.jpg 768w\" sizes=\"auto, (max-width: 1200px) 100vw, 1200px\" \/><\/figure>\n\n\n\n<div style=\"height:50px\" aria-hidden=\"true\" class=\"wp-block-spacer\"><\/div>\n\n\n\n<h2 class=\"wp-block-heading\">Czego nauczysz si\u0119 w tym kursie?<\/h2>\n\n\n\n<p>W tym kursie poznasz praktyczn\u0105 wiedz\u0119 na temat pod\u0142\u0105czania przeka\u017anik\u00f3w bezpiecze\u0144stwa oraz najcz\u0119\u015bciej stosowanych urz\u0105dze\u0144 peryferyjnych w maszynach, takich jak: przyciski bezpiecze\u0144stwa, kurtyny \u015bwietlne, zamki ryglowe czy wy\u0142\u0105czniki kra\u0144cowe.<\/p>\n\n\n\n<div style=\"height:20px\" aria-hidden=\"true\" class=\"wp-block-spacer\"><\/div>\n\n\n<div class=\"wp-block-image\">\n<figure class=\"aligncenter size-full\"><img loading=\"lazy\" decoding=\"async\" width=\"1200\" height=\"800\" src=\"https:\/\/www.astor.com.pl\/poradnikautomatyka\/wp-content\/uploads\/2020\/12\/1_Preventa_XPS_Universal_Przekaznik_Bezpeiczenstwa_ASTOR_1_02.jpg\" alt=\"\" class=\"wp-image-10959\" srcset=\"https:\/\/www.astor.com.pl\/poradnikautomatyka\/wp-content\/uploads\/2020\/12\/1_Preventa_XPS_Universal_Przekaznik_Bezpeiczenstwa_ASTOR_1_02.jpg 1200w, https:\/\/www.astor.com.pl\/poradnikautomatyka\/wp-content\/uploads\/2020\/12\/1_Preventa_XPS_Universal_Przekaznik_Bezpeiczenstwa_ASTOR_1_02-840x560.jpg 840w, https:\/\/www.astor.com.pl\/poradnikautomatyka\/wp-content\/uploads\/2020\/12\/1_Preventa_XPS_Universal_Przekaznik_Bezpeiczenstwa_ASTOR_1_02-768x512.jpg 768w\" sizes=\"auto, (max-width: 1200px) 100vw, 1200px\" \/><figcaption class=\"wp-element-caption\">Przeka\u017anik bezpiecze\u0144stwa Preventa w szafie sterowniczej, \u017ar\u00f3d\u0142o: Schneider Electric<\/figcaption><\/figure>\n<\/div>\n\n\n<div style=\"height:20px\" aria-hidden=\"true\" class=\"wp-block-spacer\"><\/div>\n\n\n\n<p>Dowiesz si\u0119 tak\u017ce wi\u0119cej na temat samych przeka\u017anik\u00f3w bezpiecze\u0144stwa &#8211; poznasz ich funkcje i mo\u017cliwo\u015bci, metod\u0119 konfiguracji i diagnostyki, jak r\u00f3wnie\u017c ich rol\u0119 w bezpiecze\u0144stwie maszynowym.<\/p>\n\n\n\n<p>Rozw\u00f3j automatyki i przemys\u0142u, to tak\u017ce rozw\u00f3j system\u00f3w bezpiecze\u0144stwa maszyn i stanowisk produkcyjnych. Ka\u017cdy automatyk czy robotyk powinien zna\u0107 najnowsze rozwi\u0105zania z tej dziedziny i wiedzie\u0107, jak je konfigurowa\u0107 i pod\u0142\u0105cza\u0107.<\/p>\n\n\n\n<p>Wsp\u00f3\u0142czesne przeka\u017aniki cechuje uniwersalno\u015b\u0107 \u2013 jeden model potrafi obs\u0142u\u017cy\u0107 kilka r\u00f3\u017cnych funkcji bezpiecze\u0144stwa maszynowego. Dzi\u0119ki temu \u0142atwiej dba\u0107 o magazyn rezerwowy.<\/p>\n\n\n\n<p>Nasz kurs pokazuje, jak obs\u0142ugiwa\u0107 przeka\u017anik bezpiecze\u0144stwa krok po kroku, tak wi\u0119c na spokojnie zrozumiesz, jak on dzia\u0142a.<\/p>\n\n\n\n<div style=\"height:50px\" aria-hidden=\"true\" class=\"wp-block-spacer\"><\/div>\n\n\n\n<h2 class=\"wp-block-heading\">Lista odcink\u00f3w kursu:<\/h2>\n\n\n\n<div class=\"dowiesz-sie\" style=\"margin-top:40px; margin-bottom:40px\">\n<a href=\"https:\/\/www.astor.com.pl\/poradnikautomatyka\/kurs-podlaczania-i-konfigurowania-przekaznikow-bezpieczenstwa-dla-maszyn-i-stanowisk-produkcyjnych\/\"><h3>Kurs pod\u0142\u0105czania i konfigurowania przeka\u017anik\u00f3w bezpiecze\u0144stwa dla maszyn i stanowisk produkcyjnych <\/h3><\/a>\n\n<li><a href=\"https:\/\/www.astor.com.pl\/poradnikautomatyka\/czym-sa-i-jak-dzialaja-przekazniki-bezpieczenstwa-podstawowe-informacje-ktore-kazdy-automatyk-znac-powinien\/\">1. Wst\u0119p: Czym s\u0105 i jak dzia\u0142aj\u0105 przeka\u017aniki bezpiecze\u0144stwa? Podstawowe informacje, kt\u00f3re ka\u017cdy automatyk zna\u0107 powinien<\/a><\/li>\n<li><a href=\"https:\/\/www.astor.com.pl\/poradnikautomatyka\/jak-podlaczyc-przycisk-e-stop-kurs-podlaczania-i-konfigurowania-przekaznikow-bezpieczenstwa-dla-maszyn-i-stanowisk-produkcyjnych-odc-1\/\">2.\tJak pod\u0142\u0105czy\u0107 przycisk E-STOP? | Kurs pod\u0142\u0105czania i konfigurowania przeka\u017anik\u00f3w bezpiecze\u0144stwa dla maszyn i stanowisk produkcyjnych odc.1<\/a><\/li>\n<li><a href=\"https:\/\/www.astor.com.pl\/poradnikautomatyka\/funkcje-trybu-start-czym-sa-ktora-funkcje-wybrac-kurs-podlaczania-i-konfigurowania-przekaznikow-bezpieczenstwa-dla-maszyn-i-stanowisk-produkcyjnych-odc-2\/\">3.\tFunkcje trybu start \u2013 czym s\u0105? Kt\u00f3r\u0105 funkcj\u0119 wybra\u0107 pod konkretne zastosowanie? | Kurs pod\u0142\u0105czania i konfigurowania przeka\u017anik\u00f3w bezpiecze\u0144stwa dla maszyn i stanowisk produkcyjnych odc.2<\/a><\/li>\n<li><a href=\"https:\/\/www.astor.com.pl\/poradnikautomatyka\/jak-podlaczyc-kurtyne-laserowa-kurs-podlaczania-i-konfigurowania-przekaznikow-bezpieczenstwa-dla-maszyn-i-stanowisk-produkcyjnych-odc-3\/\">4.\tJak pod\u0142\u0105czy\u0107 kurtyn\u0119 laserow\u0105? | Kurs pod\u0142\u0105czania i konfigurowania przeka\u017anik\u00f3w bezpiecze\u0144stwa dla maszyn i stanowisk produkcyjnych odc.3<\/a><\/li>\n<li><a href=\"https:\/\/www.astor.com.pl\/poradnikautomatyka\/jak-podlaczyc-stacje-sterowania-oburecznego-kurs-podlaczania-i-konfigurowania-przekaznikow-bezpieczenstwa-dla-maszyn-i-stanowisk-produkcyjnych-odc-4\/\">5.\tJak pod\u0142\u0105czy\u0107 stacj\u0119 sterowania obur\u0119cznego? Kurs pod\u0142\u0105czania i konfigurowania przeka\u017anik\u00f3w bezpiecze\u0144stwa dla maszyn i stanowisk produkcyjnych odc.4<\/a><\/li>\n<a href=\"https:\/\/www.astor.com.pl\/poradnikautomatyka\/jak-diagnozowac-prace-przekaznika-cz-1-kurs-podlaczania-i-konfigurowania-przekaznikow-bezpieczenstwa-dla-maszyn-i-stanowisk-produkcyjnych\/\"><li>6.\tJak diagnozowa\u0107 prac\u0119 przeka\u017anika? Cz. 1 | Kurs pod\u0142\u0105czania i konfigurowania przeka\u017anik\u00f3w bezpiecze\u0144stwa dla maszyn i stanowisk produkcyjnych odc.5<\/li><\/a>\n<li><a href=\"https:\/\/www.astor.com.pl\/poradnikautomatyka\/jak-diagnozowac-prace-przekaznika-cz-2-kurs-podlaczania-i-konfigurowania-przekaznikow-bezpieczenstwa-dla-maszyn-i-stanowisk-produkcyjnych-odc-6\/\">7.\tJak diagnozowa\u0107 prac\u0119 przeka\u017anika? Cz.2| Kurs pod\u0142\u0105czania i konfigurowania przeka\u017anik\u00f3w bezpiecze\u0144stwa dla maszyn i stanowisk produkcyjnych odc.6<\/a><\/li>\n<li><a href=\"https:\/\/www.astor.com.pl\/poradnikautomatyka\/jak-podlaczyc-wylaczniki-krancowe-kurs-podlaczania-i-konfigurowania-przekaznikow-bezpieczenstwa-dla-maszyn-i-stanowisk-produkcyjnych-odc-7\/\">8.\tJak pod\u0142\u0105czy\u0107 wy\u0142\u0105czniki kra\u0144cowe? | Kurs pod\u0142\u0105czania i konfigurowania przeka\u017anik\u00f3w bezpiecze\u0144stwa dla maszyn i stanowisk produkcyjnych odc.7<\/a><\/li>\n<li><a href=\"https:\/\/www.astor.com.pl\/poradnikautomatyka\/jak-podlaczyc-rygiel-kurs-podlaczania-i-konfigurowania-przekaznikow-bezpieczenstwa-dla-maszyn-i-stanowisk-produkcyjnych-odc-8\/\">9.\tJak pod\u0142\u0105czy\u0107 rygiel? | Kurs pod\u0142\u0105czania i konfigurowania przeka\u017anik\u00f3w bezpiecze\u0144stwa dla maszyn i stanowisk produkcyjnych odc.8<\/a><\/li>\n<br>\n\n<h3> Dodatkowe informatory techniczne dla klient\u00f3w ASTOR: *<\/h3>\n<li> 1. Pod\u0142\u0105czenie i diagnostyka modu\u0142u rozszerze\u0144 XPSUEP <\/li>\n<li> 2. Po\u0142\u0105czenie kaskadowe kilku przeka\u017anik\u00f3w bezpiecze\u0144stwa w jeden uk\u0142ad <\/li>\n<li> 3. Pod\u0142\u0105czenie kilku element\u00f3w uk\u0142adu bezpiecze\u0144stwa do jednego przeka\u017anika, przy zachowaniu norm bezpiecze\u0144stwa <\/li>\n<br>\n<p> *Materia\u0142y wysy\u0142ane bezpo\u015brednio na e-mail klienta. <\/p>\n\n<\/div>\n\n\n\n<div style=\"height:20px\" aria-hidden=\"true\" class=\"wp-block-spacer\"><\/div>\n\n\n\n                <div class=\"ml-form-embed\"\n                     data-account=\"1412992:d3l7o0t1k2\"\n                     data-form=\"4464940:x9f4d2\">\n                <\/div>\n            \n\n\n\n<div class=\"wp-block-columns is-layout-flex wp-container-core-columns-is-layout-9d6595d7 wp-block-columns-is-layout-flex\">\n<div class=\"wp-block-column is-layout-flow wp-block-column-is-layout-flow\">\n<h2 class=\"wp-block-heading\">Czym s\u0105 przeka\u017aniki bezpiecze\u0144stwa? Obejrzyj nasz film!<\/h2>\n\n\n\n<p>Sprawd\u017a nasz film na temat przeka\u017anik\u00f3w bezpiecze\u0144stwa i poznaj ich podstawowe zastosowania i funkcjonalno\u015bci. Dowiedz si\u0119 czym cechuj\u0105 si\u0119 najnowsze modu\u0142y bezpiecze\u0144stwa i jak wykorzysta\u0107 ich zalety.<\/p>\n\n\n\n<div style=\"height:20px\" aria-hidden=\"true\" class=\"wp-block-spacer\"><\/div>\n\n\n\n<p>Zainteresowany najnowszymi przeka\u017anikami bezpiecze\u0144stwa? Wejd\u017a na nasz sklep internetowy i sprawd\u017a wyj\u0105tkow\u0105 cen\u0119 na podstawowy model XPSUAF13AP.<\/p>\n\n\n\n<p class=\"has-text-align-right\"><a href=\"https:\/\/www.astor.com.pl\/sklep\/oferta-partnerow\/preventa-xps\/xpsuaf13ap.html\">Sprawd\u017a ofert\u0119 \u00bb<\/a><\/p>\n<\/div>\n\n\n\n<div class=\"wp-block-column is-layout-flow wp-block-column-is-layout-flow\">\n<div style=\"height:40px\" aria-hidden=\"true\" class=\"wp-block-spacer\"><\/div>\n\n\n\n<iframe loading=\"lazy\" width=\"500\" height=\"300\" src=\"https:\/\/www.youtube.com\/embed\/8Qf0dEPU6W8\" frameborder=\"0\" allow=\"accelerometer; autoplay; clipboard-write; encrypted-media; gyroscope; picture-in-picture\" allowfullscreen=\"\"><\/iframe>\n<\/div>\n<\/div>\n\n\n<div class=\"wp-block-image\">\n<figure class=\"aligncenter size-large\"><a href=\"https:\/\/www.astor.com.pl\/produkty\/sterowanie\/przekazniki-bezpieczenstwa.html\"><img loading=\"lazy\" decoding=\"async\" width=\"768\" height=\"185\" src=\"https:\/\/www.astor.com.pl\/poradnikautomatyka\/wp-content\/uploads\/2021\/06\/Baner-do-artykulu.png\" alt=\"\" class=\"wp-image-12455\"\/><\/a><\/figure>\n<\/div>\n\n\n<div style=\"height:40px\" aria-hidden=\"true\" class=\"wp-block-spacer\"><\/div>\n\n\n\n<h1 class=\"wp-block-heading\">Przeka\u017aniki bezpiecze\u0144stwa Preventa XPS Universal<\/h1>\n\n\n\n<p>Preventa to wysokiej jako\u015bci modu\u0142y, stosowane w systemach bezpiecze\u0144stwa maszynowego na ca\u0142ym \u015bwiecie.<\/p>\n\n\n\n<p>Seria XPS Universal to najnowsza ods\u0142ona modu\u0142\u00f3w od Schneider Electric. Maj\u0105 mn\u00f3stwo funkcjonalno\u015bci, z czego najwa\u017cniejsz\u0105 jest uniwersalno\u015b\u0107.<\/p>\n\n\n\n<div style=\"height:20px\" aria-hidden=\"true\" class=\"wp-block-spacer\"><\/div>\n\n\n<div class=\"wp-block-image\">\n<figure class=\"aligncenter size-full\"><img loading=\"lazy\" decoding=\"async\" width=\"1200\" height=\"675\" src=\"https:\/\/www.astor.com.pl\/poradnikautomatyka\/wp-content\/uploads\/2020\/12\/2_Preventa_XPS_Universal_Przekaznik_Bezpeiczenstwa_ASTOR_2_02.jpg\" alt=\"\" class=\"wp-image-10961\" srcset=\"https:\/\/www.astor.com.pl\/poradnikautomatyka\/wp-content\/uploads\/2020\/12\/2_Preventa_XPS_Universal_Przekaznik_Bezpeiczenstwa_ASTOR_2_02.jpg 1200w, https:\/\/www.astor.com.pl\/poradnikautomatyka\/wp-content\/uploads\/2020\/12\/2_Preventa_XPS_Universal_Przekaznik_Bezpeiczenstwa_ASTOR_2_02-840x473.jpg 840w, https:\/\/www.astor.com.pl\/poradnikautomatyka\/wp-content\/uploads\/2020\/12\/2_Preventa_XPS_Universal_Przekaznik_Bezpeiczenstwa_ASTOR_2_02-768x432.jpg 768w\" sizes=\"auto, (max-width: 1200px) 100vw, 1200px\" \/><figcaption class=\"wp-element-caption\">Przeka\u017aniki bezpiecze\u0144stwa z serii XPS Universal, \u017ar\u00f3d\u0142o: ASTOR<\/figcaption><\/figure>\n<\/div>\n\n\n<div style=\"height:20px\" aria-hidden=\"true\" class=\"wp-block-spacer\"><\/div>\n\n\n\n<p>Ka\u017cdy modu\u0142 posiada zaprogramowane kilka funkcji bezpiecze\u0144stwa, kt\u00f3re mo\u017cna w prosty spos\u00f3b wybiera\u0107 przy pomocy pokr\u0119te\u0142 na frontowym panelu. Dzi\u0119ki temu rozwi\u0105zaniu nie trzeba ju\u017c dobiera\u0107 kilku r\u00f3\u017cnych modeli pod r\u00f3\u017cne funkcje systemu bezpiecze\u0144stwa maszyny &#8211; wystarczy jeden przeka\u017anik ustawiony w odpowiedni tryb.<\/p>\n\n\n\n<div style=\"height:20px\" aria-hidden=\"true\" class=\"wp-block-spacer\"><\/div>\n\n\n<div class=\"wp-block-image\">\n<figure class=\"aligncenter size-large\"><a href=\"https:\/\/www.astor.com.pl\/produkty\/sterowanie\/przekazniki-bezpieczenstwa.html\"><img loading=\"lazy\" decoding=\"async\" width=\"830\" height=\"200\" src=\"https:\/\/www.astor.com.pl\/poradnikautomatyka\/wp-content\/uploads\/2020\/11\/Kopia-SZABLON_SKLEP_BANNER.png\" alt=\"\" class=\"wp-image-10725\" srcset=\"https:\/\/www.astor.com.pl\/poradnikautomatyka\/wp-content\/uploads\/2020\/11\/Kopia-SZABLON_SKLEP_BANNER.png 830w, https:\/\/www.astor.com.pl\/poradnikautomatyka\/wp-content\/uploads\/2020\/11\/Kopia-SZABLON_SKLEP_BANNER-768x185.png 768w\" sizes=\"auto, (max-width: 830px) 100vw, 830px\" \/><\/a><\/figure>\n<\/div>","protected":false},"excerpt":{"rendered":"<p>Czego nauczysz si\u0119 w tym kursie? W tym kursie poznasz praktyczn\u0105 wiedz\u0119 na temat pod\u0142\u0105czania przeka\u017anik\u00f3w bezpiecze\u0144stwa oraz najcz\u0119\u015bciej stosowanych urz\u0105dze\u0144 peryferyjnych w maszynach, takich jak: przyciski bezpiecze\u0144stwa, kurtyny \u015bwietlne, zamki ryglowe czy wy\u0142\u0105czniki kra\u0144cowe. Dowiesz si\u0119 tak\u017ce wi\u0119cej na temat samych przeka\u017anik\u00f3w bezpiecze\u0144stwa &#8211; poznasz ich funkcje i mo\u017cliwo\u015bci, metod\u0119 konfiguracji i diagnostyki, jak [&hellip;]<\/p>\n","protected":false},"author":43,"featured_media":10949,"parent":0,"menu_order":0,"comment_status":"closed","ping_status":"closed","template":"","meta":{"_acf_changed":false,"footnotes":""},"class_list":["post-10948","page","type-page","status-publish","has-post-thumbnail","hentry"],"acf":[],"yoast_head":"<!-- This site is optimized with the Yoast SEO plugin v27.3 - https:\/\/yoast.com\/product\/yoast-seo-wordpress\/ -->\r\n<title>Kurs pod\u0142\u0105czania i konfigurowania przeka\u017anik\u00f3w bezpiecze\u0144stwa dla maszyn i stanowisk produkcyjnych | Poradnik Automatyka<\/title>\r\n<meta name=\"robots\" content=\"index, follow, max-snippet:-1, max-image-preview:large, max-video-preview:-1\" \/>\r\n<link rel=\"canonical\" href=\"https:\/\/www.astor.com.pl\/poradnikautomatyka\/kurs-podlaczania-i-konfigurowania-przekaznikow-bezpieczenstwa-dla-maszyn-i-stanowisk-produkcyjnych\/\" \/>\r\n<meta property=\"og:locale\" content=\"pl_PL\" \/>\r\n<meta property=\"og:type\" content=\"article\" \/>\r\n<meta property=\"og:title\" content=\"Kurs pod\u0142\u0105czania i konfigurowania przeka\u017anik\u00f3w bezpiecze\u0144stwa dla maszyn i stanowisk produkcyjnych | Poradnik Automatyka\" \/>\r\n<meta property=\"og:description\" content=\"Czego nauczysz si\u0119 w tym kursie? W tym kursie poznasz praktyczn\u0105 wiedz\u0119 na temat pod\u0142\u0105czania przeka\u017anik\u00f3w bezpiecze\u0144stwa oraz najcz\u0119\u015bciej stosowanych urz\u0105dze\u0144 peryferyjnych w maszynach, takich jak: przyciski bezpiecze\u0144stwa, kurtyny \u015bwietlne, zamki ryglowe czy wy\u0142\u0105czniki kra\u0144cowe. Dowiesz si\u0119 tak\u017ce wi\u0119cej na temat samych przeka\u017anik\u00f3w bezpiecze\u0144stwa &#8211; poznasz ich funkcje i mo\u017cliwo\u015bci, metod\u0119 konfiguracji i diagnostyki, jak [&hellip;]\" \/>\r\n<meta property=\"og:url\" content=\"https:\/\/www.astor.com.pl\/poradnikautomatyka\/kurs-podlaczania-i-konfigurowania-przekaznikow-bezpieczenstwa-dla-maszyn-i-stanowisk-produkcyjnych\/\" \/>\r\n<meta property=\"og:site_name\" content=\"Poradnik Automatyka\" \/>\r\n<meta property=\"article:modified_time\" content=\"2023-08-07T12:52:21+00:00\" \/>\r\n<meta property=\"og:image\" content=\"https:\/\/www.astor.com.pl\/poradnikautomatyka\/wp-content\/uploads\/2020\/12\/Glowne-zdjecie-kursu_01.jpg\" \/>\r\n\t<meta property=\"og:image:width\" content=\"840\" \/>\r\n\t<meta property=\"og:image:height\" content=\"448\" \/>\r\n\t<meta property=\"og:image:type\" content=\"image\/jpeg\" \/>\r\n<meta name=\"twitter:card\" content=\"summary_large_image\" \/>\r\n<meta name=\"twitter:label1\" content=\"Szacowany czas czytania\" \/>\n\t<meta name=\"twitter:data1\" content=\"3 minuty\" \/>\r\n<script type=\"application\/ld+json\" class=\"yoast-schema-graph\">{\"@context\":\"https:\\\/\\\/schema.org\",\"@graph\":[{\"@type\":\"WebPage\",\"@id\":\"https:\\\/\\\/www.astor.com.pl\\\/poradnikautomatyka\\\/kurs-podlaczania-i-konfigurowania-przekaznikow-bezpieczenstwa-dla-maszyn-i-stanowisk-produkcyjnych\\\/\",\"url\":\"https:\\\/\\\/www.astor.com.pl\\\/poradnikautomatyka\\\/kurs-podlaczania-i-konfigurowania-przekaznikow-bezpieczenstwa-dla-maszyn-i-stanowisk-produkcyjnych\\\/\",\"name\":\"Kurs pod\u0142\u0105czania i konfigurowania przeka\u017anik\u00f3w bezpiecze\u0144stwa dla maszyn i stanowisk produkcyjnych | Poradnik Automatyka\",\"isPartOf\":{\"@id\":\"https:\\\/\\\/www.astor.com.pl\\\/poradnikautomatyka\\\/#website\"},\"primaryImageOfPage\":{\"@id\":\"https:\\\/\\\/www.astor.com.pl\\\/poradnikautomatyka\\\/kurs-podlaczania-i-konfigurowania-przekaznikow-bezpieczenstwa-dla-maszyn-i-stanowisk-produkcyjnych\\\/#primaryimage\"},\"image\":{\"@id\":\"https:\\\/\\\/www.astor.com.pl\\\/poradnikautomatyka\\\/kurs-podlaczania-i-konfigurowania-przekaznikow-bezpieczenstwa-dla-maszyn-i-stanowisk-produkcyjnych\\\/#primaryimage\"},\"thumbnailUrl\":\"https:\\\/\\\/www.astor.com.pl\\\/poradnikautomatyka\\\/wp-content\\\/uploads\\\/2020\\\/12\\\/Glowne-zdjecie-kursu_01.jpg\",\"datePublished\":\"2020-12-17T07:54:20+00:00\",\"dateModified\":\"2023-08-07T12:52:21+00:00\",\"inLanguage\":\"pl-PL\",\"potentialAction\":[{\"@type\":\"ReadAction\",\"target\":[\"https:\\\/\\\/www.astor.com.pl\\\/poradnikautomatyka\\\/kurs-podlaczania-i-konfigurowania-przekaznikow-bezpieczenstwa-dla-maszyn-i-stanowisk-produkcyjnych\\\/\"]}]},{\"@type\":\"ImageObject\",\"inLanguage\":\"pl-PL\",\"@id\":\"https:\\\/\\\/www.astor.com.pl\\\/poradnikautomatyka\\\/kurs-podlaczania-i-konfigurowania-przekaznikow-bezpieczenstwa-dla-maszyn-i-stanowisk-produkcyjnych\\\/#primaryimage\",\"url\":\"https:\\\/\\\/www.astor.com.pl\\\/poradnikautomatyka\\\/wp-content\\\/uploads\\\/2020\\\/12\\\/Glowne-zdjecie-kursu_01.jpg\",\"contentUrl\":\"https:\\\/\\\/www.astor.com.pl\\\/poradnikautomatyka\\\/wp-content\\\/uploads\\\/2020\\\/12\\\/Glowne-zdjecie-kursu_01.jpg\",\"width\":840,\"height\":448},{\"@type\":\"WebSite\",\"@id\":\"https:\\\/\\\/www.astor.com.pl\\\/poradnikautomatyka\\\/#website\",\"url\":\"https:\\\/\\\/www.astor.com.pl\\\/poradnikautomatyka\\\/\",\"name\":\"Poradnik Automatyka\",\"description\":\"Poradnik Automatyka to przydatne kursy, u\u017cyteczne artyku\u0142y i merytoryczne webinary dla ka\u017cdego automatyka i elektryka.\",\"publisher\":{\"@id\":\"https:\\\/\\\/www.astor.com.pl\\\/poradnikautomatyka\\\/#organization\"},\"potentialAction\":[{\"@type\":\"SearchAction\",\"target\":{\"@type\":\"EntryPoint\",\"urlTemplate\":\"https:\\\/\\\/www.astor.com.pl\\\/poradnikautomatyka\\\/?s={search_term_string}\"},\"query-input\":{\"@type\":\"PropertyValueSpecification\",\"valueRequired\":true,\"valueName\":\"search_term_string\"}}],\"inLanguage\":\"pl-PL\"},{\"@type\":\"Organization\",\"@id\":\"https:\\\/\\\/www.astor.com.pl\\\/poradnikautomatyka\\\/#organization\",\"name\":\"ASTOR\",\"url\":\"https:\\\/\\\/www.astor.com.pl\\\/poradnikautomatyka\\\/\",\"logo\":{\"@type\":\"ImageObject\",\"inLanguage\":\"pl-PL\",\"@id\":\"https:\\\/\\\/www.astor.com.pl\\\/poradnikautomatyka\\\/#\\\/schema\\\/logo\\\/image\\\/\",\"url\":\"https:\\\/\\\/www.astor.com.pl\\\/poradnikautomatyka\\\/wp-content\\\/uploads\\\/2018\\\/08\\\/ASTOR_zwykly_sam_logotyp.png\",\"contentUrl\":\"https:\\\/\\\/www.astor.com.pl\\\/poradnikautomatyka\\\/wp-content\\\/uploads\\\/2018\\\/08\\\/ASTOR_zwykly_sam_logotyp.png\",\"width\":3322,\"height\":1078,\"caption\":\"ASTOR\"},\"image\":{\"@id\":\"https:\\\/\\\/www.astor.com.pl\\\/poradnikautomatyka\\\/#\\\/schema\\\/logo\\\/image\\\/\"}}]}<\/script>\r\n<!-- \/ Yoast SEO plugin. -->","yoast_head_json":{"title":"Kurs pod\u0142\u0105czania i konfigurowania przeka\u017anik\u00f3w bezpiecze\u0144stwa dla maszyn i stanowisk produkcyjnych | Poradnik Automatyka","robots":{"index":"index","follow":"follow","max-snippet":"max-snippet:-1","max-image-preview":"max-image-preview:large","max-video-preview":"max-video-preview:-1"},"canonical":"https:\/\/www.astor.com.pl\/poradnikautomatyka\/kurs-podlaczania-i-konfigurowania-przekaznikow-bezpieczenstwa-dla-maszyn-i-stanowisk-produkcyjnych\/","og_locale":"pl_PL","og_type":"article","og_title":"Kurs pod\u0142\u0105czania i konfigurowania przeka\u017anik\u00f3w bezpiecze\u0144stwa dla maszyn i stanowisk produkcyjnych | Poradnik Automatyka","og_description":"Czego nauczysz si\u0119 w tym kursie? W tym kursie poznasz praktyczn\u0105 wiedz\u0119 na temat pod\u0142\u0105czania przeka\u017anik\u00f3w bezpiecze\u0144stwa oraz najcz\u0119\u015bciej stosowanych urz\u0105dze\u0144 peryferyjnych w maszynach, takich jak: przyciski bezpiecze\u0144stwa, kurtyny \u015bwietlne, zamki ryglowe czy wy\u0142\u0105czniki kra\u0144cowe. Dowiesz si\u0119 tak\u017ce wi\u0119cej na temat samych przeka\u017anik\u00f3w bezpiecze\u0144stwa &#8211; poznasz ich funkcje i mo\u017cliwo\u015bci, metod\u0119 konfiguracji i diagnostyki, jak [&hellip;]","og_url":"https:\/\/www.astor.com.pl\/poradnikautomatyka\/kurs-podlaczania-i-konfigurowania-przekaznikow-bezpieczenstwa-dla-maszyn-i-stanowisk-produkcyjnych\/","og_site_name":"Poradnik Automatyka","article_modified_time":"2023-08-07T12:52:21+00:00","og_image":[{"width":840,"height":448,"url":"https:\/\/www.astor.com.pl\/poradnikautomatyka\/wp-content\/uploads\/2020\/12\/Glowne-zdjecie-kursu_01.jpg","type":"image\/jpeg"}],"twitter_card":"summary_large_image","twitter_misc":{"Szacowany czas czytania":"3 minuty"},"schema":{"@context":"https:\/\/schema.org","@graph":[{"@type":"WebPage","@id":"https:\/\/www.astor.com.pl\/poradnikautomatyka\/kurs-podlaczania-i-konfigurowania-przekaznikow-bezpieczenstwa-dla-maszyn-i-stanowisk-produkcyjnych\/","url":"https:\/\/www.astor.com.pl\/poradnikautomatyka\/kurs-podlaczania-i-konfigurowania-przekaznikow-bezpieczenstwa-dla-maszyn-i-stanowisk-produkcyjnych\/","name":"Kurs pod\u0142\u0105czania i konfigurowania przeka\u017anik\u00f3w bezpiecze\u0144stwa dla maszyn i stanowisk produkcyjnych | Poradnik Automatyka","isPartOf":{"@id":"https:\/\/www.astor.com.pl\/poradnikautomatyka\/#website"},"primaryImageOfPage":{"@id":"https:\/\/www.astor.com.pl\/poradnikautomatyka\/kurs-podlaczania-i-konfigurowania-przekaznikow-bezpieczenstwa-dla-maszyn-i-stanowisk-produkcyjnych\/#primaryimage"},"image":{"@id":"https:\/\/www.astor.com.pl\/poradnikautomatyka\/kurs-podlaczania-i-konfigurowania-przekaznikow-bezpieczenstwa-dla-maszyn-i-stanowisk-produkcyjnych\/#primaryimage"},"thumbnailUrl":"https:\/\/www.astor.com.pl\/poradnikautomatyka\/wp-content\/uploads\/2020\/12\/Glowne-zdjecie-kursu_01.jpg","datePublished":"2020-12-17T07:54:20+00:00","dateModified":"2023-08-07T12:52:21+00:00","inLanguage":"pl-PL","potentialAction":[{"@type":"ReadAction","target":["https:\/\/www.astor.com.pl\/poradnikautomatyka\/kurs-podlaczania-i-konfigurowania-przekaznikow-bezpieczenstwa-dla-maszyn-i-stanowisk-produkcyjnych\/"]}]},{"@type":"ImageObject","inLanguage":"pl-PL","@id":"https:\/\/www.astor.com.pl\/poradnikautomatyka\/kurs-podlaczania-i-konfigurowania-przekaznikow-bezpieczenstwa-dla-maszyn-i-stanowisk-produkcyjnych\/#primaryimage","url":"https:\/\/www.astor.com.pl\/poradnikautomatyka\/wp-content\/uploads\/2020\/12\/Glowne-zdjecie-kursu_01.jpg","contentUrl":"https:\/\/www.astor.com.pl\/poradnikautomatyka\/wp-content\/uploads\/2020\/12\/Glowne-zdjecie-kursu_01.jpg","width":840,"height":448},{"@type":"WebSite","@id":"https:\/\/www.astor.com.pl\/poradnikautomatyka\/#website","url":"https:\/\/www.astor.com.pl\/poradnikautomatyka\/","name":"Poradnik Automatyka","description":"Poradnik Automatyka to przydatne kursy, u\u017cyteczne artyku\u0142y i merytoryczne webinary dla ka\u017cdego automatyka i elektryka.","publisher":{"@id":"https:\/\/www.astor.com.pl\/poradnikautomatyka\/#organization"},"potentialAction":[{"@type":"SearchAction","target":{"@type":"EntryPoint","urlTemplate":"https:\/\/www.astor.com.pl\/poradnikautomatyka\/?s={search_term_string}"},"query-input":{"@type":"PropertyValueSpecification","valueRequired":true,"valueName":"search_term_string"}}],"inLanguage":"pl-PL"},{"@type":"Organization","@id":"https:\/\/www.astor.com.pl\/poradnikautomatyka\/#organization","name":"ASTOR","url":"https:\/\/www.astor.com.pl\/poradnikautomatyka\/","logo":{"@type":"ImageObject","inLanguage":"pl-PL","@id":"https:\/\/www.astor.com.pl\/poradnikautomatyka\/#\/schema\/logo\/image\/","url":"https:\/\/www.astor.com.pl\/poradnikautomatyka\/wp-content\/uploads\/2018\/08\/ASTOR_zwykly_sam_logotyp.png","contentUrl":"https:\/\/www.astor.com.pl\/poradnikautomatyka\/wp-content\/uploads\/2018\/08\/ASTOR_zwykly_sam_logotyp.png","width":3322,"height":1078,"caption":"ASTOR"},"image":{"@id":"https:\/\/www.astor.com.pl\/poradnikautomatyka\/#\/schema\/logo\/image\/"}}]}},"_links":{"self":[{"href":"https:\/\/www.astor.com.pl\/poradnikautomatyka\/wp-json\/wp\/v2\/pages\/10948","targetHints":{"allow":["GET"]}}],"collection":[{"href":"https:\/\/www.astor.com.pl\/poradnikautomatyka\/wp-json\/wp\/v2\/pages"}],"about":[{"href":"https:\/\/www.astor.com.pl\/poradnikautomatyka\/wp-json\/wp\/v2\/types\/page"}],"author":[{"embeddable":true,"href":"https:\/\/www.astor.com.pl\/poradnikautomatyka\/wp-json\/wp\/v2\/users\/43"}],"replies":[{"embeddable":true,"href":"https:\/\/www.astor.com.pl\/poradnikautomatyka\/wp-json\/wp\/v2\/comments?post=10948"}],"version-history":[{"count":1,"href":"https:\/\/www.astor.com.pl\/poradnikautomatyka\/wp-json\/wp\/v2\/pages\/10948\/revisions"}],"predecessor-version":[{"id":18716,"href":"https:\/\/www.astor.com.pl\/poradnikautomatyka\/wp-json\/wp\/v2\/pages\/10948\/revisions\/18716"}],"wp:featuredmedia":[{"embeddable":true,"href":"https:\/\/www.astor.com.pl\/poradnikautomatyka\/wp-json\/wp\/v2\/media\/10949"}],"wp:attachment":[{"href":"https:\/\/www.astor.com.pl\/poradnikautomatyka\/wp-json\/wp\/v2\/media?parent=10948"}],"curies":[{"name":"wp","href":"https:\/\/api.w.org\/{rel}","templated":true}]}}