{"id":7,"date":"2024-03-05T14:33:14","date_gmt":"2024-03-05T14:33:14","guid":{"rendered":"https:\/\/astor.safewp.pl\/en\/?page_id=7"},"modified":"2026-04-01T13:40:24","modified_gmt":"2026-04-01T13:40:24","slug":"homepage","status":"publish","type":"page","link":"https:\/\/www.astor.com.pl\/en\/","title":{"rendered":"Homepage"},"content":{"rendered":"","protected":false},"excerpt":{"rendered":"","protected":false},"author":1,"featured_media":0,"parent":0,"menu_order":0,"comment_status":"closed","ping_status":"closed","template":"template-home.php","meta":{"_acf_changed":false,"footnotes":""},"class_list":["post-7","page","type-page","status-publish","hentry"],"acf":[],"yoast_head":"<!-- This site is optimized with the Yoast SEO plugin v27.3 - https:\/\/yoast.com\/product\/yoast-seo-wordpress\/ -->\r\n<title>ASTOR EN - technology meets people<\/title>\r\n<meta name=\"robots\" content=\"index, follow, max-snippet:-1, max-image-preview:large, max-video-preview:-1\" \/>\r\n<link rel=\"canonical\" href=\"https:\/\/www.astor.com.pl\/en\/\" \/>\r\n<meta property=\"og:locale\" content=\"en_GB\" \/>\r\n<meta property=\"og:type\" content=\"article\" \/>\r\n<meta property=\"og:title\" content=\"ASTOR | gdzie technologia spotyka cz\u0142owieka\" \/>\r\n<meta property=\"og:description\" content=\"ASTOR z pasj\u0105 unowocze\u015bnia przemys\u0142, wspiera w rozwoju ludzi w zakresie: automatyka, systemy sterowania, robotyka, oprogramowanie SCADA, HMI, MES, PLC.\" \/>\r\n<meta property=\"og:url\" content=\"https:\/\/www.astor.com.pl\/en\/\" \/>\r\n<meta property=\"og:site_name\" content=\"ASTOR EN\" \/>\r\n<meta property=\"article:modified_time\" content=\"2026-04-01T13:40:24+00:00\" \/>\r\n<meta property=\"og:image\" content=\"https:\/\/www.astor.com.pl\/en\/wp-content\/uploads\/2024\/04\/Astor-OG-Media.jpg\" \/>\r\n\t<meta property=\"og:image:width\" content=\"1200\" \/>\r\n\t<meta property=\"og:image:height\" content=\"630\" \/>\r\n\t<meta property=\"og:image:type\" content=\"image\/jpeg\" \/>\r\n<meta name=\"twitter:card\" content=\"summary_large_image\" \/>\r\n<script type=\"application\/ld+json\" class=\"yoast-schema-graph\">{\"@context\":\"https:\\\/\\\/schema.org\",\"@graph\":[{\"@type\":\"WebPage\",\"@id\":\"https:\\\/\\\/www.astor.com.pl\\\/en\\\/\",\"url\":\"https:\\\/\\\/www.astor.com.pl\\\/en\\\/\",\"name\":\"ASTOR EN - technology meets people\",\"isPartOf\":{\"@id\":\"https:\\\/\\\/www.astor.com.pl\\\/en\\\/#website\"},\"datePublished\":\"2024-03-05T14:33:14+00:00\",\"dateModified\":\"2026-04-01T13:40:24+00:00\",\"breadcrumb\":{\"@id\":\"https:\\\/\\\/www.astor.com.pl\\\/en\\\/#breadcrumb\"},\"inLanguage\":\"en-GB\",\"potentialAction\":[{\"@type\":\"ReadAction\",\"target\":[\"https:\\\/\\\/www.astor.com.pl\\\/en\\\/\"]}]},{\"@type\":\"BreadcrumbList\",\"@id\":\"https:\\\/\\\/www.astor.com.pl\\\/en\\\/#breadcrumb\",\"itemListElement\":[{\"@type\":\"ListItem\",\"position\":1,\"name\":\"Home\",\"item\":\"https:\\\/\\\/www.astor.com.pl\\\/en\\\/\"},{\"@type\":\"ListItem\",\"position\":2,\"name\":\"Homepage\"}]},{\"@type\":\"WebSite\",\"@id\":\"https:\\\/\\\/www.astor.com.pl\\\/en\\\/#website\",\"url\":\"https:\\\/\\\/www.astor.com.pl\\\/en\\\/\",\"name\":\"ASTOR EN\",\"description\":\"technology meets people\",\"potentialAction\":[{\"@type\":\"SearchAction\",\"target\":{\"@type\":\"EntryPoint\",\"urlTemplate\":\"https:\\\/\\\/www.astor.com.pl\\\/en\\\/?s={search_term_string}\"},\"query-input\":{\"@type\":\"PropertyValueSpecification\",\"valueRequired\":true,\"valueName\":\"search_term_string\"}}],\"inLanguage\":\"en-GB\"}]}<\/script>\r\n<!-- \/ Yoast SEO plugin. -->","yoast_head_json":{"title":"ASTOR EN - technology meets people","robots":{"index":"index","follow":"follow","max-snippet":"max-snippet:-1","max-image-preview":"max-image-preview:large","max-video-preview":"max-video-preview:-1"},"canonical":"https:\/\/www.astor.com.pl\/en\/","og_locale":"en_GB","og_type":"article","og_title":"ASTOR | gdzie technologia spotyka cz\u0142owieka","og_description":"ASTOR z pasj\u0105 unowocze\u015bnia przemys\u0142, wspiera w rozwoju ludzi w zakresie: automatyka, systemy sterowania, robotyka, oprogramowanie SCADA, HMI, MES, PLC.","og_url":"https:\/\/www.astor.com.pl\/en\/","og_site_name":"ASTOR EN","article_modified_time":"2026-04-01T13:40:24+00:00","og_image":[{"width":1200,"height":630,"url":"https:\/\/www.astor.com.pl\/en\/wp-content\/uploads\/2024\/04\/Astor-OG-Media.jpg","type":"image\/jpeg"}],"twitter_card":"summary_large_image","schema":{"@context":"https:\/\/schema.org","@graph":[{"@type":"WebPage","@id":"https:\/\/www.astor.com.pl\/en\/","url":"https:\/\/www.astor.com.pl\/en\/","name":"ASTOR EN - technology meets people","isPartOf":{"@id":"https:\/\/www.astor.com.pl\/en\/#website"},"datePublished":"2024-03-05T14:33:14+00:00","dateModified":"2026-04-01T13:40:24+00:00","breadcrumb":{"@id":"https:\/\/www.astor.com.pl\/en\/#breadcrumb"},"inLanguage":"en-GB","potentialAction":[{"@type":"ReadAction","target":["https:\/\/www.astor.com.pl\/en\/"]}]},{"@type":"BreadcrumbList","@id":"https:\/\/www.astor.com.pl\/en\/#breadcrumb","itemListElement":[{"@type":"ListItem","position":1,"name":"Home","item":"https:\/\/www.astor.com.pl\/en\/"},{"@type":"ListItem","position":2,"name":"Homepage"}]},{"@type":"WebSite","@id":"https:\/\/www.astor.com.pl\/en\/#website","url":"https:\/\/www.astor.com.pl\/en\/","name":"ASTOR EN","description":"technology meets people","potentialAction":[{"@type":"SearchAction","target":{"@type":"EntryPoint","urlTemplate":"https:\/\/www.astor.com.pl\/en\/?s={search_term_string}"},"query-input":{"@type":"PropertyValueSpecification","valueRequired":true,"valueName":"search_term_string"}}],"inLanguage":"en-GB"}]}},"_links":{"self":[{"href":"https:\/\/www.astor.com.pl\/en\/wp-json\/wp\/v2\/pages\/7","targetHints":{"allow":["GET"]}}],"collection":[{"href":"https:\/\/www.astor.com.pl\/en\/wp-json\/wp\/v2\/pages"}],"about":[{"href":"https:\/\/www.astor.com.pl\/en\/wp-json\/wp\/v2\/types\/page"}],"author":[{"embeddable":true,"href":"https:\/\/www.astor.com.pl\/en\/wp-json\/wp\/v2\/users\/1"}],"replies":[{"embeddable":true,"href":"https:\/\/www.astor.com.pl\/en\/wp-json\/wp\/v2\/comments?post=7"}],"version-history":[{"count":4,"href":"https:\/\/www.astor.com.pl\/en\/wp-json\/wp\/v2\/pages\/7\/revisions"}],"predecessor-version":[{"id":1295,"href":"https:\/\/www.astor.com.pl\/en\/wp-json\/wp\/v2\/pages\/7\/revisions\/1295"}],"wp:attachment":[{"href":"https:\/\/www.astor.com.pl\/en\/wp-json\/wp\/v2\/media?parent=7"}],"curies":[{"name":"wp","href":"https:\/\/api.w.org\/{rel}","templated":true}]}}