{"id":2,"date":"2025-08-28T14:23:23","date_gmt":"2025-08-28T13:23:23","guid":{"rendered":"https:\/\/astor.safewp.pl\/en\/case-studies\/?page_id=2"},"modified":"2026-02-02T08:52:28","modified_gmt":"2026-02-02T08:52:28","slug":"case-studies","status":"publish","type":"page","link":"https:\/\/www.astor.com.pl\/case-studies\/","title":{"rendered":"Case studies"},"content":{"rendered":"","protected":false},"excerpt":{"rendered":"","protected":false},"author":1,"featured_media":0,"parent":0,"menu_order":0,"comment_status":"closed","ping_status":"closed","template":"template-case-studies.php","meta":{"_acf_changed":false,"footnotes":""},"class_list":["post-2","page","type-page","status-publish","hentry"],"acf":[],"yoast_head":"<!-- This site is optimized with the Yoast SEO plugin v26.7 - https:\/\/yoast.com\/wordpress\/plugins\/seo\/ -->\r\n<title>Case studies - referencje i filmy o sukcesach naszych klient\u00f3w | ASTOR&quot;<\/title>\r\n<meta name=\"description\" content=\"Nasze rozwi\u0105zania w Polsce stosuje ju\u017c ponad 4000 klient\u00f3w. Wyszukiwarka referencji ASTOR obejmuje ponad 270 oficjalnych opis\u00f3w wdro\u017ce\u0144 z kilkunastu tysi\u0119cy zrealizowanych...\" \/>\r\n<meta name=\"robots\" content=\"index, follow, max-snippet:-1, max-image-preview:large, max-video-preview:-1\" \/>\r\n<link rel=\"canonical\" href=\"https:\/\/www.astor.com.pl\/case-studies\/\" \/>\r\n<meta property=\"og:locale\" content=\"pl_PL\" \/>\r\n<meta property=\"og:type\" content=\"article\" \/>\r\n<meta property=\"og:title\" content=\"Case studies - referencje i filmy o sukcesach naszych klient\u00f3w | ASTOR&quot;\" \/>\r\n<meta property=\"og:description\" content=\"Nasze rozwi\u0105zania w Polsce stosuje ju\u017c ponad 4000 klient\u00f3w. Wyszukiwarka referencji ASTOR obejmuje ponad 270 oficjalnych opis\u00f3w wdro\u017ce\u0144 z kilkunastu tysi\u0119cy zrealizowanych...\" \/>\r\n<meta property=\"og:url\" content=\"https:\/\/www.astor.com.pl\/case-studies\/\" \/>\r\n<meta property=\"og:site_name\" content=\"Case studies\" \/>\r\n<meta property=\"article:modified_time\" content=\"2026-02-02T08:52:28+00:00\" \/>\r\n<meta name=\"twitter:card\" content=\"summary_large_image\" \/>\r\n<script type=\"application\/ld+json\" class=\"yoast-schema-graph\">{\"@context\":\"https:\/\/schema.org\",\"@graph\":[{\"@type\":\"WebPage\",\"@id\":\"https:\/\/www.astor.com.pl\/case-studies\/\",\"url\":\"https:\/\/www.astor.com.pl\/case-studies\/\",\"name\":\"Case studies - referencje i filmy o sukcesach naszych klient\u00f3w | ASTOR\\\"\",\"isPartOf\":{\"@id\":\"https:\/\/www.astor.com.pl\/case-studies\/#website\"},\"datePublished\":\"2025-08-28T13:23:23+00:00\",\"dateModified\":\"2026-02-02T08:52:28+00:00\",\"description\":\"Nasze rozwi\u0105zania w Polsce stosuje ju\u017c ponad 4000 klient\u00f3w. Wyszukiwarka referencji ASTOR obejmuje ponad 270 oficjalnych opis\u00f3w wdro\u017ce\u0144 z kilkunastu tysi\u0119cy zrealizowanych...\",\"breadcrumb\":{\"@id\":\"https:\/\/www.astor.com.pl\/case-studies\/#breadcrumb\"},\"inLanguage\":\"pl-PL\",\"potentialAction\":[{\"@type\":\"ReadAction\",\"target\":[\"https:\/\/www.astor.com.pl\/case-studies\/\"]}]},{\"@type\":\"BreadcrumbList\",\"@id\":\"https:\/\/www.astor.com.pl\/case-studies\/#breadcrumb\",\"itemListElement\":[{\"@type\":\"ListItem\",\"position\":1,\"name\":\"Case Studies\",\"item\":\"https:\/\/www.astor.com.pl\/case-studies\/\"},{\"@type\":\"ListItem\",\"position\":2,\"name\":\"Case studies\"}]},{\"@type\":\"WebSite\",\"@id\":\"https:\/\/www.astor.com.pl\/case-studies\/#website\",\"url\":\"https:\/\/www.astor.com.pl\/case-studies\/\",\"name\":\"Case studies\",\"description\":\"referencje i filmy o sukcesach naszych klient\u00f3w | ASTOR\",\"potentialAction\":[{\"@type\":\"SearchAction\",\"target\":{\"@type\":\"EntryPoint\",\"urlTemplate\":\"https:\/\/www.astor.com.pl\/case-studies\/?s={search_term_string}\"},\"query-input\":{\"@type\":\"PropertyValueSpecification\",\"valueRequired\":true,\"valueName\":\"search_term_string\"}}],\"inLanguage\":\"pl-PL\"}]}<\/script>\r\n<!-- \/ Yoast SEO plugin. -->","yoast_head_json":{"title":"Case studies - referencje i filmy o sukcesach naszych klient\u00f3w | ASTOR\"","description":"Nasze rozwi\u0105zania w Polsce stosuje ju\u017c ponad 4000 klient\u00f3w. Wyszukiwarka referencji ASTOR obejmuje ponad 270 oficjalnych opis\u00f3w wdro\u017ce\u0144 z kilkunastu tysi\u0119cy zrealizowanych...","robots":{"index":"index","follow":"follow","max-snippet":"max-snippet:-1","max-image-preview":"max-image-preview:large","max-video-preview":"max-video-preview:-1"},"canonical":"https:\/\/www.astor.com.pl\/case-studies\/","og_locale":"pl_PL","og_type":"article","og_title":"Case studies - referencje i filmy o sukcesach naszych klient\u00f3w | ASTOR\"","og_description":"Nasze rozwi\u0105zania w Polsce stosuje ju\u017c ponad 4000 klient\u00f3w. Wyszukiwarka referencji ASTOR obejmuje ponad 270 oficjalnych opis\u00f3w wdro\u017ce\u0144 z kilkunastu tysi\u0119cy zrealizowanych...","og_url":"https:\/\/www.astor.com.pl\/case-studies\/","og_site_name":"Case studies","article_modified_time":"2026-02-02T08:52:28+00:00","twitter_card":"summary_large_image","schema":{"@context":"https:\/\/schema.org","@graph":[{"@type":"WebPage","@id":"https:\/\/www.astor.com.pl\/case-studies\/","url":"https:\/\/www.astor.com.pl\/case-studies\/","name":"Case studies - referencje i filmy o sukcesach naszych klient\u00f3w | ASTOR\"","isPartOf":{"@id":"https:\/\/www.astor.com.pl\/case-studies\/#website"},"datePublished":"2025-08-28T13:23:23+00:00","dateModified":"2026-02-02T08:52:28+00:00","description":"Nasze rozwi\u0105zania w Polsce stosuje ju\u017c ponad 4000 klient\u00f3w. Wyszukiwarka referencji ASTOR obejmuje ponad 270 oficjalnych opis\u00f3w wdro\u017ce\u0144 z kilkunastu tysi\u0119cy zrealizowanych...","breadcrumb":{"@id":"https:\/\/www.astor.com.pl\/case-studies\/#breadcrumb"},"inLanguage":"pl-PL","potentialAction":[{"@type":"ReadAction","target":["https:\/\/www.astor.com.pl\/case-studies\/"]}]},{"@type":"BreadcrumbList","@id":"https:\/\/www.astor.com.pl\/case-studies\/#breadcrumb","itemListElement":[{"@type":"ListItem","position":1,"name":"Case Studies","item":"https:\/\/www.astor.com.pl\/case-studies\/"},{"@type":"ListItem","position":2,"name":"Case studies"}]},{"@type":"WebSite","@id":"https:\/\/www.astor.com.pl\/case-studies\/#website","url":"https:\/\/www.astor.com.pl\/case-studies\/","name":"Case studies","description":"referencje i filmy o sukcesach naszych klient\u00f3w | ASTOR","potentialAction":[{"@type":"SearchAction","target":{"@type":"EntryPoint","urlTemplate":"https:\/\/www.astor.com.pl\/case-studies\/?s={search_term_string}"},"query-input":{"@type":"PropertyValueSpecification","valueRequired":true,"valueName":"search_term_string"}}],"inLanguage":"pl-PL"}]}},"_links":{"self":[{"href":"https:\/\/www.astor.com.pl\/case-studies\/wp-json\/wp\/v2\/pages\/2","targetHints":{"allow":["GET"]}}],"collection":[{"href":"https:\/\/www.astor.com.pl\/case-studies\/wp-json\/wp\/v2\/pages"}],"about":[{"href":"https:\/\/www.astor.com.pl\/case-studies\/wp-json\/wp\/v2\/types\/page"}],"author":[{"embeddable":true,"href":"https:\/\/www.astor.com.pl\/case-studies\/wp-json\/wp\/v2\/users\/1"}],"replies":[{"embeddable":true,"href":"https:\/\/www.astor.com.pl\/case-studies\/wp-json\/wp\/v2\/comments?post=2"}],"version-history":[{"count":3,"href":"https:\/\/www.astor.com.pl\/case-studies\/wp-json\/wp\/v2\/pages\/2\/revisions"}],"predecessor-version":[{"id":1518,"href":"https:\/\/www.astor.com.pl\/case-studies\/wp-json\/wp\/v2\/pages\/2\/revisions\/1518"}],"wp:attachment":[{"href":"https:\/\/www.astor.com.pl\/case-studies\/wp-json\/wp\/v2\/media?parent=2"}],"curies":[{"name":"wp","href":"https:\/\/api.w.org\/{rel}","templated":true}]}}