{"id":5364,"date":"2022-12-21T14:53:21","date_gmt":"2022-12-21T13:53:21","guid":{"rendered":"https:\/\/astor.safewp.pl\/biznes-i-produkcja\/?page_id=5364"},"modified":"2026-04-16T09:22:23","modified_gmt":"2026-04-16T07:22:23","slug":"biznes-i-produkcja","status":"publish","type":"page","link":"https:\/\/www.astor.com.pl\/biznes-i-produkcja\/","title":{"rendered":"Biznes i Produkcja | Praktyczne aspekty transformacji do przemys\u0142u przysz\u0142o\u015bci"},"content":{"rendered":"","protected":false},"excerpt":{"rendered":"<p>  <a href=\"https:\/\/www.astor.com.pl\/biznes-i-produkcja\/\">&nbsp;&raquo;&nbsp;Read more about: Biznes i Produkcja | Praktyczne aspekty transformacji do przemys\u0142u przysz\u0142o\u015bci &nbsp;&raquo;<\/a><\/p>\n","protected":false},"author":62,"featured_media":7250,"parent":0,"menu_order":0,"comment_status":"closed","ping_status":"closed","template":"template-homepage.php","meta":{"_acf_changed":false,"inline_featured_image":false,"footnotes":""},"class_list":["post-5364","page","type-page","status-publish","has-post-thumbnail","hentry"],"acf":[],"yoast_head":"<!-- This site is optimized with the Yoast SEO plugin v27.3 - https:\/\/yoast.com\/product\/yoast-seo-wordpress\/ -->\r\n<title>Biznes i Produkcja | Praktyczne aspekty transformacji do przemys\u0142u przysz\u0142o\u015bci<\/title>\r\n<meta name=\"description\" content=\"B\u0105d\u017a na bie\u017c\u0105co z trendami przemys\u0142u 4.0. Znajdziesz tu informacje o automatyzacji, cyfryzacji, robotyzacji i intralogistyce. Poznaj nowe technologie i strategie, kt\u00f3re zapewni\u0105 Twojej firmie konkurencyjn\u0105 przewag\u0119. Do\u0142\u0105cz do naszej spo\u0142eczno\u015bci i rozwijaj swoje umiej\u0119tno\u015bci biznesowe ju\u017c teraz.\" \/>\r\n<meta name=\"robots\" content=\"index, follow, max-snippet:-1, max-image-preview:large, max-video-preview:-1\" \/>\r\n<link rel=\"canonical\" href=\"https:\/\/www.astor.com.pl\/biznes-i-produkcja\/\" \/>\r\n<meta property=\"og:locale\" content=\"pl_PL\" \/>\r\n<meta property=\"og:type\" content=\"article\" \/>\r\n<meta property=\"og:title\" content=\"Astor - Biznes i Produkcja\" \/>\r\n<meta property=\"og:description\" content=\"Przedstawiamy najnowsze koncepcje zarz\u0105dzania dla przedsi\u0119biorstw produkcyjnych oraz korzy\u015bci p\u0142yn\u0105ce z wdra\u017cania system\u00f3w efektywno\u015bciowych i nadzorczych w firmach.\" \/>\r\n<meta property=\"og:url\" content=\"https:\/\/www.astor.com.pl\/biznes-i-produkcja\/\" \/>\r\n<meta property=\"og:site_name\" content=\"Biznes i Produkcja\" \/>\r\n<meta property=\"article:publisher\" content=\"https:\/\/www.facebook.com\/ASTOR.automatyzacja\" \/>\r\n<meta property=\"article:modified_time\" content=\"2026-04-16T07:22:23+00:00\" \/>\r\n<meta property=\"og:image\" content=\"https:\/\/www.astor.com.pl\/biznes-i-produkcja\/wp-content\/uploads\/2023\/01\/BiP-grafika.png\" \/>\r\n\t<meta property=\"og:image:width\" content=\"1200\" \/>\r\n\t<meta property=\"og:image:height\" content=\"630\" \/>\r\n\t<meta property=\"og:image:type\" content=\"image\/png\" \/>\r\n<meta name=\"twitter:card\" content=\"summary_large_image\" \/>\r\n<meta name=\"twitter:title\" content=\"Astor - Biznes i Produkcja\" \/>\r\n<meta name=\"twitter:description\" content=\"Przedstawiamy najnowsze koncepcje zarz\u0105dzania dla przedsi\u0119biorstw produkcyjnych oraz korzy\u015bci p\u0142yn\u0105ce z wdra\u017cania system\u00f3w efektywno\u015bciowych i nadzorczych w firmach.\" \/>\r\n<meta name=\"twitter:image\" content=\"https:\/\/www.astor.com.pl\/biznes-i-produkcja\/wp-content\/uploads\/2023\/01\/BiP-grafika.png\" \/>\r\n<meta name=\"twitter:label1\" content=\"Szacowany czas czytania\" \/>\n\t<meta name=\"twitter:data1\" content=\"1 minuta\" \/>\r\n<script type=\"application\/ld+json\" class=\"yoast-schema-graph\">{\"@context\":\"https:\\\/\\\/schema.org\",\"@graph\":[{\"@type\":\"WebPage\",\"@id\":\"https:\\\/\\\/www.astor.com.pl\\\/biznes-i-produkcja\\\/\",\"url\":\"https:\\\/\\\/www.astor.com.pl\\\/biznes-i-produkcja\\\/\",\"name\":\"Biznes i Produkcja | Praktyczne aspekty transformacji do przemys\u0142u przysz\u0142o\u015bci\",\"isPartOf\":{\"@id\":\"https:\\\/\\\/www.astor.com.pl\\\/biznes-i-produkcja\\\/#website\"},\"primaryImageOfPage\":{\"@id\":\"https:\\\/\\\/www.astor.com.pl\\\/biznes-i-produkcja\\\/#primaryimage\"},\"image\":{\"@id\":\"https:\\\/\\\/www.astor.com.pl\\\/biznes-i-produkcja\\\/#primaryimage\"},\"thumbnailUrl\":\"https:\\\/\\\/www.astor.com.pl\\\/biznes-i-produkcja\\\/wp-content\\\/uploads\\\/2023\\\/08\\\/lider-zmiany_1.webp\",\"datePublished\":\"2022-12-21T13:53:21+00:00\",\"dateModified\":\"2026-04-16T07:22:23+00:00\",\"description\":\"B\u0105d\u017a na bie\u017c\u0105co z trendami przemys\u0142u 4.0. Znajdziesz tu informacje o automatyzacji, cyfryzacji, robotyzacji i intralogistyce. Poznaj nowe technologie i strategie, kt\u00f3re zapewni\u0105 Twojej firmie konkurencyjn\u0105 przewag\u0119. Do\u0142\u0105cz do naszej spo\u0142eczno\u015bci i rozwijaj swoje umiej\u0119tno\u015bci biznesowe ju\u017c teraz.\",\"inLanguage\":\"pl-PL\",\"potentialAction\":[{\"@type\":\"ReadAction\",\"target\":[\"https:\\\/\\\/www.astor.com.pl\\\/biznes-i-produkcja\\\/\"]}]},{\"@type\":\"ImageObject\",\"inLanguage\":\"pl-PL\",\"@id\":\"https:\\\/\\\/www.astor.com.pl\\\/biznes-i-produkcja\\\/#primaryimage\",\"url\":\"https:\\\/\\\/www.astor.com.pl\\\/biznes-i-produkcja\\\/wp-content\\\/uploads\\\/2023\\\/08\\\/lider-zmiany_1.webp\",\"contentUrl\":\"https:\\\/\\\/www.astor.com.pl\\\/biznes-i-produkcja\\\/wp-content\\\/uploads\\\/2023\\\/08\\\/lider-zmiany_1.webp\",\"width\":984,\"height\":552},{\"@type\":\"WebSite\",\"@id\":\"https:\\\/\\\/www.astor.com.pl\\\/biznes-i-produkcja\\\/#website\",\"url\":\"https:\\\/\\\/www.astor.com.pl\\\/biznes-i-produkcja\\\/\",\"name\":\"Biznes i Produkcja\",\"description\":\"Praktyczne aspekty transformacji do przemys\u0142u przysz\u0142o\u015bci\",\"publisher\":{\"@id\":\"https:\\\/\\\/www.astor.com.pl\\\/biznes-i-produkcja\\\/#organization\"},\"potentialAction\":[{\"@type\":\"SearchAction\",\"target\":{\"@type\":\"EntryPoint\",\"urlTemplate\":\"https:\\\/\\\/www.astor.com.pl\\\/biznes-i-produkcja\\\/?s={search_term_string}\"},\"query-input\":{\"@type\":\"PropertyValueSpecification\",\"valueRequired\":true,\"valueName\":\"search_term_string\"}}],\"inLanguage\":\"pl-PL\"},{\"@type\":\"Organization\",\"@id\":\"https:\\\/\\\/www.astor.com.pl\\\/biznes-i-produkcja\\\/#organization\",\"name\":\"ASTOR | gdzie technologia spotyka cz\u0142owieka\",\"alternateName\":\"ASTOR\",\"url\":\"https:\\\/\\\/www.astor.com.pl\\\/biznes-i-produkcja\\\/\",\"logo\":{\"@type\":\"ImageObject\",\"inLanguage\":\"pl-PL\",\"@id\":\"https:\\\/\\\/www.astor.com.pl\\\/biznes-i-produkcja\\\/#\\\/schema\\\/logo\\\/image\\\/\",\"url\":\"https:\\\/\\\/www.astor.com.pl\\\/biznes-i-produkcja\\\/wp-content\\\/uploads\\\/2017\\\/06\\\/ASTOR_logo.jpg\",\"contentUrl\":\"https:\\\/\\\/www.astor.com.pl\\\/biznes-i-produkcja\\\/wp-content\\\/uploads\\\/2017\\\/06\\\/ASTOR_logo.jpg\",\"width\":185,\"height\":60,\"caption\":\"ASTOR | gdzie technologia spotyka cz\u0142owieka\"},\"image\":{\"@id\":\"https:\\\/\\\/www.astor.com.pl\\\/biznes-i-produkcja\\\/#\\\/schema\\\/logo\\\/image\\\/\"},\"sameAs\":[\"https:\\\/\\\/www.facebook.com\\\/ASTOR.automatyzacja\"]}]}<\/script>\r\n<!-- \/ Yoast SEO plugin. -->","yoast_head_json":{"title":"Biznes i Produkcja | Praktyczne aspekty transformacji do przemys\u0142u przysz\u0142o\u015bci","description":"B\u0105d\u017a na bie\u017c\u0105co z trendami przemys\u0142u 4.0. Znajdziesz tu informacje o automatyzacji, cyfryzacji, robotyzacji i intralogistyce. Poznaj nowe technologie i strategie, kt\u00f3re zapewni\u0105 Twojej firmie konkurencyjn\u0105 przewag\u0119. Do\u0142\u0105cz do naszej spo\u0142eczno\u015bci i rozwijaj swoje umiej\u0119tno\u015bci biznesowe ju\u017c teraz.","robots":{"index":"index","follow":"follow","max-snippet":"max-snippet:-1","max-image-preview":"max-image-preview:large","max-video-preview":"max-video-preview:-1"},"canonical":"https:\/\/www.astor.com.pl\/biznes-i-produkcja\/","og_locale":"pl_PL","og_type":"article","og_title":"Astor - Biznes i Produkcja","og_description":"Przedstawiamy najnowsze koncepcje zarz\u0105dzania dla przedsi\u0119biorstw produkcyjnych oraz korzy\u015bci p\u0142yn\u0105ce z wdra\u017cania system\u00f3w efektywno\u015bciowych i nadzorczych w firmach.","og_url":"https:\/\/www.astor.com.pl\/biznes-i-produkcja\/","og_site_name":"Biznes i Produkcja","article_publisher":"https:\/\/www.facebook.com\/ASTOR.automatyzacja","article_modified_time":"2026-04-16T07:22:23+00:00","og_image":[{"width":1200,"height":630,"url":"https:\/\/www.astor.com.pl\/biznes-i-produkcja\/wp-content\/uploads\/2023\/01\/BiP-grafika.png","type":"image\/png"}],"twitter_card":"summary_large_image","twitter_title":"Astor - Biznes i Produkcja","twitter_description":"Przedstawiamy najnowsze koncepcje zarz\u0105dzania dla przedsi\u0119biorstw produkcyjnych oraz korzy\u015bci p\u0142yn\u0105ce z wdra\u017cania system\u00f3w efektywno\u015bciowych i nadzorczych w firmach.","twitter_image":"https:\/\/www.astor.com.pl\/biznes-i-produkcja\/wp-content\/uploads\/2023\/01\/BiP-grafika.png","twitter_misc":{"Szacowany czas czytania":"1 minuta"},"schema":{"@context":"https:\/\/schema.org","@graph":[{"@type":"WebPage","@id":"https:\/\/www.astor.com.pl\/biznes-i-produkcja\/","url":"https:\/\/www.astor.com.pl\/biznes-i-produkcja\/","name":"Biznes i Produkcja | Praktyczne aspekty transformacji do przemys\u0142u przysz\u0142o\u015bci","isPartOf":{"@id":"https:\/\/www.astor.com.pl\/biznes-i-produkcja\/#website"},"primaryImageOfPage":{"@id":"https:\/\/www.astor.com.pl\/biznes-i-produkcja\/#primaryimage"},"image":{"@id":"https:\/\/www.astor.com.pl\/biznes-i-produkcja\/#primaryimage"},"thumbnailUrl":"https:\/\/www.astor.com.pl\/biznes-i-produkcja\/wp-content\/uploads\/2023\/08\/lider-zmiany_1.webp","datePublished":"2022-12-21T13:53:21+00:00","dateModified":"2026-04-16T07:22:23+00:00","description":"B\u0105d\u017a na bie\u017c\u0105co z trendami przemys\u0142u 4.0. Znajdziesz tu informacje o automatyzacji, cyfryzacji, robotyzacji i intralogistyce. Poznaj nowe technologie i strategie, kt\u00f3re zapewni\u0105 Twojej firmie konkurencyjn\u0105 przewag\u0119. Do\u0142\u0105cz do naszej spo\u0142eczno\u015bci i rozwijaj swoje umiej\u0119tno\u015bci biznesowe ju\u017c teraz.","inLanguage":"pl-PL","potentialAction":[{"@type":"ReadAction","target":["https:\/\/www.astor.com.pl\/biznes-i-produkcja\/"]}]},{"@type":"ImageObject","inLanguage":"pl-PL","@id":"https:\/\/www.astor.com.pl\/biznes-i-produkcja\/#primaryimage","url":"https:\/\/www.astor.com.pl\/biznes-i-produkcja\/wp-content\/uploads\/2023\/08\/lider-zmiany_1.webp","contentUrl":"https:\/\/www.astor.com.pl\/biznes-i-produkcja\/wp-content\/uploads\/2023\/08\/lider-zmiany_1.webp","width":984,"height":552},{"@type":"WebSite","@id":"https:\/\/www.astor.com.pl\/biznes-i-produkcja\/#website","url":"https:\/\/www.astor.com.pl\/biznes-i-produkcja\/","name":"Biznes i Produkcja","description":"Praktyczne aspekty transformacji do przemys\u0142u przysz\u0142o\u015bci","publisher":{"@id":"https:\/\/www.astor.com.pl\/biznes-i-produkcja\/#organization"},"potentialAction":[{"@type":"SearchAction","target":{"@type":"EntryPoint","urlTemplate":"https:\/\/www.astor.com.pl\/biznes-i-produkcja\/?s={search_term_string}"},"query-input":{"@type":"PropertyValueSpecification","valueRequired":true,"valueName":"search_term_string"}}],"inLanguage":"pl-PL"},{"@type":"Organization","@id":"https:\/\/www.astor.com.pl\/biznes-i-produkcja\/#organization","name":"ASTOR | gdzie technologia spotyka cz\u0142owieka","alternateName":"ASTOR","url":"https:\/\/www.astor.com.pl\/biznes-i-produkcja\/","logo":{"@type":"ImageObject","inLanguage":"pl-PL","@id":"https:\/\/www.astor.com.pl\/biznes-i-produkcja\/#\/schema\/logo\/image\/","url":"https:\/\/www.astor.com.pl\/biznes-i-produkcja\/wp-content\/uploads\/2017\/06\/ASTOR_logo.jpg","contentUrl":"https:\/\/www.astor.com.pl\/biznes-i-produkcja\/wp-content\/uploads\/2017\/06\/ASTOR_logo.jpg","width":185,"height":60,"caption":"ASTOR | gdzie technologia spotyka cz\u0142owieka"},"image":{"@id":"https:\/\/www.astor.com.pl\/biznes-i-produkcja\/#\/schema\/logo\/image\/"},"sameAs":["https:\/\/www.facebook.com\/ASTOR.automatyzacja"]}]}},"_links":{"self":[{"href":"https:\/\/www.astor.com.pl\/biznes-i-produkcja\/wp-json\/wp\/v2\/pages\/5364","targetHints":{"allow":["GET"]}}],"collection":[{"href":"https:\/\/www.astor.com.pl\/biznes-i-produkcja\/wp-json\/wp\/v2\/pages"}],"about":[{"href":"https:\/\/www.astor.com.pl\/biznes-i-produkcja\/wp-json\/wp\/v2\/types\/page"}],"author":[{"embeddable":true,"href":"https:\/\/www.astor.com.pl\/biznes-i-produkcja\/wp-json\/wp\/v2\/users\/62"}],"replies":[{"embeddable":true,"href":"https:\/\/www.astor.com.pl\/biznes-i-produkcja\/wp-json\/wp\/v2\/comments?post=5364"}],"version-history":[{"count":3,"href":"https:\/\/www.astor.com.pl\/biznes-i-produkcja\/wp-json\/wp\/v2\/pages\/5364\/revisions"}],"predecessor-version":[{"id":10126,"href":"https:\/\/www.astor.com.pl\/biznes-i-produkcja\/wp-json\/wp\/v2\/pages\/5364\/revisions\/10126"}],"wp:featuredmedia":[{"embeddable":true,"href":"https:\/\/www.astor.com.pl\/biznes-i-produkcja\/wp-json\/wp\/v2\/media\/7250"}],"wp:attachment":[{"href":"https:\/\/www.astor.com.pl\/biznes-i-produkcja\/wp-json\/wp\/v2\/media?parent=5364"}],"curies":[{"name":"wp","href":"https:\/\/api.w.org\/{rel}","templated":true}]}}